{"id":215,"date":"2011-10-09T16:58:13","date_gmt":"2011-10-09T16:58:13","guid":{"rendered":"http:\/\/billardcf.cluster010.ovh.net\/?page_id=215"},"modified":"2014-11-24T17:15:51","modified_gmt":"2014-11-24T17:15:51","slug":"les-3-bandes","status":"publish","type":"page","link":"http:\/\/www.billard-club-sottevillais.com\/?page_id=215","title":{"rendered":"Les 3 Bandes"},"content":{"rendered":"<p style=\"text-align: justify;\">R\u00e9guli\u00e8rement, nous ferons para\u00eetre de nouveaux syst\u00e8mes. Nous en avons actuellement une dizaine en r\u00e9serve.<br \/>\nFaites que cette rubrique soit aussi un peu la votre. Envoyez nous vos astuces et syst\u00e8mes in\u00e9dits qui permettent d&rsquo;augmenter sensiblement les chances de r\u00e9ussite (<em>sans pour autant faire le point \u00e0 votre place&#8230;<\/em>)<br \/>\nMerci d&rsquo;avance.<\/p>\n<table class=\"aligncenter\" width=\"100%\" border=\"0\" cellspacing=\"0\" cellpadding=\"0\">\n<tbody>\n<tr>\n<td width=\"607\"><span style=\"color: #ffffff;\"><span class=\"Apple-style-span\" style=\"font-size: xx-small;\"><strong><br \/>\n<\/strong><\/span><\/span><\/td>\n<td align=\"center\" valign=\"baseline\" width=\"108\">\n<p align=\"center\"><span style=\"color: #00ffff;\"><span class=\"Apple-style-span\" style=\"font-size: xx-small;\"><strong><br \/>\n<\/strong><\/span><\/span><\/p>\n<\/td>\n<\/tr>\n<\/tbody>\n<\/table>\n<table class=\"aligncenter\" width=\"95%\" border=\"5\" cellpadding=\"3\">\n<tbody>\n<tr>\n<td align=\"center\" bgcolor=\"#FFFFFF\" width=\"22%\"><a href=\"http:\/\/billardcf.cluster010.ovh.net\/wp-content\/uploads\/2011\/10\/10-3bandesdanslalongueur.pdf\"><img loading=\"lazy\" decoding=\"async\" src=\"http:\/\/www.billard-club-sottevillais.com\/wp-content\/uploads\/2014\/11\/th_3b11.gif\" alt=\"\" width=\"150\" height=\"90\" border=\"0\" \/><\/a><\/td>\n<td align=\"center\" valign=\"middle\" bgcolor=\"#FFFFFF\" width=\"53%\"><span style=\"font-size: x-small;\"><strong>3 bandes avant dans la longueur sans effet<br \/>\nD\u00e9part petite bande (syst\u00e8me TUZUL)<\/strong><\/span><\/td>\n<td align=\"center\" valign=\"middle\" bgcolor=\"#FFFFFF\" width=\"25%\"><span style=\"color: #800000; font-size: xx-small;\">Date de parution: le 08\/03\/2003<\/span><\/td>\n<\/tr>\n<tr>\n<td align=\"center\" bgcolor=\"#FFFFFF\" width=\"22%\"><a href=\"http:\/\/billardcf.cluster010.ovh.net\/wp-content\/uploads\/2011\/10\/09-2bandesavantdanslalongueur.pdf\"><img loading=\"lazy\" decoding=\"async\" src=\"http:\/\/www.billard-club-sottevillais.com\/wp-content\/uploads\/2014\/11\/th_3b10.gif\" alt=\"\" width=\"150\" height=\"90\" border=\"0\" \/><\/a><\/td>\n<td align=\"center\" valign=\"middle\" bgcolor=\"#FFFFFF\" width=\"53%\"><span style=\"font-size: small;\"><strong>2 bandes avant dans la longueur&#8230; fourni par Jean SANCHO!<\/strong><\/span><\/td>\n<td align=\"center\" valign=\"middle\" bgcolor=\"#FFFFFF\" width=\"25%\"><span style=\"color: #800000; font-size: xx-small;\">Date de parution: le 21\/01\/2003<\/span><\/td>\n<\/tr>\n<tr>\n<td align=\"center\" bgcolor=\"#FFFFFF\" width=\"22%\"><a href=\"http:\/\/billardcf.cluster010.ovh.net\/wp-content\/uploads\/2011\/10\/08-2bandesavantdansletiers.pdf\"><img loading=\"lazy\" decoding=\"async\" src=\"http:\/\/www.billard-club-sottevillais.com\/wp-content\/uploads\/2014\/11\/th_3b09.gif\" alt=\"\" width=\"150\" height=\"90\" border=\"0\" \/><\/a><\/td>\n<td align=\"center\" valign=\"middle\" bgcolor=\"#FFFFFF\" width=\"53%\"><span style=\"font-size: small;\"><strong>2 bandes avant dans le tiers. Un autre syst\u00e8me fourni par Jean SANCHO<\/strong><\/span><\/td>\n<td align=\"center\" valign=\"middle\" bgcolor=\"#FFFFFF\" width=\"25%\"><span style=\"color: #800000; font-size: xx-small;\">Date de parution: le 20\/01\/2003<\/span><\/td>\n<\/tr>\n<tr>\n<td align=\"center\" bgcolor=\"#FFFFFF\" width=\"22%\"><a href=\"http:\/\/billardcf.cluster010.ovh.net\/wp-content\/uploads\/2011\/10\/07-Systeme3-6-9.pdf\"><img loading=\"lazy\" decoding=\"async\" src=\"http:\/\/www.billard-club-sottevillais.com\/wp-content\/uploads\/2014\/11\/th_3b08.gif\" alt=\"\" width=\"150\" height=\"90\" border=\"0\" \/><\/a><\/td>\n<td align=\"center\" valign=\"middle\" bgcolor=\"#FFFFFF\" width=\"53%\"><span style=\"font-size: small;\"><strong>Syst\u00e8me 3-6-9\u00a0 (2 bandes avant).<\/strong><\/span><\/td>\n<td align=\"center\" valign=\"middle\" bgcolor=\"#FFFFFF\" width=\"25%\"><span style=\"color: #800000; font-size: xx-small;\">Date de parution: le 24\/11\/2002<\/span><\/td>\n<\/tr>\n<tr>\n<td align=\"center\" bgcolor=\"#FFFFFF\" width=\"22%\"><a href=\"http:\/\/billardcf.cluster010.ovh.net\/wp-content\/uploads\/2011\/10\/06-Retournegrandebande.pdf\"><img loading=\"lazy\" decoding=\"async\" src=\"http:\/\/www.billard-club-sottevillais.com\/wp-content\/uploads\/2014\/11\/th_3b07.gif\" alt=\"\" width=\"150\" height=\"90\" border=\"0\" \/><\/a><\/td>\n<td align=\"center\" valign=\"middle\" bgcolor=\"#FFFFFF\" width=\"53%\"><span style=\"font-size: small;\"><strong>Retourn\u00e9 grande bande.<\/strong><\/span><\/td>\n<td align=\"center\" valign=\"middle\" bgcolor=\"#FFFFFF\" width=\"25%\"><span style=\"color: #800000; font-size: xx-small;\">Date de parution: le 01\/09\/2002<\/span><\/td>\n<\/tr>\n<tr>\n<td align=\"center\" bgcolor=\"#FFFFFF\" width=\"22%\"><a href=\"http:\/\/billardcf.cluster010.ovh.net\/wp-content\/uploads\/2011\/10\/05-Bandeavantsurbillecollee.pdf\"> <img loading=\"lazy\" decoding=\"async\" src=\"http:\/\/www.billard-club-sottevillais.com\/wp-content\/uploads\/2014\/11\/th_3b06.gif\" alt=\"\" width=\"150\" height=\"90\" border=\"0\" \/> <\/a><\/td>\n<td align=\"center\" valign=\"middle\" bgcolor=\"#FFFFFF\" width=\"53%\"><span style=\"font-size: small;\"><strong>Bande avant sur bille coll\u00e9e.<\/strong><\/span><\/td>\n<td align=\"center\" valign=\"middle\" bgcolor=\"#FFFFFF\" width=\"25%\"><span style=\"color: #800000; font-size: xx-small;\">Date de parution: le 16\/06\/2002<\/span><\/td>\n<\/tr>\n<tr>\n<td align=\"center\" bgcolor=\"#FFFFFF\" width=\"22%\"><a href=\"http:\/\/billardcf.cluster010.ovh.net\/wp-content\/uploads\/2011\/10\/04-LeSyteme+.pdf\"><img loading=\"lazy\" decoding=\"async\" src=\"http:\/\/www.billard-club-sottevillais.com\/wp-content\/uploads\/2014\/11\/th_3b05.gif\" alt=\"\" width=\"150\" height=\"90\" border=\"0\" \/><\/a><\/td>\n<td align=\"center\" valign=\"middle\" bgcolor=\"#FFFFFF\" width=\"53%\"><span style=\"font-size: small;\"><strong>Le Syst\u00e8me +<\/strong><\/span><\/td>\n<td align=\"center\" valign=\"middle\" bgcolor=\"#FFFFFF\" width=\"25%\"><span style=\"color: #800000; font-size: xx-small;\">Date de parution: le 30\/04\/2002<\/span><\/td>\n<\/tr>\n<tr>\n<td align=\"center\" bgcolor=\"#FFFFFF\" width=\"22%\"><a href=\"http:\/\/billardcf.cluster010.ovh.net\/wp-content\/uploads\/2011\/10\/03-2-DiamondSystem.pdf\"><img loading=\"lazy\" decoding=\"async\" src=\"http:\/\/www.billard-club-sottevillais.com\/wp-content\/uploads\/2014\/11\/th_3b04.gif\" alt=\"\" width=\"150\" height=\"90\" border=\"0\" \/><\/a><\/td>\n<td align=\"center\" valign=\"middle\" bgcolor=\"#FFFFFF\" width=\"53%\"><span style=\"font-size: small;\"><strong>Diamond System (2) &#8211; Les compensations<\/strong><\/span><strong><span style=\"font-size: xx-small;\">(Merci \u00e0 Jean SANCHO pour son aide)<\/span><\/strong><\/p>\n<table width=\"100%\" border=\"0\" cellspacing=\"0\" cellpadding=\"0\">\n<tbody>\n<tr>\n<td align=\"center\" width=\"34%\"><a href=\"http:\/\/billardcf.cluster010.ovh.net\/wp-content\/uploads\/2011\/10\/03-2-DiamondSystem.pdf\"><img loading=\"lazy\" decoding=\"async\" src=\"http:\/\/www.billard-club-sottevillais.com\/wp-content\/uploads\/2014\/11\/france.gif\" alt=\"\" width=\"90\" height=\"62\" border=\"0\" \/><\/a><\/td>\n<td align=\"center\" width=\"33%\"><a href=\"http:\/\/billardcf.cluster010.ovh.net\/wp-content\/uploads\/2011\/10\/03-2-DiamondSystem-PB.pdf\"><img loading=\"lazy\" decoding=\"async\" src=\"http:\/\/www.billard-club-sottevillais.com\/wp-content\/uploads\/2014\/11\/netherlw.gif\" alt=\"\" width=\"68\" height=\"50\" border=\"0\" \/><\/a><\/td>\n<td align=\"center\" width=\"33%\"><a href=\"http:\/\/billardcf.cluster010.ovh.net\/wp-content\/uploads\/2011\/10\/03-2-DiamondSystem-En.pdf\"><img loading=\"lazy\" decoding=\"async\" src=\"http:\/\/www.billard-club-sottevillais.com\/wp-content\/uploads\/2014\/11\/states.gif\" alt=\"\" width=\"90\" height=\"62\" border=\"0\" \/><\/a><\/td>\n<\/tr>\n<\/tbody>\n<\/table>\n<\/td>\n<td align=\"center\" valign=\"middle\" bgcolor=\"#FFFFFF\" width=\"25%\"><span style=\"color: #800000; font-size: xx-small;\">Date de parution: le 15\/03\/2002<\/span><\/p>\n<p align=\"center\"><span style=\"color: #800000; font-size: xx-small;\">US version by <a href=\"http:\/\/www.layanicues.com\/\" target=\"_blank\"> Thierry LAYANI<\/a>: June 2002<\/span><\/p>\n<p align=\"center\"><span style=\"color: #800000; font-size: xx-small;\">Dutch version by <\/span><a href=\"http:\/\/www.vanderkraan.nl\/\" target=\"_blank\"><span style=\"font-size: xx-small;\">Jan G. van der Kraan<\/span><\/a><\/p>\n<\/td>\n<\/tr>\n<tr>\n<td align=\"center\" bgcolor=\"#FFFFFF\" width=\"22%\"><a href=\"http:\/\/billardcf.cluster010.ovh.net\/wp-content\/uploads\/2011\/10\/03-1-DiamondSystem-LaMethode.pdf\"><img loading=\"lazy\" decoding=\"async\" src=\"http:\/\/www.billard-club-sottevillais.com\/wp-content\/uploads\/2014\/11\/th_3b03.gif\" alt=\"\" width=\"150\" height=\"90\" border=\"0\" \/><\/a><\/td>\n<td align=\"center\" valign=\"middle\" bgcolor=\"#FFFFFF\" width=\"53%\"><span style=\"font-size: small;\"><strong>Diamond System (1)\u00a0 &#8211; LA M\u00e9thode<\/strong><\/span><\/p>\n<table width=\"100%\" border=\"0\" cellspacing=\"0\" cellpadding=\"0\">\n<tbody>\n<tr>\n<td align=\"center\" width=\"34%\"><a href=\"http:\/\/billardcf.cluster010.ovh.net\/wp-content\/uploads\/2011\/10\/03-1-DiamondSystem-LaMethode.pdf\"><img loading=\"lazy\" decoding=\"async\" src=\"http:\/\/www.billard-club-sottevillais.com\/wp-content\/uploads\/2014\/11\/france.gif\" alt=\"\" width=\"90\" height=\"62\" border=\"0\" \/><\/a><\/td>\n<td align=\"center\" width=\"33%\"><a href=\"http:\/\/billardcf.cluster010.ovh.net\/wp-content\/uploads\/2011\/10\/03-DiamondSystem-PB.pdf\"><img loading=\"lazy\" decoding=\"async\" src=\"http:\/\/www.billard-club-sottevillais.com\/wp-content\/uploads\/2014\/11\/netherlw.gif\" alt=\"\" width=\"68\" height=\"50\" border=\"0\" \/><\/a><\/td>\n<td align=\"center\" width=\"33%\"><a href=\"http:\/\/billardcf.cluster010.ovh.net\/wp-content\/uploads\/2011\/10\/03-DiamondSystem-En.pdf\"><img loading=\"lazy\" decoding=\"async\" src=\"http:\/\/www.billard-club-sottevillais.com\/wp-content\/uploads\/2014\/11\/states.gif\" alt=\"\" width=\"90\" height=\"62\" border=\"0\" \/><\/a><\/td>\n<\/tr>\n<\/tbody>\n<\/table>\n<\/td>\n<td align=\"center\" valign=\"middle\" bgcolor=\"#FFFFFF\" width=\"25%\">\n<p align=\"center\"><span style=\"color: #800000; font-size: xx-small;\">Date de parution: le 15\/02\/2002<\/span><\/p>\n<p align=\"center\"><span style=\"color: #800000; font-size: xx-small;\">US version by <a href=\"http:\/\/www3.sympatico.ca\/eric.perreault\/defaulthtml.html\" target=\"_blank\"> Eric PERREAULT<\/a> and <a href=\"http:\/\/www.layanicues.com\/\" target=\"_blank\"> Thierry LAYANI<\/a>: May 2002<\/span><\/p>\n<p align=\"center\"><span style=\"color: #800000; font-size: xx-small;\">Dutch version by <\/span><a href=\"http:\/\/www.vanderkraan.nl\/\" target=\"_blank\"><span style=\"font-size: xx-small;\">Jan G. van der Kraan<\/span><\/a><\/p>\n<\/td>\n<\/tr>\n<tr>\n<td align=\"center\" bgcolor=\"#FFFFFF\" width=\"22%\">\n<p align=\"center\"><a href=\"http:\/\/billardcf.cluster010.ovh.net\/wp-content\/uploads\/2011\/10\/02-Retourne1bandeavant.pdf\"><img loading=\"lazy\" decoding=\"async\" src=\"http:\/\/www.billard-club-sottevillais.com\/wp-content\/uploads\/2014\/11\/th_3b02.gif\" alt=\"3b02 - Schaeffer\" width=\"150\" height=\"90\" border=\"0\" \/><\/a><\/p>\n<\/td>\n<td align=\"center\" valign=\"middle\" bgcolor=\"#FFFFFF\" width=\"53%\"><span style=\"font-size: small;\"><strong>Retourn\u00e9 1bande avant, dit Schaeffer<\/strong><\/span><\/p>\n<table width=\"100%\" border=\"0\" cellspacing=\"0\" cellpadding=\"0\">\n<tbody>\n<tr>\n<td align=\"center\" width=\"34%\" height=\"19\"><a href=\"http:\/\/billardcf.cluster010.ovh.net\/wp-content\/uploads\/2011\/10\/02-Retourne1bandeavant.pdf\"><img loading=\"lazy\" decoding=\"async\" src=\"http:\/\/www.billard-club-sottevillais.com\/wp-content\/uploads\/2014\/11\/france.gif\" alt=\"\" width=\"90\" height=\"62\" border=\"0\" \/><\/a><\/td>\n<td align=\"center\" width=\"33%\" height=\"19\"><a href=\"http:\/\/billardcf.cluster010.ovh.net\/wp-content\/uploads\/2011\/10\/02-Retourne1bandeavant-PB.pdf\"><img loading=\"lazy\" decoding=\"async\" src=\"http:\/\/www.billard-club-sottevillais.com\/wp-content\/uploads\/2014\/11\/netherlw.gif\" alt=\"\" width=\"68\" height=\"50\" border=\"0\" \/><\/a><\/td>\n<td align=\"center\" width=\"33%\" height=\"19\"><a href=\"http:\/\/billardcf.cluster010.ovh.net\/wp-content\/uploads\/2011\/10\/02-Retourne1bandeavant-En.pdf\"><img loading=\"lazy\" decoding=\"async\" src=\"http:\/\/www.billard-club-sottevillais.com\/wp-content\/uploads\/2014\/11\/states.gif\" alt=\"\" width=\"90\" height=\"62\" border=\"0\" \/><\/a><\/td>\n<\/tr>\n<\/tbody>\n<\/table>\n<\/td>\n<td align=\"center\" valign=\"middle\" bgcolor=\"#FFFFFF\" width=\"25%\">\n<p align=\"center\"><span style=\"color: #800000; font-size: xx-small;\">Date de parution: le 16\/01\/2002<\/span><\/p>\n<p align=\"center\"><span style=\"color: #800000; font-size: xx-small;\">US version by <a href=\"http:\/\/www.layanicues.com\/\" target=\"_blank\"> Thierry LAYANI<\/a>: June 2002<\/span><\/p>\n<p align=\"center\"><span style=\"color: #800000; font-size: xx-small;\">Dutch version by <\/span><a href=\"http:\/\/www.vanderkraan.nl\/\" target=\"_blank\"><span style=\"font-size: xx-small;\">Jan G. van der Kraan<\/span><\/a><\/p>\n<\/td>\n<\/tr>\n<tr>\n<td align=\"center\" bgcolor=\"#FFFFFF\" width=\"22%\">\n<p align=\"center\"><a href=\"http:\/\/billardcf.cluster010.ovh.net\/wp-content\/uploads\/2011\/10\/01-Billes2et3.pdf\"><img loading=\"lazy\" decoding=\"async\" src=\"http:\/\/www.billard-club-sottevillais.com\/wp-content\/uploads\/2014\/11\/th_3b01.gif\" alt=\"3b01\" width=\"150\" height=\"90\" border=\"0\" \/><\/a><\/p>\n<\/td>\n<td align=\"center\" valign=\"middle\" bgcolor=\"#FFFFFF\" width=\"53%\"><span style=\"font-size: small;\"><strong>Billes N\u00b0 2 et N\u00b0 3 sur la grande bande oppos\u00e9e \u00e0 la bille du joueur<\/strong><\/span><\/p>\n<table width=\"100%\" border=\"0\" cellspacing=\"0\" cellpadding=\"0\">\n<tbody>\n<tr>\n<td align=\"center\" width=\"34%\"><a href=\"http:\/\/billardcf.cluster010.ovh.net\/wp-content\/uploads\/2011\/10\/01-Billes2et3.pdf\"><img loading=\"lazy\" decoding=\"async\" src=\"http:\/\/www.billard-club-sottevillais.com\/wp-content\/uploads\/2014\/11\/france.gif\" alt=\"\" width=\"90\" height=\"62\" border=\"0\" \/><\/a><\/td>\n<td align=\"center\" width=\"33%\"><a href=\"http:\/\/billardcf.cluster010.ovh.net\/wp-content\/uploads\/2011\/10\/01-Billes2et3-PB.pdf\"><img loading=\"lazy\" decoding=\"async\" src=\"http:\/\/www.billard-club-sottevillais.com\/wp-content\/uploads\/2014\/11\/netherlw.gif\" alt=\"\" width=\"68\" height=\"50\" border=\"0\" \/><\/a><\/td>\n<td align=\"center\" width=\"33%\"><a href=\"http:\/\/billardcf.cluster010.ovh.net\/wp-content\/uploads\/2011\/10\/01-Billes2et3-En.pdf\"><img loading=\"lazy\" decoding=\"async\" src=\"http:\/\/www.billard-club-sottevillais.com\/wp-content\/uploads\/2014\/11\/states.gif\" alt=\"\" width=\"90\" height=\"62\" border=\"0\" \/><\/a><\/td>\n<\/tr>\n<\/tbody>\n<\/table>\n<\/td>\n<td align=\"center\" valign=\"middle\" bgcolor=\"#FFFFFF\" width=\"25%\"><span style=\"color: #800000; font-size: xx-small;\">Date de parution: le 15\/01\/2002<\/span><span style=\"color: #800000; font-size: xx-small;\">US version by <a href=\"http:\/\/www.layanicues.com\/\" target=\"_blank\"> Thierry LAYANI<\/a>: June<\/span><span style=\"color: #800000; font-size: xx-small;\">\u00a02002Dutch version by <\/span><a href=\"http:\/\/www.vanderkraan.nl\/\" target=\"_blank\"><span style=\"font-size: xx-small;\">Jan G. van der Kraan<\/span><\/a><\/td>\n<\/tr>\n<\/tbody>\n<\/table>\n<p style=\"text-align: center;\"><span style=\"font-size: x-small;\"><span class=\"Apple-style-span\" style=\"line-height: normal;\"><br \/>\n<\/span><\/span><\/p>\n","protected":false},"excerpt":{"rendered":"<p>R\u00e9guli\u00e8rement, nous ferons para\u00eetre de nouveaux syst\u00e8mes. Nous en avons actuellement une dizaine en r\u00e9serve. Faites que cette rubrique soit aussi un peu la votre. Envoyez nous vos astuces et syst\u00e8mes in\u00e9dits qui permettent d&rsquo;augmenter sensiblement les chances de r\u00e9ussite (sans pour autant faire le point \u00e0 votre place&#8230;) Merci d&rsquo;avance. 3 bandes avant dans &hellip; <\/p>\n<p class=\"link-more\"><a href=\"http:\/\/www.billard-club-sottevillais.com\/?page_id=215\" class=\"more-link\">Continuer la lecture<span class=\"screen-reader-text\"> de &laquo;&nbsp;Les 3 Bandes&nbsp;&raquo;<\/span><\/a><\/p>\n","protected":false},"author":1,"featured_media":0,"parent":39,"menu_order":0,"comment_status":"open","ping_status":"open","template":"page-full.php","meta":{"footnotes":""},"class_list":["post-215","page","type-page","status-publish","hentry"],"_links":{"self":[{"href":"http:\/\/www.billard-club-sottevillais.com\/index.php?rest_route=\/wp\/v2\/pages\/215","targetHints":{"allow":["GET"]}}],"collection":[{"href":"http:\/\/www.billard-club-sottevillais.com\/index.php?rest_route=\/wp\/v2\/pages"}],"about":[{"href":"http:\/\/www.billard-club-sottevillais.com\/index.php?rest_route=\/wp\/v2\/types\/page"}],"author":[{"embeddable":true,"href":"http:\/\/www.billard-club-sottevillais.com\/index.php?rest_route=\/wp\/v2\/users\/1"}],"replies":[{"embeddable":true,"href":"http:\/\/www.billard-club-sottevillais.com\/index.php?rest_route=%2Fwp%2Fv2%2Fcomments&post=215"}],"version-history":[{"count":20,"href":"http:\/\/www.billard-club-sottevillais.com\/index.php?rest_route=\/wp\/v2\/pages\/215\/revisions"}],"predecessor-version":[{"id":225,"href":"http:\/\/www.billard-club-sottevillais.com\/index.php?rest_route=\/wp\/v2\/pages\/215\/revisions\/225"}],"up":[{"embeddable":true,"href":"http:\/\/www.billard-club-sottevillais.com\/index.php?rest_route=\/wp\/v2\/pages\/39"}],"wp:attachment":[{"href":"http:\/\/www.billard-club-sottevillais.com\/index.php?rest_route=%2Fwp%2Fv2%2Fmedia&parent=215"}],"curies":[{"name":"wp","href":"https:\/\/api.w.org\/{rel}","templated":true}]}}