{"id":195,"date":"2011-10-09T16:35:57","date_gmt":"2011-10-09T16:35:57","guid":{"rendered":"http:\/\/billardcf.cluster010.ovh.net\/?page_id=195"},"modified":"2023-08-17T09:33:55","modified_gmt":"2023-08-17T09:33:55","slug":"lhistoire-du-billard","status":"publish","type":"page","link":"http:\/\/www.billard-club-sottevillais.com\/?page_id=195","title":{"rendered":"L&rsquo;histoire du Billard"},"content":{"rendered":"<p style=\"text-align: justify;\"><em><span style=\"color: #000000;\"><span style=\"font-size: small;\"><img loading=\"lazy\" decoding=\"async\" class=\"aligncenter size-full wp-image-4997\" title=\"strory1\" src=\"http:\/\/www.billard-club-sottevillais.com\/wp-content\/uploads\/2014\/11\/strory1.jpg\" alt=\"\" width=\"250\" height=\"160\" \/><\/span><\/span><\/em><\/p>\n<p style=\"text-align: justify;\"><em><span style=\"color: #000000;\"><span style=\"font-size: small;\">\u00a0\u00a0\u00a0\u00a0\u00a0\u00a0\u00a0\u00a0Vous entendez le mot \u00a0\u00bb billard\u00a0\u00bb, vous imaginez\u2026<\/span><\/span><\/em><\/p>\n<p style=\"text-align: justify;\"><span style=\"color: #000000;\">\u00a0\u2026 <span style=\"font-size: small;\">une salle \u00e0 l&rsquo;ambiance feutr\u00e9e \u2026 une table munie de bandes, l&rsquo;ensemble recouvert d&rsquo;un tapis vert ou peut \u00eatre bleu, la table de billard est \u00e9clair\u00e9e\u2026<\/span><\/span><\/p>\n<p style=\"text-align: justify;\"><span style=\"color: #000000;\">\u2026 <span style=\"font-size: small;\">vous imaginez des billes blanches, rouges ou multicolores, et, pourquoi pas, chacune d&rsquo;elles porte un num\u00e9ro\u2026<\/span><\/span><\/p>\n<p style=\"text-align: justify;\"><span style=\"color: #000000;\">\u2026 <span style=\"font-size: small;\">Vous imaginez aussi des queues de billard et une craie bleue.<\/span><\/span><\/p>\n<p style=\"text-align: justify;\"><span style=\"color: #000000;\"><span style=\"font-size: small;\">\u00a0\u00a0\u00a0\u00a0\u00a0\u00a0\u00a0\u00a0Cette image est celle du billard contemporain. Pourtant, le billard qui a passionn\u00e9 nos anc\u00eatres n&rsquo;a pas toujours eu cette repr\u00e9sentation.<\/span><\/span><\/p>\n<p style=\"text-align: justify;\"><span style=\"color: #000000;\"><span style=\"font-size: small;\">\u00a0\u00a0\u00a0\u00a0\u00a0\u00a0\u00a0\u00a0Avant de se jouer sur une table, le billard se joue sur le sol.<\/span><\/span><\/p>\n<p style=\"text-align: justify;\"><span style=\"color: #000000;\"><span style=\"font-size: small;\">\u00a0\u00a0\u00a0\u00a0\u00a0\u00a0\u00a0\u00a0Gutemberg a invent\u00e9 l&rsquo;imprimerie, Niepce la photographie, mais il n&rsquo;y a pas d&rsquo;inventeur pour la roue, il en est de m\u00eame pour le billard.<\/span><\/span><\/p>\n<p style=\"text-align: justify;\"><span style=\"color: #000000;\"><span style=\"font-size: small;\">\u00a0\u00a0\u00a0\u00a0\u00a0\u00a0\u00a0\u00a0Le billard trouve donc ses origines dans des jeux qui se pratiquent sur le sol.<\/span><\/span><\/p>\n<p style=\"text-align: justify;\"><strong><em><span style=\"color: #000000;\">\u00a0<span style=\"font-size: small;\"><span style=\"font-family: ArabikDB;\">Le billard de terre<\/span><\/span><\/span><\/em><\/strong><\/p>\n<p style=\"text-align: justify;\"><span style=\"color: #000000;\"><span style=\"font-size: small;\">\u00a0\u00a0\u00a0\u00a0\u00a0\u00a0\u00a0\u00a0Il se pratique en France sous le nom de \u00ab\u00a0Palle mail\u00a0\u00bb, en Espagne c&rsquo;est la \u00ab\u00a0Vilorta\u00a0\u00bb, \u00ab\u00a0boccie\u00a0\u00bb en Italie. En Angleterre, c&rsquo;est le \u00ab\u00a0pall-mall\u00a0\u00bb (croquet) ou le \u00ab\u00a0ball-yards\u00a0\u00bb.<\/span><\/span><\/p>\n<p style=\"text-align: justify;\"><span style=\"color: #000000;\"><span style=\"font-size: small;\">\u00a0\u00a0\u00a0\u00a0\u00a0\u00a0\u00a0\u00a0L&rsquo;anc\u00eatre du billard qui est en fait une forme de croquet, se joue sur des pelouses avec un b\u00e2ton recourb\u00e9 qui sert \u00e0 pousser des billes en bois (d&rsquo;une dizaine de centim\u00e8tres de diam\u00e8tre) sous des arceaux.<\/span><\/span><\/p>\n<p style=\"text-align: justify;\"><span style=\"color: #000000;\"><span style=\"font-size: small;\">\u00a0\u00a0\u00a0\u00a0\u00a0\u00a0\u00a0\u00a0Ce b\u00e2ton recourb\u00e9 (en bois de gayac ou de cormier) qui ressemble \u00e0 un club de golf a une grande importance historique\u2026<\/span><\/span><\/p>\n<p style=\"text-align: justify;\"><span style=\"color: #000000;\"><span style=\"font-size: small;\">\u00a0\u00a0\u00a0\u00a0\u00a0\u00a0\u00a0\u00a0Il s&rsquo;appelle \u00ab\u00a0ball yard\u00a0\u00bb en Angleterre, bilhard ou billard en France. Il se nomme \u00ab\u00a0biglia\u00a0\u00bb en Italie et \u00ab\u00a0vilorta\u00a0\u00bb en Espagne.<\/span><\/span><\/p>\n<p style=\"text-align: justify;\"><span style=\"color: #000000;\"><span style=\"font-size: small;\">\u00a0\u00a0\u00a0\u00a0\u00a0\u00a0\u00a0\u00a0C&rsquo;est de toute \u00e9vidence ce morceau de bois recourb\u00e9 qui a donn\u00e9 son nom au billard contemporain.<\/span><\/span><\/p>\n<p><strong><em><span style=\"color: #000000;\"><img loading=\"lazy\" decoding=\"async\" class=\"aligncenter size-full wp-image-4995\" title=\"story0\" src=\"http:\/\/www.billard-club-sottevillais.com\/wp-content\/uploads\/2014\/11\/story0.gif\" alt=\"\" width=\"265\" height=\"184\" \/>\u00a0<span style=\"font-size: small;\"><span style=\"font-family: ArabikDB;\">Le billard sur table<\/span><\/span><\/span><\/em><\/strong><\/p>\n<p style=\"text-align: justify;\"><span style=\"color: #000000;\"><span style=\"font-size: small;\">\u00a0\u00a0\u00a0\u00a0\u00a0\u00a0\u00a0\u00a0En France, le premier billard sur table identifi\u00e9 est celui de Louis XI, il aurait \u00e9t\u00e9 construit vers 1429. A cette \u00e9poque, on pousse encore les billes avec un b\u00e2ton recourb\u00e9, l&rsquo;objectif est toujours de faire passer une bille au travers d&rsquo;un arceau.<\/span><\/span><\/p>\n<p style=\"text-align: justify;\"><span style=\"color: #000000;\"><span style=\"font-size: small;\">\u00a0\u00a0\u00a0\u00a0\u00a0\u00a0\u00a0\u00a0Il faudra attendre le d\u00e9but du XVIII <sup>\u00e8me<\/sup> si\u00e8cle pour voir dispara\u00eetre le b\u00e2ton recourb\u00e9 au profit de la queue de billard.<\/span><\/span><\/p>\n<p style=\"text-align: justify;\"><span style=\"color: #000000;\"><span style=\"font-size: small;\">\u00a0\u00a0\u00a0\u00a0\u00a0\u00a0\u00a0\u00a0Longtemps, les billards poss\u00e8dent six belouzes. Elles servent \u00e0 r\u00e9cup\u00e9rer les billes de bois qui sortent de la table.<\/span><\/span><\/p>\n<p style=\"text-align: justify;\"><span style=\"color: #000000;\"><span style=\"font-size: small;\">\u00a0\u00a0\u00a0\u00a0\u00a0\u00a0\u00a0\u00a0Ce type de billard appel\u00e9 maintenant billard anglais laissera sa place vers 1850 \u00e0 un billard sans belouzes, on y joue la carambole \u00e0 trois billes, le billard fran\u00e7ais est n\u00e9.<\/span><\/span><\/p>\n<h1 style=\"text-align: justify;\"><strong><em><span style=\"color: #000000;\"><span style=\"font-family: ArabikDB;\"><span style=\"font-size: small;\">Le mat\u00e9riel de jeu<\/span><\/span><\/span><\/em><\/strong><\/h1>\n<p style=\"text-align: justify;\"><span style=\"color: #000000;\"><span style=\"font-size: small;\">\u00a0\u00a0\u00a0\u00a0\u00a0\u00a0\u00a0\u00a0Un billard est compos\u00e9 d&rsquo;un imposant ch\u00e2ssis m\u00e9tallique qui re\u00e7oit une ardoise dont l&rsquo;\u00e9paisseur peut varier de\u00a0 trois \u00e0 cinq centim\u00e8tres. L&rsquo;ardoise a \u00e9t\u00e9 choisie pour sa plan\u00e9it\u00e9. Vers 1835, elle a remplac\u00e9 le marbre qui lui-m\u00eame avait succ\u00e9d\u00e9 aux tables de pierre.<\/span><\/span><\/p>\n<p style=\"text-align: justify;\"><span style=\"color: #000000;\"><span style=\"font-size: small;\">\u00a0\u00a0\u00a0\u00a0\u00a0\u00a0\u00a0\u00a0C&rsquo;est \u00e0 cette \u00e9poque que les bandes en caoutchouc font leur apparition.<\/span><\/span><\/p>\n<p style=\"text-align: justify;\"><span style=\"color: #000000;\"><span style=\"font-size: small;\">\u00a0\u00a0\u00a0\u00a0\u00a0\u00a0\u00a0\u00a0La queue de billard qui a remplac\u00e9 le b\u00e2ton recourb\u00e9 appel\u00e9 bilhard subit une transformation r\u00e9volutionnaire vers 1823. Le professeur Mingaud vient d&rsquo;inventer le proc\u00e9d\u00e9. Le proc\u00e9d\u00e9 est une petite rondelle de cuir coll\u00e9e \u00e0 l&rsquo;extr\u00e9mit\u00e9 de la fl\u00e8che. Il va permettre d&rsquo;ex\u00e9cuter des coups inconnus jusqu&rsquo;alors, en particulier l&rsquo;effet \u00ab\u00a0r\u00e9tro\u00a0\u00bb qui consiste \u00e0 faire reculer une bille.<\/span><\/span><\/p>\n<p style=\"text-align: justify;\"><span style=\"color: #000000;\"><span style=\"font-size: small;\">\u00a0\u00a0\u00a0\u00a0\u00a0\u00a0\u00a0\u00a0Afin d&rsquo;\u00e9viter les \u00ab\u00a0fausses queues\u00a0\u00bb, chacun aujourd&rsquo;hui passe sur le proc\u00e9d\u00e9 une craie bleue qui am\u00e9liore l&rsquo;adh\u00e9rence entre la queue et la bille. Cette craie, on la doit \u00e0 l&rsquo;Anglais John Carr. Elle s&rsquo;est d&rsquo;abord appel\u00e9e \u00a0\u00ab\u00a0blanc d&rsquo;Espagne\u00a0\u00bb, aujourd&rsquo;hui, c&rsquo;est le bleu.<\/span><\/span><\/p>\n<p style=\"text-align: justify;\"><span style=\"color: #000000;\"><span style=\"font-size: small;\">\u00a0\u00a0\u00a0\u00a0\u00a0\u00a0\u00a0\u00a0Afin d&rsquo;am\u00e9liorer le roulement des billes, les tables de billard sont chauff\u00e9es. Jusqu&rsquo;\u00e0 1830, les billards sont chauff\u00e9s avec des lampions qui c\u00e9deront la place aux lampes \u00e0 p\u00e9trole. En 1900, les billards sont chauff\u00e9s au gaz. L&rsquo;\u00e9lectricit\u00e9 va d\u00e9finitivement remplacer le gaz vers 1925. A force \u00e9gale, le chauffage d&rsquo;un billard multiplie par 1.5 le parcours d&rsquo;une bille.<\/span><\/span><\/p>\n<p>&nbsp;<\/p>\n<p style=\"text-align: center;\"><span style=\"font-size: x-small;\"><img loading=\"lazy\" decoding=\"async\" class=\"aligncenter size-full wp-image-4996\" title=\"story2\" src=\"http:\/\/www.billard-club-sottevillais.com\/wp-content\/uploads\/2014\/11\/story2.jpg\" alt=\"\" width=\"206\" height=\"182\" \/> <\/span><\/p>\n<p>&nbsp;<\/p>\n","protected":false},"excerpt":{"rendered":"<p>\u00a0\u00a0\u00a0\u00a0\u00a0\u00a0\u00a0\u00a0Vous entendez le mot \u00a0\u00bb billard\u00a0\u00bb, vous imaginez\u2026 \u00a0\u2026 une salle \u00e0 l&rsquo;ambiance feutr\u00e9e \u2026 une table munie de bandes, l&rsquo;ensemble recouvert d&rsquo;un tapis vert ou peut \u00eatre bleu, la table de billard est \u00e9clair\u00e9e\u2026 \u2026 vous imaginez des billes blanches, rouges ou multicolores, et, pourquoi pas, chacune d&rsquo;elles porte un num\u00e9ro\u2026 \u2026 Vous imaginez &hellip; <\/p>\n<p class=\"link-more\"><a href=\"http:\/\/www.billard-club-sottevillais.com\/?page_id=195\" class=\"more-link\">Continuer la lecture<span class=\"screen-reader-text\"> de &laquo;&nbsp;L&rsquo;histoire du Billard&nbsp;&raquo;<\/span><\/a><\/p>\n","protected":false},"author":1,"featured_media":0,"parent":75,"menu_order":0,"comment_status":"open","ping_status":"open","template":"page-full.php","meta":{"footnotes":""},"class_list":["post-195","page","type-page","status-publish","hentry"],"_links":{"self":[{"href":"http:\/\/www.billard-club-sottevillais.com\/index.php?rest_route=\/wp\/v2\/pages\/195","targetHints":{"allow":["GET"]}}],"collection":[{"href":"http:\/\/www.billard-club-sottevillais.com\/index.php?rest_route=\/wp\/v2\/pages"}],"about":[{"href":"http:\/\/www.billard-club-sottevillais.com\/index.php?rest_route=\/wp\/v2\/types\/page"}],"author":[{"embeddable":true,"href":"http:\/\/www.billard-club-sottevillais.com\/index.php?rest_route=\/wp\/v2\/users\/1"}],"replies":[{"embeddable":true,"href":"http:\/\/www.billard-club-sottevillais.com\/index.php?rest_route=%2Fwp%2Fv2%2Fcomments&post=195"}],"version-history":[{"count":12,"href":"http:\/\/www.billard-club-sottevillais.com\/index.php?rest_route=\/wp\/v2\/pages\/195\/revisions"}],"predecessor-version":[{"id":14166,"href":"http:\/\/www.billard-club-sottevillais.com\/index.php?rest_route=\/wp\/v2\/pages\/195\/revisions\/14166"}],"up":[{"embeddable":true,"href":"http:\/\/www.billard-club-sottevillais.com\/index.php?rest_route=\/wp\/v2\/pages\/75"}],"wp:attachment":[{"href":"http:\/\/www.billard-club-sottevillais.com\/index.php?rest_route=%2Fwp%2Fv2%2Fmedia&parent=195"}],"curies":[{"name":"wp","href":"https:\/\/api.w.org\/{rel}","templated":true}]}}