{"id":188,"date":"2011-10-09T16:26:16","date_gmt":"2011-10-09T16:26:16","guid":{"rendered":"http:\/\/billardcf.cluster010.ovh.net\/?page_id=188"},"modified":"2022-09-13T08:59:23","modified_gmt":"2022-09-13T08:59:23","slug":"lhistoire-du-club","status":"publish","type":"page","link":"http:\/\/www.billard-club-sottevillais.com\/?page_id=188","title":{"rendered":"L&rsquo;histoire du Club"},"content":{"rendered":"<p style=\"text-align: justify;\"><img loading=\"lazy\" decoding=\"async\" class=\"aligncenter size-full wp-image-4999\" title=\"bcsimg\" src=\"http:\/\/www.billard-club-sottevillais.com\/wp-content\/uploads\/2014\/11\/bcsimg.jpg\" alt=\"\" width=\"260\" height=\"195\"><\/p>\n<p style=\"text-align: justify;\">Le BCS est un club de billard fran\u00e7ais, d&rsquo;ailleurs il est n\u00e9 \u00e0 \u00ab\u00a0la Fran\u00e7aise\u00a0\u00bb. Guy est le patron du bar tabac \u00ab\u00a0la Fran\u00e7aise\u00a0\u00bb \u00e0 Sotteville.<br \/>\nIl occupe un immeuble en \u00ab\u00a0L\u00a0\u00bb. L&rsquo;aile situ\u00e9e en fa\u00e7ade abrite le commerce au rez-de-chauss\u00e9e et le logement \u00e0 l&rsquo;\u00e9tage. L&rsquo;autre aile de l&rsquo;immeuble est inoccup\u00e9e\u2026 Pas pour longtemps.<\/p>\n<p>Guy qui est un amoureux du billard, entreprend d&rsquo;installer des billards \u00e0 l&rsquo;\u00e9tage. Il abat quelques cloisons, am\u00e9nage l&rsquo;espace. Il y installe trois billards : deux de 2.80m et un autre de 3.10m.<\/p>\n<p>Vous imaginez une vingtaine de personnes dans la pi\u00e8ce, plus le poids de trois billards \u2026 Guy s&rsquo;inqui\u00e8te. Et si le plancher ne r\u00e9sistait pas ?<\/p>\n<p>Les pi\u00e8ces situ\u00e9es sous la salle de billard sont vides \u2026 Tout n&rsquo;est pas perdu ! Ainsi, les pi\u00e8ces du rez-de-chauss\u00e9e vont avoir des locataires : une for\u00eat d&rsquo;\u00e9tais plac\u00e9s judicieusement sous les billards. L&rsquo;esprit serein, la f\u00eate peut commencer.<\/p>\n<p>Guy quitte souvent le \u00ab\u00a0zinc\u00a0\u00bb pour faire une partie avec ses clients qui deviennent rapidement ses copains. La petite partie entre copains c&rsquo;est bien, mais il faudrait se mesurer. Il manque l&rsquo;aspect comp\u00e9tition.<\/p>\n<p>La bande de copains s&rsquo;organise\u2026 En 1973 le Billard Club Sottevillais voit le jour, et il est affili\u00e9 \u00e0 la F\u00e9d\u00e9ration Fran\u00e7aise de Billard. Rapidement, l&rsquo;effectif va atteindre une trentaine d&rsquo;adh\u00e9rents.<\/p>\n<p>Pour satisfaire le besoin, un autre de billard de 3.10m arrive, il sera install\u00e9 dans la cave, repeinte pour l&rsquo;occasion.<\/p>\n<p>Ainsi, les jours de comp\u00e9titions ou de tournois, \u00ab\u00a0la Fran\u00e7aise\u00a0\u00bb fourmille. Les joueurs passent de la cave au premier \u00e9tage en passant par le bar. Sachez aussi que pour acc\u00e9der \u00e0 l&rsquo;\u00e9tage, il fallait traverser la cuisine de Guy. On se serait cru dans un authentique Pub anglais.<br \/>\nTelle \u00e9tait la vie du Billard Club Sottevillais dans les ann\u00e9es 70 et 80.<\/p>\n<p>Depuis, les choses ont chang\u00e9. Le 1<sup>er<\/sup> mars 1993, le Billard Club Sottevillais quitte la maison natale pour s&rsquo;installer dans une salle de plain-pied de 180m\u00b2. Le BCS a 20 ans. Fini les allures de pub anglais, fini la cuisine \u00e0 traverser pour acc\u00e9der aux billards.<\/p>\n<p>Cette salle est la propri\u00e9t\u00e9 de la Ville de Sotteville, le BCS en est locataire. Pour nous aider \u00e0 d\u00e9marrer, l&rsquo;\u00e9quipe municipale nous a octroy\u00e9 un pr\u00eat pour l&rsquo;acquisition des billards. Nous sommes autonomes, nous pouvons engager des formations pour les jeunes, ce qui n&rsquo;\u00e9tait pas possible dans un d\u00e9bit de boisson.<\/p>\n<p>Une nouvelle \u00e8re commence. Nous sommes aux temps modernes. Depuis, l&rsquo;effectif du BCS tourne autour de 70 adh\u00e9rents.<\/p>\n<p style=\"text-align: center;\"><span style=\"font-size: xx-small;\">&nbsp;<\/span><\/p>\n<table>\n<tbody>\n<tr>\n<td style=\"text-align: center;\"><em>&nbsp;<\/em><img loading=\"lazy\" decoding=\"async\" class=\"alignnone\" title=\"Le Batiment\" src=\"http:\/\/www.billard-club-sottevillais.com\/wp-content\/uploads\/2014\/11\/facade-bcs.jpg\" alt=\"Le Billard Club Sottevillais a trouv\u00e9 place dans une ancienne chemiserie en 1993\" width=\"320\" height=\"241\"><br \/>\n<em>Le Billard Club Sottevillais a trouv\u00e9 place dans une ancienne chemiserie en 1993<\/em><\/td>\n<td style=\"text-align: center;\"><img loading=\"lazy\" decoding=\"async\" class=\"alignnone\" title=\"L'interieur\" src=\"http:\/\/www.billard-club-sottevillais.com\/wp-content\/uploads\/2014\/11\/salon-de-la-salle-de-billa.jpg\" alt=\"Le coin d\u00e9tente est lui aussi fortement inspir\u00e9 par le ''5 quilles''\" width=\"320\" height=\"241\"><br \/>\n<em>Le coin d\u00e9tente est lui aussi fortement inspir\u00e9 par le \u00ab\u00a05 quilles\u00a0\u00bb<\/em><br \/>\n<em>&nbsp;<\/em><\/td>\n<\/tr>\n<\/tbody>\n<\/table>\n","protected":false},"excerpt":{"rendered":"<p>Le BCS est un club de billard fran\u00e7ais, d&rsquo;ailleurs il est n\u00e9 \u00e0 \u00ab\u00a0la Fran\u00e7aise\u00a0\u00bb. Guy est le patron du bar tabac \u00ab\u00a0la Fran\u00e7aise\u00a0\u00bb \u00e0 Sotteville. Il occupe un immeuble en \u00ab\u00a0L\u00a0\u00bb. L&rsquo;aile situ\u00e9e en fa\u00e7ade abrite le commerce au rez-de-chauss\u00e9e et le logement \u00e0 l&rsquo;\u00e9tage. L&rsquo;autre aile de l&rsquo;immeuble est inoccup\u00e9e\u2026 Pas pour longtemps. &hellip; <\/p>\n<p class=\"link-more\"><a href=\"http:\/\/www.billard-club-sottevillais.com\/?page_id=188\" class=\"more-link\">Continuer la lecture<span class=\"screen-reader-text\"> de &laquo;&nbsp;L&rsquo;histoire du Club&nbsp;&raquo;<\/span><\/a><\/p>\n","protected":false},"author":1,"featured_media":0,"parent":75,"menu_order":0,"comment_status":"open","ping_status":"open","template":"page-full.php","meta":{"footnotes":""},"class_list":["post-188","page","type-page","status-publish","hentry"],"_links":{"self":[{"href":"http:\/\/www.billard-club-sottevillais.com\/index.php?rest_route=\/wp\/v2\/pages\/188","targetHints":{"allow":["GET"]}}],"collection":[{"href":"http:\/\/www.billard-club-sottevillais.com\/index.php?rest_route=\/wp\/v2\/pages"}],"about":[{"href":"http:\/\/www.billard-club-sottevillais.com\/index.php?rest_route=\/wp\/v2\/types\/page"}],"author":[{"embeddable":true,"href":"http:\/\/www.billard-club-sottevillais.com\/index.php?rest_route=\/wp\/v2\/users\/1"}],"replies":[{"embeddable":true,"href":"http:\/\/www.billard-club-sottevillais.com\/index.php?rest_route=%2Fwp%2Fv2%2Fcomments&post=188"}],"version-history":[{"count":32,"href":"http:\/\/www.billard-club-sottevillais.com\/index.php?rest_route=\/wp\/v2\/pages\/188\/revisions"}],"predecessor-version":[{"id":13430,"href":"http:\/\/www.billard-club-sottevillais.com\/index.php?rest_route=\/wp\/v2\/pages\/188\/revisions\/13430"}],"up":[{"embeddable":true,"href":"http:\/\/www.billard-club-sottevillais.com\/index.php?rest_route=\/wp\/v2\/pages\/75"}],"wp:attachment":[{"href":"http:\/\/www.billard-club-sottevillais.com\/index.php?rest_route=%2Fwp%2Fv2%2Fmedia&parent=188"}],"curies":[{"name":"wp","href":"https:\/\/api.w.org\/{rel}","templated":true}]}}