{"id":181,"date":"2011-10-09T16:18:20","date_gmt":"2011-10-09T16:18:20","guid":{"rendered":"http:\/\/billardcf.cluster010.ovh.net\/?page_id=181"},"modified":"2025-07-11T16:53:21","modified_gmt":"2025-07-11T16:53:21","slug":"le-bureau-du-directeur","status":"publish","type":"page","link":"http:\/\/www.billard-club-sottevillais.com\/?page_id=181","title":{"rendered":"Le Bureau Directeur"},"content":{"rendered":"<p style=\"text-align: center;\"><span style=\"color: #000000;\"><span style=\"font-size: small;\">COMPOSITION DU BUREAU DIRECTEUR &#8211; SAISON 2025- 2026<\/span><\/span><\/p>\n<table border=\"5\" cellpadding=\"3\" align=\"center\">\n<tbody>\n<tr>\n<td align=\"center\" bgcolor=\"#FFFFFF\" width=\"193\"><a href=\"http:\/\/www.billard-club-sottevillais.com\/wp-content\/uploads\/2011\/10\/Pierrel-B.jpg\"><img loading=\"lazy\" decoding=\"async\" class=\"aligncenter size-full wp-image-7219\" title=\"Pierrel-B\" src=\"http:\/\/www.billard-club-sottevillais.com\/wp-content\/uploads\/2011\/10\/Pierrel-B.jpg\" alt=\"\" width=\"134\" height=\"180\" \/><\/a><\/td>\n<td align=\"center\" bgcolor=\"#FFFFFF\" width=\"283\"><span style=\"font-family: 'Cooper Black'; font-size: 16px;\">Bruno<br \/>\nPIERREL<\/span><\/td>\n<td align=\"center\" bgcolor=\"#FFFFFF\" width=\"231\"><span style=\"font-size: 14px;\">Pr\u00e9sident<br \/>\nCommunication<br \/>\nCommission sportive<br \/>\nCommission sponsor<br \/>\nFormation et Jeunesse<br \/>\nCommission Internet<\/span><\/td>\n<\/tr>\n<tr>\n<td align=\"center\" bgcolor=\"#FFFFFF\" width=\"193\"><span style=\"line-height: 19px;\"><img loading=\"lazy\" decoding=\"async\" class=\"aligncenter size-full wp-image-12473\" src=\"http:\/\/www.billard-club-sottevillais.com\/wp-content\/uploads\/2020\/09\/Sauvage-Xavier.jpg\" alt=\"\" width=\"135\" height=\"180\" \/><\/span><\/td>\n<td align=\"center\" bgcolor=\"#FFFFFF\" width=\"283\"><span style=\"font-family: 'Cooper Black'; font-size: 16px;\">Xavier<br \/>\nSAUVAGE<\/span><\/td>\n<td align=\"center\" bgcolor=\"#FFFFFF\" width=\"231\">Secr\u00e9taire<br \/>\nFormation et jeunesse<\/td>\n<\/tr>\n<tr>\n<td align=\"center\" bgcolor=\"#FFFFFF\" width=\"193\"><a href=\"http:\/\/www.billard-club-sottevillais.com\/wp-content\/uploads\/2011\/10\/Pollet-D.jpg\"><img loading=\"lazy\" decoding=\"async\" class=\"aligncenter size-full wp-image-7225\" title=\"Pollet-D\" src=\"http:\/\/www.billard-club-sottevillais.com\/wp-content\/uploads\/2011\/10\/Pollet-D.jpg\" alt=\"\" width=\"134\" height=\"180\" \/><\/a><\/td>\n<td align=\"center\" bgcolor=\"#FFFFFF\" width=\"283\"><span style=\"font-family: 'Cooper Black'; font-size: 16px;\">Didier<br \/>\nPOLLET <\/span><\/td>\n<td align=\"center\" bgcolor=\"#FFFFFF\" width=\"231\"><span style=\"font-size: 14px;\">Tr\u00e9sorier<br \/>\nCommunication<br \/>\nAnimation<br \/>\nCommission Internet<br \/>\nCommission sponsor<br \/>\n<\/span><\/td>\n<\/tr>\n<tr>\n<td align=\"center\" bgcolor=\"#FFFFFF\" width=\"193\"><a href=\"http:\/\/www.billard-club-sottevillais.com\/wp-content\/uploads\/2021\/09\/Michel-G.jpg\"><img loading=\"lazy\" decoding=\"async\" class=\"alignnone size-medium wp-image-12734\" src=\"http:\/\/www.billard-club-sottevillais.com\/wp-content\/uploads\/2021\/09\/Michel-G-223x300.jpg\" alt=\"\" width=\"135\" height=\"180\" \/><\/a><\/td>\n<td align=\"center\" bgcolor=\"#FFFFFF\" width=\"283\"><span style=\"font-family: 'Cooper Black'; font-size: 16px;\">Michel<br \/>\nGUILLAUME<\/span><\/td>\n<td align=\"center\" bgcolor=\"#FFFFFF\" width=\"231\"><span style=\"font-size: 14px;\">Secr\u00e9taire adjoint<br \/>\nCommunication<br \/>\nCommission sponsor<\/span><\/td>\n<\/tr>\n<tr>\n<td align=\"center\" bgcolor=\"#FFFFFF\" width=\"193\"><span style=\"line-height: 19px;\"><img loading=\"lazy\" decoding=\"async\" class=\"aligncenter size-full wp-image-4985\" title=\"eric\" src=\"http:\/\/www.billard-club-sottevillais.com\/wp-content\/uploads\/2014\/11\/eric.jpg\" alt=\"\" width=\"135\" height=\"180\" \/><\/span><\/td>\n<td align=\"center\" bgcolor=\"#FFFFFF\" width=\"283\"><span style=\"font-family: 'Cooper Black'; font-size: 16px;\">Eric<br \/>\nVIOLETTE<\/span><\/td>\n<td align=\"center\" bgcolor=\"#FFFFFF\" width=\"231\"><span style=\"font-size: 14px;\">Tr\u00e9sorier adjoint<br \/>\nCommission sponsor<\/span><\/td>\n<\/tr>\n<tr>\n<td align=\"center\" bgcolor=\"#FFFFFF\" width=\"193\"><img loading=\"lazy\" decoding=\"async\" class=\"aligncenter size-full wp-image-14155\" src=\"http:\/\/www.billard-club-sottevillais.com\/wp-content\/uploads\/2023\/06\/C-Ponthieux00.jpg\" alt=\"\" width=\"135\" height=\"180\" \/><\/td>\n<td align=\"center\" bgcolor=\"#FFFFFF\" width=\"283\"><span style=\"font-family: 'Cooper Black'; font-size: 16px;\">Christian<br \/>\nPONTHIEUX<\/span><\/td>\n<td align=\"center\" bgcolor=\"#FFFFFF\" width=\"231\"><span style=\"font-size: 14px;\">Secr\u00e9taire sportif<br \/>\nCommission sportive<\/span><\/td>\n<\/tr>\n<tr>\n<td align=\"center\" bgcolor=\"#FFFFFF\" width=\"193\"><a href=\"http:\/\/www.billard-club-sottevillais.com\/wp-content\/uploads\/2022\/07\/JP-Megnan.jpg\"><img loading=\"lazy\" decoding=\"async\" class=\"aligncenter size-full wp-image-13364\" src=\"http:\/\/www.billard-club-sottevillais.com\/wp-content\/uploads\/2022\/07\/JP-Megnan.jpg\" alt=\"\" width=\"134\" height=\"180\" \/><\/a><\/td>\n<td align=\"center\" bgcolor=\"#FFFFFF\" width=\"283\"><span style=\"font-family: 'Cooper Black'; font-size: 16px;\">Jean-Pierre<br \/>\nMEGNAN<\/span><\/td>\n<td align=\"center\" bgcolor=\"#FFFFFF\" width=\"231\"><span style=\"font-size: 14px;\">Commission sportive<\/span><\/td>\n<\/tr>\n<tr>\n<td align=\"center\" bgcolor=\"#FFFFFF\" width=\"193\"><a href=\"http:\/\/www.billard-club-sottevillais.com\/wp-content\/uploads\/2011\/10\/Cardon-JC.jpg\"><img loading=\"lazy\" decoding=\"async\" class=\"aligncenter size-full wp-image-7223\" title=\"Cardon-JC\" src=\"http:\/\/www.billard-club-sottevillais.com\/wp-content\/uploads\/2011\/10\/Cardon-JC.jpg\" alt=\"\" width=\"134\" height=\"180\" \/><\/a><\/td>\n<td align=\"center\" bgcolor=\"#FFFFFF\" width=\"283\"><span style=\"font-family: 'Cooper Black'; font-size: 16px;\">Jean-Claude<br \/>\nCARDON<\/span><\/td>\n<td align=\"center\" bgcolor=\"#FFFFFF\" width=\"231\"><span style=\"font-size: 14px;\">Communication<br \/>\nCommission Internet<br \/>\n<\/span><\/td>\n<\/tr>\n<tr>\n<td align=\"center\" bgcolor=\"#FFFFFF\" width=\"193\"><img loading=\"lazy\" decoding=\"async\" class=\"aligncenter size-large wp-image-15780\" src=\"http:\/\/www.billard-club-sottevillais.com\/wp-content\/uploads\/2025\/07\/Cedric-765x1024.jpg\" alt=\"\" width=\"134\" height=\"180\" srcset=\"http:\/\/www.billard-club-sottevillais.com\/wp-content\/uploads\/2025\/07\/Cedric-765x1024.jpg 765w, http:\/\/www.billard-club-sottevillais.com\/wp-content\/uploads\/2025\/07\/Cedric-224x300.jpg 224w, http:\/\/www.billard-club-sottevillais.com\/wp-content\/uploads\/2025\/07\/Cedric-768x1028.jpg 768w, http:\/\/www.billard-club-sottevillais.com\/wp-content\/uploads\/2025\/07\/Cedric-1148x1536.jpg 1148w, http:\/\/www.billard-club-sottevillais.com\/wp-content\/uploads\/2025\/07\/Cedric.jpg 1195w\" sizes=\"auto, (max-width: 134px) 100vw, 134px\" \/><\/td>\n<td align=\"center\" bgcolor=\"#FFFFFF\" width=\"283\"><span style=\"font-family: 'Cooper Black'; font-size: 16px;\">C\u00e9dric Legendre<\/span><\/td>\n<td align=\"center\" bgcolor=\"#FFFFFF\" width=\"231\"><span style=\"font-size: 14px;\">Commission sponsor<br \/>\nFormation et Jeunesse<\/span><\/td>\n<\/tr>\n<tr>\n<td align=\"center\" bgcolor=\"#FFFFFF\" width=\"193\"><a href=\"http:\/\/www.billard-club-sottevillais.com\/wp-content\/uploads\/2024\/06\/Guy-Grenu.jpg\"><img loading=\"lazy\" decoding=\"async\" class=\"aligncenter size-full wp-image-14784\" src=\"http:\/\/www.billard-club-sottevillais.com\/wp-content\/uploads\/2024\/06\/Guy-Grenu.jpg\" alt=\"\" width=\"134\" height=\"180\" \/><\/a><\/td>\n<td align=\"center\" bgcolor=\"#FFFFFF\" width=\"283\"><span style=\"font-family: 'Cooper Black'; font-size: 16px;\">Guy<br \/>\nGRENU<\/span><\/td>\n<td align=\"center\" bgcolor=\"#FFFFFF\" width=\"231\"><span style=\"font-size: 14px;\">Gestion du bar<\/span><\/td>\n<\/tr>\n<\/tbody>\n<\/table>\n","protected":false},"excerpt":{"rendered":"<p>COMPOSITION DU BUREAU DIRECTEUR &#8211; SAISON 2025- 2026 Bruno PIERREL Pr\u00e9sident Communication Commission sportive Commission sponsor Formation et Jeunesse Commission Internet Xavier SAUVAGE Secr\u00e9taire Formation et jeunesse Didier POLLET Tr\u00e9sorier Communication Animation Commission Internet Commission sponsor Michel GUILLAUME Secr\u00e9taire adjoint Communication Commission sponsor Eric VIOLETTE Tr\u00e9sorier adjoint Commission sponsor Christian PONTHIEUX Secr\u00e9taire sportif Commission sportive &hellip; <\/p>\n<p class=\"link-more\"><a href=\"http:\/\/www.billard-club-sottevillais.com\/?page_id=181\" class=\"more-link\">Continuer la lecture<span class=\"screen-reader-text\"> de &laquo;&nbsp;Le Bureau Directeur&nbsp;&raquo;<\/span><\/a><\/p>\n","protected":false},"author":1,"featured_media":0,"parent":75,"menu_order":0,"comment_status":"open","ping_status":"open","template":"page-full.php","meta":{"footnotes":""},"class_list":["post-181","page","type-page","status-publish","hentry"],"_links":{"self":[{"href":"http:\/\/www.billard-club-sottevillais.com\/index.php?rest_route=\/wp\/v2\/pages\/181","targetHints":{"allow":["GET"]}}],"collection":[{"href":"http:\/\/www.billard-club-sottevillais.com\/index.php?rest_route=\/wp\/v2\/pages"}],"about":[{"href":"http:\/\/www.billard-club-sottevillais.com\/index.php?rest_route=\/wp\/v2\/types\/page"}],"author":[{"embeddable":true,"href":"http:\/\/www.billard-club-sottevillais.com\/index.php?rest_route=\/wp\/v2\/users\/1"}],"replies":[{"embeddable":true,"href":"http:\/\/www.billard-club-sottevillais.com\/index.php?rest_route=%2Fwp%2Fv2%2Fcomments&post=181"}],"version-history":[{"count":70,"href":"http:\/\/www.billard-club-sottevillais.com\/index.php?rest_route=\/wp\/v2\/pages\/181\/revisions"}],"predecessor-version":[{"id":15789,"href":"http:\/\/www.billard-club-sottevillais.com\/index.php?rest_route=\/wp\/v2\/pages\/181\/revisions\/15789"}],"up":[{"embeddable":true,"href":"http:\/\/www.billard-club-sottevillais.com\/index.php?rest_route=\/wp\/v2\/pages\/75"}],"wp:attachment":[{"href":"http:\/\/www.billard-club-sottevillais.com\/index.php?rest_route=%2Fwp%2Fv2%2Fmedia&parent=181"}],"curies":[{"name":"wp","href":"https:\/\/api.w.org\/{rel}","templated":true}]}}