{"id":16453,"date":"2026-03-01T17:11:01","date_gmt":"2026-03-01T17:11:01","guid":{"rendered":"https:\/\/www.billard-club-sottevillais.com\/?page_id=16453"},"modified":"2026-03-01T17:11:01","modified_gmt":"2026-03-01T17:11:01","slug":"soiree-5-quilles-20-fevrier-2026","status":"publish","type":"page","link":"http:\/\/www.billard-club-sottevillais.com\/?page_id=16453","title":{"rendered":"Soir\u00e9e 5 Quilles &#8211; 20 f\u00e9vrier 2026"},"content":{"rendered":"\n<p>Ce vendredi 20 f\u00e9vrier, nous \u00e9tions une quinzaine pour animer et participer \u00e0 la soir\u00e9e 5 Quilles.<br>Le concept est simple : six sets de 5 quilles en double, \u00e0 chaque set, c&rsquo;est un nouveau bin\u00f4me qui est cr\u00e9\u00e9. C&rsquo;est une formule qui permet le brassage des joueurs. Un point est attribu\u00e9 \u00e0 chaque set gagn\u00e9.<\/p>\n\n\n\n<p><h4>Les tours de jeu<\/h4><\/p>\n\n\n\n<figure class=\"wp-block-gallery has-nested-images columns-default is-cropped wp-block-gallery-1 is-layout-flex wp-block-gallery-is-layout-flex\">\n<figure class=\"wp-block-image size-large\"><a href=\"https:\/\/www.billard-club-sottevillais.com\/wp-content\/uploads\/2026\/03\/Ph-0110.jpg\"><img loading=\"lazy\" decoding=\"async\" width=\"1024\" height=\"576\" data-id=\"16471\" src=\"https:\/\/www.billard-club-sottevillais.com\/wp-content\/uploads\/2026\/03\/Ph-0110-1024x576.jpg\" alt=\"\" class=\"wp-image-16471\" srcset=\"http:\/\/www.billard-club-sottevillais.com\/wp-content\/uploads\/2026\/03\/Ph-0110-1024x576.jpg 1024w, http:\/\/www.billard-club-sottevillais.com\/wp-content\/uploads\/2026\/03\/Ph-0110-300x169.jpg 300w, http:\/\/www.billard-club-sottevillais.com\/wp-content\/uploads\/2026\/03\/Ph-0110-768x432.jpg 768w, http:\/\/www.billard-club-sottevillais.com\/wp-content\/uploads\/2026\/03\/Ph-0110.jpg 1280w\" sizes=\"auto, (max-width: 706px) 89vw, (max-width: 767px) 82vw, 740px\" \/><\/a><\/figure>\n\n\n\n<figure class=\"wp-block-image size-large\"><a href=\"https:\/\/www.billard-club-sottevillais.com\/wp-content\/uploads\/2026\/03\/Ph-0108.jpg\"><img loading=\"lazy\" decoding=\"async\" width=\"1024\" height=\"576\" data-id=\"16470\" src=\"https:\/\/www.billard-club-sottevillais.com\/wp-content\/uploads\/2026\/03\/Ph-0108-1024x576.jpg\" alt=\"\" class=\"wp-image-16470\" srcset=\"http:\/\/www.billard-club-sottevillais.com\/wp-content\/uploads\/2026\/03\/Ph-0108-1024x576.jpg 1024w, http:\/\/www.billard-club-sottevillais.com\/wp-content\/uploads\/2026\/03\/Ph-0108-300x169.jpg 300w, http:\/\/www.billard-club-sottevillais.com\/wp-content\/uploads\/2026\/03\/Ph-0108-768x432.jpg 768w, http:\/\/www.billard-club-sottevillais.com\/wp-content\/uploads\/2026\/03\/Ph-0108.jpg 1280w\" sizes=\"auto, (max-width: 706px) 89vw, (max-width: 767px) 82vw, 740px\" \/><\/a><\/figure>\n\n\n\n<figure class=\"wp-block-image size-large\"><a href=\"https:\/\/www.billard-club-sottevillais.com\/wp-content\/uploads\/2026\/03\/Ph-0104.jpg\"><img loading=\"lazy\" decoding=\"async\" width=\"1024\" height=\"576\" data-id=\"16469\" src=\"https:\/\/www.billard-club-sottevillais.com\/wp-content\/uploads\/2026\/03\/Ph-0104-1024x576.jpg\" alt=\"\" class=\"wp-image-16469\" srcset=\"http:\/\/www.billard-club-sottevillais.com\/wp-content\/uploads\/2026\/03\/Ph-0104-1024x576.jpg 1024w, http:\/\/www.billard-club-sottevillais.com\/wp-content\/uploads\/2026\/03\/Ph-0104-300x169.jpg 300w, http:\/\/www.billard-club-sottevillais.com\/wp-content\/uploads\/2026\/03\/Ph-0104-768x432.jpg 768w, http:\/\/www.billard-club-sottevillais.com\/wp-content\/uploads\/2026\/03\/Ph-0104.jpg 1280w\" sizes=\"auto, (max-width: 706px) 89vw, (max-width: 767px) 82vw, 740px\" \/><\/a><\/figure>\n\n\n\n<figure class=\"wp-block-image size-large\"><a href=\"https:\/\/www.billard-club-sottevillais.com\/wp-content\/uploads\/2026\/03\/Ph-0100.jpg\"><img loading=\"lazy\" decoding=\"async\" width=\"1024\" height=\"576\" data-id=\"16468\" src=\"https:\/\/www.billard-club-sottevillais.com\/wp-content\/uploads\/2026\/03\/Ph-0100-1024x576.jpg\" alt=\"\" class=\"wp-image-16468\" srcset=\"http:\/\/www.billard-club-sottevillais.com\/wp-content\/uploads\/2026\/03\/Ph-0100-1024x576.jpg 1024w, http:\/\/www.billard-club-sottevillais.com\/wp-content\/uploads\/2026\/03\/Ph-0100-300x169.jpg 300w, http:\/\/www.billard-club-sottevillais.com\/wp-content\/uploads\/2026\/03\/Ph-0100-768x432.jpg 768w, http:\/\/www.billard-club-sottevillais.com\/wp-content\/uploads\/2026\/03\/Ph-0100.jpg 1280w\" sizes=\"auto, (max-width: 706px) 89vw, (max-width: 767px) 82vw, 740px\" \/><\/a><\/figure>\n\n\n\n<figure class=\"wp-block-image size-large\"><a href=\"https:\/\/www.billard-club-sottevillais.com\/wp-content\/uploads\/2026\/03\/Ph-080.jpg\"><img loading=\"lazy\" decoding=\"async\" width=\"1024\" height=\"576\" data-id=\"16467\" src=\"https:\/\/www.billard-club-sottevillais.com\/wp-content\/uploads\/2026\/03\/Ph-080-1024x576.jpg\" alt=\"\" class=\"wp-image-16467\" srcset=\"http:\/\/www.billard-club-sottevillais.com\/wp-content\/uploads\/2026\/03\/Ph-080-1024x576.jpg 1024w, http:\/\/www.billard-club-sottevillais.com\/wp-content\/uploads\/2026\/03\/Ph-080-300x169.jpg 300w, http:\/\/www.billard-club-sottevillais.com\/wp-content\/uploads\/2026\/03\/Ph-080-768x432.jpg 768w, http:\/\/www.billard-club-sottevillais.com\/wp-content\/uploads\/2026\/03\/Ph-080.jpg 1280w\" sizes=\"auto, (max-width: 706px) 89vw, (max-width: 767px) 82vw, 740px\" \/><\/a><\/figure>\n\n\n\n<figure class=\"wp-block-image size-large\"><a href=\"https:\/\/www.billard-club-sottevillais.com\/wp-content\/uploads\/2026\/03\/Ph-070.jpg\"><img loading=\"lazy\" decoding=\"async\" width=\"1024\" height=\"576\" data-id=\"16466\" src=\"https:\/\/www.billard-club-sottevillais.com\/wp-content\/uploads\/2026\/03\/Ph-070-1024x576.jpg\" alt=\"\" class=\"wp-image-16466\" srcset=\"http:\/\/www.billard-club-sottevillais.com\/wp-content\/uploads\/2026\/03\/Ph-070-1024x576.jpg 1024w, http:\/\/www.billard-club-sottevillais.com\/wp-content\/uploads\/2026\/03\/Ph-070-300x169.jpg 300w, http:\/\/www.billard-club-sottevillais.com\/wp-content\/uploads\/2026\/03\/Ph-070-768x432.jpg 768w, http:\/\/www.billard-club-sottevillais.com\/wp-content\/uploads\/2026\/03\/Ph-070.jpg 1280w\" sizes=\"auto, (max-width: 706px) 89vw, (max-width: 767px) 82vw, 740px\" \/><\/a><\/figure>\n\n\n\n<figure class=\"wp-block-image size-large\"><a href=\"https:\/\/www.billard-club-sottevillais.com\/wp-content\/uploads\/2026\/03\/Ph-056.jpg\"><img loading=\"lazy\" decoding=\"async\" width=\"1024\" height=\"576\" data-id=\"16465\" src=\"https:\/\/www.billard-club-sottevillais.com\/wp-content\/uploads\/2026\/03\/Ph-056-1024x576.jpg\" alt=\"\" class=\"wp-image-16465\" srcset=\"http:\/\/www.billard-club-sottevillais.com\/wp-content\/uploads\/2026\/03\/Ph-056-1024x576.jpg 1024w, http:\/\/www.billard-club-sottevillais.com\/wp-content\/uploads\/2026\/03\/Ph-056-300x169.jpg 300w, http:\/\/www.billard-club-sottevillais.com\/wp-content\/uploads\/2026\/03\/Ph-056-768x432.jpg 768w, http:\/\/www.billard-club-sottevillais.com\/wp-content\/uploads\/2026\/03\/Ph-056.jpg 1280w\" sizes=\"auto, (max-width: 706px) 89vw, (max-width: 767px) 82vw, 740px\" \/><\/a><\/figure>\n\n\n\n<figure class=\"wp-block-image size-large\"><a href=\"https:\/\/www.billard-club-sottevillais.com\/wp-content\/uploads\/2026\/03\/Ph-052.jpg\"><img loading=\"lazy\" decoding=\"async\" width=\"1024\" height=\"576\" data-id=\"16464\" src=\"https:\/\/www.billard-club-sottevillais.com\/wp-content\/uploads\/2026\/03\/Ph-052-1024x576.jpg\" alt=\"\" class=\"wp-image-16464\" srcset=\"http:\/\/www.billard-club-sottevillais.com\/wp-content\/uploads\/2026\/03\/Ph-052-1024x576.jpg 1024w, http:\/\/www.billard-club-sottevillais.com\/wp-content\/uploads\/2026\/03\/Ph-052-300x169.jpg 300w, http:\/\/www.billard-club-sottevillais.com\/wp-content\/uploads\/2026\/03\/Ph-052-768x432.jpg 768w, http:\/\/www.billard-club-sottevillais.com\/wp-content\/uploads\/2026\/03\/Ph-052.jpg 1280w\" sizes=\"auto, (max-width: 706px) 89vw, (max-width: 767px) 82vw, 740px\" \/><\/a><\/figure>\n\n\n\n<figure class=\"wp-block-image size-large\"><a href=\"https:\/\/www.billard-club-sottevillais.com\/wp-content\/uploads\/2026\/03\/Ph-050.jpg\"><img loading=\"lazy\" decoding=\"async\" width=\"1024\" height=\"576\" data-id=\"16463\" src=\"https:\/\/www.billard-club-sottevillais.com\/wp-content\/uploads\/2026\/03\/Ph-050-1024x576.jpg\" alt=\"\" class=\"wp-image-16463\" srcset=\"http:\/\/www.billard-club-sottevillais.com\/wp-content\/uploads\/2026\/03\/Ph-050-1024x576.jpg 1024w, http:\/\/www.billard-club-sottevillais.com\/wp-content\/uploads\/2026\/03\/Ph-050-300x169.jpg 300w, http:\/\/www.billard-club-sottevillais.com\/wp-content\/uploads\/2026\/03\/Ph-050-768x432.jpg 768w, http:\/\/www.billard-club-sottevillais.com\/wp-content\/uploads\/2026\/03\/Ph-050.jpg 1280w\" sizes=\"auto, (max-width: 706px) 89vw, (max-width: 767px) 82vw, 740px\" \/><\/a><\/figure>\n\n\n\n<figure class=\"wp-block-image size-large\"><a href=\"https:\/\/www.billard-club-sottevillais.com\/wp-content\/uploads\/2026\/03\/Ph-032.jpg\"><img loading=\"lazy\" decoding=\"async\" width=\"1024\" height=\"576\" data-id=\"16462\" src=\"https:\/\/www.billard-club-sottevillais.com\/wp-content\/uploads\/2026\/03\/Ph-032-1024x576.jpg\" alt=\"\" class=\"wp-image-16462\" srcset=\"http:\/\/www.billard-club-sottevillais.com\/wp-content\/uploads\/2026\/03\/Ph-032-1024x576.jpg 1024w, http:\/\/www.billard-club-sottevillais.com\/wp-content\/uploads\/2026\/03\/Ph-032-300x169.jpg 300w, http:\/\/www.billard-club-sottevillais.com\/wp-content\/uploads\/2026\/03\/Ph-032-768x432.jpg 768w, http:\/\/www.billard-club-sottevillais.com\/wp-content\/uploads\/2026\/03\/Ph-032.jpg 1280w\" sizes=\"auto, (max-width: 706px) 89vw, (max-width: 767px) 82vw, 740px\" \/><\/a><\/figure>\n\n\n\n<figure class=\"wp-block-image size-large\"><a href=\"https:\/\/www.billard-club-sottevillais.com\/wp-content\/uploads\/2026\/03\/Ph-018.jpg\"><img loading=\"lazy\" decoding=\"async\" width=\"1024\" height=\"576\" data-id=\"16461\" src=\"https:\/\/www.billard-club-sottevillais.com\/wp-content\/uploads\/2026\/03\/Ph-018-1024x576.jpg\" alt=\"\" class=\"wp-image-16461\" srcset=\"http:\/\/www.billard-club-sottevillais.com\/wp-content\/uploads\/2026\/03\/Ph-018-1024x576.jpg 1024w, http:\/\/www.billard-club-sottevillais.com\/wp-content\/uploads\/2026\/03\/Ph-018-300x169.jpg 300w, http:\/\/www.billard-club-sottevillais.com\/wp-content\/uploads\/2026\/03\/Ph-018-768x432.jpg 768w, http:\/\/www.billard-club-sottevillais.com\/wp-content\/uploads\/2026\/03\/Ph-018.jpg 1280w\" sizes=\"auto, (max-width: 706px) 89vw, (max-width: 767px) 82vw, 740px\" \/><\/a><\/figure>\n\n\n\n<figure class=\"wp-block-image size-large\"><a href=\"https:\/\/www.billard-club-sottevillais.com\/wp-content\/uploads\/2026\/03\/Ph-012.jpg\"><img loading=\"lazy\" decoding=\"async\" width=\"1024\" height=\"576\" data-id=\"16460\" src=\"https:\/\/www.billard-club-sottevillais.com\/wp-content\/uploads\/2026\/03\/Ph-012-1024x576.jpg\" alt=\"\" class=\"wp-image-16460\" srcset=\"http:\/\/www.billard-club-sottevillais.com\/wp-content\/uploads\/2026\/03\/Ph-012-1024x576.jpg 1024w, http:\/\/www.billard-club-sottevillais.com\/wp-content\/uploads\/2026\/03\/Ph-012-300x169.jpg 300w, http:\/\/www.billard-club-sottevillais.com\/wp-content\/uploads\/2026\/03\/Ph-012-768x432.jpg 768w, http:\/\/www.billard-club-sottevillais.com\/wp-content\/uploads\/2026\/03\/Ph-012.jpg 1280w\" sizes=\"auto, (max-width: 706px) 89vw, (max-width: 767px) 82vw, 740px\" \/><\/a><\/figure>\n\n\n\n<figure class=\"wp-block-image size-large\"><a href=\"https:\/\/www.billard-club-sottevillais.com\/wp-content\/uploads\/2026\/03\/Ph-08.jpg\"><img loading=\"lazy\" decoding=\"async\" width=\"1024\" height=\"576\" data-id=\"16459\" src=\"https:\/\/www.billard-club-sottevillais.com\/wp-content\/uploads\/2026\/03\/Ph-08-1024x576.jpg\" alt=\"\" class=\"wp-image-16459\" srcset=\"http:\/\/www.billard-club-sottevillais.com\/wp-content\/uploads\/2026\/03\/Ph-08-1024x576.jpg 1024w, http:\/\/www.billard-club-sottevillais.com\/wp-content\/uploads\/2026\/03\/Ph-08-300x169.jpg 300w, http:\/\/www.billard-club-sottevillais.com\/wp-content\/uploads\/2026\/03\/Ph-08-768x432.jpg 768w, http:\/\/www.billard-club-sottevillais.com\/wp-content\/uploads\/2026\/03\/Ph-08.jpg 1280w\" sizes=\"auto, (max-width: 706px) 89vw, (max-width: 767px) 82vw, 740px\" \/><\/a><\/figure>\n\n\n\n<figure class=\"wp-block-image size-large\"><a href=\"https:\/\/www.billard-club-sottevillais.com\/wp-content\/uploads\/2026\/03\/Ph-04.jpg\"><img loading=\"lazy\" decoding=\"async\" width=\"1024\" height=\"576\" data-id=\"16458\" src=\"https:\/\/www.billard-club-sottevillais.com\/wp-content\/uploads\/2026\/03\/Ph-04-1024x576.jpg\" alt=\"\" class=\"wp-image-16458\" srcset=\"http:\/\/www.billard-club-sottevillais.com\/wp-content\/uploads\/2026\/03\/Ph-04-1024x576.jpg 1024w, http:\/\/www.billard-club-sottevillais.com\/wp-content\/uploads\/2026\/03\/Ph-04-300x169.jpg 300w, http:\/\/www.billard-club-sottevillais.com\/wp-content\/uploads\/2026\/03\/Ph-04-768x432.jpg 768w, http:\/\/www.billard-club-sottevillais.com\/wp-content\/uploads\/2026\/03\/Ph-04.jpg 1280w\" sizes=\"auto, (max-width: 706px) 89vw, (max-width: 767px) 82vw, 740px\" \/><\/a><\/figure>\n\n\n\n<figure class=\"wp-block-image size-large\"><a href=\"https:\/\/www.billard-club-sottevillais.com\/wp-content\/uploads\/2026\/03\/Ph-03.jpg\"><img loading=\"lazy\" decoding=\"async\" width=\"1024\" height=\"576\" data-id=\"16457\" src=\"https:\/\/www.billard-club-sottevillais.com\/wp-content\/uploads\/2026\/03\/Ph-03-1024x576.jpg\" alt=\"\" class=\"wp-image-16457\" srcset=\"http:\/\/www.billard-club-sottevillais.com\/wp-content\/uploads\/2026\/03\/Ph-03-1024x576.jpg 1024w, http:\/\/www.billard-club-sottevillais.com\/wp-content\/uploads\/2026\/03\/Ph-03-300x169.jpg 300w, http:\/\/www.billard-club-sottevillais.com\/wp-content\/uploads\/2026\/03\/Ph-03-768x432.jpg 768w, http:\/\/www.billard-club-sottevillais.com\/wp-content\/uploads\/2026\/03\/Ph-03.jpg 1280w\" sizes=\"auto, (max-width: 706px) 89vw, (max-width: 767px) 82vw, 740px\" \/><\/a><\/figure>\n<\/figure>\n\n\n\n<h4 class=\"wp-block-heading\">Les r\u00e9sultats<\/h4>\n\n\n\n<p>A la fin des sets, Didier a publi\u00e9 les r\u00e9sultats de cette soir\u00e9e. C&rsquo;est Dominique Dumont qui est mont\u00e9 sur la plus haute marche du podium, accompagn\u00e9 par S\u00e9bastien Hid\u00e9e et Dominique Langlois tous deux ex-\u00e6quo<\/p>\n\n\n<h4>Le repas<\/h4>\n\n\n<figure class=\"wp-block-gallery has-nested-images columns-default is-cropped wp-block-gallery-2 is-layout-flex wp-block-gallery-is-layout-flex\">\n\n\n<figure class=\"wp-block-image size-large\"><a href=\"https:\/\/www.billard-club-sottevillais.com\/wp-content\/uploads\/2026\/03\/Ph-0142.jpg\"><img loading=\"lazy\" decoding=\"async\" width=\"1024\" height=\"576\" data-id=\"16506\" src=\"https:\/\/www.billard-club-sottevillais.com\/wp-content\/uploads\/2026\/03\/Ph-0142-1024x576.jpg\" alt=\"\" class=\"wp-image-16506\" srcset=\"http:\/\/www.billard-club-sottevillais.com\/wp-content\/uploads\/2026\/03\/Ph-0142-1024x576.jpg 1024w, http:\/\/www.billard-club-sottevillais.com\/wp-content\/uploads\/2026\/03\/Ph-0142-300x169.jpg 300w, http:\/\/www.billard-club-sottevillais.com\/wp-content\/uploads\/2026\/03\/Ph-0142-768x432.jpg 768w, http:\/\/www.billard-club-sottevillais.com\/wp-content\/uploads\/2026\/03\/Ph-0142.jpg 1280w\" sizes=\"auto, (max-width: 706px) 89vw, (max-width: 767px) 82vw, 740px\" \/><\/a><\/figure>\n\n\n\n<figure class=\"wp-block-image size-large\"><a href=\"https:\/\/www.billard-club-sottevillais.com\/wp-content\/uploads\/2026\/03\/Ph-0132.jpg\"><img loading=\"lazy\" decoding=\"async\" width=\"1024\" height=\"576\" data-id=\"16505\" src=\"https:\/\/www.billard-club-sottevillais.com\/wp-content\/uploads\/2026\/03\/Ph-0132-1024x576.jpg\" alt=\"\" class=\"wp-image-16505\" srcset=\"http:\/\/www.billard-club-sottevillais.com\/wp-content\/uploads\/2026\/03\/Ph-0132-1024x576.jpg 1024w, http:\/\/www.billard-club-sottevillais.com\/wp-content\/uploads\/2026\/03\/Ph-0132-300x169.jpg 300w, http:\/\/www.billard-club-sottevillais.com\/wp-content\/uploads\/2026\/03\/Ph-0132-768x432.jpg 768w, http:\/\/www.billard-club-sottevillais.com\/wp-content\/uploads\/2026\/03\/Ph-0132.jpg 1280w\" sizes=\"auto, (max-width: 706px) 89vw, (max-width: 767px) 82vw, 740px\" \/><\/a><\/figure>\n\n\n\n<figure class=\"wp-block-image size-large\"><a href=\"https:\/\/www.billard-club-sottevillais.com\/wp-content\/uploads\/2026\/03\/Ph-0130.jpg\"><img loading=\"lazy\" decoding=\"async\" width=\"1024\" height=\"576\" data-id=\"16504\" src=\"https:\/\/www.billard-club-sottevillais.com\/wp-content\/uploads\/2026\/03\/Ph-0130-1024x576.jpg\" alt=\"\" class=\"wp-image-16504\" srcset=\"http:\/\/www.billard-club-sottevillais.com\/wp-content\/uploads\/2026\/03\/Ph-0130-1024x576.jpg 1024w, http:\/\/www.billard-club-sottevillais.com\/wp-content\/uploads\/2026\/03\/Ph-0130-300x169.jpg 300w, http:\/\/www.billard-club-sottevillais.com\/wp-content\/uploads\/2026\/03\/Ph-0130-768x432.jpg 768w, http:\/\/www.billard-club-sottevillais.com\/wp-content\/uploads\/2026\/03\/Ph-0130.jpg 1280w\" sizes=\"auto, (max-width: 706px) 89vw, (max-width: 767px) 82vw, 740px\" \/><\/a><\/figure>\n\n\n\n<figure class=\"wp-block-image size-large\"><a href=\"https:\/\/www.billard-club-sottevillais.com\/wp-content\/uploads\/2026\/03\/Ph-0128.jpg\"><img loading=\"lazy\" decoding=\"async\" width=\"1024\" height=\"576\" data-id=\"16503\" src=\"https:\/\/www.billard-club-sottevillais.com\/wp-content\/uploads\/2026\/03\/Ph-0128-1024x576.jpg\" alt=\"\" class=\"wp-image-16503\" srcset=\"http:\/\/www.billard-club-sottevillais.com\/wp-content\/uploads\/2026\/03\/Ph-0128-1024x576.jpg 1024w, http:\/\/www.billard-club-sottevillais.com\/wp-content\/uploads\/2026\/03\/Ph-0128-300x169.jpg 300w, http:\/\/www.billard-club-sottevillais.com\/wp-content\/uploads\/2026\/03\/Ph-0128-768x432.jpg 768w, http:\/\/www.billard-club-sottevillais.com\/wp-content\/uploads\/2026\/03\/Ph-0128.jpg 1280w\" sizes=\"auto, (max-width: 706px) 89vw, (max-width: 767px) 82vw, 740px\" \/><\/a><\/figure>\n\n\n\n<figure class=\"wp-block-image size-large\"><a href=\"https:\/\/www.billard-club-sottevillais.com\/wp-content\/uploads\/2026\/03\/Ph-0144.jpg\"><img loading=\"lazy\" decoding=\"async\" width=\"1024\" height=\"576\" data-id=\"16507\" src=\"https:\/\/www.billard-club-sottevillais.com\/wp-content\/uploads\/2026\/03\/Ph-0144-1024x576.jpg\" alt=\"\" class=\"wp-image-16507\" srcset=\"http:\/\/www.billard-club-sottevillais.com\/wp-content\/uploads\/2026\/03\/Ph-0144-1024x576.jpg 1024w, http:\/\/www.billard-club-sottevillais.com\/wp-content\/uploads\/2026\/03\/Ph-0144-300x169.jpg 300w, http:\/\/www.billard-club-sottevillais.com\/wp-content\/uploads\/2026\/03\/Ph-0144-768x432.jpg 768w, http:\/\/www.billard-club-sottevillais.com\/wp-content\/uploads\/2026\/03\/Ph-0144.jpg 1280w\" sizes=\"auto, (max-width: 706px) 89vw, (max-width: 767px) 82vw, 740px\" \/><\/a><\/figure>\n\n\n\n<p>Ce tournoi amical s&rsquo;est termin\u00e9 vers 20h30. Le BCS a ensuite offert un pot de l&rsquo;amiti\u00e9 suivi d&rsquo;une d\u00e9gustation de pizzas.<\/p>\n\n\n\n<p>Cette fois encore, c&rsquo;est Didier Pollet qui \u00e0 assur\u00e9 les tours de jeu ainsi que l&rsquo;intendance. Un grand merci \u00e0 Dider.<\/p>\n<\/figure>\n","protected":false},"excerpt":{"rendered":"<p>Ce vendredi 20 f\u00e9vrier, nous \u00e9tions une quinzaine pour animer et participer \u00e0 la soir\u00e9e 5 Quilles.Le concept est simple : six sets de 5 quilles en double, \u00e0 chaque set, c&rsquo;est un nouveau bin\u00f4me qui est cr\u00e9\u00e9. C&rsquo;est une formule qui permet le brassage des joueurs. Un point est attribu\u00e9 \u00e0 chaque set gagn\u00e9. &hellip; <\/p>\n<p class=\"link-more\"><a href=\"http:\/\/www.billard-club-sottevillais.com\/?page_id=16453\" class=\"more-link\">Continuer la lecture<span class=\"screen-reader-text\"> de &laquo;&nbsp;Soir\u00e9e 5 Quilles &#8211; 20 f\u00e9vrier 2026&nbsp;&raquo;<\/span><\/a><\/p>\n","protected":false},"author":3,"featured_media":0,"parent":0,"menu_order":0,"comment_status":"closed","ping_status":"closed","template":"","meta":{"footnotes":""},"class_list":["post-16453","page","type-page","status-publish","hentry"],"_links":{"self":[{"href":"http:\/\/www.billard-club-sottevillais.com\/index.php?rest_route=\/wp\/v2\/pages\/16453","targetHints":{"allow":["GET"]}}],"collection":[{"href":"http:\/\/www.billard-club-sottevillais.com\/index.php?rest_route=\/wp\/v2\/pages"}],"about":[{"href":"http:\/\/www.billard-club-sottevillais.com\/index.php?rest_route=\/wp\/v2\/types\/page"}],"author":[{"embeddable":true,"href":"http:\/\/www.billard-club-sottevillais.com\/index.php?rest_route=\/wp\/v2\/users\/3"}],"replies":[{"embeddable":true,"href":"http:\/\/www.billard-club-sottevillais.com\/index.php?rest_route=%2Fwp%2Fv2%2Fcomments&post=16453"}],"version-history":[{"count":51,"href":"http:\/\/www.billard-club-sottevillais.com\/index.php?rest_route=\/wp\/v2\/pages\/16453\/revisions"}],"predecessor-version":[{"id":16541,"href":"http:\/\/www.billard-club-sottevillais.com\/index.php?rest_route=\/wp\/v2\/pages\/16453\/revisions\/16541"}],"wp:attachment":[{"href":"http:\/\/www.billard-club-sottevillais.com\/index.php?rest_route=%2Fwp%2Fv2%2Fmedia&parent=16453"}],"curies":[{"name":"wp","href":"https:\/\/api.w.org\/{rel}","templated":true}]}}