{"id":15818,"date":"2025-09-14T15:58:35","date_gmt":"2025-09-14T15:58:35","guid":{"rendered":"https:\/\/www.billard-club-sottevillais.com\/?page_id=15818"},"modified":"2025-09-14T15:58:35","modified_gmt":"2025-09-14T15:58:35","slug":"une-rentree-vitaminee","status":"publish","type":"page","link":"http:\/\/www.billard-club-sottevillais.com\/?page_id=15818","title":{"rendered":"Une rentr\u00e9e vitamin\u00e9e"},"content":{"rendered":"<p>Comme tous les clubs sportifs, le BCS a besoin de se faire conna\u00eetre pour maintenir son effectif. Mais en plus, cette ann\u00e9e, nous avions la volont\u00e9 d&rsquo;attirer l&rsquo;attention du jeune public.<\/p>\n<p>Le lieu id\u00e9al pour se faire conna\u00eetre est le Carrefour des Associations que la ville organise chaque ann\u00e9e.<\/p>\n<p>&nbsp;<\/p>\n<h4>Le Carrefour des Associations<\/h4>\n<p>&nbsp;<\/p>\n<p><img loading=\"lazy\" decoding=\"async\" class=\"aligncenter size-large wp-image-15824\" src=\"http:\/\/www.billard-club-sottevillais.com\/wp-content\/uploads\/2025\/09\/Carrefour-Asso-783x1024.jpg\" alt=\"\" width=\"420\" height=\"550\" srcset=\"http:\/\/www.billard-club-sottevillais.com\/wp-content\/uploads\/2025\/09\/Carrefour-Asso-783x1024.jpg 783w, http:\/\/www.billard-club-sottevillais.com\/wp-content\/uploads\/2025\/09\/Carrefour-Asso-229x300.jpg 229w, http:\/\/www.billard-club-sottevillais.com\/wp-content\/uploads\/2025\/09\/Carrefour-Asso-768x1004.jpg 768w, http:\/\/www.billard-club-sottevillais.com\/wp-content\/uploads\/2025\/09\/Carrefour-Asso.jpg 826w\" sizes=\"auto, (max-width: 420px) 100vw, 420px\" \/><br \/>\n&nbsp;<\/p>\n<p>Le 6 septembre, nous \u00e9tions donc pr\u00e9sents au stade Jean Adret et notre \u00e9quipe sur place s&rsquo;est efforc\u00e9e de convaincre le public de venir vers nous. Nous proposions aux plus jeunes et \u00e0 leurs parents de venir le mercredi 10 septembre \u00e0 notre apr\u00e8s-midi \u00ab\u00a0d\u00e9couverte jeunes\u00a0\u00bb et de se rendre \u00e9galement dans notre salle pour une porte ouverte le samedi 13 septembre o\u00f9 chacun aurait la possibilit\u00e9 d&rsquo;essayer nos billards.<\/p>\n<p>&nbsp;<\/p>\n<h4>Journ\u00e9e d\u00e9couverte jeunes<\/h4>\n<p>&nbsp;<\/p>\n<p>La journ\u00e9e \u00ab\u00a0d\u00e9couverte jeunes\u00a0\u00bb\u00a0a \u00e9t\u00e9 une r\u00e9ussite parce que les enfants rencontr\u00e9s au Carrefour des Associations sont venus nombreux mais aussi parce que C\u00e9dric et Richard ont \u00e9t\u00e9 p\u00e9dagogues et convaincants.<br \/>\nCes jeunes, nous les avons retrouv\u00e9s le 13 septembre \u00e0 la \u00ab\u00a0porte ouverte\u00a0\u00bb pour finaliser leur inscription au club.<\/p>\n<p>&nbsp;<br \/>\n<img loading=\"lazy\" decoding=\"async\" class=\"aligncenter size-large wp-image-15825\" src=\"http:\/\/www.billard-club-sottevillais.com\/wp-content\/uploads\/2025\/09\/JeunesT1-1024x878.jpg\" alt=\"\" width=\"420\" height=\"360\" srcset=\"http:\/\/www.billard-club-sottevillais.com\/wp-content\/uploads\/2025\/09\/JeunesT1-1024x878.jpg 1024w, http:\/\/www.billard-club-sottevillais.com\/wp-content\/uploads\/2025\/09\/JeunesT1-300x257.jpg 300w, http:\/\/www.billard-club-sottevillais.com\/wp-content\/uploads\/2025\/09\/JeunesT1-768x658.jpg 768w, http:\/\/www.billard-club-sottevillais.com\/wp-content\/uploads\/2025\/09\/JeunesT1-1536x1317.jpg 1536w, http:\/\/www.billard-club-sottevillais.com\/wp-content\/uploads\/2025\/09\/JeunesT1-2048x1756.jpg 2048w\" sizes=\"auto, (max-width: 420px) 100vw, 420px\" \/><br \/>\n&nbsp;<\/p>\n<h4>Porte ouverte<\/h4>\n<p>&nbsp;<\/p>\n<p>La porte ouverte de 2025 restera dans les annales. Tout au cours de la journ\u00e9e nous avons re\u00e7u un public nombreux. Les jeunes bien s\u00fbr qui se sont inscrits mais aussi certains parents qui ont \u00e9t\u00e9 s\u00e9duits par la magie des billes.<\/p>\n<p>&nbsp;<br \/>\n<img loading=\"lazy\" decoding=\"async\" class=\"aligncenter size-large wp-image-15833\" src=\"http:\/\/www.billard-club-sottevillais.com\/wp-content\/uploads\/2025\/09\/Porte-ouverteW-1024x576.jpg\" alt=\"\" width=\"1020\" height=\"574\" srcset=\"http:\/\/www.billard-club-sottevillais.com\/wp-content\/uploads\/2025\/09\/Porte-ouverteW-1024x576.jpg 1024w, http:\/\/www.billard-club-sottevillais.com\/wp-content\/uploads\/2025\/09\/Porte-ouverteW-300x169.jpg 300w, http:\/\/www.billard-club-sottevillais.com\/wp-content\/uploads\/2025\/09\/Porte-ouverteW-768x432.jpg 768w, http:\/\/www.billard-club-sottevillais.com\/wp-content\/uploads\/2025\/09\/Porte-ouverteW-1536x864.jpg 1536w, http:\/\/www.billard-club-sottevillais.com\/wp-content\/uploads\/2025\/09\/Porte-ouverteW.jpg 2001w\" sizes=\"auto, (max-width: 706px) 89vw, (max-width: 767px) 82vw, 740px\" \/><br \/>\n&nbsp;<\/p>\n<p>Nous avons aussi accueilli des adultes \u00e0 la recherche d&rsquo;une nouvelle activit\u00e9, certains sont venus en couple pour d\u00e9couvrir le billard.<br \/>\nL&rsquo;ambiance de la salle, l&rsquo;accueil que nous leur avons r\u00e9serv\u00e9 mais aussi notre offre de formation sont autant d&rsquo;atouts qui ont s\u00e9duit nos visiteurs.<br \/>\nUn grand merci \u00e0 tous les membres du club qui se sont relay\u00e9s au cours de ces trois journ\u00e9es d&rsquo;\u00e9change &#8230;<\/p>\n","protected":false},"excerpt":{"rendered":"<p>Comme tous les clubs sportifs, le BCS a besoin de se faire conna\u00eetre pour maintenir son effectif. Mais en plus, cette ann\u00e9e, nous avions la volont\u00e9 d&rsquo;attirer l&rsquo;attention du jeune public. Le lieu id\u00e9al pour se faire conna\u00eetre est le Carrefour des Associations que la ville organise chaque ann\u00e9e. &nbsp; Le Carrefour des Associations &nbsp; &hellip; <\/p>\n<p class=\"link-more\"><a href=\"http:\/\/www.billard-club-sottevillais.com\/?page_id=15818\" class=\"more-link\">Continuer la lecture<span class=\"screen-reader-text\"> de &laquo;&nbsp;Une rentr\u00e9e vitamin\u00e9e&nbsp;&raquo;<\/span><\/a><\/p>\n","protected":false},"author":3,"featured_media":0,"parent":0,"menu_order":0,"comment_status":"closed","ping_status":"closed","template":"","meta":{"footnotes":""},"class_list":["post-15818","page","type-page","status-publish","hentry"],"_links":{"self":[{"href":"http:\/\/www.billard-club-sottevillais.com\/index.php?rest_route=\/wp\/v2\/pages\/15818","targetHints":{"allow":["GET"]}}],"collection":[{"href":"http:\/\/www.billard-club-sottevillais.com\/index.php?rest_route=\/wp\/v2\/pages"}],"about":[{"href":"http:\/\/www.billard-club-sottevillais.com\/index.php?rest_route=\/wp\/v2\/types\/page"}],"author":[{"embeddable":true,"href":"http:\/\/www.billard-club-sottevillais.com\/index.php?rest_route=\/wp\/v2\/users\/3"}],"replies":[{"embeddable":true,"href":"http:\/\/www.billard-club-sottevillais.com\/index.php?rest_route=%2Fwp%2Fv2%2Fcomments&post=15818"}],"version-history":[{"count":24,"href":"http:\/\/www.billard-club-sottevillais.com\/index.php?rest_route=\/wp\/v2\/pages\/15818\/revisions"}],"predecessor-version":[{"id":15846,"href":"http:\/\/www.billard-club-sottevillais.com\/index.php?rest_route=\/wp\/v2\/pages\/15818\/revisions\/15846"}],"wp:attachment":[{"href":"http:\/\/www.billard-club-sottevillais.com\/index.php?rest_route=%2Fwp%2Fv2%2Fmedia&parent=15818"}],"curies":[{"name":"wp","href":"https:\/\/api.w.org\/{rel}","templated":true}]}}