{"id":15811,"date":"2025-09-14T09:56:02","date_gmt":"2025-09-14T09:56:02","guid":{"rendered":"https:\/\/www.billard-club-sottevillais.com\/?page_id=15811"},"modified":"2025-09-14T09:56:02","modified_gmt":"2025-09-14T09:56:02","slug":"annee-2024-2025","status":"publish","type":"page","link":"http:\/\/www.billard-club-sottevillais.com\/?page_id=15811","title":{"rendered":"Ann\u00e9e 2024  \/ 2025"},"content":{"rendered":"<h4><a href=\"http:\/\/billardcf.cluster010.ovh.net\/?page_id=15701\">Soir\u00e9e P\u00e9tanque-23 mai 2025<\/a><\/h4>\n<p style=\"text-align: justify;\">La p\u00e9tanque a toujours ses adeptes&#8230; la preuve<\/p>\n<p>&nbsp;<\/p>\n<h4><a href=\"http:\/\/billardcf.cluster010.ovh.net\/?page_id=15570\">Soir\u00e9e 5 Quilles-21 mars 2025<\/a><\/h4>\n<p style=\"text-align: justify;\">Nous \u00e9tions une quinzaine pour cette soir\u00e9e bien agr\u00e9able<\/p>\n<p>&nbsp;<\/p>\n<h4><a href=\"http:\/\/billardcf.cluster010.ovh.net\/?page_id=15327\">Galette des rois 2025<\/a><\/h4>\n<p style=\"text-align: justify;\">Belle affluence pour cette galette plac\u00e9e sous le signe de la convivialit\u00e9 !<\/p>\n<p>&nbsp;<\/p>\n<h4><a href=\"http:\/\/billardcf.cluster010.ovh.net\/?page_id=15281\">Soir\u00e9e 5 quilles<\/a><\/h4>\n<p style=\"text-align: justify;\">Pr\u00e8s d&rsquo;une vingtaine de joueurs se sont retrouv\u00e9s pour la Soir\u00e9e 5 Quilles que nous avons organis\u00e9e le vendredi 13 d\u00e9cembre.<\/p>\n<p>&nbsp;<\/p>\n<h4><a href=\"http:\/\/billardcf.cluster010.ovh.net\/?page_id=15168\">Soir\u00e9e Beaujolais 2024<\/a><\/h4>\n<p style=\"text-align: justify;\">Avec pr\u00e8s de quarante convives, la Soir\u00e9e Beaujolais 2024 est un excellent cru !<\/p>\n<p>&nbsp;<\/p>\n<h4><a href=\"http:\/\/billardcf.cluster010.ovh.net\/?page_id=14789\">Assembl\u00e9e G\u00e9n\u00e9rale 2024<\/a><\/h4>\n<p style=\"text-align: justify;\">Le Billard Club Sottevillais a r\u00e9uni son Assembl\u00e9e G\u00e9n\u00e9rale le 22 juin 2024.<\/p>\n<p>&nbsp;<\/p>\n","protected":false},"excerpt":{"rendered":"<p>Soir\u00e9e P\u00e9tanque-23 mai 2025 La p\u00e9tanque a toujours ses adeptes&#8230; la preuve &nbsp; Soir\u00e9e 5 Quilles-21 mars 2025 Nous \u00e9tions une quinzaine pour cette soir\u00e9e bien agr\u00e9able &nbsp; Galette des rois 2025 Belle affluence pour cette galette plac\u00e9e sous le signe de la convivialit\u00e9 ! &nbsp; Soir\u00e9e 5 quilles Pr\u00e8s d&rsquo;une vingtaine de joueurs se &hellip; <\/p>\n<p class=\"link-more\"><a href=\"http:\/\/www.billard-club-sottevillais.com\/?page_id=15811\" class=\"more-link\">Continuer la lecture<span class=\"screen-reader-text\"> de &laquo;&nbsp;Ann\u00e9e 2024  \/ 2025&nbsp;&raquo;<\/span><\/a><\/p>\n","protected":false},"author":3,"featured_media":0,"parent":0,"menu_order":0,"comment_status":"closed","ping_status":"closed","template":"","meta":{"footnotes":""},"class_list":["post-15811","page","type-page","status-publish","hentry"],"_links":{"self":[{"href":"http:\/\/www.billard-club-sottevillais.com\/index.php?rest_route=\/wp\/v2\/pages\/15811","targetHints":{"allow":["GET"]}}],"collection":[{"href":"http:\/\/www.billard-club-sottevillais.com\/index.php?rest_route=\/wp\/v2\/pages"}],"about":[{"href":"http:\/\/www.billard-club-sottevillais.com\/index.php?rest_route=\/wp\/v2\/types\/page"}],"author":[{"embeddable":true,"href":"http:\/\/www.billard-club-sottevillais.com\/index.php?rest_route=\/wp\/v2\/users\/3"}],"replies":[{"embeddable":true,"href":"http:\/\/www.billard-club-sottevillais.com\/index.php?rest_route=%2Fwp%2Fv2%2Fcomments&post=15811"}],"version-history":[{"count":2,"href":"http:\/\/www.billard-club-sottevillais.com\/index.php?rest_route=\/wp\/v2\/pages\/15811\/revisions"}],"predecessor-version":[{"id":15813,"href":"http:\/\/www.billard-club-sottevillais.com\/index.php?rest_route=\/wp\/v2\/pages\/15811\/revisions\/15813"}],"wp:attachment":[{"href":"http:\/\/www.billard-club-sottevillais.com\/index.php?rest_route=%2Fwp%2Fv2%2Fmedia&parent=15811"}],"curies":[{"name":"wp","href":"https:\/\/api.w.org\/{rel}","templated":true}]}}