{"id":15761,"date":"2025-06-25T15:33:46","date_gmt":"2025-06-25T15:33:46","guid":{"rendered":"https:\/\/www.billard-club-sottevillais.com\/?page_id=15761"},"modified":"2025-06-25T15:33:46","modified_gmt":"2025-06-25T15:33:46","slug":"assemblee-generale-2025","status":"publish","type":"page","link":"http:\/\/www.billard-club-sottevillais.com\/?page_id=15761","title":{"rendered":"Assembl\u00e9e G\u00e9n\u00e9rale 2025"},"content":{"rendered":"<p style=\"text-align: justify;\">Cette ann\u00e9e, le Billard Club Sottevillais a r\u00e9uni son Assembl\u00e9e G\u00e9n\u00e9rale le 21 juin 2025. Fid\u00e8les \u00e0 leurs habitudes, nos adh\u00e9rents sont venus nombreux \u00e0 cette AG. C&rsquo;est le moment privil\u00e9gi\u00e9 pour s&rsquo;informer mais aussi proposer et d\u00e9battre sur la vie de notre club.<\/p>\n<p><img loading=\"lazy\" decoding=\"async\" class=\"aligncenter size-large wp-image-15765\" src=\"http:\/\/www.billard-club-sottevillais.com\/wp-content\/uploads\/2025\/06\/Accueil-1024x340.jpg\" alt=\"\" width=\"1024\" height=\"339\" srcset=\"http:\/\/www.billard-club-sottevillais.com\/wp-content\/uploads\/2025\/06\/Accueil-1024x340.jpg 1024w, http:\/\/www.billard-club-sottevillais.com\/wp-content\/uploads\/2025\/06\/Accueil-300x100.jpg 300w, http:\/\/www.billard-club-sottevillais.com\/wp-content\/uploads\/2025\/06\/Accueil-768x255.jpg 768w, http:\/\/www.billard-club-sottevillais.com\/wp-content\/uploads\/2025\/06\/Accueil-1536x510.jpg 1536w, http:\/\/www.billard-club-sottevillais.com\/wp-content\/uploads\/2025\/06\/Accueil.jpg 2048w\" sizes=\"auto, (max-width: 706px) 89vw, (max-width: 767px) 82vw, 740px\" \/><\/p>\n<p style=\"text-align: justify;\">Samedi matin, les premiers adh\u00e9rents sont arriv\u00e9s bien avant 9h, heure de convocation de l&rsquo;AG. Ils ont \u00e9t\u00e9 accueillis avec un petit caf\u00e9 et de d\u00e9licieuses viennoiseries. En signant la liste d&rsquo;\u00e9margement, ils ont re\u00e7u un dossier comportant l&rsquo;ensemble des rapports discut\u00e9s en s\u00e9ance.<\/p>\n<p><img loading=\"lazy\" decoding=\"async\" class=\"aligncenter size-full wp-image-15766\" src=\"http:\/\/www.billard-club-sottevillais.com\/wp-content\/uploads\/2025\/06\/Bureau.jpg\" alt=\"\" width=\"1024\" height=\"350\" srcset=\"http:\/\/www.billard-club-sottevillais.com\/wp-content\/uploads\/2025\/06\/Bureau.jpg 1024w, http:\/\/www.billard-club-sottevillais.com\/wp-content\/uploads\/2025\/06\/Bureau-300x103.jpg 300w, http:\/\/www.billard-club-sottevillais.com\/wp-content\/uploads\/2025\/06\/Bureau-768x263.jpg 768w\" sizes=\"auto, (max-width: 706px) 89vw, (max-width: 767px) 82vw, 740px\" \/><\/p>\n<p style=\"text-align: justify;\">A 9h30, le Pr\u00e9sident B. Pierrel a ouvert l&rsquo;AG par un mot d&rsquo;accueil, il remerci\u00e9 M St\u00e9phane Ferrand qui repr\u00e9sentait la Ville de Sotteville puis il a nomm\u00e9 Xavier Sauvage secr\u00e9taire de s\u00e9ance.<\/p>\n<p><img loading=\"lazy\" decoding=\"async\" class=\"aligncenter size-full wp-image-15767\" src=\"http:\/\/www.billard-club-sottevillais.com\/wp-content\/uploads\/2025\/06\/Salle.jpg\" alt=\"\" width=\"909\" height=\"605\" srcset=\"http:\/\/www.billard-club-sottevillais.com\/wp-content\/uploads\/2025\/06\/Salle.jpg 909w, http:\/\/www.billard-club-sottevillais.com\/wp-content\/uploads\/2025\/06\/Salle-300x200.jpg 300w, http:\/\/www.billard-club-sottevillais.com\/wp-content\/uploads\/2025\/06\/Salle-768x511.jpg 768w\" sizes=\"auto, (max-width: 706px) 89vw, (max-width: 767px) 82vw, 740px\" \/><\/p>\n<p style=\"text-align: justify;\">En tout d\u00e9but de s\u00e9ance, nous avons abord\u00e9 les rapports li\u00e9s \u00e0 la tr\u00e9sorerie, d&rsquo;abord le rapport financier de la saison pass\u00e9 qui a \u00e9t\u00e9 adopt\u00e9 \u00e0 l\u2019unanimit\u00e9 mais surtout le budget pr\u00e9visionnel du club. C&rsquo;est le point cl\u00e9 de l&rsquo;Assembl\u00e9e, car son contenu est le reflet de la politique que nous mettrons en \u0153uvre la saison prochaine. Il \u00e9tait d&rsquo;autant plus attendu que cette ann\u00e9e nous allons faire l&rsquo;acquisition de trois billards neufs de 2m80. Cette op\u00e9ration est faite en partenariat avec la Ville de Sotteville qui participe financi\u00e8rement \u00e0 hauteur des deux tiers. En cours de s\u00e9ance, M Christophe Delamare , adjoint au Maire charg\u00e9 des sports est venu nous rendre visite. Nous avons profit\u00e9 de ce moment pour le remercier car c&rsquo;est lui qui a port\u00e9 le projet au sein du Conseil Municipal.<\/p>\n<p><img loading=\"lazy\" decoding=\"async\" class=\"aligncenter size-full wp-image-15774\" src=\"http:\/\/www.billard-club-sottevillais.com\/wp-content\/uploads\/2025\/06\/A29.jpg\" alt=\"\" width=\"1024\" height=\"681\" srcset=\"http:\/\/www.billard-club-sottevillais.com\/wp-content\/uploads\/2025\/06\/A29.jpg 1024w, http:\/\/www.billard-club-sottevillais.com\/wp-content\/uploads\/2025\/06\/A29-300x200.jpg 300w, http:\/\/www.billard-club-sottevillais.com\/wp-content\/uploads\/2025\/06\/A29-768x511.jpg 768w\" sizes=\"auto, (max-width: 706px) 89vw, (max-width: 767px) 82vw, 740px\" \/><\/p>\n<p style=\"text-align: justify;\">Apr\u00e8s la pr\u00e9sentation des divers rapports, nous avons proc\u00e9d\u00e9 \u00e0 l\u2019\u00e9lection du tiers sortant compos\u00e9 de : Didier Pollet, Michel Guillaume et Jean-Claude Cardon auquel s&rsquo;est ajout\u00e9e la candidature de C\u00e9dric Legendre qui est par ailleurs vice-pr\u00e9sident de la Ligue de Normandie de billard. Tous les quatre ont \u00e9t\u00e9 \u00e9lus \u00e0 l&rsquo;unanimit\u00e9.<br \/>\nPar ailleurs, J\u00e9r\u00f4me Staigre a \u00e9t\u00e9 \u00e9lu v\u00e9rificateur aux comptes pour la saison 2025\/2026.<\/p>\n<p style=\"text-align: justify;\">Apr\u00e8s que Christian Ponthieux ait pr\u00e9sent\u00e9 le rapport sportif, Bruno Pierrel a remis le dipl\u00f4me f\u00e9d\u00e9ral d&rsquo;aptitude de la Bille d&rsquo;or \u00e0 trois adh\u00e9rents : Romain Lefevre, Francine Burgot et S\u00e9bastien Hid\u00e9e.<\/p>\n<p><img loading=\"lazy\" decoding=\"async\" class=\"aligncenter size-full wp-image-15769\" src=\"http:\/\/www.billard-club-sottevillais.com\/wp-content\/uploads\/2025\/06\/A35.jpg\" alt=\"\" width=\"1024\" height=\"681\" srcset=\"http:\/\/www.billard-club-sottevillais.com\/wp-content\/uploads\/2025\/06\/A35.jpg 1024w, http:\/\/www.billard-club-sottevillais.com\/wp-content\/uploads\/2025\/06\/A35-300x200.jpg 300w, http:\/\/www.billard-club-sottevillais.com\/wp-content\/uploads\/2025\/06\/A35-768x511.jpg 768w\" sizes=\"auto, (max-width: 706px) 89vw, (max-width: 767px) 82vw, 740px\" \/><\/p>\n<p style=\"text-align: justify;\">Apr\u00e8s avoir r\u00e9pondu aux questions diverses, le Pr\u00e9sident a prononc\u00e9 la cl\u00f4ture de l&rsquo;assembl\u00e9e en remerciant les participants, puis il a invit\u00e9 les pr\u00e9sents \u00e0 partager un verre de l&rsquo;amiti\u00e9.<\/p>\n<h4>Le pot de l&rsquo;amiti\u00e9<\/h4>\n<p><center>[flgallery id=321\/]<\/center><\/p>\n<p style=\"text-align: justify;\">Nous nous sommes ensuite retrouv\u00e9s \u00e0 une trentaine au restaurant \u00ab\u00a0La Taverne\u00a0\u00bb \u00e0 Bonsecours o\u00f9 nous avons d\u00e9gust\u00e9 un excellent repas.<\/p>\n<h4>La Taverne<\/h4>\n<p><center>[flgallery id=322 \/]<\/center><\/p>\n","protected":false},"excerpt":{"rendered":"<p>Cette ann\u00e9e, le Billard Club Sottevillais a r\u00e9uni son Assembl\u00e9e G\u00e9n\u00e9rale le 21 juin 2025. Fid\u00e8les \u00e0 leurs habitudes, nos adh\u00e9rents sont venus nombreux \u00e0 cette AG. C&rsquo;est le moment privil\u00e9gi\u00e9 pour s&rsquo;informer mais aussi proposer et d\u00e9battre sur la vie de notre club. Samedi matin, les premiers adh\u00e9rents sont arriv\u00e9s bien avant 9h, heure &hellip; <\/p>\n<p class=\"link-more\"><a href=\"http:\/\/www.billard-club-sottevillais.com\/?page_id=15761\" class=\"more-link\">Continuer la lecture<span class=\"screen-reader-text\"> de &laquo;&nbsp;Assembl\u00e9e G\u00e9n\u00e9rale 2025&nbsp;&raquo;<\/span><\/a><\/p>\n","protected":false},"author":3,"featured_media":0,"parent":0,"menu_order":0,"comment_status":"closed","ping_status":"closed","template":"","meta":{"footnotes":""},"class_list":["post-15761","page","type-page","status-publish","hentry"],"_links":{"self":[{"href":"http:\/\/www.billard-club-sottevillais.com\/index.php?rest_route=\/wp\/v2\/pages\/15761","targetHints":{"allow":["GET"]}}],"collection":[{"href":"http:\/\/www.billard-club-sottevillais.com\/index.php?rest_route=\/wp\/v2\/pages"}],"about":[{"href":"http:\/\/www.billard-club-sottevillais.com\/index.php?rest_route=\/wp\/v2\/types\/page"}],"author":[{"embeddable":true,"href":"http:\/\/www.billard-club-sottevillais.com\/index.php?rest_route=\/wp\/v2\/users\/3"}],"replies":[{"embeddable":true,"href":"http:\/\/www.billard-club-sottevillais.com\/index.php?rest_route=%2Fwp%2Fv2%2Fcomments&post=15761"}],"version-history":[{"count":11,"href":"http:\/\/www.billard-club-sottevillais.com\/index.php?rest_route=\/wp\/v2\/pages\/15761\/revisions"}],"predecessor-version":[{"id":15777,"href":"http:\/\/www.billard-club-sottevillais.com\/index.php?rest_route=\/wp\/v2\/pages\/15761\/revisions\/15777"}],"wp:attachment":[{"href":"http:\/\/www.billard-club-sottevillais.com\/index.php?rest_route=%2Fwp%2Fv2%2Fmedia&parent=15761"}],"curies":[{"name":"wp","href":"https:\/\/api.w.org\/{rel}","templated":true}]}}