{"id":15701,"date":"2025-05-25T14:36:43","date_gmt":"2025-05-25T14:36:43","guid":{"rendered":"https:\/\/www.billard-club-sottevillais.com\/?page_id=15701"},"modified":"2025-05-25T14:36:43","modified_gmt":"2025-05-25T14:36:43","slug":"soiree-petanque-2","status":"publish","type":"page","link":"http:\/\/www.billard-club-sottevillais.com\/?page_id=15701","title":{"rendered":"Soir\u00e9e p\u00e9tanque"},"content":{"rendered":"\n<p style=\"text-align: justify;\">Nous n&rsquo;avions pas fait de tournoi de p\u00e9tanque depuis deux ans et ce vendredi 23 mai nous avons r\u00e9uni une douzaine de joueurs qui se sont affair\u00e9s \u00e0 pousser des billes pour qu&rsquo;elles se retrouvent au plus pr\u00e8s du cochonnet. Dans la mesure o\u00f9 c&rsquo;est une discipline peu pratiqu\u00e9e, il n&rsquo;y a pas de \u00ab\u00a0sp\u00e9cialiste\u00a0\u00bb, ainsi l&rsquo;adresse et l\u2019ing\u00e9niosit\u00e9 sont des atouts indiscutables<\/p>\n&nbsp;\n<div style=\"width: 525px;\" class=\"wp-video\"><video class=\"wp-video-shortcode\" id=\"video-15701-1\" width=\"525\" height=\"295\" preload=\"metadata\" controls=\"controls\"><source type=\"video\/mp4\" src=\"http:\/\/www.billard-club-sottevillais.com\/wp-content\/uploads\/2025\/05\/Petanq2.mp4?_=1\" \/><a href=\"http:\/\/www.billard-club-sottevillais.com\/wp-content\/uploads\/2025\/05\/Petanq2.mp4\">http:\/\/www.billard-club-sottevillais.com\/wp-content\/uploads\/2025\/05\/Petanq2.mp4<\/a><\/video><\/div>\n&nbsp;\n<p style=\"text-align: justify;\">Nous avons r\u00e9parti les joueurs sur quatre billards. Les tours de jeu se sont d\u00e9roul\u00e9s selon le protocole habituel soit six sets en double, \u00e0 chaque set un nouveau bin\u00f4me est cr\u00e9\u00e9. A la fin du set, chaque joueur d\u00e9clare le nombre de points qu&rsquo;il a effectu\u00e9, le gagnant obtient deux points de match qui seront cumul\u00e9s pour le classement final.<\/p>\n&nbsp;\n<h4>Les sets en images<\/h4>\n&nbsp;\n<center>[flgallery id=318\/]<\/center>\n&nbsp;\n<p style=\"text-align: justify;\">Le sixi\u00e8me set s&rsquo;est termin\u00e9 vers 20h30. Pour \u00e9tancher les soifs, le BCS a offert le pot de l&rsquo;amiti\u00e9, pendant que Didier allait chercher la commande de pizzas.<\/p>\n<p>Cette soir\u00e9e s&rsquo;est d\u00e9roul\u00e9e dans la bonne humeur, c&rsquo;est l&rsquo;essentiel. Ces rencontres amicales permettent un brassage de nos adh\u00e9rents et am\u00e9liore les relations entre les joueurs.<\/p>\n&nbsp;\n<h4>Le repas<\/h4>\n&nbsp;\n<center>[flgallery id=320\/]<\/center>\n&nbsp;\n<p style=\"text-align: justify;\">Ci dessous, Didier remet a chaque participant sa r\u00e9compense, en l\u2019occurrence un Mars !<br \/>Merci \u00e0 Didier qui a assur\u00e9 la gestion des tours de jeu mais aussi la gestion de la partie festive.<\/p>\n<p><img loading=\"lazy\" decoding=\"async\" class=\"size-full wp-image-15712\" src=\"http:\/\/www.billard-club-sottevillais.com\/wp-content\/uploads\/2025\/05\/A33.jpg\" alt=\"\" width=\"1024\" height=\"576\" srcset=\"http:\/\/www.billard-club-sottevillais.com\/wp-content\/uploads\/2025\/05\/A33.jpg 1024w, http:\/\/www.billard-club-sottevillais.com\/wp-content\/uploads\/2025\/05\/A33-300x169.jpg 300w, http:\/\/www.billard-club-sottevillais.com\/wp-content\/uploads\/2025\/05\/A33-768x432.jpg 768w\" sizes=\"auto, (max-width: 706px) 89vw, (max-width: 767px) 82vw, 740px\" \/><\/p>\n&nbsp;\n<h4>Quelques exploits<\/h4>\n<div style=\"width: 525px;\" class=\"wp-video\"><video class=\"wp-video-shortcode\" id=\"video-15701-2\" width=\"525\" height=\"295\" preload=\"metadata\" controls=\"controls\"><source type=\"video\/mp4\" src=\"http:\/\/www.billard-club-sottevillais.com\/wp-content\/uploads\/2025\/05\/Petanq3.mp4?_=2\" \/><a href=\"http:\/\/www.billard-club-sottevillais.com\/wp-content\/uploads\/2025\/05\/Petanq3.mp4\">http:\/\/www.billard-club-sottevillais.com\/wp-content\/uploads\/2025\/05\/Petanq3.mp4<\/a><\/video><\/div>\n&nbsp;\n<div style=\"width: 525px;\" class=\"wp-video\"><video class=\"wp-video-shortcode\" id=\"video-15701-3\" width=\"525\" height=\"295\" preload=\"metadata\" controls=\"controls\"><source type=\"video\/mp4\" src=\"http:\/\/www.billard-club-sottevillais.com\/wp-content\/uploads\/2025\/05\/Petanq1.mp4?_=3\" \/><a href=\"http:\/\/www.billard-club-sottevillais.com\/wp-content\/uploads\/2025\/05\/Petanq1.mp4\">http:\/\/www.billard-club-sottevillais.com\/wp-content\/uploads\/2025\/05\/Petanq1.mp4<\/a><\/video><\/div>\n&nbsp;\n<div style=\"width: 525px;\" class=\"wp-video\"><video class=\"wp-video-shortcode\" id=\"video-15701-4\" width=\"525\" height=\"295\" preload=\"metadata\" controls=\"controls\"><source type=\"video\/mp4\" src=\"http:\/\/www.billard-club-sottevillais.com\/wp-content\/uploads\/2025\/05\/Petanq4.mp4?_=4\" \/><a href=\"http:\/\/www.billard-club-sottevillais.com\/wp-content\/uploads\/2025\/05\/Petanq4.mp4\">http:\/\/www.billard-club-sottevillais.com\/wp-content\/uploads\/2025\/05\/Petanq4.mp4<\/a><\/video><\/div>\n\n\n\n<p><\/p>\n","protected":false},"excerpt":{"rendered":"<p>Nous n&rsquo;avions pas fait de tournoi de p\u00e9tanque depuis deux ans et ce vendredi 23 mai nous avons r\u00e9uni une douzaine de joueurs qui se sont affair\u00e9s \u00e0 pousser des billes pour qu&rsquo;elles se retrouvent au plus pr\u00e8s du cochonnet. Dans la mesure o\u00f9 c&rsquo;est une discipline peu pratiqu\u00e9e, il n&rsquo;y a pas de \u00ab\u00a0sp\u00e9cialiste\u00a0\u00bb, &hellip; <\/p>\n<p class=\"link-more\"><a href=\"http:\/\/www.billard-club-sottevillais.com\/?page_id=15701\" class=\"more-link\">Continuer la lecture<span class=\"screen-reader-text\"> de &laquo;&nbsp;Soir\u00e9e p\u00e9tanque&nbsp;&raquo;<\/span><\/a><\/p>\n","protected":false},"author":3,"featured_media":0,"parent":0,"menu_order":0,"comment_status":"closed","ping_status":"closed","template":"","meta":{"footnotes":""},"class_list":["post-15701","page","type-page","status-publish","hentry"],"_links":{"self":[{"href":"http:\/\/www.billard-club-sottevillais.com\/index.php?rest_route=\/wp\/v2\/pages\/15701","targetHints":{"allow":["GET"]}}],"collection":[{"href":"http:\/\/www.billard-club-sottevillais.com\/index.php?rest_route=\/wp\/v2\/pages"}],"about":[{"href":"http:\/\/www.billard-club-sottevillais.com\/index.php?rest_route=\/wp\/v2\/types\/page"}],"author":[{"embeddable":true,"href":"http:\/\/www.billard-club-sottevillais.com\/index.php?rest_route=\/wp\/v2\/users\/3"}],"replies":[{"embeddable":true,"href":"http:\/\/www.billard-club-sottevillais.com\/index.php?rest_route=%2Fwp%2Fv2%2Fcomments&post=15701"}],"version-history":[{"count":23,"href":"http:\/\/www.billard-club-sottevillais.com\/index.php?rest_route=\/wp\/v2\/pages\/15701\/revisions"}],"predecessor-version":[{"id":15732,"href":"http:\/\/www.billard-club-sottevillais.com\/index.php?rest_route=\/wp\/v2\/pages\/15701\/revisions\/15732"}],"wp:attachment":[{"href":"http:\/\/www.billard-club-sottevillais.com\/index.php?rest_route=%2Fwp%2Fv2%2Fmedia&parent=15701"}],"curies":[{"name":"wp","href":"https:\/\/api.w.org\/{rel}","templated":true}]}}