{"id":15468,"date":"2025-02-09T19:39:51","date_gmt":"2025-02-09T19:39:51","guid":{"rendered":"http:\/\/www.billard-club-sottevillais.com\/?page_id=15468"},"modified":"2025-02-09T19:39:51","modified_gmt":"2025-02-09T19:39:51","slug":"3-bandes-r2-t2-9-fevrier-2025","status":"publish","type":"page","link":"http:\/\/www.billard-club-sottevillais.com\/?page_id=15468","title":{"rendered":"3 Bandes R2 T2 &#8211; 9 F\u00e9vrier 2025"},"content":{"rendered":"<p style=\"text-align: justify;\">R\u00e9sultats des Tournois, vous trouverez ici toutes les informations concernant les rencontres sportives auxquelles participe le Billard Club Sottevillais.<\/p>\n<p style=\"text-align: center;\"><!--more--><img loading=\"lazy\" decoding=\"async\" class=\"aligncenter size-full wp-image-59\" title=\"sport\" src=\"http:\/\/billardcf.cluster010.ovh.net\/wp-content\/uploads\/2011\/07\/sport.jpg\" alt=\"\" width=\"231\" height=\"116\" \/><\/p>\n<p style=\"text-align: left;\">Le 2\u00e8me tour de 3 bandes R2 s&rsquo;est d\u00e9roul\u00e9 le 9 F\u00e9vrier 2025 au Havre. Pascal Ippolito repr\u00e9sentait le BCS dans une poule de 4.<\/p>\n<p style=\"text-align: left;\">Pascal avec 1 victoire bonifi\u00e9, un match nul et 1 d\u00e9faite\u00a0 finit 2\u00e8me.<\/p>\n<p style=\"text-align: center;\"><img loading=\"lazy\" decoding=\"async\" class=\"alignnone wp-image-15473\" src=\"http:\/\/www.billard-club-sottevillais.com\/wp-content\/uploads\/2025\/02\/FM_T2_3-BANDES-R2_09-02-2025_LE-HAVRE_C1-1024x724.jpg\" alt=\"\" width=\"750\" height=\"530\" srcset=\"http:\/\/www.billard-club-sottevillais.com\/wp-content\/uploads\/2025\/02\/FM_T2_3-BANDES-R2_09-02-2025_LE-HAVRE_C1-1024x724.jpg 1024w, http:\/\/www.billard-club-sottevillais.com\/wp-content\/uploads\/2025\/02\/FM_T2_3-BANDES-R2_09-02-2025_LE-HAVRE_C1-300x212.jpg 300w, http:\/\/www.billard-club-sottevillais.com\/wp-content\/uploads\/2025\/02\/FM_T2_3-BANDES-R2_09-02-2025_LE-HAVRE_C1-768x543.jpg 768w, http:\/\/www.billard-club-sottevillais.com\/wp-content\/uploads\/2025\/02\/FM_T2_3-BANDES-R2_09-02-2025_LE-HAVRE_C1-1536x1086.jpg 1536w, http:\/\/www.billard-club-sottevillais.com\/wp-content\/uploads\/2025\/02\/FM_T2_3-BANDES-R2_09-02-2025_LE-HAVRE_C1-rotated.jpg 1754w\" sizes=\"auto, (max-width: 706px) 89vw, (max-width: 767px) 82vw, 740px\" \/><\/p>\n<p style=\"text-align: center;\"><strong>Le pdf ici : <a href=\"http:\/\/www.billard-club-sottevillais.com\/wp-content\/uploads\/2025\/02\/FM_T2_3-BANDES-R2_09-02-2025_LE-HAVRE_C1.pdf\">FM_T2_3 BANDES R2_09-02-2025_LE HAVRE_C1<\/a><\/strong><\/p>\n\n\n<p><\/p>\n","protected":false},"excerpt":{"rendered":"<p>R\u00e9sultats des Tournois, vous trouverez ici toutes les informations concernant les rencontres sportives auxquelles participe le Billard Club Sottevillais.<\/p>\n","protected":false},"author":7,"featured_media":0,"parent":0,"menu_order":0,"comment_status":"closed","ping_status":"closed","template":"","meta":{"footnotes":""},"class_list":["post-15468","page","type-page","status-publish","hentry"],"_links":{"self":[{"href":"http:\/\/www.billard-club-sottevillais.com\/index.php?rest_route=\/wp\/v2\/pages\/15468","targetHints":{"allow":["GET"]}}],"collection":[{"href":"http:\/\/www.billard-club-sottevillais.com\/index.php?rest_route=\/wp\/v2\/pages"}],"about":[{"href":"http:\/\/www.billard-club-sottevillais.com\/index.php?rest_route=\/wp\/v2\/types\/page"}],"author":[{"embeddable":true,"href":"http:\/\/www.billard-club-sottevillais.com\/index.php?rest_route=\/wp\/v2\/users\/7"}],"replies":[{"embeddable":true,"href":"http:\/\/www.billard-club-sottevillais.com\/index.php?rest_route=%2Fwp%2Fv2%2Fcomments&post=15468"}],"version-history":[{"count":1,"href":"http:\/\/www.billard-club-sottevillais.com\/index.php?rest_route=\/wp\/v2\/pages\/15468\/revisions"}],"predecessor-version":[{"id":15474,"href":"http:\/\/www.billard-club-sottevillais.com\/index.php?rest_route=\/wp\/v2\/pages\/15468\/revisions\/15474"}],"wp:attachment":[{"href":"http:\/\/www.billard-club-sottevillais.com\/index.php?rest_route=%2Fwp%2Fv2%2Fmedia&parent=15468"}],"curies":[{"name":"wp","href":"https:\/\/api.w.org\/{rel}","templated":true}]}}