{"id":15445,"date":"2025-02-09T19:28:46","date_gmt":"2025-02-09T19:28:46","guid":{"rendered":"https:\/\/www.billard-club-sottevillais.com\/?page_id=15445"},"modified":"2025-02-09T19:28:46","modified_gmt":"2025-02-09T19:28:46","slug":"3-bandes-n3-t2-9-fevrier-2025","status":"publish","type":"page","link":"http:\/\/www.billard-club-sottevillais.com\/?page_id=15445","title":{"rendered":"3 Bandes N3 T2 &#8211; 9 F\u00e9vrier 2025"},"content":{"rendered":"<p style=\"text-align: justify;\">R\u00e9sultats des Tournois, vous trouverez ici toutes les informations concernant les rencontres sportives auxquelles participe le Billard Club Sottevillais.<\/p>\n<p style=\"text-align: center;\"><!--more--><img loading=\"lazy\" decoding=\"async\" class=\"aligncenter size-full wp-image-8398\" title=\"Res-Sport\" src=\"http:\/\/www.billard-club-sottevillais.com\/wp-content\/uploads\/2011\/07\/Res-Sport1.jpg\" alt=\"\" width=\"231\" height=\"116\" \/><\/p>\n<p style=\"text-align: justify;\">Le 2\u00e8me tour de 3 Bandes N3 s&rsquo;est d\u00e9roul\u00e9 le dimanche 9 F\u00e9vrier 2025. Les joueurs de N3 \u00e9taient repartis en 5 poules. Tous les joueurs d&rsquo;une m\u00eame poule se rencontrent. Raymond Faisant et Christian Ponthieux repr\u00e9sentaient le club \u00e0 F\u00e9camp, pendant que Raymond Faisant jouait \u00e0 domicile.<\/p>\n<p>Dans la poule A \u00e0 F\u00e9camp, Christian, avec 1 victoires et 3 d\u00e9faites termine 5\u00e8me<\/p>\n<p>Dans la poule C \u00e0 Sotteville, Raymond, avec 2 victoire dont une bonifi\u00e9 prend la 1er place .<\/p>\n<p><em>Poule A,<\/em><\/p>\n<p><img loading=\"lazy\" decoding=\"async\" class=\"aligncenter wp-image-15461\" src=\"http:\/\/www.billard-club-sottevillais.com\/wp-content\/uploads\/2025\/02\/FM-T2-3B-N3-Poule-A-FECAMP-09-02-2025-1024x724.jpg\" alt=\"\" width=\"750\" height=\"530\" srcset=\"http:\/\/www.billard-club-sottevillais.com\/wp-content\/uploads\/2025\/02\/FM-T2-3B-N3-Poule-A-FECAMP-09-02-2025-1024x724.jpg 1024w, http:\/\/www.billard-club-sottevillais.com\/wp-content\/uploads\/2025\/02\/FM-T2-3B-N3-Poule-A-FECAMP-09-02-2025-300x212.jpg 300w, http:\/\/www.billard-club-sottevillais.com\/wp-content\/uploads\/2025\/02\/FM-T2-3B-N3-Poule-A-FECAMP-09-02-2025-768x543.jpg 768w, http:\/\/www.billard-club-sottevillais.com\/wp-content\/uploads\/2025\/02\/FM-T2-3B-N3-Poule-A-FECAMP-09-02-2025-1536x1086.jpg 1536w, http:\/\/www.billard-club-sottevillais.com\/wp-content\/uploads\/2025\/02\/FM-T2-3B-N3-Poule-A-FECAMP-09-02-2025-rotated.jpg 1754w\" sizes=\"auto, (max-width: 706px) 89vw, (max-width: 767px) 82vw, 740px\" \/><\/p>\n<p><em>Poule C,<\/em><\/p>\n<p><img loading=\"lazy\" decoding=\"async\" class=\"aligncenter wp-image-15462\" src=\"http:\/\/www.billard-club-sottevillais.com\/wp-content\/uploads\/2025\/02\/FM-T2-3B-N3-Poule-C-Sotteville-09-02-2025-1024x724.jpg\" alt=\"\" width=\"750\" height=\"530\" srcset=\"http:\/\/www.billard-club-sottevillais.com\/wp-content\/uploads\/2025\/02\/FM-T2-3B-N3-Poule-C-Sotteville-09-02-2025-1024x724.jpg 1024w, http:\/\/www.billard-club-sottevillais.com\/wp-content\/uploads\/2025\/02\/FM-T2-3B-N3-Poule-C-Sotteville-09-02-2025-300x212.jpg 300w, http:\/\/www.billard-club-sottevillais.com\/wp-content\/uploads\/2025\/02\/FM-T2-3B-N3-Poule-C-Sotteville-09-02-2025-768x543.jpg 768w, http:\/\/www.billard-club-sottevillais.com\/wp-content\/uploads\/2025\/02\/FM-T2-3B-N3-Poule-C-Sotteville-09-02-2025-1536x1086.jpg 1536w, http:\/\/www.billard-club-sottevillais.com\/wp-content\/uploads\/2025\/02\/FM-T2-3B-N3-Poule-C-Sotteville-09-02-2025-rotated.jpg 1754w\" sizes=\"auto, (max-width: 706px) 89vw, (max-width: 767px) 82vw, 740px\" \/><\/p>\n<h4 style=\"padding-left: 30px;\">Le pdf ici :\u00a0<a href=\"http:\/\/www.billard-club-sottevillais.com\/wp-content\/uploads\/2025\/02\/FM-T2-3B-N3-Poule-A-FECAMP-09-02-2025.pdf\">FM T2 3B N3 Poule A FECAMP 09 02 2025<\/a><\/h4>\n<h4 style=\"padding-left: 30px;\">Le pdf ici :\u00a0<a href=\"http:\/\/www.billard-club-sottevillais.com\/wp-content\/uploads\/2025\/02\/FM-T2-3B-N3-Poule-C-Sotteville-09-02-2025.pdf\">FM T2 3B N3 Poule C Sotteville 09 02 2025<\/a><\/h4>\n\n\n<p><\/p>\n","protected":false},"excerpt":{"rendered":"<p>R\u00e9sultats des Tournois, vous trouverez ici toutes les informations concernant les rencontres sportives auxquelles participe le Billard Club Sottevillais.<\/p>\n","protected":false},"author":7,"featured_media":0,"parent":0,"menu_order":0,"comment_status":"closed","ping_status":"closed","template":"","meta":{"footnotes":""},"class_list":["post-15445","page","type-page","status-publish","hentry"],"_links":{"self":[{"href":"http:\/\/www.billard-club-sottevillais.com\/index.php?rest_route=\/wp\/v2\/pages\/15445","targetHints":{"allow":["GET"]}}],"collection":[{"href":"http:\/\/www.billard-club-sottevillais.com\/index.php?rest_route=\/wp\/v2\/pages"}],"about":[{"href":"http:\/\/www.billard-club-sottevillais.com\/index.php?rest_route=\/wp\/v2\/types\/page"}],"author":[{"embeddable":true,"href":"http:\/\/www.billard-club-sottevillais.com\/index.php?rest_route=\/wp\/v2\/users\/7"}],"replies":[{"embeddable":true,"href":"http:\/\/www.billard-club-sottevillais.com\/index.php?rest_route=%2Fwp%2Fv2%2Fcomments&post=15445"}],"version-history":[{"count":4,"href":"http:\/\/www.billard-club-sottevillais.com\/index.php?rest_route=\/wp\/v2\/pages\/15445\/revisions"}],"predecessor-version":[{"id":15465,"href":"http:\/\/www.billard-club-sottevillais.com\/index.php?rest_route=\/wp\/v2\/pages\/15445\/revisions\/15465"}],"wp:attachment":[{"href":"http:\/\/www.billard-club-sottevillais.com\/index.php?rest_route=%2Fwp%2Fv2%2Fmedia&parent=15445"}],"curies":[{"name":"wp","href":"https:\/\/api.w.org\/{rel}","templated":true}]}}