{"id":15281,"date":"2024-12-16T17:53:05","date_gmt":"2024-12-16T17:53:05","guid":{"rendered":"http:\/\/www.billard-club-sottevillais.com\/?page_id=15281"},"modified":"2024-12-16T17:53:05","modified_gmt":"2024-12-16T17:53:05","slug":"soiree-5-quilles-2","status":"publish","type":"page","link":"http:\/\/www.billard-club-sottevillais.com\/?page_id=15281","title":{"rendered":"Soir\u00e9e 5 Quilles"},"content":{"rendered":"<p style=\"text-align: justify;\">Juste avant la tr\u00eave des confiseurs, le BCS a propos\u00e9 \u00e0 ses adh\u00e9rents une soir\u00e9e 5 Quilles le vendredi 13 d\u00e9cembre 2024. C&rsquo;est un tournoi en \u00e9quipe de deux, mais \u00e0 chaque set c&rsquo;est un nouveau bin\u00f4me est cr\u00e9\u00e9. Il y ainsi un brassage des joueurs.<br \/>\nNos joueurs \u00e9taient r\u00e9partis sur 5 billards pour encha\u00eener 5 sets de 20mn, le coup d&rsquo;envoi a \u00e9t\u00e9 donn\u00e9 peu apr\u00e8s 18h30.\n<\/p>\n<h4>Les tours de jeu<\/h4>\n<p><center><div class=\"flgallery-306 flgallery-art flgallery-embed\" style=\"width: 550px; height: 400px; overflow: hidden;\"><object classid=\"clsid:D27CDB6E-AE6D-11cf-96B8-444553540000\" id=\"flgallery-306\" width=\"550\" height=\"400\" style=\"width:550px; height:400px; margin:0; padding:0;\"><param name=\"movie\" value=\"http:\/\/www.billard-club-sottevillais.com\/wp-content\/plugins\/global-flash-galleries\/swf\/Art.swf\" \/><param name=\"flashVars\" value=\"XMLFile=http%3A%2F%2Fwww.billard-club-sottevillais.com%2Fwp-content%2Fflgallery%2Fxml%2F1%2F306.xml\" \/><param name=\"allowFullScreen\" value=\"true\" \/><param name=\"allowScriptAccess\" value=\"always\" \/><param name=\"quality\" value=\"high\" \/><param name=\"wmode\" value=\"transparent\" \/><param name=\"swfversion\" value=\"9.0.45.0\" \/><param name=\"expressinstall\" value=\"http:\/\/www.billard-club-sottevillais.com\/wp-content\/plugins\/global-flash-galleries\/js\/swfobject\/expressInstall.swf\" \/><object type=\"application\/x-shockwave-flash\" data=\"http:\/\/www.billard-club-sottevillais.com\/wp-content\/plugins\/global-flash-galleries\/swf\/Art.swf\" width=\"550\" height=\"400\" style=\"width:550px; height:400px; margin:0; padding:0; outline:none;\"><param name=\"flashVars\" value=\"XMLFile=http%3A%2F%2Fwww.billard-club-sottevillais.com%2Fwp-content%2Fflgallery%2Fxml%2F1%2F306.xml\" \/><param name=\"allowFullScreen\" value=\"true\" \/><param name=\"allowScriptAccess\" value=\"always\" \/><param name=\"quality\" value=\"high\" \/><param name=\"wmode\" value=\"transparent\" \/><param name=\"swfversion\" value=\"9.0.45.0\" \/><param name=\"expressinstall\" value=\"http:\/\/www.billard-club-sottevillais.com\/wp-content\/plugins\/global-flash-galleries\/js\/swfobject\/expressInstall.swf\" \/><div class=\"flgallery-altcontent\"><ol style=\"list-style:none;\"><li style=\"display:inline;\"><a href=\"http:\/\/www.billard-club-sottevillais.com\/wp-content\/flgallery\/images\/twem285263gi.jpg\"><img decoding=\"async\" src=\"http:\/\/www.billard-club-sottevillais.com\/wp-content\/flgallery\/tmp\/img-twem285263gi.213x120.jpg\" alt=\"20241213 185313\" \/><\/a><\/li><li style=\"display:inline;\"><a href=\"http:\/\/www.billard-club-sottevillais.com\/wp-content\/flgallery\/images\/bfwk6iz61bza.jpg\"><img decoding=\"async\" src=\"http:\/\/www.billard-club-sottevillais.com\/wp-content\/flgallery\/tmp\/img-bfwk6iz61bza.213x120.jpg\" alt=\"20241213 182647\" \/><\/a><\/li><li style=\"display:inline;\"><a href=\"http:\/\/www.billard-club-sottevillais.com\/wp-content\/flgallery\/images\/mxbuwh1ad2jt.jpg\"><img decoding=\"async\" src=\"http:\/\/www.billard-club-sottevillais.com\/wp-content\/flgallery\/tmp\/img-mxbuwh1ad2jt.213x120.jpg\" alt=\"20241213 182721\" \/><\/a><\/li><li style=\"display:inline;\"><a href=\"http:\/\/www.billard-club-sottevillais.com\/wp-content\/flgallery\/images\/x80xqmkb2kya.jpg\"><img decoding=\"async\" src=\"http:\/\/www.billard-club-sottevillais.com\/wp-content\/flgallery\/tmp\/img-x80xqmkb2kya.213x120.jpg\" alt=\"20241213 185247\" \/><\/a><\/li><li style=\"display:inline;\"><a href=\"http:\/\/www.billard-club-sottevillais.com\/wp-content\/flgallery\/images\/m1vlv4q80jbt.jpg\"><img decoding=\"async\" src=\"http:\/\/www.billard-club-sottevillais.com\/wp-content\/flgallery\/tmp\/img-m1vlv4q80jbt.213x120.jpg\" alt=\"20241213 185335\" \/><\/a><\/li><li style=\"display:inline;\"><a href=\"http:\/\/www.billard-club-sottevillais.com\/wp-content\/flgallery\/images\/v2yjwno0ufbl.jpg\"><img decoding=\"async\" src=\"http:\/\/www.billard-club-sottevillais.com\/wp-content\/flgallery\/tmp\/img-v2yjwno0ufbl.213x120.jpg\" alt=\"20241213 185443\" \/><\/a><\/li><li style=\"display:inline;\"><a href=\"http:\/\/www.billard-club-sottevillais.com\/wp-content\/flgallery\/images\/zhj7uof2yzja.jpg\"><img decoding=\"async\" src=\"http:\/\/www.billard-club-sottevillais.com\/wp-content\/flgallery\/tmp\/img-zhj7uof2yzja.213x120.jpg\" alt=\"20241213 185453\" \/><\/a><\/li><li style=\"display:inline;\"><a href=\"http:\/\/www.billard-club-sottevillais.com\/wp-content\/flgallery\/images\/x4zqxvntbbid.jpg\"><img decoding=\"async\" src=\"http:\/\/www.billard-club-sottevillais.com\/wp-content\/flgallery\/tmp\/img-x4zqxvntbbid.213x120.jpg\" alt=\"20241213 185934\" \/><\/a><\/li><li style=\"display:inline;\"><a href=\"http:\/\/www.billard-club-sottevillais.com\/wp-content\/flgallery\/images\/pcmh9gtq6pvq.jpg\"><img decoding=\"async\" src=\"http:\/\/www.billard-club-sottevillais.com\/wp-content\/flgallery\/tmp\/img-pcmh9gtq6pvq.213x120.jpg\" alt=\"20241213 190305\" \/><\/a><\/li><li style=\"display:inline;\"><a href=\"http:\/\/www.billard-club-sottevillais.com\/wp-content\/flgallery\/images\/dq1ksptm535v.jpg\"><img decoding=\"async\" src=\"http:\/\/www.billard-club-sottevillais.com\/wp-content\/flgallery\/tmp\/img-dq1ksptm535v.213x120.jpg\" alt=\"20241213 191643\" \/><\/a><\/li><li style=\"display:inline;\"><a href=\"http:\/\/www.billard-club-sottevillais.com\/wp-content\/flgallery\/images\/21foyzrpvpzp.jpg\"><img decoding=\"async\" src=\"http:\/\/www.billard-club-sottevillais.com\/wp-content\/flgallery\/tmp\/img-21foyzrpvpzp.213x120.jpg\" alt=\"20241213 191654\" \/><\/a><\/li><li style=\"display:inline;\"><a href=\"http:\/\/www.billard-club-sottevillais.com\/wp-content\/flgallery\/images\/p9o6fs8ontm7.jpg\"><img decoding=\"async\" src=\"http:\/\/www.billard-club-sottevillais.com\/wp-content\/flgallery\/tmp\/img-p9o6fs8ontm7.213x120.jpg\" alt=\"20241213 193227\" \/><\/a><\/li><li style=\"display:inline;\"><a href=\"http:\/\/www.billard-club-sottevillais.com\/wp-content\/flgallery\/images\/r3av5hlh14hb.jpg\"><img decoding=\"async\" src=\"http:\/\/www.billard-club-sottevillais.com\/wp-content\/flgallery\/tmp\/img-r3av5hlh14hb.213x120.jpg\" alt=\"20241213 194437\" \/><\/a><\/li><li style=\"display:inline;\"><a href=\"http:\/\/www.billard-club-sottevillais.com\/wp-content\/flgallery\/images\/hf6tr1rfqnd0.jpg\"><img decoding=\"async\" src=\"http:\/\/www.billard-club-sottevillais.com\/wp-content\/flgallery\/tmp\/img-hf6tr1rfqnd0.213x120.jpg\" alt=\"20241213 195003\" \/><\/a><\/li><li style=\"display:inline;\"><a href=\"http:\/\/www.billard-club-sottevillais.com\/wp-content\/flgallery\/images\/ivnaezo17ytw.jpg\"><img decoding=\"async\" src=\"http:\/\/www.billard-club-sottevillais.com\/wp-content\/flgallery\/tmp\/img-ivnaezo17ytw.213x120.jpg\" alt=\"20241213 200446\" \/><\/a><\/li><\/ol><\/div><\/object><\/object><script type=\"text\/javascript\">jQuery(document).ready(function($) { if (!swfobject.hasFlashPlayerVersion('9.0.45.0')) { altgallery({ type: 'Art', width: '550', height: '400', images: { folder: 'http:\/\/www.billard-club-sottevillais.com\/wp-content\/plugins\/global-flash-galleries\/img\/' }, config: 'http:\/\/www.billard-club-sottevillais.com\/wp-content\/flgallery\/xml\/1\/306.xml', configType: 'xml', fullscreen: 'never', callback: function(gallery) { var container = gallery.canvas.element.parents('.flgallery-embed'); var parent = container.parent(); var initialWidth = container.width(); var prevWidth; container.css({ width: '', height: '' }); function scale() { var parentWidth = parent.width(); if (parentWidth != prevWidth) { gallery.canvas.scale(parentWidth \/ initialWidth); prevWidth = parentWidth; } } scale(); $(window).resize(scale); } }, '#flgallery-306 .flgallery-altcontent'); } });<\/script><\/div><\/center><br \/>\nVers 20h30, les tours de jeu se sont termin\u00e9s pour laisser place au pot de l&rsquo;amiti\u00e9.<br \/>\nNous sommes ensuite pass\u00e9s \u00e0 table pour d\u00e9guster les pizzas que Didier et Guy sont all\u00e9s nous chercher.<\/p>\n<h4>Le repas<\/h4>\n<p><center><div class=\"flgallery-307 flgallery-art flgallery-embed\" style=\"width: 800px; height: 450px; overflow: hidden;\"><object classid=\"clsid:D27CDB6E-AE6D-11cf-96B8-444553540000\" id=\"flgallery-307\" width=\"800\" height=\"450\" style=\"width:800px; height:450px; margin:0; padding:0;\"><param name=\"movie\" value=\"http:\/\/www.billard-club-sottevillais.com\/wp-content\/plugins\/global-flash-galleries\/swf\/Art.swf\" \/><param name=\"flashVars\" value=\"XMLFile=http%3A%2F%2Fwww.billard-club-sottevillais.com%2Fwp-content%2Fflgallery%2Fxml%2F1%2F307.xml\" \/><param name=\"allowFullScreen\" value=\"true\" \/><param name=\"allowScriptAccess\" value=\"always\" \/><param name=\"quality\" value=\"high\" \/><param name=\"wmode\" value=\"transparent\" \/><param name=\"swfversion\" value=\"9.0.45.0\" \/><param name=\"expressinstall\" value=\"http:\/\/www.billard-club-sottevillais.com\/wp-content\/plugins\/global-flash-galleries\/js\/swfobject\/expressInstall.swf\" \/><object type=\"application\/x-shockwave-flash\" data=\"http:\/\/www.billard-club-sottevillais.com\/wp-content\/plugins\/global-flash-galleries\/swf\/Art.swf\" width=\"800\" height=\"450\" style=\"width:800px; height:450px; margin:0; padding:0; outline:none;\"><param name=\"flashVars\" value=\"XMLFile=http%3A%2F%2Fwww.billard-club-sottevillais.com%2Fwp-content%2Fflgallery%2Fxml%2F1%2F307.xml\" \/><param name=\"allowFullScreen\" value=\"true\" \/><param name=\"allowScriptAccess\" value=\"always\" \/><param name=\"quality\" value=\"high\" \/><param name=\"wmode\" value=\"transparent\" \/><param name=\"swfversion\" value=\"9.0.45.0\" \/><param name=\"expressinstall\" value=\"http:\/\/www.billard-club-sottevillais.com\/wp-content\/plugins\/global-flash-galleries\/js\/swfobject\/expressInstall.swf\" \/><div class=\"flgallery-altcontent\"><ol style=\"list-style:none;\"><li style=\"display:inline;\"><a href=\"http:\/\/www.billard-club-sottevillais.com\/wp-content\/flgallery\/images\/yw6px0ytcpp1.jpg\"><img decoding=\"async\" src=\"http:\/\/www.billard-club-sottevillais.com\/wp-content\/flgallery\/tmp\/img-yw6px0ytcpp1.213x120.jpg\" alt=\"20241213 214029\" \/><\/a><\/li><li style=\"display:inline;\"><a href=\"http:\/\/www.billard-club-sottevillais.com\/wp-content\/flgallery\/images\/yuzfqjdhf6sg.jpg\"><img decoding=\"async\" src=\"http:\/\/www.billard-club-sottevillais.com\/wp-content\/flgallery\/tmp\/img-yuzfqjdhf6sg.213x120.jpg\" alt=\"20241213 213911\" \/><\/a><\/li><li style=\"display:inline;\"><a href=\"http:\/\/www.billard-club-sottevillais.com\/wp-content\/flgallery\/images\/7o8z4vykzuui.jpg\"><img decoding=\"async\" src=\"http:\/\/www.billard-club-sottevillais.com\/wp-content\/flgallery\/tmp\/img-7o8z4vykzuui.213x120.jpg\" alt=\"20241213 213853\" \/><\/a><\/li><li style=\"display:inline;\"><a href=\"http:\/\/www.billard-club-sottevillais.com\/wp-content\/flgallery\/images\/h7fbhiendrvt.jpg\"><img decoding=\"async\" src=\"http:\/\/www.billard-club-sottevillais.com\/wp-content\/flgallery\/tmp\/img-h7fbhiendrvt.213x120.jpg\" alt=\"20241213 213904\" \/><\/a><\/li><li style=\"display:inline;\"><a href=\"http:\/\/www.billard-club-sottevillais.com\/wp-content\/flgallery\/images\/ra9p72oooyac.jpg\"><img decoding=\"async\" src=\"http:\/\/www.billard-club-sottevillais.com\/wp-content\/flgallery\/tmp\/img-ra9p72oooyac.213x120.jpg\" alt=\"20241213 213955\" \/><\/a><\/li><li style=\"display:inline;\"><a href=\"http:\/\/www.billard-club-sottevillais.com\/wp-content\/flgallery\/images\/lcme2sl1bhgp.jpg\"><img decoding=\"async\" src=\"http:\/\/www.billard-club-sottevillais.com\/wp-content\/flgallery\/tmp\/img-lcme2sl1bhgp.213x120.jpg\" alt=\"20241213 214002\" \/><\/a><\/li><li style=\"display:inline;\"><a href=\"http:\/\/www.billard-club-sottevillais.com\/wp-content\/flgallery\/images\/po945kwr0fbo.jpg\"><img decoding=\"async\" src=\"http:\/\/www.billard-club-sottevillais.com\/wp-content\/flgallery\/tmp\/img-po945kwr0fbo.213x120.jpg\" alt=\"20241213 214051\" \/><\/a><\/li><li style=\"display:inline;\"><a href=\"http:\/\/www.billard-club-sottevillais.com\/wp-content\/flgallery\/images\/eexsehgau7h8.jpg\"><img decoding=\"async\" src=\"http:\/\/www.billard-club-sottevillais.com\/wp-content\/flgallery\/tmp\/img-eexsehgau7h8.213x120.jpg\" alt=\"20241213 214120\" \/><\/a><\/li><\/ol><\/div><\/object><\/object><script type=\"text\/javascript\">jQuery(document).ready(function($) { if (!swfobject.hasFlashPlayerVersion('9.0.45.0')) { altgallery({ type: 'Art', width: '800', height: '450', images: { folder: 'http:\/\/www.billard-club-sottevillais.com\/wp-content\/plugins\/global-flash-galleries\/img\/' }, config: 'http:\/\/www.billard-club-sottevillais.com\/wp-content\/flgallery\/xml\/1\/307.xml', configType: 'xml', fullscreen: 'never', callback: function(gallery) { var container = gallery.canvas.element.parents('.flgallery-embed'); var parent = container.parent(); var initialWidth = container.width(); var prevWidth; container.css({ width: '', height: '' }); function scale() { var parentWidth = parent.width(); if (parentWidth != prevWidth) { gallery.canvas.scale(parentWidth \/ initialWidth); prevWidth = parentWidth; } } scale(); $(window).resize(scale); } }, '#flgallery-307 .flgallery-altcontent'); } });<\/script><\/div><\/center><\/p>\n<p>Merci \u00e0 Didier Pollet qui \u00e0 assur\u00e9 les tours de jeu ainsi que l\u2019intendance. Un grand merci \u00e0 Didier.<\/p>\n","protected":false},"excerpt":{"rendered":"<p>Juste avant la tr\u00eave des confiseurs, le BCS a propos\u00e9 \u00e0 ses adh\u00e9rents une soir\u00e9e 5 Quilles le vendredi 13 d\u00e9cembre 2024. C&rsquo;est un tournoi en \u00e9quipe de deux, mais \u00e0 chaque set c&rsquo;est un nouveau bin\u00f4me est cr\u00e9\u00e9. Il y ainsi un brassage des joueurs. Nos joueurs \u00e9taient r\u00e9partis sur 5 billards pour encha\u00eener &hellip; <\/p>\n<p class=\"link-more\"><a href=\"http:\/\/www.billard-club-sottevillais.com\/?page_id=15281\" class=\"more-link\">Continuer la lecture<span class=\"screen-reader-text\"> de &laquo;&nbsp;Soir\u00e9e 5 Quilles&nbsp;&raquo;<\/span><\/a><\/p>\n","protected":false},"author":3,"featured_media":0,"parent":0,"menu_order":0,"comment_status":"closed","ping_status":"closed","template":"","meta":{"footnotes":""},"class_list":["post-15281","page","type-page","status-publish","hentry"],"_links":{"self":[{"href":"http:\/\/www.billard-club-sottevillais.com\/index.php?rest_route=\/wp\/v2\/pages\/15281","targetHints":{"allow":["GET"]}}],"collection":[{"href":"http:\/\/www.billard-club-sottevillais.com\/index.php?rest_route=\/wp\/v2\/pages"}],"about":[{"href":"http:\/\/www.billard-club-sottevillais.com\/index.php?rest_route=\/wp\/v2\/types\/page"}],"author":[{"embeddable":true,"href":"http:\/\/www.billard-club-sottevillais.com\/index.php?rest_route=\/wp\/v2\/users\/3"}],"replies":[{"embeddable":true,"href":"http:\/\/www.billard-club-sottevillais.com\/index.php?rest_route=%2Fwp%2Fv2%2Fcomments&post=15281"}],"version-history":[{"count":4,"href":"http:\/\/www.billard-club-sottevillais.com\/index.php?rest_route=\/wp\/v2\/pages\/15281\/revisions"}],"predecessor-version":[{"id":15285,"href":"http:\/\/www.billard-club-sottevillais.com\/index.php?rest_route=\/wp\/v2\/pages\/15281\/revisions\/15285"}],"wp:attachment":[{"href":"http:\/\/www.billard-club-sottevillais.com\/index.php?rest_route=%2Fwp%2Fv2%2Fmedia&parent=15281"}],"curies":[{"name":"wp","href":"https:\/\/api.w.org\/{rel}","templated":true}]}}