{"id":14934,"date":"2024-09-24T12:52:49","date_gmt":"2024-09-24T12:52:49","guid":{"rendered":"http:\/\/www.billard-club-sottevillais.com\/?page_id=14934"},"modified":"2025-10-27T13:09:52","modified_gmt":"2025-10-27T13:09:52","slug":"informations-sportives","status":"publish","type":"page","link":"http:\/\/www.billard-club-sottevillais.com\/?page_id=14934","title":{"rendered":"Informations sportives"},"content":{"rendered":"<p style=\"text-align: justify;\"><img loading=\"lazy\" decoding=\"async\" class=\"aligncenter  wp-image-14961\" src=\"http:\/\/www.billard-club-sottevillais.com\/wp-content\/uploads\/2024\/09\/Image-calend-copie.jpg\" alt=\"\" width=\"246\" height=\"184\" srcset=\"http:\/\/www.billard-club-sottevillais.com\/wp-content\/uploads\/2024\/09\/Image-calend-copie.jpg 512w, http:\/\/www.billard-club-sottevillais.com\/wp-content\/uploads\/2024\/09\/Image-calend-copie-300x224.jpg 300w\" sizes=\"auto, (max-width: 246px) 100vw, 246px\" \/><\/p>\n<p>Dans cette page, vous trouverez les \u00e9l\u00e9ments essentiels de l&rsquo;organisation des comp\u00e9titions.<\/p>\n<h4><a href=\"http:\/\/www.billard-club-sottevillais.com\/wp-content\/uploads\/2025\/10\/LNB-2025-2026.pdf\">Calendrier LNB 2025-2026<\/a><\/h4>\n<p style=\"text-align: justify;\">Ici figurent toutes les dates des comp\u00e9titions individuelles dans tous les modes de jeux<\/p>\n\n<h4><a href=\"http:\/\/www.billard-club-sottevillais.com\/wp-content\/uploads\/2025\/10\/Lescaut.pdf\">Calendrier P Lescaut<\/a><\/h4>\n<p style=\"text-align: justify;\">Ici figurent les dates des rencontres du championnat P Lescaut\n\n\n<p><\/p>\n","protected":false},"excerpt":{"rendered":"<p>Dans cette page, vous trouverez les \u00e9l\u00e9ments essentiels de l&rsquo;organisation des comp\u00e9titions. Calendrier LNB 2025-2026 Ici figurent toutes les dates des comp\u00e9titions individuelles dans tous les modes de jeux Calendrier P Lescaut Ici figurent les dates des rencontres du championnat P Lescaut<\/p>\n","protected":false},"author":3,"featured_media":0,"parent":0,"menu_order":0,"comment_status":"closed","ping_status":"closed","template":"","meta":{"footnotes":""},"class_list":["post-14934","page","type-page","status-publish","hentry"],"_links":{"self":[{"href":"http:\/\/www.billard-club-sottevillais.com\/index.php?rest_route=\/wp\/v2\/pages\/14934","targetHints":{"allow":["GET"]}}],"collection":[{"href":"http:\/\/www.billard-club-sottevillais.com\/index.php?rest_route=\/wp\/v2\/pages"}],"about":[{"href":"http:\/\/www.billard-club-sottevillais.com\/index.php?rest_route=\/wp\/v2\/types\/page"}],"author":[{"embeddable":true,"href":"http:\/\/www.billard-club-sottevillais.com\/index.php?rest_route=\/wp\/v2\/users\/3"}],"replies":[{"embeddable":true,"href":"http:\/\/www.billard-club-sottevillais.com\/index.php?rest_route=%2Fwp%2Fv2%2Fcomments&post=14934"}],"version-history":[{"count":32,"href":"http:\/\/www.billard-club-sottevillais.com\/index.php?rest_route=\/wp\/v2\/pages\/14934\/revisions"}],"predecessor-version":[{"id":15915,"href":"http:\/\/www.billard-club-sottevillais.com\/index.php?rest_route=\/wp\/v2\/pages\/14934\/revisions\/15915"}],"wp:attachment":[{"href":"http:\/\/www.billard-club-sottevillais.com\/index.php?rest_route=%2Fwp%2Fv2%2Fmedia&parent=14934"}],"curies":[{"name":"wp","href":"https:\/\/api.w.org\/{rel}","templated":true}]}}