{"id":14916,"date":"2024-09-23T14:32:27","date_gmt":"2024-09-23T14:32:27","guid":{"rendered":"http:\/\/www.billard-club-sottevillais.com\/?page_id=14916"},"modified":"2026-03-29T19:43:41","modified_gmt":"2026-03-29T19:43:41","slug":"resultats-sportifs","status":"publish","type":"page","link":"http:\/\/www.billard-club-sottevillais.com\/?page_id=14916","title":{"rendered":"R\u00e9sultats sportifs"},"content":{"rendered":"<p style=\"text-align: justify;\">R\u00e9sultats des Comp\u00e9titions, vous trouverez ici toutes les informations concernant\u00a0les rencontres sportives auxquelles participe le Billard Club Sottevillais.<\/p>\n<p style=\"text-align: center;\"><!--more--><img loading=\"lazy\" decoding=\"async\" class=\"aligncenter size-full wp-image-8398\" title=\"Res-Sport\" src=\"http:\/\/www.billard-club-sottevillais.com\/wp-content\/uploads\/2011\/07\/Res-Sport1.jpg\" alt=\"\" width=\"231\" height=\"116\" \/><\/p>\n<h4><a href=\"https:\/\/www.billard-club-sottevillais.com\/?page_id=16619\">Libre R1 T3 \u2013 29 mars 2026<\/a><\/h4>\n<p>Le 3\u00e8me tour de Libre R1 \u00e0 Bernay et Louviers<\/p>\n<h4><a href=\"https:\/\/www.billard-club-sottevillais.com\/?page_id=16621\">Equipe JDS F4 \u2013 28 mars 2026<\/a><\/h4>\n<p>l\u2019\u00e9quipe JDS F4\u00a0 Rouen &#8211; Sotteville<\/p>\n<h4><a href=\"https:\/\/www.billard-club-sottevillais.com\/?page_id=16613\">Equipe PL D3 \u2013 24 mars 2026<\/a><\/h4>\n<p>l\u2019\u00e9quipe D3 Le Havre B &#8211; Sotteville A<\/p>\n<h4><a href=\"https:\/\/www.billard-club-sottevillais.com\/?page_id=16387\">Libre R3 T2 \u2013 8 F\u00e9vrier 2026<\/a><\/h4>\n<h4><a href=\"https:\/\/www.billard-club-sottevillais.com\/?page_id=16591\">Bande R1 T3 &#8211; 15 mars 2026<\/a><\/h4>\n<p>Le 3\u00e8me tour de Bande R2 \u00e0 Rouen<\/p>\n<h4><a href=\"https:\/\/www.billard-club-sottevillais.com\/?page_id=16585\">Bande R2 T3 &#8211; 15 mars 2026<\/a><\/h4>\n<p>Le 3\u00e8me tour de Bande R2 \u00e0 Sottevile-l\u00e8s-Rouen<\/p>\n<h4><a href=\"https:\/\/www.billard-club-sottevillais.com\/?page_id=16558\">Libre R4 T3 \u2013 8 mars 2026<\/a><\/h4>\n<p>Le 3\u00e8me tour de Libre R4 \u00e0 F\u00e9camp, Rouen et Oissel<\/p>\n<h4><a href=\"https:\/\/www.billard-club-sottevillais.com\/?page_id=16551\">Cadre R FL \u2013 8 Mars 2026\u00a0<\/a><\/h4>\n<p>La Finale de Ligue de Cadre R \u00e0 Bernay<\/p>\n<h4><a href=\"https:\/\/www.billard-club-sottevillais.com\/?page_id=16547\">Libre N3 T4 \u2013 1 mars 2026<\/a><\/h4>\n<p>Le 4\u00e8me tour de Libre N3 \u00e0 St Nicolas d&rsquo;Aliermont<\/p>\n<h4><a href=\"https:\/\/www.billard-club-sottevillais.com\/?page_id=16431\">4 Billes R1 T1 &#8211; 21 f\u00e9vrier 2026<\/a><\/h4>\n<p>Le 1er tour de 4 Billes R1 \u00e0 Sotteville-l\u00e8s-Rouen<\/p>\n<h4><a href=\"https:\/\/www.billard-club-sottevillais.com\/?page_id=16442\">4 Billes R2 T2 &#8211; 21 f\u00e9vrier 2026<\/a><\/h4>\n<p>Le 1er tour de 4 Billes R2 \u00e0 Rouen<\/p>\n<h4><a href=\"https:\/\/www.billard-club-sottevillais.com\/?page_id=16417\">Cadre N3 FL \u2013 15 F\u00e9vrier 2026\u00a0<\/a><\/h4>\n<p>La Finale de Ligue de Cadre N3 \u00e0 Pacy-sur-eure<\/p>\n<h4><a href=\"https:\/\/www.billard-club-sottevillais.com\/?page_id=16407\">Equipe JDS F4 \u2013 14 Fevrier 2026<\/a><\/h4>\n<p>l\u2019\u00e9quipe JDS F4\u00a0 Sotteville &#8211; Bernay<\/p>\n<h4><a href=\"https:\/\/www.billard-club-sottevillais.com\/?page_id=16400\">Equipe PL D5 \u2013 10 F\u00e9vrier 2026<\/a><\/h4>\n<p>l\u2019\u00e9quipe D5 Cormelles D &#8211; Sotteville B<\/p>\n<h4><a href=\"https:\/\/www.billard-club-sottevillais.com\/?page_id=16396\">Equipe PL D3 \u2013 10 F\u00e9vrier 2026<\/a><\/h4>\n<p>l\u2019\u00e9quipe D3 Le Havre A &#8211; Sotteville A<\/p>\n<h4><a href=\"https:\/\/www.billard-club-sottevillais.com\/?page_id=16387\">Libre R3 T2 \u2013 8 F\u00e9vrier 2026<\/a><\/h4>\n<p>Le 2\u00e8me tour de Libre R3 \u00e0 Cany-Barville<\/p>\n<h4><a href=\"https:\/\/www.billard-club-sottevillais.com\/?page_id=16375\">Cadre R T3 \u2013 8 F\u00e9vrier 2026<\/a><\/h4>\n<p>Le 3\u00e8me tour de Cadre R \u00e0 Sotteville et Louviers<\/p>\n<h4><a href=\"https:\/\/www.billard-club-sottevillais.com\/?page_id=16351\">Equipe PL D5 \u2013 27 Janvier 2026<\/a><\/h4>\n<p>l\u2019\u00e9quipe D5 Sotteville B &#8211; Rouen<\/p>\n<h4><a href=\"https:\/\/www.billard-club-sottevillais.com\/?page_id=16333\">Libre N3 T3 \u2013 25 Janvier 2026<\/a><\/h4>\n<p>Le 3\u00e8me tour de Cadre N3 \u00e0 Bernay<\/p>\n<h4><a href=\"https:\/\/www.billard-club-sottevillais.com\/?page_id=16358\">Equipe PL D5 \u2013 20 Janvier 2026<\/a><\/h4>\n<p>l\u2019\u00e9quipe D5 Sotteville B &#8211; Pacy C<\/p>\n<h4><a href=\"https:\/\/www.billard-club-sottevillais.com\/?page_id=16344\">Equipe PL D3 \u2013 20 Janvier 2026<\/a><\/h4>\n<p>l\u2019\u00e9quipe D3 Oissel B &#8211; Sotteville A<\/p>\n<h4><a href=\"https:\/\/www.billard-club-sottevillais.com\/?page_id=16324\">Cadre N3 T3 \u2013 18 Janvier 2026<\/a><\/h4>\n<p>Le 3\u00e8me tour de Cadre N3 \u00e0 Sotteville-l\u00e8s-Rouen<\/p>\n<h4><a href=\"https:\/\/www.billard-club-sottevillais.com\/?page_id=16319\">Cadre R T2 \u2013 18 Janvier 2026<\/a><\/h4>\n<p>Le 2\u00e8me tour de Cadre R \u00e0 St Marcel<\/p>\n<h4><a href=\"https:\/\/www.billard-club-sottevillais.com\/?page_id=16196\">Equipe PL D3 \u2013 13 Janvier 2026<\/a><\/h4>\n<p>l\u2019\u00e9quipe D3 St Nicolas d&rsquo;Aliermont B &#8211; Sotteville A<\/p>\n<h4><a href=\"https:\/\/www.billard-club-sottevillais.com\/?page_id=16164\">Libre R1 T2 \u2013 11 Janvier 2026<\/a><\/h4>\n<p>Le 2\u00e8me tour de Libre R1 \u00e0 Oissel et Cormelles-le-Royal<\/p>\n<h4><a href=\"https:\/\/www.billard-club-sottevillais.com\/?page_id=16167\">Libre R4 T2 \u2013 11 Janvier 2026<\/a><\/h4>\n<p>Le 2\u00e8me tour de Libre R4 \u00e0 F\u00e9camp, Rouen et Sotteville-l\u00e8s-Rouen<\/p>\n<h4><a href=\"https:\/\/www.billard-club-sottevillais.com\/?page_id=16145\">Equipe PL D5 \u2013 16 D\u00e9cembre 2025<\/a><\/h4>\n<p>l\u2019\u00e9quipe D5 Pacy C &#8211; Sotteville B<\/p>\n<h4><a href=\"https:\/\/www.billard-club-sottevillais.com\/?page_id=16141\">Equipe PL D3 \u2013 16 D\u00e9cembre 2025<\/a><\/h4>\n<p>l\u2019\u00e9quipe D3 Sotteville A &#8211; Le Havre A<\/p>\n<h4><a href=\"https:\/\/www.billard-club-sottevillais.com\/?page_id=16106\">Bande R1 T2 &#8211; 14 d\u00e9cembre 2025<\/a><\/h4>\n<p>Le 2\u00e8me tour de Bande R1 \u00e0 Sotteville<\/p>\n<h4><a href=\"https:\/\/www.billard-club-sottevillais.com\/?page_id=16108\">Bande R2 T2 &#8211; 14 d\u00e9cembre 2025<\/a><\/h4>\n<p>Le 2\u00e8me tour de Bande R2 \u00e0 St Nicolas-d&rsquo;aliermont<\/p>\n<h4><a href=\"https:\/\/www.billard-club-sottevillais.com\/?page_id=16112\">4 Billes R1 T1 &#8211; 13 d\u00e9cembre 2025<\/a><\/h4>\n<p>Le 1er tour de 4 Billes R1 \u00e0 Cany-Barville<\/p>\n<h4><a href=\"https:\/\/www.billard-club-sottevillais.com\/?page_id=16110\">4 Billes R2 T1 &#8211; 13 d\u00e9cembre 2025<\/a><\/h4>\n<p>Le 1er tour de 4 Billes R2 \u00e0 Oissel<\/p>\n<h4><a href=\"https:\/\/www.billard-club-sottevillais.com\/?page_id=16100\">Equipe PL D3 \u2013 9 D\u00e9cembre 2025<\/a><\/h4>\n<p>l\u2019\u00e9quipe D3 Sotteville A &#8211; Oissel B<\/p>\n<h4><a href=\"https:\/\/www.billard-club-sottevillais.com\/?page_id=16090\">Libre R3 T1 \u2013 07 D\u00e9cembre 2025<\/a><\/h4>\n<p>Le 1\u00e8me tour de Libre R3 \u00e0 Sotteville-l\u00e8s-Rouen<\/p>\n<h4><a href=\"https:\/\/www.billard-club-sottevillais.com\/?page_id=16082\">Equipe JDS F4 \u2013 06 D\u00e9cembre 2025<\/a><\/h4>\n<p>l\u2019\u00e9quipe JDS F4\u00a0 Bernay &#8211; Sotteville<\/p>\n<h4><a href=\"https:\/\/www.billard-club-sottevillais.com\/?page_id=16074\">Equipe PL D3 \u2013 2 D\u00e9cembre 2025<\/a><\/h4>\n<p>l\u2019\u00e9quipe D3 Sotteville A &#8211; Le Havre B<\/p>\n<h4><a href=\"https:\/\/www.billard-club-sottevillais.com\/?page_id=16054\">Libre R1 T1 \u2013 30 Novembre 2025<\/a><\/h4>\n<p>Le 1\u00e8me tour de Libre R1 \u00e0 La Saussaye et \u00e0 Rouen<\/p>\n<h4><a href=\"https:\/\/www.billard-club-sottevillais.com\/?page_id=16052\">3 Bandes R1 T1 \u2013 30 Novembre 2025<\/a><\/h4>\n<p>Le 1\u00e8me tour de 3 Bandes R1 au Havre<\/p>\n<h4><a href=\"https:\/\/www.billard-club-sottevillais.com\/?page_id=16050\">3 Bandes R2 T1 \u2013 30 Novembre 2025<\/a><\/h4>\n<p>Le 1\u00e8me tour de 3 Bandes R2 \u00e0 Sotteville-l\u00e8s-Rouen<\/p>\n<h4><a href=\"https:\/\/www.billard-club-sottevillais.com\/?page_id=16035\">Equipe PL D3 \u2013 25 Novembre 2025<\/a><\/h4>\n<p>l\u2019\u00e9quipe D3 Sotteville A &#8211; St Nicolas B<\/p>\n<h4><a href=\"https:\/\/www.billard-club-sottevillais.com\/?page_id=16022\">Cadre R T1 \u2013 23 Novembre 2025<\/a><\/h4>\n<p>Le 1\u00e8me tour de Cadre R \u00e0 Sotteville-l\u00e8s-Rouen<\/p>\n<h4><a href=\"https:\/\/www.billard-club-sottevillais.com\/?page_id=16016\">Cadre N3 T2 \u2013 23 Novembre 2025<\/a><\/h4>\n<p>Le 2\u00e8me tour de Cadre N3 \u00e0 La Saussaye<\/p>\n<h4><a href=\"https:\/\/www.billard-club-sottevillais.com\/?page_id=15998\">Equipe JDS F4 \u2013 22 Novembre 2025<\/a><\/h4>\n<p>l\u2019\u00e9quipe JDS F4\u00a0 Sotteville &#8211; Rouen<\/p>\n<h4><a href=\"https:\/\/www.billard-club-sottevillais.com\/?page_id=15988\">Equipe PL D5 \u2013 18 Novembre 2025<\/a><\/h4>\n<p>l\u2019\u00e9quipe D5 Sotteville B &#8211; Cormelles<\/p>\n<h4><a href=\"https:\/\/www.billard-club-sottevillais.com\/?page_id=15958\">Libre R4 T1 \u2013 9 Novembre 2025<\/a><\/h4>\n<p>Le 1er tour de Libre R4 \u00e0 Cany, Oissel et Rouen<\/p>\n<h4><a href=\"https:\/\/www.billard-club-sottevillais.com\/?page_id=15954\">Libre N3 T2 \u2013 9 Novembre 2025<\/a><\/h4>\n<p>Le 2\u00e8me tour de Libre N3 \u00e0 Sotteville<\/p>\n<h4><a href=\"https:\/\/www.billard-club-sottevillais.com\/?page_id=15937\">Bande R2 T1 &#8211; 2 Novembre 2025<\/a><\/h4>\n<p>Le 1er tour de Bande R2 \u00e0 Sotteville<\/p>\n<h4><a href=\"https:\/\/www.billard-club-sottevillais.com\/?page_id=15927\">Bande R1 T1 &#8211; 2 Novembre 2025<\/a><\/h4>\n<p>Le 1er tour de Bande R1 \u00e0 St Nicolas d&rsquo;Aliermont<\/p>\n<h4><a href=\"https:\/\/www.billard-club-sottevillais.com\/?page_id=15943\">Equipe PL D5 \u2013 28 Octobre 2025<\/a><\/h4>\n<p>l\u2019\u00e9quipe D5 Argences A \u2013 Sotteville B<\/p>\n<h4><a href=\"https:\/\/www.billard-club-sottevillais.com\/?page_id=15905\">5 Quilles T1 &#8211; 26 Octobre 2025<\/a><\/h4>\n<p>Le 1er tour de 5 Quilles \u00e0 Sotteville<\/p>\n<h4><a href=\"https:\/\/www.billard-club-sottevillais.com\/?page_id=15899\">Equipe PL D3 \u2013 21 Octobre 2025<\/a><\/h4>\n<p>l\u2019\u00e9quipe D5 Pacy B \u2013 Sotteville A<\/p>\n<h4><a href=\"https:\/\/www.billard-club-sottevillais.com\/?page_id=15889\">Equipe PL D5 \u2013 21 Octobre 2025<\/a><\/h4>\n<p>l\u2019\u00e9quipe D5 Cany C \u2013 Sotteville B<\/p>\n<h4><a href=\"https:\/\/www.billard-club-sottevillais.com\/?page_id=15878\">Libre N3 T1 \u2013 19 Octobre 2025<\/a><\/h4>\n<p>Le 1er tour de Libre N3 \u00e0 Louviers<\/p>\n<h4><a href=\"https:\/\/www.billard-club-sottevillais.com\/?page_id=15860\">Cadre N3 T1 \u2013 12 Octobre 2025<\/a><\/h4>\n<p>Le 1er tour de Cadre N3 \u00e0 Pacy-sur-eure<\/p>\n<h4><a href=\"http:\/\/billardcf.cluster010.ovh.net\/?page_id=7193\">Archives comp\u00e9tition<\/a><\/h4>\n<h4>\u00a0<\/h4>\n\n\n<p><\/p>\n","protected":false},"excerpt":{"rendered":"<p>R\u00e9sultats des Comp\u00e9titions, vous trouverez ici toutes les informations concernant\u00a0les rencontres sportives auxquelles participe le Billard Club Sottevillais.<\/p>\n","protected":false},"author":3,"featured_media":0,"parent":0,"menu_order":0,"comment_status":"closed","ping_status":"closed","template":"","meta":{"footnotes":""},"class_list":["post-14916","page","type-page","status-publish","hentry"],"_links":{"self":[{"href":"http:\/\/www.billard-club-sottevillais.com\/index.php?rest_route=\/wp\/v2\/pages\/14916","targetHints":{"allow":["GET"]}}],"collection":[{"href":"http:\/\/www.billard-club-sottevillais.com\/index.php?rest_route=\/wp\/v2\/pages"}],"about":[{"href":"http:\/\/www.billard-club-sottevillais.com\/index.php?rest_route=\/wp\/v2\/types\/page"}],"author":[{"embeddable":true,"href":"http:\/\/www.billard-club-sottevillais.com\/index.php?rest_route=\/wp\/v2\/users\/3"}],"replies":[{"embeddable":true,"href":"http:\/\/www.billard-club-sottevillais.com\/index.php?rest_route=%2Fwp%2Fv2%2Fcomments&post=14916"}],"version-history":[{"count":134,"href":"http:\/\/www.billard-club-sottevillais.com\/index.php?rest_route=\/wp\/v2\/pages\/14916\/revisions"}],"predecessor-version":[{"id":16634,"href":"http:\/\/www.billard-club-sottevillais.com\/index.php?rest_route=\/wp\/v2\/pages\/14916\/revisions\/16634"}],"wp:attachment":[{"href":"http:\/\/www.billard-club-sottevillais.com\/index.php?rest_route=%2Fwp%2Fv2%2Fmedia&parent=14916"}],"curies":[{"name":"wp","href":"https:\/\/api.w.org\/{rel}","templated":true}]}}