{"id":14789,"date":"2024-06-27T14:51:23","date_gmt":"2024-06-27T14:51:23","guid":{"rendered":"http:\/\/www.billard-club-sottevillais.com\/?page_id=14789"},"modified":"2024-06-27T14:59:13","modified_gmt":"2024-06-27T14:59:13","slug":"assemblee-generale-2024","status":"publish","type":"page","link":"http:\/\/www.billard-club-sottevillais.com\/?page_id=14789","title":{"rendered":"Assembl\u00e9e G\u00e9n\u00e9rale 2024"},"content":{"rendered":"<p style=\"text-align: justify;\">Le 22 juin 2024, le Billard Club Sottevillais a r\u00e9uni son Assembl\u00e9e G\u00e9n\u00e9rale.<\/p>\n<p><img loading=\"lazy\" decoding=\"async\" class=\"aligncenter sizefull wp-image-14791\" title=\"accueil\" src=\"http:\/\/www.billard-club-sottevillais.com\/wp-content\/uploads\/2024\/06\/Accueil.jpg\" alt=\"\" width=\"2058\" height=\"681\" srcset=\"http:\/\/www.billard-club-sottevillais.com\/wp-content\/uploads\/2024\/06\/Accueil.jpg 2058w, http:\/\/www.billard-club-sottevillais.com\/wp-content\/uploads\/2024\/06\/Accueil-300x99.jpg 300w, http:\/\/www.billard-club-sottevillais.com\/wp-content\/uploads\/2024\/06\/Accueil-1024x339.jpg 1024w, http:\/\/www.billard-club-sottevillais.com\/wp-content\/uploads\/2024\/06\/Accueil-768x254.jpg 768w, http:\/\/www.billard-club-sottevillais.com\/wp-content\/uploads\/2024\/06\/Accueil-1536x508.jpg 1536w, http:\/\/www.billard-club-sottevillais.com\/wp-content\/uploads\/2024\/06\/Accueil-2048x678.jpg 2048w\" sizes=\"auto, (max-width: 706px) 89vw, (max-width: 767px) 82vw, 740px\" \/><\/p>\n<p style=\"text-align: justify;\">Au BCS, l&rsquo;AG commence dehors : un caf\u00e9 dans une main, les viennoiseries dans l&rsquo;autre. Ce moment tr\u00e8s appr\u00e9ci\u00e9 de nos adh\u00e9rents permet un \u00e9change bien sympathique avant le d\u00e9but des travaux. En entrant dans la salle, chacun signe la liste d&rsquo;\u00e9margement et re\u00e7oit un dossier complet comprenant l\u2019ensemble des rapports \u00e9tablis pour l\u2019occasion.<br \/>\nA 9h30, avec 31 pr\u00e9sents et 10 pouvoirs notre pr\u00e9sident Bruno Pierrel a ouvert la s\u00e9ance, il a d&rsquo;abord remerci\u00e9 M Laurent Cassard, conseiller municipal qui repr\u00e9sente la Mairie. Il a egalement salu\u00e9 la pr\u00e9sence de C\u00e9dric Legendre Vice-Pr\u00e9sident de la Ligue de Normandie de Billard, puis il a nomm\u00e9 Xavier Sauvage secr\u00e9taire de s\u00e9ance.<\/p>\n<p><img loading=\"lazy\" decoding=\"async\" class=\"aligncenter size-full wp-image-14794\" src=\"http:\/\/www.billard-club-sottevillais.com\/wp-content\/uploads\/2024\/06\/Tribune.jpg\" alt=\"\" width=\"1024\" height=\"368\" srcset=\"http:\/\/www.billard-club-sottevillais.com\/wp-content\/uploads\/2024\/06\/Tribune.jpg 1024w, http:\/\/www.billard-club-sottevillais.com\/wp-content\/uploads\/2024\/06\/Tribune-300x108.jpg 300w, http:\/\/www.billard-club-sottevillais.com\/wp-content\/uploads\/2024\/06\/Tribune-768x276.jpg 768w\" sizes=\"auto, (max-width: 706px) 89vw, (max-width: 767px) 82vw, 740px\" \/><\/p>\n<p><img loading=\"lazy\" decoding=\"async\" class=\"aligncenter size-full wp-image-14792\" src=\"http:\/\/www.billard-club-sottevillais.com\/wp-content\/uploads\/2024\/06\/Salle.jpg\" alt=\"\" width=\"1024\" height=\"367\" srcset=\"http:\/\/www.billard-club-sottevillais.com\/wp-content\/uploads\/2024\/06\/Salle.jpg 1024w, http:\/\/www.billard-club-sottevillais.com\/wp-content\/uploads\/2024\/06\/Salle-300x108.jpg 300w, http:\/\/www.billard-club-sottevillais.com\/wp-content\/uploads\/2024\/06\/Salle-768x275.jpg 768w\" sizes=\"auto, (max-width: 706px) 89vw, (max-width: 767px) 82vw, 740px\" \/><\/p>\n<p style=\"text-align: justify;\">Bruno Pierrel, a ensuite d\u00e9roul\u00e9 l&rsquo;ordre du jour.<br \/>\nEric Violette a pr\u00e9sent\u00e9 le bilan de la tr\u00e9sorerie puis il a longuement expos\u00e9 le budget pr\u00e9visionnel pour la saison 2024\/2025. Tout comme les autres rapports, le budget pr\u00e9visionnel a \u00e9t\u00e9 vot\u00e9 \u00e0 l&rsquo;unanimit\u00e9. Il est l&rsquo;expression de la politique g\u00e9n\u00e9rale du BCS (maintien d\u2019un emploi, entretien de la salle et remplacement des billards poursuite de la formation, indemnisation des arbitres, indemnisation des comp\u00e9titeurs, animations etc.).<br \/>\nLa formation pour la saison \u00e0 venir sera r\u00e9alis\u00e9e par Nathan. Le programme propos\u00e9 \u00e0 l&rsquo;assembl\u00e9e a \u00e9t\u00e9 \u00e9galement adopt\u00e9.<\/p>\n<p>Les personnes qui ont obtenu cette saison le Dipl\u00f4me F\u00e9d\u00e9ral d&rsquo;Aptitude cat\u00e9gorie \u00ab\u00a0argent\u00a0\u00bb se sont vu remettre un dipl\u00f4me sous les applaudissements de la salle.<\/p>\n<p>Au cours de la r\u00e9union, Christophe Delamare Maire adjoint en charge des sports nous a fait le plaisir de sa visite dans un contexte particuli\u00e8rement charg\u00e9, qu&rsquo;il en soit remerci\u00e9.<\/p>\n<p>Bruno a ensuite proc\u00e9d\u00e9 \u00e0 l\u2019\u00e9lection du tiers sortant, tous les candidats ont \u00e9t\u00e9 \u00e9lus \u00e0 l\u2019unanimit\u00e9. L&rsquo;ordre du jour \u00e9tant \u00e9puis\u00e9, Bruno a proclam\u00e9 la cl\u00f4ture de la s\u00e9ance et nous a invit\u00e9 \u00e0 partag\u00e9 le pot de l\u2019amiti\u00e9.<\/p>\n<p><center>[flgallery id=299\/]<\/center><\/p>\n<p style=\"text-align: justify;\">Les adh\u00e9rents qui le souhaitaient se sont ensuite retrouv\u00e9s \u00e0 \u00ab\u00a0La table de Sacha\u00a0\u00bb \u00e0 Grand Quevilly pour d\u00e9guster un repas raffin\u00e9.<\/p>\n<p><center>[flgallery id=300\/]<\/center><img loading=\"lazy\" decoding=\"async\" class=\"aligncenter size-large wp-image-14824\" src=\"http:\/\/www.billard-club-sottevillais.com\/wp-content\/uploads\/2024\/06\/Plats-1024x326.jpg\" alt=\"\" width=\"525\" height=\"167\" srcset=\"http:\/\/www.billard-club-sottevillais.com\/wp-content\/uploads\/2024\/06\/Plats-1024x326.jpg 1024w, http:\/\/www.billard-club-sottevillais.com\/wp-content\/uploads\/2024\/06\/Plats-300x96.jpg 300w, http:\/\/www.billard-club-sottevillais.com\/wp-content\/uploads\/2024\/06\/Plats-768x245.jpg 768w, http:\/\/www.billard-club-sottevillais.com\/wp-content\/uploads\/2024\/06\/Plats-1536x489.jpg 1536w, http:\/\/www.billard-club-sottevillais.com\/wp-content\/uploads\/2024\/06\/Plats-2048x652.jpg 2048w\" sizes=\"auto, (max-width: 525px) 100vw, 525px\" \/><\/p>\n","protected":false},"excerpt":{"rendered":"<p>Le 22 juin 2024, le Billard Club Sottevillais a r\u00e9uni son Assembl\u00e9e G\u00e9n\u00e9rale. Au BCS, l&rsquo;AG commence dehors : un caf\u00e9 dans une main, les viennoiseries dans l&rsquo;autre. Ce moment tr\u00e8s appr\u00e9ci\u00e9 de nos adh\u00e9rents permet un \u00e9change bien sympathique avant le d\u00e9but des travaux. En entrant dans la salle, chacun signe la liste d&rsquo;\u00e9margement &hellip; <\/p>\n<p class=\"link-more\"><a href=\"http:\/\/www.billard-club-sottevillais.com\/?page_id=14789\" class=\"more-link\">Continuer la lecture<span class=\"screen-reader-text\"> de &laquo;&nbsp;Assembl\u00e9e G\u00e9n\u00e9rale 2024&nbsp;&raquo;<\/span><\/a><\/p>\n","protected":false},"author":3,"featured_media":0,"parent":0,"menu_order":0,"comment_status":"closed","ping_status":"closed","template":"","meta":{"footnotes":""},"class_list":["post-14789","page","type-page","status-publish","hentry"],"_links":{"self":[{"href":"http:\/\/www.billard-club-sottevillais.com\/index.php?rest_route=\/wp\/v2\/pages\/14789","targetHints":{"allow":["GET"]}}],"collection":[{"href":"http:\/\/www.billard-club-sottevillais.com\/index.php?rest_route=\/wp\/v2\/pages"}],"about":[{"href":"http:\/\/www.billard-club-sottevillais.com\/index.php?rest_route=\/wp\/v2\/types\/page"}],"author":[{"embeddable":true,"href":"http:\/\/www.billard-club-sottevillais.com\/index.php?rest_route=\/wp\/v2\/users\/3"}],"replies":[{"embeddable":true,"href":"http:\/\/www.billard-club-sottevillais.com\/index.php?rest_route=%2Fwp%2Fv2%2Fcomments&post=14789"}],"version-history":[{"count":35,"href":"http:\/\/www.billard-club-sottevillais.com\/index.php?rest_route=\/wp\/v2\/pages\/14789\/revisions"}],"predecessor-version":[{"id":14830,"href":"http:\/\/www.billard-club-sottevillais.com\/index.php?rest_route=\/wp\/v2\/pages\/14789\/revisions\/14830"}],"wp:attachment":[{"href":"http:\/\/www.billard-club-sottevillais.com\/index.php?rest_route=%2Fwp%2Fv2%2Fmedia&parent=14789"}],"curies":[{"name":"wp","href":"https:\/\/api.w.org\/{rel}","templated":true}]}}