{"id":14770,"date":"2024-05-14T12:25:31","date_gmt":"2024-05-14T12:25:31","guid":{"rendered":"http:\/\/www.billard-club-sottevillais.com\/?page_id=14770"},"modified":"2024-05-14T12:25:31","modified_gmt":"2024-05-14T12:25:31","slug":"soiree-tac-tac-2","status":"publish","type":"page","link":"http:\/\/www.billard-club-sottevillais.com\/?page_id=14770","title":{"rendered":"Soir\u00e9e Tac-Tac"},"content":{"rendered":"<p style=\"text-align: justify;\">Le 3 mai 2024, le Billard Club Sottevillais a organis\u00e9 une soir\u00e9e Tac-Tac. Ce type d&rsquo;animation attire toujours de nombreux joueurs.<br \/>\nLe concept est simple : cinq sets de Tac-Tac en double, \u00e0 chaque set, c\u2019est un nouveau bin\u00f4me qui est cr\u00e9\u00e9. C\u2019est une formule qui permet le brassage des joueurs. Un point est attribu\u00e9 \u00e0 chaque set gagn\u00e9.<br \/>\nIl y avait donc 14 concurrents r\u00e9partis sur quatre billards, pr\u00eats pour enchainer des sets de 20 minutes chacun. Le coup d\u2019envoi a \u00e9t\u00e9 donn\u00e9 vers 18h30.<\/p>\n<h4>Les sets en images<\/h4>\n<p><center>[flgallery id=296\/]<\/center><\/p>\n<p style=\"text-align: justify;\">Ce tournoi amical s\u2019est termin\u00e9 vers 21h00. Le BCS a ensuite offert un pot de l\u2019amiti\u00e9 suivi d\u2019une d\u00e9gustation de pizzas.<\/p>\n<h4>Le repas<\/h4>\n<p><center>[flgallery id=297\/]<\/center><\/p>\n<p style=\"text-align: justify;\">\nComme la pr\u00e9c\u00e9dente fois, c\u2019est Didier Pollet qui \u00e0 assur\u00e9 les tours de jeu ainsi que l\u2019intendance. Un grand merci \u00e0 Didier.<\/p>\n","protected":false},"excerpt":{"rendered":"<p>Le 3 mai 2024, le Billard Club Sottevillais a organis\u00e9 une soir\u00e9e Tac-Tac. Ce type d&rsquo;animation attire toujours de nombreux joueurs. Le concept est simple : cinq sets de Tac-Tac en double, \u00e0 chaque set, c\u2019est un nouveau bin\u00f4me qui est cr\u00e9\u00e9. C\u2019est une formule qui permet le brassage des joueurs. Un point est attribu\u00e9 &hellip; <\/p>\n<p class=\"link-more\"><a href=\"http:\/\/www.billard-club-sottevillais.com\/?page_id=14770\" class=\"more-link\">Continuer la lecture<span class=\"screen-reader-text\"> de &laquo;&nbsp;Soir\u00e9e Tac-Tac&nbsp;&raquo;<\/span><\/a><\/p>\n","protected":false},"author":3,"featured_media":0,"parent":0,"menu_order":0,"comment_status":"closed","ping_status":"closed","template":"","meta":{"footnotes":""},"class_list":["post-14770","page","type-page","status-publish","hentry"],"_links":{"self":[{"href":"http:\/\/www.billard-club-sottevillais.com\/index.php?rest_route=\/wp\/v2\/pages\/14770","targetHints":{"allow":["GET"]}}],"collection":[{"href":"http:\/\/www.billard-club-sottevillais.com\/index.php?rest_route=\/wp\/v2\/pages"}],"about":[{"href":"http:\/\/www.billard-club-sottevillais.com\/index.php?rest_route=\/wp\/v2\/types\/page"}],"author":[{"embeddable":true,"href":"http:\/\/www.billard-club-sottevillais.com\/index.php?rest_route=\/wp\/v2\/users\/3"}],"replies":[{"embeddable":true,"href":"http:\/\/www.billard-club-sottevillais.com\/index.php?rest_route=%2Fwp%2Fv2%2Fcomments&post=14770"}],"version-history":[{"count":1,"href":"http:\/\/www.billard-club-sottevillais.com\/index.php?rest_route=\/wp\/v2\/pages\/14770\/revisions"}],"predecessor-version":[{"id":14771,"href":"http:\/\/www.billard-club-sottevillais.com\/index.php?rest_route=\/wp\/v2\/pages\/14770\/revisions\/14771"}],"wp:attachment":[{"href":"http:\/\/www.billard-club-sottevillais.com\/index.php?rest_route=%2Fwp%2Fv2%2Fmedia&parent=14770"}],"curies":[{"name":"wp","href":"https:\/\/api.w.org\/{rel}","templated":true}]}}