{"id":14737,"date":"2024-04-21T17:29:44","date_gmt":"2024-04-21T17:29:44","guid":{"rendered":"http:\/\/www.billard-club-sottevillais.com\/?page_id=14737"},"modified":"2024-04-21T17:29:44","modified_gmt":"2024-04-21T17:29:44","slug":"libre-r3-finale-departementale-21-avril-2024","status":"publish","type":"page","link":"http:\/\/www.billard-club-sottevillais.com\/?page_id=14737","title":{"rendered":"Libre R3 Finale d\u00e9partementale &#8211; 21 Avril 2024"},"content":{"rendered":"<p style=\"text-align: justify;\">R\u00e9sultats des Tournois, vous trouverez ici toutes les informations concernant les rencontres sportives auxquelles participe le Billard Club Sottevillais.<\/p>\n<p style=\"text-align: center;\"><!--more--><\/p>\n<p><img loading=\"lazy\" decoding=\"async\" class=\"aligncenter size-full wp-image-59\" title=\"sport\" src=\"http:\/\/billardcf.cluster010.ovh.net\/wp-content\/uploads\/2011\/07\/sport.jpg\" alt=\"\" width=\"231\" height=\"116\" \/><\/p>\n<h2><\/h2>\n<p style=\"text-align: justify;\">La finale d\u00e9partementale de Libre R3 s&rsquo;est d\u00e9roul\u00e9e le 21 Avril 2024 \u00e0 Sotteville-l\u00e8s-Rouen. Alain Rachet repr\u00e9sentait le BCS pour cette finale \u00e0 6 joueurs.<\/p>\n<p>Alain avec 2 victoires et 3 d\u00e9faites prend la 5\u00e8me place.<\/p>\n<p style=\"text-align: justify;\">\u00a0Gilles Cuvier de Cany-Barville finit 1er. Il est\u00a0 champion d\u00e9partemental.<\/p>\n<p style=\"text-align: center;\"><img loading=\"lazy\" decoding=\"async\" class=\"aligncenter wp-image-14739\" src=\"http:\/\/www.billard-club-sottevillais.com\/wp-content\/uploads\/2024\/04\/FM_Finale-Comite_LIBRE-R3_21-04-2024_SOTTEVILLE-1024x724.jpg\" alt=\"\" width=\"750\" height=\"530\" srcset=\"http:\/\/www.billard-club-sottevillais.com\/wp-content\/uploads\/2024\/04\/FM_Finale-Comite_LIBRE-R3_21-04-2024_SOTTEVILLE-1024x724.jpg 1024w, http:\/\/www.billard-club-sottevillais.com\/wp-content\/uploads\/2024\/04\/FM_Finale-Comite_LIBRE-R3_21-04-2024_SOTTEVILLE-300x212.jpg 300w, http:\/\/www.billard-club-sottevillais.com\/wp-content\/uploads\/2024\/04\/FM_Finale-Comite_LIBRE-R3_21-04-2024_SOTTEVILLE-768x543.jpg 768w, http:\/\/www.billard-club-sottevillais.com\/wp-content\/uploads\/2024\/04\/FM_Finale-Comite_LIBRE-R3_21-04-2024_SOTTEVILLE-1536x1086.jpg 1536w, http:\/\/www.billard-club-sottevillais.com\/wp-content\/uploads\/2024\/04\/FM_Finale-Comite_LIBRE-R3_21-04-2024_SOTTEVILLE-rotated.jpg 1754w\" sizes=\"auto, (max-width: 706px) 89vw, (max-width: 767px) 82vw, 740px\" \/><\/p>\n<h4 style=\"padding-left: 30px;\">Le Pdf ici : <a href=\"http:\/\/www.billard-club-sottevillais.com\/wp-content\/uploads\/2024\/04\/FM_Finale-Comite_LIBRE-R3_21-04-2024_SOTTEVILLE.pdf\">FM_Finale Comit\u00e9_LIBRE R3_21-04-2024_SOTTEVILLE<\/a><\/h4>\n","protected":false},"excerpt":{"rendered":"<p>R\u00e9sultats des Tournois, vous trouverez ici toutes les informations concernant les rencontres sportives auxquelles participe le Billard Club Sottevillais.<\/p>\n","protected":false},"author":7,"featured_media":0,"parent":0,"menu_order":0,"comment_status":"closed","ping_status":"closed","template":"","meta":{"footnotes":""},"class_list":["post-14737","page","type-page","status-publish","hentry"],"_links":{"self":[{"href":"http:\/\/www.billard-club-sottevillais.com\/index.php?rest_route=\/wp\/v2\/pages\/14737","targetHints":{"allow":["GET"]}}],"collection":[{"href":"http:\/\/www.billard-club-sottevillais.com\/index.php?rest_route=\/wp\/v2\/pages"}],"about":[{"href":"http:\/\/www.billard-club-sottevillais.com\/index.php?rest_route=\/wp\/v2\/types\/page"}],"author":[{"embeddable":true,"href":"http:\/\/www.billard-club-sottevillais.com\/index.php?rest_route=\/wp\/v2\/users\/7"}],"replies":[{"embeddable":true,"href":"http:\/\/www.billard-club-sottevillais.com\/index.php?rest_route=%2Fwp%2Fv2%2Fcomments&post=14737"}],"version-history":[{"count":1,"href":"http:\/\/www.billard-club-sottevillais.com\/index.php?rest_route=\/wp\/v2\/pages\/14737\/revisions"}],"predecessor-version":[{"id":14740,"href":"http:\/\/www.billard-club-sottevillais.com\/index.php?rest_route=\/wp\/v2\/pages\/14737\/revisions\/14740"}],"wp:attachment":[{"href":"http:\/\/www.billard-club-sottevillais.com\/index.php?rest_route=%2Fwp%2Fv2%2Fmedia&parent=14737"}],"curies":[{"name":"wp","href":"https:\/\/api.w.org\/{rel}","templated":true}]}}