{"id":14723,"date":"2024-04-14T16:52:07","date_gmt":"2024-04-14T16:52:07","guid":{"rendered":"http:\/\/www.billard-club-sottevillais.com\/?page_id=14723"},"modified":"2024-04-14T16:52:07","modified_gmt":"2024-04-14T16:52:07","slug":"3-bandes-r1-t3-14-avril-2024","status":"publish","type":"page","link":"http:\/\/www.billard-club-sottevillais.com\/?page_id=14723","title":{"rendered":"3 Bandes R1 T3 &#8211; 14 Avril 2024"},"content":{"rendered":"<p style=\"text-align: justify;\">R\u00e9sultats des Tournois, vous trouverez ici toutes les informations concernant les rencontres sportives auxquelles participe le Billard Club Sottevillais.<\/p>\n<p style=\"text-align: center;\"><!--more--><img loading=\"lazy\" decoding=\"async\" class=\"aligncenter size-full wp-image-59\" title=\"sport\" src=\"http:\/\/billardcf.cluster010.ovh.net\/wp-content\/uploads\/2011\/07\/sport.jpg\" alt=\"\" width=\"231\" height=\"116\" \/><\/p>\n<p style=\"text-align: left;\">Le 3\u00e8me tour de 3 bandes R1 s&rsquo;est d\u00e9roul\u00e9 le 14 Avril 2024 \u00e0 St Nicolas d&rsquo;Aliermont. Pascal Ippolito repr\u00e9sentait le BCS.<\/p>\n<p style=\"text-align: left;\">Pascal avec 4 d\u00e9faites et un match nul, il termine 6\u00e8me.<\/p>\n<p style=\"text-align: left;\">Regis Tablot de Cany finit 1er.<\/p>\n<p style=\"text-align: center;\"><img loading=\"lazy\" decoding=\"async\" class=\"aligncenter wp-image-14725\" src=\"http:\/\/www.billard-club-sottevillais.com\/wp-content\/uploads\/2024\/04\/3B-T3-14.04.2024-1024x724.jpg\" alt=\"\" width=\"750\" height=\"530\" srcset=\"http:\/\/www.billard-club-sottevillais.com\/wp-content\/uploads\/2024\/04\/3B-T3-14.04.2024-1024x724.jpg 1024w, http:\/\/www.billard-club-sottevillais.com\/wp-content\/uploads\/2024\/04\/3B-T3-14.04.2024-300x212.jpg 300w, http:\/\/www.billard-club-sottevillais.com\/wp-content\/uploads\/2024\/04\/3B-T3-14.04.2024-768x543.jpg 768w, http:\/\/www.billard-club-sottevillais.com\/wp-content\/uploads\/2024\/04\/3B-T3-14.04.2024-1536x1086.jpg 1536w, http:\/\/www.billard-club-sottevillais.com\/wp-content\/uploads\/2024\/04\/3B-T3-14.04.2024-rotated.jpg 1754w\" sizes=\"auto, (max-width: 706px) 89vw, (max-width: 767px) 82vw, 740px\" \/><br \/>\nLe pdf ici : <a href=\"http:\/\/www.billard-club-sottevillais.com\/wp-content\/uploads\/2024\/04\/3B-T3-14.04.2024.pdf\" data-wplink-edit=\"true\">3B T3 14.04.2024<\/a><\/p>\n","protected":false},"excerpt":{"rendered":"<p>R\u00e9sultats des Tournois, vous trouverez ici toutes les informations concernant les rencontres sportives auxquelles participe le Billard Club Sottevillais.<\/p>\n","protected":false},"author":7,"featured_media":0,"parent":0,"menu_order":0,"comment_status":"closed","ping_status":"closed","template":"","meta":{"footnotes":""},"class_list":["post-14723","page","type-page","status-publish","hentry"],"_links":{"self":[{"href":"http:\/\/www.billard-club-sottevillais.com\/index.php?rest_route=\/wp\/v2\/pages\/14723","targetHints":{"allow":["GET"]}}],"collection":[{"href":"http:\/\/www.billard-club-sottevillais.com\/index.php?rest_route=\/wp\/v2\/pages"}],"about":[{"href":"http:\/\/www.billard-club-sottevillais.com\/index.php?rest_route=\/wp\/v2\/types\/page"}],"author":[{"embeddable":true,"href":"http:\/\/www.billard-club-sottevillais.com\/index.php?rest_route=\/wp\/v2\/users\/7"}],"replies":[{"embeddable":true,"href":"http:\/\/www.billard-club-sottevillais.com\/index.php?rest_route=%2Fwp%2Fv2%2Fcomments&post=14723"}],"version-history":[{"count":1,"href":"http:\/\/www.billard-club-sottevillais.com\/index.php?rest_route=\/wp\/v2\/pages\/14723\/revisions"}],"predecessor-version":[{"id":14726,"href":"http:\/\/www.billard-club-sottevillais.com\/index.php?rest_route=\/wp\/v2\/pages\/14723\/revisions\/14726"}],"wp:attachment":[{"href":"http:\/\/www.billard-club-sottevillais.com\/index.php?rest_route=%2Fwp%2Fv2%2Fmedia&parent=14723"}],"curies":[{"name":"wp","href":"https:\/\/api.w.org\/{rel}","templated":true}]}}