{"id":14715,"date":"2024-04-13T20:17:52","date_gmt":"2024-04-13T20:17:52","guid":{"rendered":"http:\/\/www.billard-club-sottevillais.com\/?page_id=14715"},"modified":"2024-04-13T20:18:41","modified_gmt":"2024-04-13T20:18:41","slug":"3-bandes-n3-t3-13-avril-2024","status":"publish","type":"page","link":"http:\/\/www.billard-club-sottevillais.com\/?page_id=14715","title":{"rendered":"3 Bandes N3 T3 &#8211; 13 Avril 2024"},"content":{"rendered":"<p style=\"text-align: justify;\">R\u00e9sultats des Tournois, vous trouverez ici toutes les informations concernant les rencontres sportives auxquelles participe le Billard Club Sottevillais.<\/p>\n<p style=\"text-align: center;\"><!--more--><img loading=\"lazy\" decoding=\"async\" class=\"aligncenter size-full wp-image-59\" title=\"sport\" src=\"http:\/\/billardcf.cluster010.ovh.net\/wp-content\/uploads\/2011\/07\/sport.jpg\" alt=\"\" width=\"231\" height=\"116\" \/><\/p>\n<p style=\"text-align: justify;\">Le 3\u00e8me tour de 3 Bandes N3 s&rsquo;est d\u00e9roul\u00e9 le samedi 13 Avril 2024. Les joueurs de N3 \u00e9taient repartis en 3 poules. Tous les joueurs d&rsquo;une m\u00eame poule se rencontrent. Raymond Faisant et Christian Ponthieux repr\u00e9sentaient le club \u00e0 Louviers dans un tour \u00e0 5.<\/p>\n<p>Christian termine 3\u00e8me avec 2 victoires dont une bonifi\u00e9. Raymond prend la 2\u00e8me place avec 3 victoires dont une bonifi\u00e9e. Marcel Gillot de Louviers termine 1er.<\/p>\n<p><img loading=\"lazy\" decoding=\"async\" class=\"aligncenter wp-image-14716\" src=\"http:\/\/www.billard-club-sottevillais.com\/wp-content\/uploads\/2024\/04\/T3-3BANDE-N3-13-04-2024-1024x724.jpg\" alt=\"\" width=\"750\" height=\"530\" srcset=\"http:\/\/www.billard-club-sottevillais.com\/wp-content\/uploads\/2024\/04\/T3-3BANDE-N3-13-04-2024-1024x724.jpg 1024w, http:\/\/www.billard-club-sottevillais.com\/wp-content\/uploads\/2024\/04\/T3-3BANDE-N3-13-04-2024-300x212.jpg 300w, http:\/\/www.billard-club-sottevillais.com\/wp-content\/uploads\/2024\/04\/T3-3BANDE-N3-13-04-2024-768x543.jpg 768w, http:\/\/www.billard-club-sottevillais.com\/wp-content\/uploads\/2024\/04\/T3-3BANDE-N3-13-04-2024-1536x1086.jpg 1536w, http:\/\/www.billard-club-sottevillais.com\/wp-content\/uploads\/2024\/04\/T3-3BANDE-N3-13-04-2024-rotated.jpg 1754w\" sizes=\"auto, (max-width: 706px) 89vw, (max-width: 767px) 82vw, 740px\" \/><\/p>\n<h4 style=\"padding-left: 30px;\">Le pdf ici :<a href=\"http:\/\/www.billard-club-sottevillais.com\/wp-content\/uploads\/2024\/04\/T3-3BANDE-N3-13-04-2024.pdf\">T3 3BANDE N3 13-04-2024<\/a><\/h4>\n","protected":false},"excerpt":{"rendered":"<p>R\u00e9sultats des Tournois, vous trouverez ici toutes les informations concernant les rencontres sportives auxquelles participe le Billard Club Sottevillais.<\/p>\n","protected":false},"author":7,"featured_media":0,"parent":0,"menu_order":0,"comment_status":"closed","ping_status":"closed","template":"","meta":{"footnotes":""},"class_list":["post-14715","page","type-page","status-publish","hentry"],"_links":{"self":[{"href":"http:\/\/www.billard-club-sottevillais.com\/index.php?rest_route=\/wp\/v2\/pages\/14715","targetHints":{"allow":["GET"]}}],"collection":[{"href":"http:\/\/www.billard-club-sottevillais.com\/index.php?rest_route=\/wp\/v2\/pages"}],"about":[{"href":"http:\/\/www.billard-club-sottevillais.com\/index.php?rest_route=\/wp\/v2\/types\/page"}],"author":[{"embeddable":true,"href":"http:\/\/www.billard-club-sottevillais.com\/index.php?rest_route=\/wp\/v2\/users\/7"}],"replies":[{"embeddable":true,"href":"http:\/\/www.billard-club-sottevillais.com\/index.php?rest_route=%2Fwp%2Fv2%2Fcomments&post=14715"}],"version-history":[{"count":2,"href":"http:\/\/www.billard-club-sottevillais.com\/index.php?rest_route=\/wp\/v2\/pages\/14715\/revisions"}],"predecessor-version":[{"id":14719,"href":"http:\/\/www.billard-club-sottevillais.com\/index.php?rest_route=\/wp\/v2\/pages\/14715\/revisions\/14719"}],"wp:attachment":[{"href":"http:\/\/www.billard-club-sottevillais.com\/index.php?rest_route=%2Fwp%2Fv2%2Fmedia&parent=14715"}],"curies":[{"name":"wp","href":"https:\/\/api.w.org\/{rel}","templated":true}]}}