{"id":14706,"date":"2024-04-07T17:07:58","date_gmt":"2024-04-07T17:07:58","guid":{"rendered":"http:\/\/www.billard-club-sottevillais.com\/?page_id=14706"},"modified":"2024-04-07T17:07:58","modified_gmt":"2024-04-07T17:07:58","slug":"4-billes-t3-06-avril-2024","status":"publish","type":"page","link":"http:\/\/www.billard-club-sottevillais.com\/?page_id=14706","title":{"rendered":"4 Billes T3 &#8211; 06 Avril 2024"},"content":{"rendered":"<p style=\"text-align: justify;\">R\u00e9sultats des Tournois, vous trouverez ici toutes les informations concernant les rencontres sportives auxquelles participe le Billard Club Sottevillais.<\/p>\n<p style=\"text-align: center;\"><!--more--><img loading=\"lazy\" decoding=\"async\" class=\"aligncenter size-full wp-image-59\" title=\"sport\" src=\"http:\/\/billardcf.cluster010.ovh.net\/wp-content\/uploads\/2011\/07\/sport.jpg\" alt=\"\" width=\"231\" height=\"116\" \/><\/p>\n<p style=\"text-align: justify;\">Le 6 avril 2024, a lieu le 3\u00e8me tour de 4 Billes. Le 4 Billes est repartit en deux cat\u00e9gories R1 et R2. Marc Goudard jouait \u00e0 Bernay pendant que Dominique Langlois repr\u00e9sentaient le BCS \u00e0 Oissel.<\/p>\n<p>A Bernay, Marc gagne 3 matchs avec 2 pts de bonus. Il finit 2\u00e8me derri\u00e8re Eric Reichstadt de Bernay.<\/p>\n<p style=\"text-align: justify;\">A Oissel, Dominque perd ses 5 matchs, il termine 6\u00e8me. Tristan Malerba de Oissel remporte ce tour<\/p>\n<p><em>A Bernay,<\/em><\/p>\n<p style=\"text-align: center;\"><img loading=\"lazy\" decoding=\"async\" class=\"aligncenter wp-image-14707\" src=\"http:\/\/www.billard-club-sottevillais.com\/wp-content\/uploads\/2024\/04\/FM-T3-4-BILLES-R2-BERNAY-1024x724.jpg\" alt=\"\" width=\"750\" height=\"530\" srcset=\"http:\/\/www.billard-club-sottevillais.com\/wp-content\/uploads\/2024\/04\/FM-T3-4-BILLES-R2-BERNAY-1024x724.jpg 1024w, http:\/\/www.billard-club-sottevillais.com\/wp-content\/uploads\/2024\/04\/FM-T3-4-BILLES-R2-BERNAY-300x212.jpg 300w, http:\/\/www.billard-club-sottevillais.com\/wp-content\/uploads\/2024\/04\/FM-T3-4-BILLES-R2-BERNAY-768x543.jpg 768w, http:\/\/www.billard-club-sottevillais.com\/wp-content\/uploads\/2024\/04\/FM-T3-4-BILLES-R2-BERNAY-1536x1086.jpg 1536w, http:\/\/www.billard-club-sottevillais.com\/wp-content\/uploads\/2024\/04\/FM-T3-4-BILLES-R2-BERNAY-rotated.jpg 1754w\" sizes=\"auto, (max-width: 706px) 89vw, (max-width: 767px) 82vw, 740px\" \/><\/p>\n<p><em>A Oissel,<\/em><\/p>\n<p><img loading=\"lazy\" decoding=\"async\" class=\"aligncenter wp-image-14710\" src=\"http:\/\/www.billard-club-sottevillais.com\/wp-content\/uploads\/2024\/04\/FM-T3-4-BILLES-R2-OISSEL-1024x724.jpg\" alt=\"\" width=\"750\" height=\"530\" srcset=\"http:\/\/www.billard-club-sottevillais.com\/wp-content\/uploads\/2024\/04\/FM-T3-4-BILLES-R2-OISSEL-1024x724.jpg 1024w, http:\/\/www.billard-club-sottevillais.com\/wp-content\/uploads\/2024\/04\/FM-T3-4-BILLES-R2-OISSEL-300x212.jpg 300w, http:\/\/www.billard-club-sottevillais.com\/wp-content\/uploads\/2024\/04\/FM-T3-4-BILLES-R2-OISSEL-768x543.jpg 768w, http:\/\/www.billard-club-sottevillais.com\/wp-content\/uploads\/2024\/04\/FM-T3-4-BILLES-R2-OISSEL-1536x1086.jpg 1536w, http:\/\/www.billard-club-sottevillais.com\/wp-content\/uploads\/2024\/04\/FM-T3-4-BILLES-R2-OISSEL-rotated.jpg 1754w\" sizes=\"auto, (max-width: 706px) 89vw, (max-width: 767px) 82vw, 740px\" \/><\/p>\n<p>\u00a0<\/p>\n<p style=\"text-align: center;\"><strong>Le pdf ici : <\/strong><a href=\"http:\/\/www.billard-club-sottevillais.com\/wp-content\/uploads\/2024\/04\/FM-T3-4-BILLES-R2-BERNAY.pdf\">FM T3 4 BILLES R2 BERNAY<\/a><\/p>\n<p style=\"text-align: center;\"><strong>Le pdf ici : <\/strong><a href=\"http:\/\/www.billard-club-sottevillais.com\/wp-content\/uploads\/2024\/04\/FM-T3-4-BILLES-R2-OISSEL.pdf\">FM T3 4 BILLES R2 OISSEL<\/a><\/p>\n\n\n<p><\/p>\n","protected":false},"excerpt":{"rendered":"<p>R\u00e9sultats des Tournois, vous trouverez ici toutes les informations concernant les rencontres sportives auxquelles participe le Billard Club Sottevillais.<\/p>\n","protected":false},"author":7,"featured_media":0,"parent":0,"menu_order":0,"comment_status":"closed","ping_status":"closed","template":"","meta":{"footnotes":""},"class_list":["post-14706","page","type-page","status-publish","hentry"],"_links":{"self":[{"href":"http:\/\/www.billard-club-sottevillais.com\/index.php?rest_route=\/wp\/v2\/pages\/14706","targetHints":{"allow":["GET"]}}],"collection":[{"href":"http:\/\/www.billard-club-sottevillais.com\/index.php?rest_route=\/wp\/v2\/pages"}],"about":[{"href":"http:\/\/www.billard-club-sottevillais.com\/index.php?rest_route=\/wp\/v2\/types\/page"}],"author":[{"embeddable":true,"href":"http:\/\/www.billard-club-sottevillais.com\/index.php?rest_route=\/wp\/v2\/users\/7"}],"replies":[{"embeddable":true,"href":"http:\/\/www.billard-club-sottevillais.com\/index.php?rest_route=%2Fwp%2Fv2%2Fcomments&post=14706"}],"version-history":[{"count":1,"href":"http:\/\/www.billard-club-sottevillais.com\/index.php?rest_route=\/wp\/v2\/pages\/14706\/revisions"}],"predecessor-version":[{"id":14711,"href":"http:\/\/www.billard-club-sottevillais.com\/index.php?rest_route=\/wp\/v2\/pages\/14706\/revisions\/14711"}],"wp:attachment":[{"href":"http:\/\/www.billard-club-sottevillais.com\/index.php?rest_route=%2Fwp%2Fv2%2Fmedia&parent=14706"}],"curies":[{"name":"wp","href":"https:\/\/api.w.org\/{rel}","templated":true}]}}