{"id":14657,"date":"2024-03-25T14:38:08","date_gmt":"2024-03-25T14:38:08","guid":{"rendered":"http:\/\/www.billard-club-sottevillais.com\/?page_id=14657"},"modified":"2024-03-25T14:38:08","modified_gmt":"2024-03-25T14:38:08","slug":"visite-du-pacific-vapeur-club","status":"publish","type":"page","link":"http:\/\/www.billard-club-sottevillais.com\/?page_id=14657","title":{"rendered":"Visite du Pacific Vapeur Club"},"content":{"rendered":"<p style=\"text-align: justify;\">le Billard Club Sottevillais a propos\u00e9 \u00e0 ses adh\u00e9rents une visite du Pacific Vapeur Club \u00e0 Sotteville. Une quinzaine de personnes a r\u00e9pondu pr\u00e9sent le 22 mars 2024.<\/p>\n<p>Nous connaissons tous Alain Rachet pour son implication dans la vie du BCS, l\u00e0 nous avons d\u00e9couvert un autre Alain, un passionn\u00e9 de traction \u00e0 vapeur. Membre du PVC de la premi\u00e8re heure, Alain est actuellement le seul \u00ab\u00a0m\u00e9canicien\u00a0\u00bb habilit\u00e9 \u00e0 conduire la Pacific 231 de son association, la G558.<\/p>\n<p><a href=\"http:\/\/www.billard-club-sottevillais.com\/wp-content\/uploads\/2024\/03\/20240322_120536.jpg\"><img loading=\"lazy\" decoding=\"async\" class=\"aligncenter size-full wp-image-14670\" src=\"http:\/\/www.billard-club-sottevillais.com\/wp-content\/uploads\/2024\/03\/20240322_120536.jpg\" alt=\"\" width=\"1024\" height=\"576\" srcset=\"http:\/\/www.billard-club-sottevillais.com\/wp-content\/uploads\/2024\/03\/20240322_120536.jpg 1024w, http:\/\/www.billard-club-sottevillais.com\/wp-content\/uploads\/2024\/03\/20240322_120536-300x169.jpg 300w, http:\/\/www.billard-club-sottevillais.com\/wp-content\/uploads\/2024\/03\/20240322_120536-768x432.jpg 768w\" sizes=\"auto, (max-width: 706px) 89vw, (max-width: 767px) 82vw, 740px\" \/><\/a><\/p>\n<p>Alain nous a pris en charge pendant deux heures. Dans un premier temps il nous a install\u00e9 dans une voiture bar de train Corail pour nous pr\u00e9senter le Pacific Vapeur Club puis la locomotive \u00ab\u00a0Pacific 231\u00a0\u00bb G558 et ses voitures de transport de passagers. Dans un second temps, nous avons visit\u00e9 l&rsquo;atelier dans lequel la 231 est bichonn\u00e9e.<\/p>\n<p><a href=\"http:\/\/www.billard-club-sottevillais.com\/wp-content\/uploads\/2024\/03\/20240322_114236.jpg\"><img loading=\"lazy\" decoding=\"async\" class=\"aligncenter size-full wp-image-14668\" src=\"http:\/\/www.billard-club-sottevillais.com\/wp-content\/uploads\/2024\/03\/20240322_114236.jpg\" alt=\"\" width=\"1024\" height=\"576\" srcset=\"http:\/\/www.billard-club-sottevillais.com\/wp-content\/uploads\/2024\/03\/20240322_114236.jpg 1024w, http:\/\/www.billard-club-sottevillais.com\/wp-content\/uploads\/2024\/03\/20240322_114236-300x169.jpg 300w, http:\/\/www.billard-club-sottevillais.com\/wp-content\/uploads\/2024\/03\/20240322_114236-768x432.jpg 768w\" sizes=\"auto, (max-width: 706px) 89vw, (max-width: 767px) 82vw, 740px\" \/><\/a><\/p>\n<p>C&rsquo;est assez exceptionnel de voir une locomotive enti\u00e8rement d\u00e9mont\u00e9e. En gros il reste le ch\u00e2ssis : plus d&rsquo;essieux, plus de bielles et surtout plus de chaudi\u00e8re.<\/p>\n<p>Outre la visite d\u00e9taill\u00e9e de la machine, Alain nous a expos\u00e9 son exp\u00e9rience de conduite de cette 231. Il a \u00e9maill\u00e9 son propos d&rsquo;une multitude n&rsquo;anecdotes, toutes passionnantes.<\/p>\n<p>Gr\u00e2ce \u00e0 Alain nous avons replong\u00e9 dans un pass\u00e9 de pr\u00e8s de quatre vingts ans.<br \/>\nMerci Alain pour cette visite, tu es intarissable sur ce sujet et terriblement passionnant !<\/p>\n<p><center>[flgallery id=294\/]<\/center>V<\/p>\n","protected":false},"excerpt":{"rendered":"<p>le Billard Club Sottevillais a propos\u00e9 \u00e0 ses adh\u00e9rents une visite du Pacific Vapeur Club \u00e0 Sotteville. Une quinzaine de personnes a r\u00e9pondu pr\u00e9sent le 22 mars 2024. Nous connaissons tous Alain Rachet pour son implication dans la vie du BCS, l\u00e0 nous avons d\u00e9couvert un autre Alain, un passionn\u00e9 de traction \u00e0 vapeur. Membre &hellip; <\/p>\n<p class=\"link-more\"><a href=\"http:\/\/www.billard-club-sottevillais.com\/?page_id=14657\" class=\"more-link\">Continuer la lecture<span class=\"screen-reader-text\"> de &laquo;&nbsp;Visite du Pacific Vapeur Club&nbsp;&raquo;<\/span><\/a><\/p>\n","protected":false},"author":3,"featured_media":0,"parent":0,"menu_order":0,"comment_status":"closed","ping_status":"closed","template":"","meta":{"footnotes":""},"class_list":["post-14657","page","type-page","status-publish","hentry"],"_links":{"self":[{"href":"http:\/\/www.billard-club-sottevillais.com\/index.php?rest_route=\/wp\/v2\/pages\/14657","targetHints":{"allow":["GET"]}}],"collection":[{"href":"http:\/\/www.billard-club-sottevillais.com\/index.php?rest_route=\/wp\/v2\/pages"}],"about":[{"href":"http:\/\/www.billard-club-sottevillais.com\/index.php?rest_route=\/wp\/v2\/types\/page"}],"author":[{"embeddable":true,"href":"http:\/\/www.billard-club-sottevillais.com\/index.php?rest_route=\/wp\/v2\/users\/3"}],"replies":[{"embeddable":true,"href":"http:\/\/www.billard-club-sottevillais.com\/index.php?rest_route=%2Fwp%2Fv2%2Fcomments&post=14657"}],"version-history":[{"count":8,"href":"http:\/\/www.billard-club-sottevillais.com\/index.php?rest_route=\/wp\/v2\/pages\/14657\/revisions"}],"predecessor-version":[{"id":14674,"href":"http:\/\/www.billard-club-sottevillais.com\/index.php?rest_route=\/wp\/v2\/pages\/14657\/revisions\/14674"}],"wp:attachment":[{"href":"http:\/\/www.billard-club-sottevillais.com\/index.php?rest_route=%2Fwp%2Fv2%2Fmedia&parent=14657"}],"curies":[{"name":"wp","href":"https:\/\/api.w.org\/{rel}","templated":true}]}}