{"id":14633,"date":"2024-03-05T07:47:30","date_gmt":"2024-03-05T07:47:30","guid":{"rendered":"http:\/\/www.billard-club-sottevillais.com\/?page_id=14633"},"modified":"2024-03-05T07:47:30","modified_gmt":"2024-03-05T07:47:30","slug":"finale-de-ligue-cadre-42-2-3-mars-2024","status":"publish","type":"page","link":"http:\/\/www.billard-club-sottevillais.com\/?page_id=14633","title":{"rendered":"Finale de Ligue Cadre 42\/2 &#8211; 3 Mars 2024"},"content":{"rendered":"<p style=\"text-align: justify;\">R\u00e9sultats des Tournois, vous trouverez ici toutes les informations concernant les rencontres sportives auxquelles participe le Billard Club Sottevillais.<\/p>\n<p style=\"text-align: center;\"><!--more--><img loading=\"lazy\" decoding=\"async\" class=\"aligncenter size-full wp-image-59\" title=\"sport\" src=\"http:\/\/billardcf.cluster010.ovh.net\/wp-content\/uploads\/2011\/07\/sport.jpg\" alt=\"\" width=\"231\" height=\"116\" \/><\/p>\n<p>La Finale de Normandie au cadre 42\/2 N3 s&rsquo;est d\u00e9roul\u00e9e le 03 Mars 2024 \u00e0 La Saussaye. Jacques Alexandre repr\u00e9sentait le BCS dans une finale \u00e0 4 avec pour distance 120 points ou 20 reprises.<\/p>\n<p>Jacques perd ses 3 matchs, il termine 4\u00e8me.<\/p>\n<p>Jean-Christophe Martin avec 2 victoires et 1 match nul est champion de Normandie.<\/p>\n<p><img loading=\"lazy\" decoding=\"async\" class=\"aligncenter wp-image-14634\" src=\"http:\/\/www.billard-club-sottevillais.com\/wp-content\/uploads\/2024\/03\/FL-Cadre-N3-La-Saussaye-3-3-2024-1024x724.jpg\" alt=\"\" width=\"750\" height=\"530\" srcset=\"http:\/\/www.billard-club-sottevillais.com\/wp-content\/uploads\/2024\/03\/FL-Cadre-N3-La-Saussaye-3-3-2024-1024x724.jpg 1024w, http:\/\/www.billard-club-sottevillais.com\/wp-content\/uploads\/2024\/03\/FL-Cadre-N3-La-Saussaye-3-3-2024-300x212.jpg 300w, http:\/\/www.billard-club-sottevillais.com\/wp-content\/uploads\/2024\/03\/FL-Cadre-N3-La-Saussaye-3-3-2024-768x543.jpg 768w, http:\/\/www.billard-club-sottevillais.com\/wp-content\/uploads\/2024\/03\/FL-Cadre-N3-La-Saussaye-3-3-2024-1536x1086.jpg 1536w, http:\/\/www.billard-club-sottevillais.com\/wp-content\/uploads\/2024\/03\/FL-Cadre-N3-La-Saussaye-3-3-2024-rotated.jpg 1754w\" sizes=\"auto, (max-width: 706px) 89vw, (max-width: 767px) 82vw, 740px\" \/><\/p>\n<p><img loading=\"lazy\" decoding=\"async\" class=\"aligncenter wp-image-14638 size-large\" src=\"http:\/\/www.billard-club-sottevillais.com\/wp-content\/uploads\/2024\/03\/Finalistes-Cadre-N3-2024-2-1024x801.jpg\" alt=\"\" width=\"525\" height=\"411\" srcset=\"http:\/\/www.billard-club-sottevillais.com\/wp-content\/uploads\/2024\/03\/Finalistes-Cadre-N3-2024-2-1024x801.jpg 1024w, http:\/\/www.billard-club-sottevillais.com\/wp-content\/uploads\/2024\/03\/Finalistes-Cadre-N3-2024-2-300x235.jpg 300w, http:\/\/www.billard-club-sottevillais.com\/wp-content\/uploads\/2024\/03\/Finalistes-Cadre-N3-2024-2-768x601.jpg 768w, http:\/\/www.billard-club-sottevillais.com\/wp-content\/uploads\/2024\/03\/Finalistes-Cadre-N3-2024-2-1536x1201.jpg 1536w, http:\/\/www.billard-club-sottevillais.com\/wp-content\/uploads\/2024\/03\/Finalistes-Cadre-N3-2024-2-2048x1602.jpg 2048w\" sizes=\"auto, (max-width: 525px) 100vw, 525px\" \/><\/p>\n<p><strong>Le PDF ici : <a href=\"http:\/\/www.billard-club-sottevillais.com\/wp-content\/uploads\/2024\/03\/FL-Cadre-N3-La-Saussaye-3-3-2024.pdf\">FL Cadre N3 La Saussaye 3-3-2024<\/a><\/strong><\/p>\n","protected":false},"excerpt":{"rendered":"<p>R\u00e9sultats des Tournois, vous trouverez ici toutes les informations concernant les rencontres sportives auxquelles participe le Billard Club Sottevillais.<\/p>\n","protected":false},"author":7,"featured_media":0,"parent":0,"menu_order":0,"comment_status":"closed","ping_status":"closed","template":"","meta":{"footnotes":""},"class_list":["post-14633","page","type-page","status-publish","hentry"],"_links":{"self":[{"href":"http:\/\/www.billard-club-sottevillais.com\/index.php?rest_route=\/wp\/v2\/pages\/14633","targetHints":{"allow":["GET"]}}],"collection":[{"href":"http:\/\/www.billard-club-sottevillais.com\/index.php?rest_route=\/wp\/v2\/pages"}],"about":[{"href":"http:\/\/www.billard-club-sottevillais.com\/index.php?rest_route=\/wp\/v2\/types\/page"}],"author":[{"embeddable":true,"href":"http:\/\/www.billard-club-sottevillais.com\/index.php?rest_route=\/wp\/v2\/users\/7"}],"replies":[{"embeddable":true,"href":"http:\/\/www.billard-club-sottevillais.com\/index.php?rest_route=%2Fwp%2Fv2%2Fcomments&post=14633"}],"version-history":[{"count":1,"href":"http:\/\/www.billard-club-sottevillais.com\/index.php?rest_route=\/wp\/v2\/pages\/14633\/revisions"}],"predecessor-version":[{"id":14639,"href":"http:\/\/www.billard-club-sottevillais.com\/index.php?rest_route=\/wp\/v2\/pages\/14633\/revisions\/14639"}],"wp:attachment":[{"href":"http:\/\/www.billard-club-sottevillais.com\/index.php?rest_route=%2Fwp%2Fv2%2Fmedia&parent=14633"}],"curies":[{"name":"wp","href":"https:\/\/api.w.org\/{rel}","templated":true}]}}