{"id":14618,"date":"2024-03-02T13:51:57","date_gmt":"2024-03-02T13:51:57","guid":{"rendered":"http:\/\/www.billard-club-sottevillais.com\/?page_id=14618"},"modified":"2024-03-02T13:51:57","modified_gmt":"2024-03-02T13:51:57","slug":"libre-n3-t3-25-fevrier-2024","status":"publish","type":"page","link":"http:\/\/www.billard-club-sottevillais.com\/?page_id=14618","title":{"rendered":"Libre N3 T3 &#8211; 25 F\u00e9vrier 2024"},"content":{"rendered":"<p style=\"text-align: justify;\">R\u00e9sultats des Tournois, vous trouverez ici toutes les informations concernant les rencontres sportives auxquelles participe le Billard Club Sottevillais.<\/p>\n<p style=\"text-align: center;\"><!--more--><img loading=\"lazy\" decoding=\"async\" class=\"aligncenter size-full wp-image-59\" title=\"sport\" src=\"http:\/\/billardcf.cluster010.ovh.net\/wp-content\/uploads\/2011\/07\/sport.jpg\" alt=\"\" width=\"231\" height=\"116\" \/><\/p>\n<p style=\"text-align: justify;\">Le 3\u00e8me tour de libre N3 a eu lieu le 25 F\u00e9vrier 2024 \u00e0 St Marcel. Jacques Alexandre representait le BCS dans un tour \u00e0 4.<\/p>\n<p style=\"text-align: justify;\">Jacques gagne 2 matchs sur 3, il prend la 2\u00e8me place derri\u00e8re Cyril Garreau de Louviers.<\/p>\n<p style=\"text-align: justify;\"><em> <img loading=\"lazy\" decoding=\"async\" class=\"aligncenter wp-image-14620\" src=\"http:\/\/www.billard-club-sottevillais.com\/wp-content\/uploads\/2024\/03\/FM-T3-LN3-Poule-A-St-Marcel-25-02-24-1024x724.jpg\" alt=\"\" width=\"750\" height=\"530\" srcset=\"http:\/\/www.billard-club-sottevillais.com\/wp-content\/uploads\/2024\/03\/FM-T3-LN3-Poule-A-St-Marcel-25-02-24-1024x724.jpg 1024w, http:\/\/www.billard-club-sottevillais.com\/wp-content\/uploads\/2024\/03\/FM-T3-LN3-Poule-A-St-Marcel-25-02-24-300x212.jpg 300w, http:\/\/www.billard-club-sottevillais.com\/wp-content\/uploads\/2024\/03\/FM-T3-LN3-Poule-A-St-Marcel-25-02-24-768x543.jpg 768w, http:\/\/www.billard-club-sottevillais.com\/wp-content\/uploads\/2024\/03\/FM-T3-LN3-Poule-A-St-Marcel-25-02-24-1536x1086.jpg 1536w, http:\/\/www.billard-club-sottevillais.com\/wp-content\/uploads\/2024\/03\/FM-T3-LN3-Poule-A-St-Marcel-25-02-24-rotated.jpg 1754w\" sizes=\"auto, (max-width: 706px) 89vw, (max-width: 767px) 82vw, 740px\" \/><br \/>\n<\/em><\/p>\n<h4 style=\"padding-left: 30px;\">Le pdf ici : <em><a href=\"http:\/\/www.billard-club-sottevillais.com\/wp-content\/uploads\/2024\/03\/FM-T3-LN3-Poule-A-St-Marcel-25-02-24-1.pdf\">FM T3 LN3 Poule A St Marcel 25-02-24<\/a><a href=\"http:\/\/www.billard-club-sottevillais.com\/wp-content\/uploads\/2024\/03\/FM-T3-LN3-Poule-A-St-Marcel-25-02-24.pdf\">24<\/a><\/em><\/h4>\n","protected":false},"excerpt":{"rendered":"<p>R\u00e9sultats des Tournois, vous trouverez ici toutes les informations concernant les rencontres sportives auxquelles participe le Billard Club Sottevillais.<\/p>\n","protected":false},"author":7,"featured_media":0,"parent":0,"menu_order":0,"comment_status":"closed","ping_status":"closed","template":"","meta":{"footnotes":""},"class_list":["post-14618","page","type-page","status-publish","hentry"],"_links":{"self":[{"href":"http:\/\/www.billard-club-sottevillais.com\/index.php?rest_route=\/wp\/v2\/pages\/14618","targetHints":{"allow":["GET"]}}],"collection":[{"href":"http:\/\/www.billard-club-sottevillais.com\/index.php?rest_route=\/wp\/v2\/pages"}],"about":[{"href":"http:\/\/www.billard-club-sottevillais.com\/index.php?rest_route=\/wp\/v2\/types\/page"}],"author":[{"embeddable":true,"href":"http:\/\/www.billard-club-sottevillais.com\/index.php?rest_route=\/wp\/v2\/users\/7"}],"replies":[{"embeddable":true,"href":"http:\/\/www.billard-club-sottevillais.com\/index.php?rest_route=%2Fwp%2Fv2%2Fcomments&post=14618"}],"version-history":[{"count":1,"href":"http:\/\/www.billard-club-sottevillais.com\/index.php?rest_route=\/wp\/v2\/pages\/14618\/revisions"}],"predecessor-version":[{"id":14622,"href":"http:\/\/www.billard-club-sottevillais.com\/index.php?rest_route=\/wp\/v2\/pages\/14618\/revisions\/14622"}],"wp:attachment":[{"href":"http:\/\/www.billard-club-sottevillais.com\/index.php?rest_route=%2Fwp%2Fv2%2Fmedia&parent=14618"}],"curies":[{"name":"wp","href":"https:\/\/api.w.org\/{rel}","templated":true}]}}