{"id":14609,"date":"2024-02-25T17:24:31","date_gmt":"2024-02-25T17:24:31","guid":{"rendered":"http:\/\/www.billard-club-sottevillais.com\/?page_id=14609"},"modified":"2024-02-25T17:25:49","modified_gmt":"2024-02-25T17:25:49","slug":"libre-r4-t3-25-fevrier-2024","status":"publish","type":"page","link":"http:\/\/www.billard-club-sottevillais.com\/?page_id=14609","title":{"rendered":"Libre R4 T3 &#8211; 25 F\u00e9vrier 2024"},"content":{"rendered":"<p style=\"text-align: justify;\">R\u00e9sultats des Tournois, vous trouverez ici toutes les informations concernant les rencontres sportives auxquelles participe le Billard Club Sottevillais.<\/p>\n<p style=\"text-align: center;\"><!--more--><img loading=\"lazy\" decoding=\"async\" class=\"aligncenter size-full wp-image-59\" title=\"sport\" src=\"http:\/\/billardcf.cluster010.ovh.net\/wp-content\/uploads\/2011\/07\/sport.jpg\" alt=\"\" width=\"231\" height=\"116\" \/><\/p>\n<p style=\"text-align: justify;\">Le 3\u00e8me tour de libre R4 s&rsquo;est d\u00e9roul\u00e9 le 25 F\u00e9vrier 2024. Xavier Sauvage, Serge Petit et S\u00e9bastien Hid\u00e9e repr\u00e9sentaient le club dans cette cat\u00e9gorie. Xavier et Serge jouaient \u00e0 Cany-Barville pendant que S\u00e9bastien \u00e9tait \u00e0 Rouen.<\/p>\n<p>A Cany, Serge avec 2 victoires dont 1 bonifi\u00e9, finit 3\u00e8me. Xavier, avec 3 victoires dont 2 bonifi\u00e9s finit 1er.<\/p>\n<p>A Rouen, Sebastien fait 1 match nul. Il termine 6\u00e8me. S\u00e9bastien Cadinot de Oissel finit 1er<\/p>\n<p><em>A Cany,<\/em><\/p>\n<p><img loading=\"lazy\" decoding=\"async\" class=\"aligncenter wp-image-14610\" src=\"http:\/\/www.billard-club-sottevillais.com\/wp-content\/uploads\/2024\/02\/T3_LIBRE-R4_25-02-2024_CANY-1024x724.jpg\" alt=\"\" width=\"750\" height=\"530\" srcset=\"http:\/\/www.billard-club-sottevillais.com\/wp-content\/uploads\/2024\/02\/T3_LIBRE-R4_25-02-2024_CANY-1024x724.jpg 1024w, http:\/\/www.billard-club-sottevillais.com\/wp-content\/uploads\/2024\/02\/T3_LIBRE-R4_25-02-2024_CANY-300x212.jpg 300w, http:\/\/www.billard-club-sottevillais.com\/wp-content\/uploads\/2024\/02\/T3_LIBRE-R4_25-02-2024_CANY-768x543.jpg 768w, http:\/\/www.billard-club-sottevillais.com\/wp-content\/uploads\/2024\/02\/T3_LIBRE-R4_25-02-2024_CANY-1536x1086.jpg 1536w, http:\/\/www.billard-club-sottevillais.com\/wp-content\/uploads\/2024\/02\/T3_LIBRE-R4_25-02-2024_CANY-rotated.jpg 1754w\" sizes=\"auto, (max-width: 706px) 89vw, (max-width: 767px) 82vw, 740px\" \/><\/p>\n<p><em>A Rouen,<\/em><\/p>\n<p><img loading=\"lazy\" decoding=\"async\" class=\"aligncenter wp-image-14611\" src=\"http:\/\/www.billard-club-sottevillais.com\/wp-content\/uploads\/2024\/02\/T3_LIBRE_R3_25-02-2024_ROUEN-1024x724.jpg\" alt=\"\" width=\"750\" height=\"530\" srcset=\"http:\/\/www.billard-club-sottevillais.com\/wp-content\/uploads\/2024\/02\/T3_LIBRE_R3_25-02-2024_ROUEN-1024x724.jpg 1024w, http:\/\/www.billard-club-sottevillais.com\/wp-content\/uploads\/2024\/02\/T3_LIBRE_R3_25-02-2024_ROUEN-300x212.jpg 300w, http:\/\/www.billard-club-sottevillais.com\/wp-content\/uploads\/2024\/02\/T3_LIBRE_R3_25-02-2024_ROUEN-768x543.jpg 768w, http:\/\/www.billard-club-sottevillais.com\/wp-content\/uploads\/2024\/02\/T3_LIBRE_R3_25-02-2024_ROUEN-1536x1086.jpg 1536w, http:\/\/www.billard-club-sottevillais.com\/wp-content\/uploads\/2024\/02\/T3_LIBRE_R3_25-02-2024_ROUEN-rotated.jpg 1754w\" sizes=\"auto, (max-width: 706px) 89vw, (max-width: 767px) 82vw, 740px\" \/><\/p>\n<h4 style=\"padding-left: 30px;\">Le pdf ici :<a href=\"http:\/\/www.billard-club-sottevillais.com\/wp-content\/uploads\/2024\/02\/T3_LIBRE-R4_25-02-2024_CANY.pdf\">T3_LIBRE R4_25-02-2024_CANY<\/a><\/h4>\n<h4 style=\"padding-left: 30px;\">Le pdf ici :\u00a0<a href=\"http:\/\/www.billard-club-sottevillais.com\/wp-content\/uploads\/2024\/02\/T3_LIBRE_R3_25-02-2024_ROUEN.pdf\">T3_LIBRE_R3_25-02-2024_ROUEN<\/a><\/h4>\n<h4 style=\"padding-left: 30px;\"><\/h4>\n","protected":false},"excerpt":{"rendered":"<p>R\u00e9sultats des Tournois, vous trouverez ici toutes les informations concernant les rencontres sportives auxquelles participe le Billard Club Sottevillais.<\/p>\n","protected":false},"author":7,"featured_media":0,"parent":0,"menu_order":0,"comment_status":"closed","ping_status":"closed","template":"","meta":{"footnotes":""},"class_list":["post-14609","page","type-page","status-publish","hentry"],"_links":{"self":[{"href":"http:\/\/www.billard-club-sottevillais.com\/index.php?rest_route=\/wp\/v2\/pages\/14609","targetHints":{"allow":["GET"]}}],"collection":[{"href":"http:\/\/www.billard-club-sottevillais.com\/index.php?rest_route=\/wp\/v2\/pages"}],"about":[{"href":"http:\/\/www.billard-club-sottevillais.com\/index.php?rest_route=\/wp\/v2\/types\/page"}],"author":[{"embeddable":true,"href":"http:\/\/www.billard-club-sottevillais.com\/index.php?rest_route=\/wp\/v2\/users\/7"}],"replies":[{"embeddable":true,"href":"http:\/\/www.billard-club-sottevillais.com\/index.php?rest_route=%2Fwp%2Fv2%2Fcomments&post=14609"}],"version-history":[{"count":2,"href":"http:\/\/www.billard-club-sottevillais.com\/index.php?rest_route=\/wp\/v2\/pages\/14609\/revisions"}],"predecessor-version":[{"id":14615,"href":"http:\/\/www.billard-club-sottevillais.com\/index.php?rest_route=\/wp\/v2\/pages\/14609\/revisions\/14615"}],"wp:attachment":[{"href":"http:\/\/www.billard-club-sottevillais.com\/index.php?rest_route=%2Fwp%2Fv2%2Fmedia&parent=14609"}],"curies":[{"name":"wp","href":"https:\/\/api.w.org\/{rel}","templated":true}]}}