{"id":14599,"date":"2024-02-21T17:13:30","date_gmt":"2024-02-21T17:13:30","guid":{"rendered":"http:\/\/www.billard-club-sottevillais.com\/?page_id=14599"},"modified":"2024-02-21T17:13:30","modified_gmt":"2024-02-21T17:13:30","slug":"soiree-5-quilles-du-16-fevrier","status":"publish","type":"page","link":"http:\/\/www.billard-club-sottevillais.com\/?page_id=14599","title":{"rendered":"Soir\u00e9e 5 Quilles du 16 f\u00e9vrier"},"content":{"rendered":"<p style=\"text-align: justify;\">Le 16 f\u00e9vrier, le Billard Club Sottevillais a organis\u00e9 une soir\u00e9e 5 quilles. Le principe est simple : cinq sets de 5 quilles en double, \u00e0 chaque set, c\u2019est un nouveau bin\u00f4me qui est cr\u00e9\u00e9. C\u2019est une formule qui permet le brassage des joueurs. Un point est attribu\u00e9 \u00e0 chaque set gagn\u00e9.<br \/>\nLes concurrents \u00e9taient r\u00e9partis sur quatre billards, pr\u00eats pour enchainer des sets de 20 minutes chacun. Le coup d\u2019envoi a \u00e9t\u00e9 donn\u00e9 peu apr\u00e8s 18h.<\/p>\n<h4>Les sets en images<\/h4>\n<p><center>[flgallery id=282\/]<\/center><\/p>\n<p style=\"text-align: justify;\">Ce tournoi amical s\u2019est termin\u00e9 vers 20h30. Le BCS a ensuite offert un pot de l\u2019amiti\u00e9 suivi d\u2019une d\u00e9gustation de pizzas.<\/p>\n<h4>Le repas<\/h4>\n<p><center>[flgallery id=293\/]<\/center><\/p>\n<p>Comme la pr\u00e9c\u00e9dente fois, c\u2019est Didier Pollet qui \u00e0 assur\u00e9 les tours de jeu ainsi que l\u2019intendance. Un grand merci \u00e0 Didier.<\/p>\n","protected":false},"excerpt":{"rendered":"<p>Le 16 f\u00e9vrier, le Billard Club Sottevillais a organis\u00e9 une soir\u00e9e 5 quilles. Le principe est simple : cinq sets de 5 quilles en double, \u00e0 chaque set, c\u2019est un nouveau bin\u00f4me qui est cr\u00e9\u00e9. C\u2019est une formule qui permet le brassage des joueurs. Un point est attribu\u00e9 \u00e0 chaque set gagn\u00e9. Les concurrents \u00e9taient &hellip; <\/p>\n<p class=\"link-more\"><a href=\"http:\/\/www.billard-club-sottevillais.com\/?page_id=14599\" class=\"more-link\">Continuer la lecture<span class=\"screen-reader-text\"> de &laquo;&nbsp;Soir\u00e9e 5 Quilles du 16 f\u00e9vrier&nbsp;&raquo;<\/span><\/a><\/p>\n","protected":false},"author":3,"featured_media":0,"parent":0,"menu_order":0,"comment_status":"closed","ping_status":"closed","template":"","meta":{"footnotes":""},"class_list":["post-14599","page","type-page","status-publish","hentry"],"_links":{"self":[{"href":"http:\/\/www.billard-club-sottevillais.com\/index.php?rest_route=\/wp\/v2\/pages\/14599","targetHints":{"allow":["GET"]}}],"collection":[{"href":"http:\/\/www.billard-club-sottevillais.com\/index.php?rest_route=\/wp\/v2\/pages"}],"about":[{"href":"http:\/\/www.billard-club-sottevillais.com\/index.php?rest_route=\/wp\/v2\/types\/page"}],"author":[{"embeddable":true,"href":"http:\/\/www.billard-club-sottevillais.com\/index.php?rest_route=\/wp\/v2\/users\/3"}],"replies":[{"embeddable":true,"href":"http:\/\/www.billard-club-sottevillais.com\/index.php?rest_route=%2Fwp%2Fv2%2Fcomments&post=14599"}],"version-history":[{"count":3,"href":"http:\/\/www.billard-club-sottevillais.com\/index.php?rest_route=\/wp\/v2\/pages\/14599\/revisions"}],"predecessor-version":[{"id":14602,"href":"http:\/\/www.billard-club-sottevillais.com\/index.php?rest_route=\/wp\/v2\/pages\/14599\/revisions\/14602"}],"wp:attachment":[{"href":"http:\/\/www.billard-club-sottevillais.com\/index.php?rest_route=%2Fwp%2Fv2%2Fmedia&parent=14599"}],"curies":[{"name":"wp","href":"https:\/\/api.w.org\/{rel}","templated":true}]}}