{"id":14560,"date":"2024-02-11T19:55:46","date_gmt":"2024-02-11T19:55:46","guid":{"rendered":"http:\/\/www.billard-club-sottevillais.com\/?page_id=14560"},"modified":"2024-02-11T19:55:46","modified_gmt":"2024-02-11T19:55:46","slug":"libre-r1-t3-11-fevrier-2024","status":"publish","type":"page","link":"http:\/\/www.billard-club-sottevillais.com\/?page_id=14560","title":{"rendered":"Libre R1 T3 &#8211; 11 F\u00e9vrier 2024"},"content":{"rendered":"<p style=\"text-align: justify;\">R\u00e9sultats des Tournois, vous trouverez ici toutes les informations concernant les rencontres sportives auxquelles participe le Billard Club Sottevillais.<\/p>\n<p style=\"text-align: center;\"><!--more--><img loading=\"lazy\" decoding=\"async\" class=\"aligncenter size-full wp-image-59\" title=\"sport\" src=\"http:\/\/billardcf.cluster010.ovh.net\/wp-content\/uploads\/2011\/07\/sport.jpg\" alt=\"\" width=\"231\" height=\"116\" \/><\/p>\n<p style=\"text-align: justify;\">Le 11 F\u00e9vrier 2024, a lieu le 3\u00e8me tour de libre R1 \u00e0 Rouen et \u00e0 Sotteville-l\u00e8s-Rouen. Bruno Pierrel repr\u00e9sentait le club \u00e0 Sotteville dans un tour \u00e0 5.<\/p>\n<p style=\"text-align: justify;\">Bruno remporte 3 matchs dont 1 avec le bonus. Il finit 1er.<\/p>\n<p style=\"text-align: justify;\">Il repr\u00e9sentera le BCS en Finale de Normandie le 12 mai prochain \u00e0 Sotteville-l\u00e8s-Rouen<\/p>\n<p style=\"text-align: center;\"><img loading=\"lazy\" decoding=\"async\" class=\"aligncenter wp-image-14561\" src=\"http:\/\/www.billard-club-sottevillais.com\/wp-content\/uploads\/2024\/02\/FM-T3-LR1-Poule-A-sotteville-11-02-24-1024x724.jpg\" alt=\"\" width=\"750\" height=\"530\" srcset=\"http:\/\/www.billard-club-sottevillais.com\/wp-content\/uploads\/2024\/02\/FM-T3-LR1-Poule-A-sotteville-11-02-24-1024x724.jpg 1024w, http:\/\/www.billard-club-sottevillais.com\/wp-content\/uploads\/2024\/02\/FM-T3-LR1-Poule-A-sotteville-11-02-24-300x212.jpg 300w, http:\/\/www.billard-club-sottevillais.com\/wp-content\/uploads\/2024\/02\/FM-T3-LR1-Poule-A-sotteville-11-02-24-768x543.jpg 768w, http:\/\/www.billard-club-sottevillais.com\/wp-content\/uploads\/2024\/02\/FM-T3-LR1-Poule-A-sotteville-11-02-24-1536x1086.jpg 1536w, http:\/\/www.billard-club-sottevillais.com\/wp-content\/uploads\/2024\/02\/FM-T3-LR1-Poule-A-sotteville-11-02-24-rotated.jpg 1754w\" sizes=\"auto, (max-width: 706px) 89vw, (max-width: 767px) 82vw, 740px\" \/><\/p>\n<p style=\"text-align: center;\">\u00a0 <strong>Le pdf ici : <\/strong><a href=\"http:\/\/www.billard-club-sottevillais.com\/wp-content\/uploads\/2024\/02\/FM-T3-LR1-Poule-A-sotteville-11-02-24.pdf\" data-wplink-edit=\"true\">FM T3 LR1 Poule A sotteville 11-02-24<\/a><\/p>\n\n\n<p><\/p>\n","protected":false},"excerpt":{"rendered":"<p>R\u00e9sultats des Tournois, vous trouverez ici toutes les informations concernant les rencontres sportives auxquelles participe le Billard Club Sottevillais.<\/p>\n","protected":false},"author":7,"featured_media":0,"parent":0,"menu_order":0,"comment_status":"closed","ping_status":"closed","template":"","meta":{"footnotes":""},"class_list":["post-14560","page","type-page","status-publish","hentry"],"_links":{"self":[{"href":"http:\/\/www.billard-club-sottevillais.com\/index.php?rest_route=\/wp\/v2\/pages\/14560","targetHints":{"allow":["GET"]}}],"collection":[{"href":"http:\/\/www.billard-club-sottevillais.com\/index.php?rest_route=\/wp\/v2\/pages"}],"about":[{"href":"http:\/\/www.billard-club-sottevillais.com\/index.php?rest_route=\/wp\/v2\/types\/page"}],"author":[{"embeddable":true,"href":"http:\/\/www.billard-club-sottevillais.com\/index.php?rest_route=\/wp\/v2\/users\/7"}],"replies":[{"embeddable":true,"href":"http:\/\/www.billard-club-sottevillais.com\/index.php?rest_route=%2Fwp%2Fv2%2Fcomments&post=14560"}],"version-history":[{"count":1,"href":"http:\/\/www.billard-club-sottevillais.com\/index.php?rest_route=\/wp\/v2\/pages\/14560\/revisions"}],"predecessor-version":[{"id":14563,"href":"http:\/\/www.billard-club-sottevillais.com\/index.php?rest_route=\/wp\/v2\/pages\/14560\/revisions\/14563"}],"wp:attachment":[{"href":"http:\/\/www.billard-club-sottevillais.com\/index.php?rest_route=%2Fwp%2Fv2%2Fmedia&parent=14560"}],"curies":[{"name":"wp","href":"https:\/\/api.w.org\/{rel}","templated":true}]}}