{"id":14527,"date":"2024-02-04T16:42:57","date_gmt":"2024-02-04T16:42:57","guid":{"rendered":"http:\/\/www.billard-club-sottevillais.com\/?page_id=14527"},"modified":"2024-02-04T16:42:57","modified_gmt":"2024-02-04T16:42:57","slug":"cadre-n3-t3-4-fevrier-2024","status":"publish","type":"page","link":"http:\/\/www.billard-club-sottevillais.com\/?page_id=14527","title":{"rendered":"Cadre N3 T3 &#8211; 4 F\u00e9vrier 2024"},"content":{"rendered":"<p>R\u00e9sultats des Tournois, vous trouverez ici toutes les informations concernant les rencontres sportives auxquelles participe le Billard Club Sottevillais.<\/p>\n<p style=\"text-align: center;\"><!--more--><img loading=\"lazy\" decoding=\"async\" class=\"aligncenter size-full wp-image-59\" title=\"sport\" src=\"http:\/\/billardcf.cluster010.ovh.net\/wp-content\/uploads\/2011\/07\/sport.jpg\" alt=\"\" width=\"231\" height=\"116\" \/><\/p>\n<p style=\"text-align: justify;\">Le 3\u00e8me tour de cadre 42\/2 N3 s&rsquo;est d\u00e9roul\u00e9 le 4 F\u00e9vrier 2024. Jacques Alexandre repr\u00e9sentait le BCS \u00e0 Cormelles-le-Royal dans une poule \u00e0 5.<\/p>\n<p style=\"text-align: justify;\">Jacques gagne 1 match et 3 d\u00e9faites, il termine 5\u00e8me. Jean-Christophe Martin d&rsquo;Urville termine 1er.<\/p>\n<p style=\"text-align: center;\"><img loading=\"lazy\" decoding=\"async\" class=\"aligncenter wp-image-14538\" src=\"http:\/\/www.billard-club-sottevillais.com\/wp-content\/uploads\/2024\/02\/FM-T3-CN3-Poule-A-04-02-2024-1024x724.jpg\" alt=\"\" width=\"750\" height=\"530\" srcset=\"http:\/\/www.billard-club-sottevillais.com\/wp-content\/uploads\/2024\/02\/FM-T3-CN3-Poule-A-04-02-2024-1024x724.jpg 1024w, http:\/\/www.billard-club-sottevillais.com\/wp-content\/uploads\/2024\/02\/FM-T3-CN3-Poule-A-04-02-2024-300x212.jpg 300w, http:\/\/www.billard-club-sottevillais.com\/wp-content\/uploads\/2024\/02\/FM-T3-CN3-Poule-A-04-02-2024-768x543.jpg 768w, http:\/\/www.billard-club-sottevillais.com\/wp-content\/uploads\/2024\/02\/FM-T3-CN3-Poule-A-04-02-2024-1536x1086.jpg 1536w, http:\/\/www.billard-club-sottevillais.com\/wp-content\/uploads\/2024\/02\/FM-T3-CN3-Poule-A-04-02-2024-rotated.jpg 1754w\" sizes=\"auto, (max-width: 706px) 89vw, (max-width: 767px) 82vw, 740px\" \/><\/p>\n<h4 style=\"padding-left: 30px;\">Le pdf ici : <a href=\"http:\/\/www.billard-club-sottevillais.com\/wp-content\/uploads\/2024\/02\/FM-T3-CN3-Poule-A-04-02-2024.pdf\">FM-T3 CN3 Poule A 04-02-2024<\/a><\/h4>\n<h4 style=\"padding-left: 30px;\"><\/h4>\n","protected":false},"excerpt":{"rendered":"<p>R\u00e9sultats des Tournois, vous trouverez ici toutes les informations concernant les rencontres sportives auxquelles participe le Billard Club Sottevillais.<\/p>\n","protected":false},"author":7,"featured_media":0,"parent":0,"menu_order":0,"comment_status":"closed","ping_status":"closed","template":"","meta":{"footnotes":""},"class_list":["post-14527","page","type-page","status-publish","hentry"],"_links":{"self":[{"href":"http:\/\/www.billard-club-sottevillais.com\/index.php?rest_route=\/wp\/v2\/pages\/14527","targetHints":{"allow":["GET"]}}],"collection":[{"href":"http:\/\/www.billard-club-sottevillais.com\/index.php?rest_route=\/wp\/v2\/pages"}],"about":[{"href":"http:\/\/www.billard-club-sottevillais.com\/index.php?rest_route=\/wp\/v2\/types\/page"}],"author":[{"embeddable":true,"href":"http:\/\/www.billard-club-sottevillais.com\/index.php?rest_route=\/wp\/v2\/users\/7"}],"replies":[{"embeddable":true,"href":"http:\/\/www.billard-club-sottevillais.com\/index.php?rest_route=%2Fwp%2Fv2%2Fcomments&post=14527"}],"version-history":[{"count":2,"href":"http:\/\/www.billard-club-sottevillais.com\/index.php?rest_route=\/wp\/v2\/pages\/14527\/revisions"}],"predecessor-version":[{"id":14540,"href":"http:\/\/www.billard-club-sottevillais.com\/index.php?rest_route=\/wp\/v2\/pages\/14527\/revisions\/14540"}],"wp:attachment":[{"href":"http:\/\/www.billard-club-sottevillais.com\/index.php?rest_route=%2Fwp%2Fv2%2Fmedia&parent=14527"}],"curies":[{"name":"wp","href":"https:\/\/api.w.org\/{rel}","templated":true}]}}