{"id":14525,"date":"2024-02-04T16:40:22","date_gmt":"2024-02-04T16:40:22","guid":{"rendered":"http:\/\/www.billard-club-sottevillais.com\/?page_id=14525"},"modified":"2024-02-04T16:40:22","modified_gmt":"2024-02-04T16:40:22","slug":"cadre-reg-t3-04-fevrier-2024","status":"publish","type":"page","link":"http:\/\/www.billard-club-sottevillais.com\/?page_id=14525","title":{"rendered":"Cadre Reg T3 &#8211; 04 F\u00e9vrier 2024"},"content":{"rendered":"<p style=\"text-align: justify;\">R\u00e9sultats des Tournois, vous trouverez ici toutes les informations concernant les rencontres sportives auxquelles participe le Billard Club Sottevillais.<\/p>\n<p style=\"text-align: center;\"><!--more--><img loading=\"lazy\" decoding=\"async\" class=\"aligncenter size-full wp-image-59\" title=\"sport\" src=\"http:\/\/billardcf.cluster010.ovh.net\/wp-content\/uploads\/2011\/07\/sport.jpg\" alt=\"\" width=\"231\" height=\"116\" \/><\/p>\n<p style=\"text-align: justify;\">Le 3\u00e8me tour de Cadre r\u00e9gional s&rsquo;est d\u00e9roul\u00e9 le 04 F\u00e9vrier 2024. 16 joueurs sont r\u00e9parts en 3 poules. Dans la poule A, Bruno Pierrel repr\u00e9sentait le BCS \u00e0 Sotteville-l\u00e8s-Rouen.<\/p>\n<p style=\"text-align: justify;\">Bruno prend la 1\u00e8re place avec 3 victoires dont une bonifi\u00e9.<\/p>\n<p style=\"text-align: justify;\">Il se qualifie pour la finale de Normandie le 24 mars \u00e0 Pacy-sur-eure.<\/p>\n<p style=\"text-align: center;\"><img loading=\"lazy\" decoding=\"async\" class=\"aligncenter wp-image-14535\" src=\"http:\/\/www.billard-club-sottevillais.com\/wp-content\/uploads\/2024\/02\/FM-T3-CR1-Poule-A-Sotteville-04-02-241-1024x724.jpg\" alt=\"\" width=\"750\" height=\"530\" srcset=\"http:\/\/www.billard-club-sottevillais.com\/wp-content\/uploads\/2024\/02\/FM-T3-CR1-Poule-A-Sotteville-04-02-241-1024x724.jpg 1024w, http:\/\/www.billard-club-sottevillais.com\/wp-content\/uploads\/2024\/02\/FM-T3-CR1-Poule-A-Sotteville-04-02-241-300x212.jpg 300w, http:\/\/www.billard-club-sottevillais.com\/wp-content\/uploads\/2024\/02\/FM-T3-CR1-Poule-A-Sotteville-04-02-241-768x543.jpg 768w, http:\/\/www.billard-club-sottevillais.com\/wp-content\/uploads\/2024\/02\/FM-T3-CR1-Poule-A-Sotteville-04-02-241-1536x1086.jpg 1536w, http:\/\/www.billard-club-sottevillais.com\/wp-content\/uploads\/2024\/02\/FM-T3-CR1-Poule-A-Sotteville-04-02-241-rotated.jpg 1754w\" sizes=\"auto, (max-width: 706px) 89vw, (max-width: 767px) 82vw, 740px\" \/><\/p>\n<h4 style=\"padding-left: 30px;\">Le pdf ici :\u00a0<a href=\"http:\/\/www.billard-club-sottevillais.com\/wp-content\/uploads\/2024\/02\/FM-T3-CR1-Poule-A-Sotteville-04-02-241.pdf\">FM-T3 CR1 Poule A Sotteville 04-02-24<\/a><\/h4>\n<h4 style=\"padding-left: 30px;\"><\/h4>\n","protected":false},"excerpt":{"rendered":"<p>R\u00e9sultats des Tournois, vous trouverez ici toutes les informations concernant les rencontres sportives auxquelles participe le Billard Club Sottevillais.<\/p>\n","protected":false},"author":7,"featured_media":0,"parent":0,"menu_order":0,"comment_status":"closed","ping_status":"closed","template":"","meta":{"footnotes":""},"class_list":["post-14525","page","type-page","status-publish","hentry"],"_links":{"self":[{"href":"http:\/\/www.billard-club-sottevillais.com\/index.php?rest_route=\/wp\/v2\/pages\/14525","targetHints":{"allow":["GET"]}}],"collection":[{"href":"http:\/\/www.billard-club-sottevillais.com\/index.php?rest_route=\/wp\/v2\/pages"}],"about":[{"href":"http:\/\/www.billard-club-sottevillais.com\/index.php?rest_route=\/wp\/v2\/types\/page"}],"author":[{"embeddable":true,"href":"http:\/\/www.billard-club-sottevillais.com\/index.php?rest_route=\/wp\/v2\/users\/7"}],"replies":[{"embeddable":true,"href":"http:\/\/www.billard-club-sottevillais.com\/index.php?rest_route=%2Fwp%2Fv2%2Fcomments&post=14525"}],"version-history":[{"count":3,"href":"http:\/\/www.billard-club-sottevillais.com\/index.php?rest_route=\/wp\/v2\/pages\/14525\/revisions"}],"predecessor-version":[{"id":14537,"href":"http:\/\/www.billard-club-sottevillais.com\/index.php?rest_route=\/wp\/v2\/pages\/14525\/revisions\/14537"}],"wp:attachment":[{"href":"http:\/\/www.billard-club-sottevillais.com\/index.php?rest_route=%2Fwp%2Fv2%2Fmedia&parent=14525"}],"curies":[{"name":"wp","href":"https:\/\/api.w.org\/{rel}","templated":true}]}}