{"id":14502,"date":"2024-01-29T19:40:41","date_gmt":"2024-01-29T19:40:41","guid":{"rendered":"http:\/\/www.billard-club-sottevillais.com\/?page_id=14502"},"modified":"2024-01-29T19:40:41","modified_gmt":"2024-01-29T19:40:41","slug":"bande-r2-t2-21-janvier-2024","status":"publish","type":"page","link":"http:\/\/www.billard-club-sottevillais.com\/?page_id=14502","title":{"rendered":"Bande R2 T2 &#8211; 21 Janvier 2024"},"content":{"rendered":"<p style=\"text-align: justify;\">R\u00e9sultats des Tournois, vous trouverez ici toutes les informations concernant les rencontres sportives auxquelles participe le Billard Club Sottevillais.<\/p>\n<p style=\"text-align: center;\"><!--more--><img loading=\"lazy\" decoding=\"async\" class=\"aligncenter size-full wp-image-59\" title=\"sport\" src=\"http:\/\/billardcf.cluster010.ovh.net\/wp-content\/uploads\/2011\/07\/sport.jpg\" alt=\"\" width=\"231\" height=\"116\" \/><\/p>\n<p style=\"text-align: justify;\">Le 2\u00e8me tour de Bande R2 s&rsquo;est d\u00e9roul\u00e9 le 21 Janvier 2024 \u00e0 Sotteville et \u00e0 St Nicolas. Pascal Ippolito, Michel Guillaume et S\u00e9bastien Hid\u00e9e repr\u00e9sentaient le BCS \u00e0 Sotteville.<\/p>\n<p style=\"text-align: justify;\">S\u00e9bastien gagne 1 match,il termine 5\u00e8me. Pascal gagne 1 match et termine 4\u00e8me. Michel gagne 3 matchs dont 1 avec le pt de bonus. Il finit 2\u00e8me derri\u00e8re Laurent Miga de Oissel.<\/p>\n<p><img loading=\"lazy\" decoding=\"async\" class=\"aligncenter wp-image-14506\" src=\"http:\/\/www.billard-club-sottevillais.com\/wp-content\/uploads\/2024\/01\/FM_T2_BANDE-R2_21-1-2024_SOTTEVILLE-1024x724.jpg\" alt=\"\" width=\"750\" height=\"530\" srcset=\"http:\/\/www.billard-club-sottevillais.com\/wp-content\/uploads\/2024\/01\/FM_T2_BANDE-R2_21-1-2024_SOTTEVILLE-1024x724.jpg 1024w, http:\/\/www.billard-club-sottevillais.com\/wp-content\/uploads\/2024\/01\/FM_T2_BANDE-R2_21-1-2024_SOTTEVILLE-300x212.jpg 300w, http:\/\/www.billard-club-sottevillais.com\/wp-content\/uploads\/2024\/01\/FM_T2_BANDE-R2_21-1-2024_SOTTEVILLE-768x543.jpg 768w, http:\/\/www.billard-club-sottevillais.com\/wp-content\/uploads\/2024\/01\/FM_T2_BANDE-R2_21-1-2024_SOTTEVILLE-1536x1086.jpg 1536w, http:\/\/www.billard-club-sottevillais.com\/wp-content\/uploads\/2024\/01\/FM_T2_BANDE-R2_21-1-2024_SOTTEVILLE-rotated.jpg 1754w\" sizes=\"auto, (max-width: 706px) 89vw, (max-width: 767px) 82vw, 740px\" \/><\/p>\n<p><em>\u00a0<\/em><\/p>\n<h4>Le pdf ici :  <a href=\"http:\/\/www.billard-club-sottevillais.com\/wp-content\/uploads\/2024\/01\/FM_T2_BANDE-R2_21-1-2024_SOTTEVILLE.pdf\">FM_T2_BANDE R2_21-1-2024_SOTTEVILLE<\/a><\/p>\n","protected":false},"excerpt":{"rendered":"<p>R\u00e9sultats des Tournois, vous trouverez ici toutes les informations concernant les rencontres sportives auxquelles participe le Billard Club Sottevillais.<\/p>\n","protected":false},"author":7,"featured_media":0,"parent":0,"menu_order":0,"comment_status":"closed","ping_status":"closed","template":"","meta":{"footnotes":""},"class_list":["post-14502","page","type-page","status-publish","hentry"],"_links":{"self":[{"href":"http:\/\/www.billard-club-sottevillais.com\/index.php?rest_route=\/wp\/v2\/pages\/14502","targetHints":{"allow":["GET"]}}],"collection":[{"href":"http:\/\/www.billard-club-sottevillais.com\/index.php?rest_route=\/wp\/v2\/pages"}],"about":[{"href":"http:\/\/www.billard-club-sottevillais.com\/index.php?rest_route=\/wp\/v2\/types\/page"}],"author":[{"embeddable":true,"href":"http:\/\/www.billard-club-sottevillais.com\/index.php?rest_route=\/wp\/v2\/users\/7"}],"replies":[{"embeddable":true,"href":"http:\/\/www.billard-club-sottevillais.com\/index.php?rest_route=%2Fwp%2Fv2%2Fcomments&post=14502"}],"version-history":[{"count":3,"href":"http:\/\/www.billard-club-sottevillais.com\/index.php?rest_route=\/wp\/v2\/pages\/14502\/revisions"}],"predecessor-version":[{"id":14508,"href":"http:\/\/www.billard-club-sottevillais.com\/index.php?rest_route=\/wp\/v2\/pages\/14502\/revisions\/14508"}],"wp:attachment":[{"href":"http:\/\/www.billard-club-sottevillais.com\/index.php?rest_route=%2Fwp%2Fv2%2Fmedia&parent=14502"}],"curies":[{"name":"wp","href":"https:\/\/api.w.org\/{rel}","templated":true}]}}