{"id":14472,"date":"2023-12-17T17:09:52","date_gmt":"2023-12-17T17:09:52","guid":{"rendered":"http:\/\/www.billard-club-sottevillais.com\/?page_id=14472"},"modified":"2023-12-17T17:10:59","modified_gmt":"2023-12-17T17:10:59","slug":"libre-r4-t2-17-decembre-2023","status":"publish","type":"page","link":"http:\/\/www.billard-club-sottevillais.com\/?page_id=14472","title":{"rendered":"Libre R4 T2 &#8211; 17 D\u00e9cembre 2023"},"content":{"rendered":"<p style=\"text-align: justify;\">R\u00e9sultats des Tournois, vous trouverez ici toutes les informations concernant les rencontres sportives auxquelles participe le Billard Club Sottevillais.<\/p>\n<p style=\"text-align: center;\"><!--more--><img loading=\"lazy\" decoding=\"async\" class=\"aligncenter size-full wp-image-59\" title=\"sport\" src=\"http:\/\/billardcf.cluster010.ovh.net\/wp-content\/uploads\/2011\/07\/sport.jpg\" alt=\"\" width=\"231\" height=\"116\" \/><\/p>\n<p style=\"text-align: justify;\">Le 2\u00e8me tour de libre R4 s&rsquo;est d\u00e9roul\u00e9 le 17 D\u00e9cembre 2023. 4 joueurs du BCS representaient le club dans cette cat\u00e9gorie. Dominique Langlois, Xavier Sauvage et S\u00e9bastien Hid\u00e9e \u00e9taient \u00e0 domicile pendant que Serge Petit \u00e9tait \u00e0 Rouen.<\/p>\n<p>A Sotteville, Dominique, avec 1 victoire, finit 6\u00e8me. S\u00e9bastien, avec 2 victoires finit 4\u00e8me. Xavier remporte tous ses matchs, il remporte ce tour.<\/p>\n<p>A Rouen, Serge gagne 3 matchs avec 2pts de bonus. Il termine 1er.<\/p>\n<p><em>A Sotteville,<\/em><\/p>\n<p><img loading=\"lazy\" decoding=\"async\" class=\"aligncenter wp-image-14473\" src=\"http:\/\/www.billard-club-sottevillais.com\/wp-content\/uploads\/2023\/12\/FM-LIBRE-R4-T2-SOTTEVILLE-17-12-2023-1024x724.jpg\" alt=\"\" width=\"750\" height=\"530\" srcset=\"http:\/\/www.billard-club-sottevillais.com\/wp-content\/uploads\/2023\/12\/FM-LIBRE-R4-T2-SOTTEVILLE-17-12-2023-1024x724.jpg 1024w, http:\/\/www.billard-club-sottevillais.com\/wp-content\/uploads\/2023\/12\/FM-LIBRE-R4-T2-SOTTEVILLE-17-12-2023-300x212.jpg 300w, http:\/\/www.billard-club-sottevillais.com\/wp-content\/uploads\/2023\/12\/FM-LIBRE-R4-T2-SOTTEVILLE-17-12-2023-768x543.jpg 768w, http:\/\/www.billard-club-sottevillais.com\/wp-content\/uploads\/2023\/12\/FM-LIBRE-R4-T2-SOTTEVILLE-17-12-2023-1536x1086.jpg 1536w, http:\/\/www.billard-club-sottevillais.com\/wp-content\/uploads\/2023\/12\/FM-LIBRE-R4-T2-SOTTEVILLE-17-12-2023-rotated.jpg 1754w\" sizes=\"auto, (max-width: 706px) 89vw, (max-width: 767px) 82vw, 740px\" \/><\/p>\n<p><em>A Rouen,<\/em><\/p>\n<p><img loading=\"lazy\" decoding=\"async\" class=\"aligncenter wp-image-14475\" src=\"http:\/\/www.billard-club-sottevillais.com\/wp-content\/uploads\/2023\/12\/20231217-T2-LIBRE-R4-ROUEN-1024x724.jpg\" alt=\"\" width=\"750\" height=\"530\" srcset=\"http:\/\/www.billard-club-sottevillais.com\/wp-content\/uploads\/2023\/12\/20231217-T2-LIBRE-R4-ROUEN-1024x724.jpg 1024w, http:\/\/www.billard-club-sottevillais.com\/wp-content\/uploads\/2023\/12\/20231217-T2-LIBRE-R4-ROUEN-300x212.jpg 300w, http:\/\/www.billard-club-sottevillais.com\/wp-content\/uploads\/2023\/12\/20231217-T2-LIBRE-R4-ROUEN-768x543.jpg 768w, http:\/\/www.billard-club-sottevillais.com\/wp-content\/uploads\/2023\/12\/20231217-T2-LIBRE-R4-ROUEN-1536x1086.jpg 1536w, http:\/\/www.billard-club-sottevillais.com\/wp-content\/uploads\/2023\/12\/20231217-T2-LIBRE-R4-ROUEN-rotated.jpg 1754w\" sizes=\"auto, (max-width: 706px) 89vw, (max-width: 767px) 82vw, 740px\" \/><\/p>\n<h4 style=\"padding-left: 30px;\">Le pdf ici :<a href=\"http:\/\/www.billard-club-sottevillais.com\/wp-content\/uploads\/2023\/12\/FM-LIBRE-R4-T2-SOTTEVILLE-17-12-2023.pdf\"> FM LIBRE R4 T2 SOTTEVILLE 17-12-2023<\/a><\/h4>\n<h4 style=\"padding-left: 30px;\">Le pdf ici :\u00a0<a href=\"http:\/\/www.billard-club-sottevillais.com\/wp-content\/uploads\/2023\/12\/20231217-T2-LIBRE-R4-ROUEN.pdf\">20231217-T2 LIBRE R4 ROUEN<\/a><\/h4>\n<h4 style=\"padding-left: 30px;\"><\/h4>\n","protected":false},"excerpt":{"rendered":"<p>R\u00e9sultats des Tournois, vous trouverez ici toutes les informations concernant les rencontres sportives auxquelles participe le Billard Club Sottevillais.<\/p>\n","protected":false},"author":7,"featured_media":0,"parent":0,"menu_order":0,"comment_status":"closed","ping_status":"closed","template":"","meta":{"footnotes":""},"class_list":["post-14472","page","type-page","status-publish","hentry"],"_links":{"self":[{"href":"http:\/\/www.billard-club-sottevillais.com\/index.php?rest_route=\/wp\/v2\/pages\/14472","targetHints":{"allow":["GET"]}}],"collection":[{"href":"http:\/\/www.billard-club-sottevillais.com\/index.php?rest_route=\/wp\/v2\/pages"}],"about":[{"href":"http:\/\/www.billard-club-sottevillais.com\/index.php?rest_route=\/wp\/v2\/types\/page"}],"author":[{"embeddable":true,"href":"http:\/\/www.billard-club-sottevillais.com\/index.php?rest_route=\/wp\/v2\/users\/7"}],"replies":[{"embeddable":true,"href":"http:\/\/www.billard-club-sottevillais.com\/index.php?rest_route=%2Fwp%2Fv2%2Fcomments&post=14472"}],"version-history":[{"count":2,"href":"http:\/\/www.billard-club-sottevillais.com\/index.php?rest_route=\/wp\/v2\/pages\/14472\/revisions"}],"predecessor-version":[{"id":14478,"href":"http:\/\/www.billard-club-sottevillais.com\/index.php?rest_route=\/wp\/v2\/pages\/14472\/revisions\/14478"}],"wp:attachment":[{"href":"http:\/\/www.billard-club-sottevillais.com\/index.php?rest_route=%2Fwp%2Fv2%2Fmedia&parent=14472"}],"curies":[{"name":"wp","href":"https:\/\/api.w.org\/{rel}","templated":true}]}}