{"id":14466,"date":"2023-12-17T16:47:22","date_gmt":"2023-12-17T16:47:22","guid":{"rendered":"http:\/\/www.billard-club-sottevillais.com\/?page_id=14466"},"modified":"2023-12-17T16:47:22","modified_gmt":"2023-12-17T16:47:22","slug":"libre-n3-t2-17-decembre-2023","status":"publish","type":"page","link":"http:\/\/www.billard-club-sottevillais.com\/?page_id=14466","title":{"rendered":"Libre N3 T2 &#8211; 17 D\u00e9cembre 2023"},"content":{"rendered":"<p style=\"text-align: justify;\">R\u00e9sultats des Tournois, vous trouverez ici toutes les informations concernant les rencontres sportives auxquelles participe le Billard Club Sottevillais.<\/p>\n<p style=\"text-align: center;\"><!--more--><img loading=\"lazy\" decoding=\"async\" class=\"aligncenter size-full wp-image-59\" title=\"sport\" src=\"http:\/\/billardcf.cluster010.ovh.net\/wp-content\/uploads\/2011\/07\/sport.jpg\" alt=\"\" width=\"231\" height=\"116\" \/><\/p>\n<p style=\"text-align: justify;\">Le 2\u00e8me tour de libre N3 a eu lieu le 17 D\u00e9cembre 2023 \u00e0 Sotteville-l\u00e8s-Rouen. Jacques Alexandre representait le BCS dans un tour \u00e0 4.<\/p>\n<p style=\"text-align: justify;\">Jacques gagne 2 matchs sur 3, il prend la 2\u00e8me place derri\u00e8re Cyril Garreau de Louviers.<\/p>\n<p style=\"text-align: justify;\"><em> <img loading=\"lazy\" decoding=\"async\" class=\"aligncenter wp-image-14467\" src=\"http:\/\/www.billard-club-sottevillais.com\/wp-content\/uploads\/2023\/12\/FM-T2-LN3-Poule-A-Sotteville-17-12-2023-1024x724.jpg\" alt=\"\" width=\"750\" height=\"530\" srcset=\"http:\/\/www.billard-club-sottevillais.com\/wp-content\/uploads\/2023\/12\/FM-T2-LN3-Poule-A-Sotteville-17-12-2023-1024x724.jpg 1024w, http:\/\/www.billard-club-sottevillais.com\/wp-content\/uploads\/2023\/12\/FM-T2-LN3-Poule-A-Sotteville-17-12-2023-300x212.jpg 300w, http:\/\/www.billard-club-sottevillais.com\/wp-content\/uploads\/2023\/12\/FM-T2-LN3-Poule-A-Sotteville-17-12-2023-768x543.jpg 768w, http:\/\/www.billard-club-sottevillais.com\/wp-content\/uploads\/2023\/12\/FM-T2-LN3-Poule-A-Sotteville-17-12-2023-1536x1086.jpg 1536w, http:\/\/www.billard-club-sottevillais.com\/wp-content\/uploads\/2023\/12\/FM-T2-LN3-Poule-A-Sotteville-17-12-2023-rotated.jpg 1754w\" sizes=\"auto, (max-width: 706px) 89vw, (max-width: 767px) 82vw, 740px\" \/> <\/em><\/p>\n<h4 style=\"padding-left: 30px;\">Le pdf ici : <em><a href=\"http:\/\/www.billard-club-sottevillais.com\/wp-content\/uploads\/2023\/12\/FM-T2-LN3-Poule-A-Sotteville-17-12-2023.pdf\">FM-T2 LN3 Poule A Sotteville 17-12-2023<\/a><\/em><\/h4>\n","protected":false},"excerpt":{"rendered":"<p>R\u00e9sultats des Tournois, vous trouverez ici toutes les informations concernant les rencontres sportives auxquelles participe le Billard Club Sottevillais.<\/p>\n","protected":false},"author":7,"featured_media":0,"parent":0,"menu_order":0,"comment_status":"closed","ping_status":"closed","template":"","meta":{"footnotes":""},"class_list":["post-14466","page","type-page","status-publish","hentry"],"_links":{"self":[{"href":"http:\/\/www.billard-club-sottevillais.com\/index.php?rest_route=\/wp\/v2\/pages\/14466","targetHints":{"allow":["GET"]}}],"collection":[{"href":"http:\/\/www.billard-club-sottevillais.com\/index.php?rest_route=\/wp\/v2\/pages"}],"about":[{"href":"http:\/\/www.billard-club-sottevillais.com\/index.php?rest_route=\/wp\/v2\/types\/page"}],"author":[{"embeddable":true,"href":"http:\/\/www.billard-club-sottevillais.com\/index.php?rest_route=\/wp\/v2\/users\/7"}],"replies":[{"embeddable":true,"href":"http:\/\/www.billard-club-sottevillais.com\/index.php?rest_route=%2Fwp%2Fv2%2Fcomments&post=14466"}],"version-history":[{"count":1,"href":"http:\/\/www.billard-club-sottevillais.com\/index.php?rest_route=\/wp\/v2\/pages\/14466\/revisions"}],"predecessor-version":[{"id":14469,"href":"http:\/\/www.billard-club-sottevillais.com\/index.php?rest_route=\/wp\/v2\/pages\/14466\/revisions\/14469"}],"wp:attachment":[{"href":"http:\/\/www.billard-club-sottevillais.com\/index.php?rest_route=%2Fwp%2Fv2%2Fmedia&parent=14466"}],"curies":[{"name":"wp","href":"https:\/\/api.w.org\/{rel}","templated":true}]}}