{"id":14446,"date":"2023-12-05T21:03:51","date_gmt":"2023-12-05T21:03:51","guid":{"rendered":"http:\/\/www.billard-club-sottevillais.com\/?page_id=14446"},"modified":"2023-12-05T21:03:51","modified_gmt":"2023-12-05T21:03:51","slug":"equipe-d2-5-decembre-2023","status":"publish","type":"page","link":"http:\/\/www.billard-club-sottevillais.com\/?page_id=14446","title":{"rendered":"\u00c9quipe D2 &#8211; 5 D\u00e9cembre 2023"},"content":{"rendered":"<p style=\"text-align: justify;\">R\u00e9sultats des Tournois, vous trouverez ici toutes les informations concernant les rencontres sportives auxquelles participe le Billard Club Sottevillais.<\/p>\n<p style=\"text-align: center;\"><!--more--><img loading=\"lazy\" decoding=\"async\" class=\"aligncenter size-full wp-image-59\" title=\"sport\" src=\"http:\/\/billardcf.cluster010.ovh.net\/wp-content\/uploads\/2011\/07\/sport.jpg\" alt=\"\" width=\"231\" height=\"116\" \/><\/p>\n<p style=\"text-align: justify;\">Le 5 D\u00e9cembre 2023, notre \u00e9quipe D2 compos\u00e9e d&rsquo;Alain Rachet, Richard Queill\u00e9 et Raymond Faisant recevait Cany-Barville.<\/p>\n<p style=\"text-align: justify;\">L&rsquo;\u00e9quipe de Sotteville s&rsquo;incline 12 \u00e0 6.<\/p>\n<p style=\"text-align: center;\"><img loading=\"lazy\" decoding=\"async\" class=\"aligncenter size-large wp-image-14447\" src=\"http:\/\/www.billard-club-sottevillais.com\/wp-content\/uploads\/2023\/12\/PL-D2-Sotteville-A-Cany-A-5-12-2023-724x1024.jpg\" alt=\"\" width=\"525\" height=\"743\" srcset=\"http:\/\/www.billard-club-sottevillais.com\/wp-content\/uploads\/2023\/12\/PL-D2-Sotteville-A-Cany-A-5-12-2023-724x1024.jpg 724w, http:\/\/www.billard-club-sottevillais.com\/wp-content\/uploads\/2023\/12\/PL-D2-Sotteville-A-Cany-A-5-12-2023-212x300.jpg 212w, http:\/\/www.billard-club-sottevillais.com\/wp-content\/uploads\/2023\/12\/PL-D2-Sotteville-A-Cany-A-5-12-2023-768x1086.jpg 768w, http:\/\/www.billard-club-sottevillais.com\/wp-content\/uploads\/2023\/12\/PL-D2-Sotteville-A-Cany-A-5-12-2023-1086x1536.jpg 1086w, http:\/\/www.billard-club-sottevillais.com\/wp-content\/uploads\/2023\/12\/PL-D2-Sotteville-A-Cany-A-5-12-2023.jpg 1240w\" sizes=\"auto, (max-width: 525px) 100vw, 525px\" \/><\/p>\n<h4 style=\"padding-left: 30px;\">Le pdf ici : <a href=\"http:\/\/www.billard-club-sottevillais.com\/wp-content\/uploads\/2023\/12\/PL-D2-Sotteville-A-Cany-A-5-12-2023.pdf\">PL D2 Sotteville A &#8211; Cany A 5 12 2023<\/a><\/h4>\n\n\n<p><\/p>\n","protected":false},"excerpt":{"rendered":"<p>R\u00e9sultats des Tournois, vous trouverez ici toutes les informations concernant les rencontres sportives auxquelles participe le Billard Club Sottevillais.<\/p>\n","protected":false},"author":7,"featured_media":0,"parent":0,"menu_order":0,"comment_status":"closed","ping_status":"closed","template":"","meta":{"footnotes":""},"class_list":["post-14446","page","type-page","status-publish","hentry"],"_links":{"self":[{"href":"http:\/\/www.billard-club-sottevillais.com\/index.php?rest_route=\/wp\/v2\/pages\/14446","targetHints":{"allow":["GET"]}}],"collection":[{"href":"http:\/\/www.billard-club-sottevillais.com\/index.php?rest_route=\/wp\/v2\/pages"}],"about":[{"href":"http:\/\/www.billard-club-sottevillais.com\/index.php?rest_route=\/wp\/v2\/types\/page"}],"author":[{"embeddable":true,"href":"http:\/\/www.billard-club-sottevillais.com\/index.php?rest_route=\/wp\/v2\/users\/7"}],"replies":[{"embeddable":true,"href":"http:\/\/www.billard-club-sottevillais.com\/index.php?rest_route=%2Fwp%2Fv2%2Fcomments&post=14446"}],"version-history":[{"count":2,"href":"http:\/\/www.billard-club-sottevillais.com\/index.php?rest_route=\/wp\/v2\/pages\/14446\/revisions"}],"predecessor-version":[{"id":14450,"href":"http:\/\/www.billard-club-sottevillais.com\/index.php?rest_route=\/wp\/v2\/pages\/14446\/revisions\/14450"}],"wp:attachment":[{"href":"http:\/\/www.billard-club-sottevillais.com\/index.php?rest_route=%2Fwp%2Fv2%2Fmedia&parent=14446"}],"curies":[{"name":"wp","href":"https:\/\/api.w.org\/{rel}","templated":true}]}}