{"id":14436,"date":"2023-12-04T18:18:52","date_gmt":"2023-12-04T18:18:52","guid":{"rendered":"http:\/\/www.billard-club-sottevillais.com\/?page_id=14436"},"modified":"2023-12-04T18:18:52","modified_gmt":"2023-12-04T18:18:52","slug":"libre-r3-t2-3-decembre-2023","status":"publish","type":"page","link":"http:\/\/www.billard-club-sottevillais.com\/?page_id=14436","title":{"rendered":"LIBRE R3 T2 &#8211; 3 D\u00e9cembre 2023"},"content":{"rendered":"<p style=\"text-align: justify;\">R\u00e9sultats des Tournois, vous trouverez ici toutes les informations concernant les rencontres sportives auxquelles participe le Billard Club Sottevillais.<\/p>\n<p style=\"text-align: center;\"><!--more--><img loading=\"lazy\" decoding=\"async\" class=\"aligncenter size-full wp-image-59\" title=\"sport\" src=\"http:\/\/billardcf.cluster010.ovh.net\/wp-content\/uploads\/2011\/07\/sport.jpg\" alt=\"\" width=\"231\" height=\"116\" \/><\/p>\n<p style=\"text-align: justify;\">Le 2\u00e8me tour de libre R3 s&rsquo;est d\u00e9roul\u00e9 le 3 D\u00e9cembre 2023. Les joueurs de R3 \u00e9taient repartis en 3 poules. Tous les joueurs d&rsquo;une m\u00eame poule se rencontrent. Pascal Ippolito \u00e9tait \u00e0 St Nicolas d&rsquo;Aliermont, Christophe Maupin \u00e0 Oissel et Alain Rachet repr\u00e9sentait le club au Havre.<\/p>\n<p>Pascal termine 5\u00e8me \u00e0 St Nicolas. Christophe finit 4\u00e8me \u00e0 Oissel et\u00a0 Alain prend la 2\u00e8me place au Havre.<\/p>\n<p><em>A St Nicolas :<\/em><img loading=\"lazy\" decoding=\"async\" class=\"aligncenter wp-image-14437\" src=\"http:\/\/www.billard-club-sottevillais.com\/wp-content\/uploads\/2023\/12\/FM-T2-LIBRE-R3-ST-NICOLAS-3-12-2023-rotated.jpg\" alt=\"\" width=\"750\" height=\"530\" srcset=\"http:\/\/www.billard-club-sottevillais.com\/wp-content\/uploads\/2023\/12\/FM-T2-LIBRE-R3-ST-NICOLAS-3-12-2023-rotated.jpg 1754w, http:\/\/www.billard-club-sottevillais.com\/wp-content\/uploads\/2023\/12\/FM-T2-LIBRE-R3-ST-NICOLAS-3-12-2023-300x212.jpg 300w, http:\/\/www.billard-club-sottevillais.com\/wp-content\/uploads\/2023\/12\/FM-T2-LIBRE-R3-ST-NICOLAS-3-12-2023-1024x724.jpg 1024w, http:\/\/www.billard-club-sottevillais.com\/wp-content\/uploads\/2023\/12\/FM-T2-LIBRE-R3-ST-NICOLAS-3-12-2023-768x543.jpg 768w, http:\/\/www.billard-club-sottevillais.com\/wp-content\/uploads\/2023\/12\/FM-T2-LIBRE-R3-ST-NICOLAS-3-12-2023-1536x1086.jpg 1536w\" sizes=\"auto, (max-width: 706px) 89vw, (max-width: 767px) 82vw, 740px\" \/><\/p>\n<p><em>A Oissel :<\/em><\/p>\n<p><img loading=\"lazy\" decoding=\"async\" class=\"aligncenter wp-image-14439\" src=\"http:\/\/www.billard-club-sottevillais.com\/wp-content\/uploads\/2023\/12\/FM-T2-LIBRE-R3-OISSEL-03-12-2023-rotated.jpg\" alt=\"\" width=\"750\" height=\"530\" srcset=\"http:\/\/www.billard-club-sottevillais.com\/wp-content\/uploads\/2023\/12\/FM-T2-LIBRE-R3-OISSEL-03-12-2023-rotated.jpg 1754w, http:\/\/www.billard-club-sottevillais.com\/wp-content\/uploads\/2023\/12\/FM-T2-LIBRE-R3-OISSEL-03-12-2023-300x212.jpg 300w, http:\/\/www.billard-club-sottevillais.com\/wp-content\/uploads\/2023\/12\/FM-T2-LIBRE-R3-OISSEL-03-12-2023-1024x724.jpg 1024w, http:\/\/www.billard-club-sottevillais.com\/wp-content\/uploads\/2023\/12\/FM-T2-LIBRE-R3-OISSEL-03-12-2023-768x543.jpg 768w, http:\/\/www.billard-club-sottevillais.com\/wp-content\/uploads\/2023\/12\/FM-T2-LIBRE-R3-OISSEL-03-12-2023-1536x1086.jpg 1536w\" sizes=\"auto, (max-width: 706px) 89vw, (max-width: 767px) 82vw, 740px\" \/><\/p>\n<p>Au Havre :<\/p>\n<p><img loading=\"lazy\" decoding=\"async\" class=\"aligncenter wp-image-14441\" src=\"http:\/\/www.billard-club-sottevillais.com\/wp-content\/uploads\/2023\/12\/FM-T2-LIBRE-R3-LE-HAVRE-03-12-2023-1024x724.jpg\" alt=\"\" width=\"750\" height=\"530\" srcset=\"http:\/\/www.billard-club-sottevillais.com\/wp-content\/uploads\/2023\/12\/FM-T2-LIBRE-R3-LE-HAVRE-03-12-2023-1024x724.jpg 1024w, http:\/\/www.billard-club-sottevillais.com\/wp-content\/uploads\/2023\/12\/FM-T2-LIBRE-R3-LE-HAVRE-03-12-2023-300x212.jpg 300w, http:\/\/www.billard-club-sottevillais.com\/wp-content\/uploads\/2023\/12\/FM-T2-LIBRE-R3-LE-HAVRE-03-12-2023-768x543.jpg 768w, http:\/\/www.billard-club-sottevillais.com\/wp-content\/uploads\/2023\/12\/FM-T2-LIBRE-R3-LE-HAVRE-03-12-2023-1536x1086.jpg 1536w, http:\/\/www.billard-club-sottevillais.com\/wp-content\/uploads\/2023\/12\/FM-T2-LIBRE-R3-LE-HAVRE-03-12-2023-rotated.jpg 1754w\" sizes=\"auto, (max-width: 706px) 89vw, (max-width: 767px) 82vw, 740px\" \/><\/p>\n<h4 style=\"padding-left: 30px;\">Le pdf ici :<a href=\"http:\/\/www.billard-club-sottevillais.com\/wp-content\/uploads\/2023\/12\/FM-T2-LIBRE-R3-ST-NICOLAS-3-12-2023.pdf\"> FM T2 LIBRE R3 ST NICOLAS 3 12 2023<\/a><\/h4>\n<h4 style=\"padding-left: 30px;\">Le pdf ici : <a href=\"http:\/\/www.billard-club-sottevillais.com\/wp-content\/uploads\/2023\/12\/FM-T2-LIBRE-R3-OISSEL-03-12-2023.pdf\">FM T2 LIBRE R3 OISSEL 03 12 2023<\/a><\/h4>\n<h4 style=\"padding-left: 30px;\">Le pdf ici :\u00a0<a href=\"http:\/\/www.billard-club-sottevillais.com\/wp-content\/uploads\/2023\/12\/FM-T2-LIBRE-R3-LE-HAVRE-03-12-2023.pdf\">FM T2 LIBRE R3 LE HAVRE 03 12 2023<\/a><\/h4>\n","protected":false},"excerpt":{"rendered":"<p>R\u00e9sultats des Tournois, vous trouverez ici toutes les informations concernant les rencontres sportives auxquelles participe le Billard Club Sottevillais.<\/p>\n","protected":false},"author":7,"featured_media":0,"parent":0,"menu_order":0,"comment_status":"closed","ping_status":"closed","template":"","meta":{"footnotes":""},"class_list":["post-14436","page","type-page","status-publish","hentry"],"_links":{"self":[{"href":"http:\/\/www.billard-club-sottevillais.com\/index.php?rest_route=\/wp\/v2\/pages\/14436","targetHints":{"allow":["GET"]}}],"collection":[{"href":"http:\/\/www.billard-club-sottevillais.com\/index.php?rest_route=\/wp\/v2\/pages"}],"about":[{"href":"http:\/\/www.billard-club-sottevillais.com\/index.php?rest_route=\/wp\/v2\/types\/page"}],"author":[{"embeddable":true,"href":"http:\/\/www.billard-club-sottevillais.com\/index.php?rest_route=\/wp\/v2\/users\/7"}],"replies":[{"embeddable":true,"href":"http:\/\/www.billard-club-sottevillais.com\/index.php?rest_route=%2Fwp%2Fv2%2Fcomments&post=14436"}],"version-history":[{"count":1,"href":"http:\/\/www.billard-club-sottevillais.com\/index.php?rest_route=\/wp\/v2\/pages\/14436\/revisions"}],"predecessor-version":[{"id":14443,"href":"http:\/\/www.billard-club-sottevillais.com\/index.php?rest_route=\/wp\/v2\/pages\/14436\/revisions\/14443"}],"wp:attachment":[{"href":"http:\/\/www.billard-club-sottevillais.com\/index.php?rest_route=%2Fwp%2Fv2%2Fmedia&parent=14436"}],"curies":[{"name":"wp","href":"https:\/\/api.w.org\/{rel}","templated":true}]}}