{"id":14430,"date":"2023-12-04T17:53:03","date_gmt":"2023-12-04T17:53:03","guid":{"rendered":"http:\/\/www.billard-club-sottevillais.com\/?page_id=14430"},"modified":"2023-12-04T17:53:03","modified_gmt":"2023-12-04T17:53:03","slug":"libre-r1-t2-03-decembre-2023","status":"publish","type":"page","link":"http:\/\/www.billard-club-sottevillais.com\/?page_id=14430","title":{"rendered":"Libre R1 T2 &#8211; 03 D\u00e9cembre 2023"},"content":{"rendered":"<p style=\"text-align: justify;\">R\u00e9sultats des Tournois, vous trouverez ici toutes les informations concernant les rencontres sportives auxquelles participe le Billard Club Sottevillais.<\/p>\n<p style=\"text-align: center;\"><!--more--><img loading=\"lazy\" decoding=\"async\" class=\"aligncenter size-full wp-image-59\" title=\"sport\" src=\"http:\/\/billardcf.cluster010.ovh.net\/wp-content\/uploads\/2011\/07\/sport.jpg\" alt=\"\" width=\"231\" height=\"116\" \/><\/p>\n<p style=\"text-align: justify;\">Le 2\u00e8me tour de libre R1 s&rsquo;est d\u00e9roul\u00e9 le 3 D\u00e9cembre 2023. Les joueurs de R1 \u00e9taient repartis en 2 poules. Tous les joueurs d&rsquo;une m\u00eame poule se rencontrent. Bruno Pierrel repr\u00e9sentait le club \u00e0 Rouen dans un tour \u00e0 6.<\/p>\n<p>Bruno gagne 3 matchs avec 1pts de bonus. Il termine 3\u00e8me.<\/p>\n<p>Georges Bezard de La Saussaye termine 1er.<\/p>\n<p style=\"text-align: justify;\">\n<p style=\"text-align: justify;\"><img loading=\"lazy\" decoding=\"async\" class=\"aligncenter wp-image-14431\" src=\"http:\/\/www.billard-club-sottevillais.com\/wp-content\/uploads\/2023\/12\/LIBRE-R1-T2-Rouen-03-12-2023-Poule-B-rotated.jpg\" alt=\"\" width=\"750\" height=\"530\" srcset=\"http:\/\/www.billard-club-sottevillais.com\/wp-content\/uploads\/2023\/12\/LIBRE-R1-T2-Rouen-03-12-2023-Poule-B-rotated.jpg 1754w, http:\/\/www.billard-club-sottevillais.com\/wp-content\/uploads\/2023\/12\/LIBRE-R1-T2-Rouen-03-12-2023-Poule-B-300x212.jpg 300w, http:\/\/www.billard-club-sottevillais.com\/wp-content\/uploads\/2023\/12\/LIBRE-R1-T2-Rouen-03-12-2023-Poule-B-1024x724.jpg 1024w, http:\/\/www.billard-club-sottevillais.com\/wp-content\/uploads\/2023\/12\/LIBRE-R1-T2-Rouen-03-12-2023-Poule-B-768x543.jpg 768w, http:\/\/www.billard-club-sottevillais.com\/wp-content\/uploads\/2023\/12\/LIBRE-R1-T2-Rouen-03-12-2023-Poule-B-1536x1086.jpg 1536w\" sizes=\"auto, (max-width: 706px) 89vw, (max-width: 767px) 82vw, 740px\" \/> <!--more--><\/p>\n<h4 style=\"padding-left: 30px;\">Le pdf ici :<a href=\"http:\/\/www.billard-club-sottevillais.com\/wp-content\/uploads\/2023\/12\/LIBRE-R1-T2-Rouen-03-12-2023-Poule-B.pdf\"> LIBRE R1 T2 Rouen 03 12 2023 Poule B<\/a><\/h4>\n","protected":false},"excerpt":{"rendered":"<p>R\u00e9sultats des Tournois, vous trouverez ici toutes les informations concernant les rencontres sportives auxquelles participe le Billard Club Sottevillais.<\/p>\n","protected":false},"author":7,"featured_media":0,"parent":0,"menu_order":0,"comment_status":"closed","ping_status":"closed","template":"","meta":{"footnotes":""},"class_list":["post-14430","page","type-page","status-publish","hentry"],"_links":{"self":[{"href":"http:\/\/www.billard-club-sottevillais.com\/index.php?rest_route=\/wp\/v2\/pages\/14430","targetHints":{"allow":["GET"]}}],"collection":[{"href":"http:\/\/www.billard-club-sottevillais.com\/index.php?rest_route=\/wp\/v2\/pages"}],"about":[{"href":"http:\/\/www.billard-club-sottevillais.com\/index.php?rest_route=\/wp\/v2\/types\/page"}],"author":[{"embeddable":true,"href":"http:\/\/www.billard-club-sottevillais.com\/index.php?rest_route=\/wp\/v2\/users\/7"}],"replies":[{"embeddable":true,"href":"http:\/\/www.billard-club-sottevillais.com\/index.php?rest_route=%2Fwp%2Fv2%2Fcomments&post=14430"}],"version-history":[{"count":1,"href":"http:\/\/www.billard-club-sottevillais.com\/index.php?rest_route=\/wp\/v2\/pages\/14430\/revisions"}],"predecessor-version":[{"id":14433,"href":"http:\/\/www.billard-club-sottevillais.com\/index.php?rest_route=\/wp\/v2\/pages\/14430\/revisions\/14433"}],"wp:attachment":[{"href":"http:\/\/www.billard-club-sottevillais.com\/index.php?rest_route=%2Fwp%2Fv2%2Fmedia&parent=14430"}],"curies":[{"name":"wp","href":"https:\/\/api.w.org\/{rel}","templated":true}]}}