{"id":14388,"date":"2023-11-19T17:56:37","date_gmt":"2023-11-19T17:56:37","guid":{"rendered":"http:\/\/www.billard-club-sottevillais.com\/?page_id=14388"},"modified":"2023-11-19T17:56:37","modified_gmt":"2023-11-19T17:56:37","slug":"bande-r2-t1-19-novembre-2023","status":"publish","type":"page","link":"http:\/\/www.billard-club-sottevillais.com\/?page_id=14388","title":{"rendered":"Bande R2 T1 &#8211; 19 Novembre 2023"},"content":{"rendered":"<p style=\"text-align: justify;\">R\u00e9sultats des Tournois, vous trouverez ici toutes les informations concernant les rencontres sportives auxquelles participe le Billard Club Sottevillais.<\/p>\n<p style=\"text-align: center;\"><!--more--><img loading=\"lazy\" decoding=\"async\" class=\"aligncenter size-full wp-image-59\" title=\"sport\" src=\"http:\/\/billardcf.cluster010.ovh.net\/wp-content\/uploads\/2011\/07\/sport.jpg\" alt=\"\" width=\"231\" height=\"116\" \/><\/p>\n<p style=\"text-align: justify;\">Le 1er tour de Bande R2 s&rsquo;est d\u00e9roul\u00e9 le 19 novembre \u00e0 Oissel et au Havre. Pascal Ippolito et Michel Guillaume repr\u00e9sentaient le BCS au Havre pendant que S\u00e9bastien Hid\u00e9e r\u00e9presentait le BCS \u00e0 Oissel.<\/p>\n<p style=\"text-align: justify;\">A oissel, S\u00e9bastien gagne 1 match. Il termine 5\u00e8me<\/p>\n<p>Au Havre,\u00a0 <em>en attente&#8230;<\/em><\/p>\n<p>A Oissel :<\/p>\n<p><img loading=\"lazy\" decoding=\"async\" class=\"aligncenter wp-image-14392\" src=\"http:\/\/www.billard-club-sottevillais.com\/wp-content\/uploads\/2023\/11\/FM-T1-BANDE-R2-LE-OISSEL-1024x724.jpg\" alt=\"\" width=\"750\" height=\"530\" srcset=\"http:\/\/www.billard-club-sottevillais.com\/wp-content\/uploads\/2023\/11\/FM-T1-BANDE-R2-LE-OISSEL-1024x724.jpg 1024w, http:\/\/www.billard-club-sottevillais.com\/wp-content\/uploads\/2023\/11\/FM-T1-BANDE-R2-LE-OISSEL-300x212.jpg 300w, http:\/\/www.billard-club-sottevillais.com\/wp-content\/uploads\/2023\/11\/FM-T1-BANDE-R2-LE-OISSEL-768x543.jpg 768w, http:\/\/www.billard-club-sottevillais.com\/wp-content\/uploads\/2023\/11\/FM-T1-BANDE-R2-LE-OISSEL-1536x1086.jpg 1536w, http:\/\/www.billard-club-sottevillais.com\/wp-content\/uploads\/2023\/11\/FM-T1-BANDE-R2-LE-OISSEL-rotated.jpg 1754w\" sizes=\"auto, (max-width: 706px) 89vw, (max-width: 767px) 82vw, 740px\" \/><\/p>\n<p>Au Havre : <em>En Attente&#8230;<\/em><\/p>\n<h4>Le pdf ici : <a href=\"http:\/\/www.billard-club-sottevillais.com\/wp-content\/uploads\/2023\/11\/FM-T1-BANDE-R2-LE-OISSEL.pdf\">FM T1 BANDE R2 LE OISSEL<\/a><\/h4>\n","protected":false},"excerpt":{"rendered":"<p>R\u00e9sultats des Tournois, vous trouverez ici toutes les informations concernant les rencontres sportives auxquelles participe le Billard Club Sottevillais.<\/p>\n","protected":false},"author":7,"featured_media":0,"parent":0,"menu_order":0,"comment_status":"closed","ping_status":"closed","template":"","meta":{"footnotes":""},"class_list":["post-14388","page","type-page","status-publish","hentry"],"_links":{"self":[{"href":"http:\/\/www.billard-club-sottevillais.com\/index.php?rest_route=\/wp\/v2\/pages\/14388","targetHints":{"allow":["GET"]}}],"collection":[{"href":"http:\/\/www.billard-club-sottevillais.com\/index.php?rest_route=\/wp\/v2\/pages"}],"about":[{"href":"http:\/\/www.billard-club-sottevillais.com\/index.php?rest_route=\/wp\/v2\/types\/page"}],"author":[{"embeddable":true,"href":"http:\/\/www.billard-club-sottevillais.com\/index.php?rest_route=\/wp\/v2\/users\/7"}],"replies":[{"embeddable":true,"href":"http:\/\/www.billard-club-sottevillais.com\/index.php?rest_route=%2Fwp%2Fv2%2Fcomments&post=14388"}],"version-history":[{"count":3,"href":"http:\/\/www.billard-club-sottevillais.com\/index.php?rest_route=\/wp\/v2\/pages\/14388\/revisions"}],"predecessor-version":[{"id":14394,"href":"http:\/\/www.billard-club-sottevillais.com\/index.php?rest_route=\/wp\/v2\/pages\/14388\/revisions\/14394"}],"wp:attachment":[{"href":"http:\/\/www.billard-club-sottevillais.com\/index.php?rest_route=%2Fwp%2Fv2%2Fmedia&parent=14388"}],"curies":[{"name":"wp","href":"https:\/\/api.w.org\/{rel}","templated":true}]}}