{"id":14329,"date":"2023-11-05T17:39:00","date_gmt":"2023-11-05T17:39:00","guid":{"rendered":"http:\/\/www.billard-club-sottevillais.com\/?page_id=14329"},"modified":"2023-11-05T17:39:36","modified_gmt":"2023-11-05T17:39:36","slug":"cadre-n3-t1-5-novembre-2023","status":"publish","type":"page","link":"http:\/\/www.billard-club-sottevillais.com\/?page_id=14329","title":{"rendered":"Cadre N3 T1 &#8211; 5 Novembre 2023"},"content":{"rendered":"<p>R\u00e9sultats des Tournois, vous trouverez ici toutes les informations concernant les rencontres sportives auxquelles participe le Billard Club Sottevillais.<\/p>\n<p style=\"text-align: center;\"><!--more--><img loading=\"lazy\" decoding=\"async\" class=\"aligncenter size-full wp-image-59\" title=\"sport\" src=\"http:\/\/billardcf.cluster010.ovh.net\/wp-content\/uploads\/2011\/07\/sport.jpg\" alt=\"\" width=\"231\" height=\"116\" \/><\/p>\n<p style=\"text-align: justify;\">Le 1er tour de cadre 42\/2 N3 s&rsquo;est d\u00e9roul\u00e9 le 05 Novembre 2023. 7 joueurs sont r\u00e9partis en 2 poules. Dans la poule A, Jacques Alexandre repr\u00e9sentait le BCS \u00e0 La Saussaye.<\/p>\n<p style=\"text-align: justify;\">Jacques remporte ses 3 matchs avec 2 pts de bonus. Il termine 1\u00e8me.<\/p>\n<p style=\"text-align: center;\"><img loading=\"lazy\" decoding=\"async\" class=\"aligncenter wp-image-14351\" src=\"http:\/\/www.billard-club-sottevillais.com\/wp-content\/uploads\/2023\/11\/T1-Cadre-N3-Poule-A-La-Saussaye-05-11-23-1024x724.jpg\" alt=\"\" width=\"750\" height=\"530\" srcset=\"http:\/\/www.billard-club-sottevillais.com\/wp-content\/uploads\/2023\/11\/T1-Cadre-N3-Poule-A-La-Saussaye-05-11-23-1024x724.jpg 1024w, http:\/\/www.billard-club-sottevillais.com\/wp-content\/uploads\/2023\/11\/T1-Cadre-N3-Poule-A-La-Saussaye-05-11-23-300x212.jpg 300w, http:\/\/www.billard-club-sottevillais.com\/wp-content\/uploads\/2023\/11\/T1-Cadre-N3-Poule-A-La-Saussaye-05-11-23-768x543.jpg 768w, http:\/\/www.billard-club-sottevillais.com\/wp-content\/uploads\/2023\/11\/T1-Cadre-N3-Poule-A-La-Saussaye-05-11-23-1536x1086.jpg 1536w, http:\/\/www.billard-club-sottevillais.com\/wp-content\/uploads\/2023\/11\/T1-Cadre-N3-Poule-A-La-Saussaye-05-11-23-rotated.jpg 1754w\" sizes=\"auto, (max-width: 706px) 89vw, (max-width: 767px) 82vw, 740px\" \/><\/p>\n<h4 style=\"padding-left: 30px;\">Le pdf ici : <a href=\"http:\/\/www.billard-club-sottevillais.com\/wp-content\/uploads\/2023\/11\/T1-Cadre-N3-Poule-A-La-Saussaye-05-11-23.pdf\">T1 Cadre N3 Poule A La Saussaye 05-11-23<\/a><\/h4>\n<h4 style=\"padding-left: 30px;\"><\/h4>\n","protected":false},"excerpt":{"rendered":"<p>R\u00e9sultats des Tournois, vous trouverez ici toutes les informations concernant les rencontres sportives auxquelles participe le Billard Club Sottevillais.<\/p>\n","protected":false},"author":7,"featured_media":0,"parent":0,"menu_order":0,"comment_status":"closed","ping_status":"closed","template":"","meta":{"footnotes":""},"class_list":["post-14329","page","type-page","status-publish","hentry"],"_links":{"self":[{"href":"http:\/\/www.billard-club-sottevillais.com\/index.php?rest_route=\/wp\/v2\/pages\/14329","targetHints":{"allow":["GET"]}}],"collection":[{"href":"http:\/\/www.billard-club-sottevillais.com\/index.php?rest_route=\/wp\/v2\/pages"}],"about":[{"href":"http:\/\/www.billard-club-sottevillais.com\/index.php?rest_route=\/wp\/v2\/types\/page"}],"author":[{"embeddable":true,"href":"http:\/\/www.billard-club-sottevillais.com\/index.php?rest_route=\/wp\/v2\/users\/7"}],"replies":[{"embeddable":true,"href":"http:\/\/www.billard-club-sottevillais.com\/index.php?rest_route=%2Fwp%2Fv2%2Fcomments&post=14329"}],"version-history":[{"count":3,"href":"http:\/\/www.billard-club-sottevillais.com\/index.php?rest_route=\/wp\/v2\/pages\/14329\/revisions"}],"predecessor-version":[{"id":14354,"href":"http:\/\/www.billard-club-sottevillais.com\/index.php?rest_route=\/wp\/v2\/pages\/14329\/revisions\/14354"}],"wp:attachment":[{"href":"http:\/\/www.billard-club-sottevillais.com\/index.php?rest_route=%2Fwp%2Fv2%2Fmedia&parent=14329"}],"curies":[{"name":"wp","href":"https:\/\/api.w.org\/{rel}","templated":true}]}}