{"id":14301,"date":"2023-10-29T17:08:22","date_gmt":"2023-10-29T17:08:22","guid":{"rendered":"http:\/\/www.billard-club-sottevillais.com\/?page_id=14301"},"modified":"2023-10-29T17:08:22","modified_gmt":"2023-10-29T17:08:22","slug":"3-bandes-r1-t1-29-octobre-2023","status":"publish","type":"page","link":"http:\/\/www.billard-club-sottevillais.com\/?page_id=14301","title":{"rendered":"3 Bandes R1 T1 &#8211; 29 Octobre 2023"},"content":{"rendered":"<p style=\"text-align: justify;\">R\u00e9sultats des Tournois, vous trouverez ici toutes les informations concernant les rencontres sportives auxquelles participe le Billard Club Sottevillais.<\/p>\n<p style=\"text-align: center;\"><!--more--><img loading=\"lazy\" decoding=\"async\" class=\"aligncenter size-full wp-image-59\" title=\"sport\" src=\"http:\/\/billardcf.cluster010.ovh.net\/wp-content\/uploads\/2011\/07\/sport.jpg\" alt=\"\" width=\"231\" height=\"116\" \/><\/p>\n<p style=\"text-align: left;\">Le 1er tour de 3 bandes R1 s&rsquo;est d\u00e9roul\u00e9 le 29 Octobre 2023 \u00e0 Sotteville-l\u00e8s-Rouen. Pascal Ippolito repr\u00e9sentait le BCS dans une poule de 6.<\/p>\n<p style=\"text-align: left;\">Pascal avec 3 victoires et 2 d\u00e9faites termine 3\u00e8me.<\/p>\n<p style=\"text-align: left;\">Philippe Lebourgeois de Rouen prend la 1\u00e8re place.<\/p>\n<p style=\"text-align: center;\"><img loading=\"lazy\" decoding=\"async\" class=\"aligncenter wp-image-14302\" src=\"http:\/\/www.billard-club-sottevillais.com\/wp-content\/uploads\/2023\/10\/FM-T1-3BANDES-R1-Sotteville-29-10-2023-1024x724.jpg\" alt=\"\" width=\"750\" height=\"530\" srcset=\"http:\/\/www.billard-club-sottevillais.com\/wp-content\/uploads\/2023\/10\/FM-T1-3BANDES-R1-Sotteville-29-10-2023-1024x724.jpg 1024w, http:\/\/www.billard-club-sottevillais.com\/wp-content\/uploads\/2023\/10\/FM-T1-3BANDES-R1-Sotteville-29-10-2023-300x212.jpg 300w, http:\/\/www.billard-club-sottevillais.com\/wp-content\/uploads\/2023\/10\/FM-T1-3BANDES-R1-Sotteville-29-10-2023-768x543.jpg 768w, http:\/\/www.billard-club-sottevillais.com\/wp-content\/uploads\/2023\/10\/FM-T1-3BANDES-R1-Sotteville-29-10-2023-1536x1086.jpg 1536w, http:\/\/www.billard-club-sottevillais.com\/wp-content\/uploads\/2023\/10\/FM-T1-3BANDES-R1-Sotteville-29-10-2023-rotated.jpg 1754w\" sizes=\"auto, (max-width: 706px) 89vw, (max-width: 767px) 82vw, 740px\" \/><\/p>\n<p style=\"text-align: center;\">Le pdf ici : <a href=\"http:\/\/www.billard-club-sottevillais.com\/wp-content\/uploads\/2023\/10\/FM-T1-3BANDES-R1-Sotteville-29-10-2023.pdf\" data-wplink-edit=\"true\">FM T1 3BANDES R1 Sotteville 29-10-2023<\/a><\/p>\n","protected":false},"excerpt":{"rendered":"<p>R\u00e9sultats des Tournois, vous trouverez ici toutes les informations concernant les rencontres sportives auxquelles participe le Billard Club Sottevillais.<\/p>\n","protected":false},"author":7,"featured_media":0,"parent":0,"menu_order":0,"comment_status":"closed","ping_status":"closed","template":"","meta":{"footnotes":""},"class_list":["post-14301","page","type-page","status-publish","hentry"],"_links":{"self":[{"href":"http:\/\/www.billard-club-sottevillais.com\/index.php?rest_route=\/wp\/v2\/pages\/14301","targetHints":{"allow":["GET"]}}],"collection":[{"href":"http:\/\/www.billard-club-sottevillais.com\/index.php?rest_route=\/wp\/v2\/pages"}],"about":[{"href":"http:\/\/www.billard-club-sottevillais.com\/index.php?rest_route=\/wp\/v2\/types\/page"}],"author":[{"embeddable":true,"href":"http:\/\/www.billard-club-sottevillais.com\/index.php?rest_route=\/wp\/v2\/users\/7"}],"replies":[{"embeddable":true,"href":"http:\/\/www.billard-club-sottevillais.com\/index.php?rest_route=%2Fwp%2Fv2%2Fcomments&post=14301"}],"version-history":[{"count":1,"href":"http:\/\/www.billard-club-sottevillais.com\/index.php?rest_route=\/wp\/v2\/pages\/14301\/revisions"}],"predecessor-version":[{"id":14304,"href":"http:\/\/www.billard-club-sottevillais.com\/index.php?rest_route=\/wp\/v2\/pages\/14301\/revisions\/14304"}],"wp:attachment":[{"href":"http:\/\/www.billard-club-sottevillais.com\/index.php?rest_route=%2Fwp%2Fv2%2Fmedia&parent=14301"}],"curies":[{"name":"wp","href":"https:\/\/api.w.org\/{rel}","templated":true}]}}