{"id":14251,"date":"2023-10-15T18:33:59","date_gmt":"2023-10-15T18:33:59","guid":{"rendered":"http:\/\/www.billard-club-sottevillais.com\/?page_id=14251"},"modified":"2023-10-15T18:38:46","modified_gmt":"2023-10-15T18:38:46","slug":"libre-r4-t1-15-octobre-2023","status":"publish","type":"page","link":"http:\/\/www.billard-club-sottevillais.com\/?page_id=14251","title":{"rendered":"Libre R4 T1 &#8211; 15 octobre 2023"},"content":{"rendered":"<p style=\"text-align: justify;\">R\u00e9sultats des Tournois, vous trouverez ici toutes les informations concernant les rencontres sportives auxquelles participe le Billard Club Sottevillais.<\/p>\n<p style=\"text-align: center;\"><!--more--><img loading=\"lazy\" decoding=\"async\" class=\"aligncenter size-full wp-image-59\" title=\"sport\" src=\"http:\/\/billardcf.cluster010.ovh.net\/wp-content\/uploads\/2011\/07\/sport.jpg\" alt=\"\" width=\"231\" height=\"116\" \/><\/p>\n<p style=\"text-align: justify;\">Le 1er tour de libre R4 s&rsquo;est d\u00e9roul\u00e9 le 15 Octobre 2023. Les joueurs de R4 \u00e9taient repartis en 3 poules. Tous les joueurs d&rsquo;une m\u00eame poule se rencontrent.<\/p>\n<p style=\"text-align: justify;\">S\u00e9bastien Hid\u00e9e \u00e9tait \u00e0 Cany, Xavier Sauvage \u00e0 Rouen, Dominique Langlois et Serge Petit \u00e9taient \u00e0 Sotteville-l\u00e8s-Rouen.<\/p>\n<p>A Cany-Barville, S\u00e9bastien termine 3\u00e8me (3 D\u00e9faites et une victoire bonifi\u00e9). Il marque 19pts<\/p>\n<p style=\"text-align: justify;\">A Rouen, Xavier prend la 3\u00e8me place (3 victoires dont une bonifi\u00e9 et 2 d\u00e9faites). Il marque 23pts<\/p>\n<p>A Sotteville, Dominique finit 6\u00e8me (5d\u00e9faites). Il marque 10pts. Serge termine 3\u00e8me (3 victoires dont 2 bonifi\u00e9s et 2 d\u00e9faites). Il marque 24pts<\/p>\n<p style=\"text-align: center;\"><em>A Cany-Barville,<\/em><\/p>\n<p><img loading=\"lazy\" decoding=\"async\" class=\"aligncenter wp-image-14252\" src=\"http:\/\/www.billard-club-sottevillais.com\/wp-content\/uploads\/2023\/10\/T1-Libre-R4-Cany-15102023-1024x724.jpg\" alt=\"\" width=\"750\" height=\"530\" srcset=\"http:\/\/www.billard-club-sottevillais.com\/wp-content\/uploads\/2023\/10\/T1-Libre-R4-Cany-15102023-1024x724.jpg 1024w, http:\/\/www.billard-club-sottevillais.com\/wp-content\/uploads\/2023\/10\/T1-Libre-R4-Cany-15102023-300x212.jpg 300w, http:\/\/www.billard-club-sottevillais.com\/wp-content\/uploads\/2023\/10\/T1-Libre-R4-Cany-15102023-768x543.jpg 768w, http:\/\/www.billard-club-sottevillais.com\/wp-content\/uploads\/2023\/10\/T1-Libre-R4-Cany-15102023-1536x1086.jpg 1536w, http:\/\/www.billard-club-sottevillais.com\/wp-content\/uploads\/2023\/10\/T1-Libre-R4-Cany-15102023-rotated.jpg 1754w\" sizes=\"auto, (max-width: 706px) 89vw, (max-width: 767px) 82vw, 740px\" \/><\/p>\n<p style=\"text-align: center;\"><em>A Rouen,<\/em><\/p>\n<p><img loading=\"lazy\" decoding=\"async\" class=\"aligncenter wp-image-14253\" src=\"http:\/\/www.billard-club-sottevillais.com\/wp-content\/uploads\/2023\/10\/T1-Libre-R4-Rouen-15-10-2023-1024x724.jpg\" alt=\"\" width=\"750\" height=\"530\" srcset=\"http:\/\/www.billard-club-sottevillais.com\/wp-content\/uploads\/2023\/10\/T1-Libre-R4-Rouen-15-10-2023-1024x724.jpg 1024w, http:\/\/www.billard-club-sottevillais.com\/wp-content\/uploads\/2023\/10\/T1-Libre-R4-Rouen-15-10-2023-300x212.jpg 300w, http:\/\/www.billard-club-sottevillais.com\/wp-content\/uploads\/2023\/10\/T1-Libre-R4-Rouen-15-10-2023-768x543.jpg 768w, http:\/\/www.billard-club-sottevillais.com\/wp-content\/uploads\/2023\/10\/T1-Libre-R4-Rouen-15-10-2023-1536x1086.jpg 1536w, http:\/\/www.billard-club-sottevillais.com\/wp-content\/uploads\/2023\/10\/T1-Libre-R4-Rouen-15-10-2023-rotated.jpg 1754w\" sizes=\"auto, (max-width: 706px) 89vw, (max-width: 767px) 82vw, 740px\" \/><\/p>\n<p style=\"text-align: center;\"><em>A Sotteville-l\u00e8s-Rouen,<\/em><\/p>\n<p><img loading=\"lazy\" decoding=\"async\" class=\"aligncenter wp-image-14254\" src=\"http:\/\/www.billard-club-sottevillais.com\/wp-content\/uploads\/2023\/10\/T1-Libre-R4-Sotteville-15-10-2023-1024x724.jpg\" alt=\"\" width=\"750\" height=\"530\" srcset=\"http:\/\/www.billard-club-sottevillais.com\/wp-content\/uploads\/2023\/10\/T1-Libre-R4-Sotteville-15-10-2023-1024x724.jpg 1024w, http:\/\/www.billard-club-sottevillais.com\/wp-content\/uploads\/2023\/10\/T1-Libre-R4-Sotteville-15-10-2023-300x212.jpg 300w, http:\/\/www.billard-club-sottevillais.com\/wp-content\/uploads\/2023\/10\/T1-Libre-R4-Sotteville-15-10-2023-768x543.jpg 768w, http:\/\/www.billard-club-sottevillais.com\/wp-content\/uploads\/2023\/10\/T1-Libre-R4-Sotteville-15-10-2023-1536x1086.jpg 1536w, http:\/\/www.billard-club-sottevillais.com\/wp-content\/uploads\/2023\/10\/T1-Libre-R4-Sotteville-15-10-2023-rotated.jpg 1754w\" sizes=\"auto, (max-width: 706px) 89vw, (max-width: 767px) 82vw, 740px\" \/><\/p>\n<h4 style=\"padding-left: 30px;\">Le pdf ici : <a href=\"http:\/\/www.billard-club-sottevillais.com\/wp-content\/uploads\/2023\/10\/T1-Libre-R4-Cany-15102023.pdf\">T1 Libre R4 Cany 15102023<\/a><\/h4>\n<h4 style=\"padding-left: 30px;\">Le pdf ici :<a href=\"http:\/\/www.billard-club-sottevillais.com\/wp-content\/uploads\/2023\/10\/T1-Libre-R4-Rouen-15-10-2023.pdf\">T1 Libre R4 Rouen 15-10-2023<\/a><\/h4>\n<h4 style=\"padding-left: 30px;\">Le pdf ici :<a href=\"http:\/\/www.billard-club-sottevillais.com\/wp-content\/uploads\/2023\/10\/T1-Libre-R4-Sotteville-15-10-2023.pdf\">T1 Libre R4 Sotteville 15-10-2023<\/a><\/h4>\n","protected":false},"excerpt":{"rendered":"<p>R\u00e9sultats des Tournois, vous trouverez ici toutes les informations concernant les rencontres sportives auxquelles participe le Billard Club Sottevillais.<\/p>\n","protected":false},"author":7,"featured_media":0,"parent":0,"menu_order":0,"comment_status":"closed","ping_status":"closed","template":"","meta":{"footnotes":""},"class_list":["post-14251","page","type-page","status-publish","hentry"],"_links":{"self":[{"href":"http:\/\/www.billard-club-sottevillais.com\/index.php?rest_route=\/wp\/v2\/pages\/14251","targetHints":{"allow":["GET"]}}],"collection":[{"href":"http:\/\/www.billard-club-sottevillais.com\/index.php?rest_route=\/wp\/v2\/pages"}],"about":[{"href":"http:\/\/www.billard-club-sottevillais.com\/index.php?rest_route=\/wp\/v2\/types\/page"}],"author":[{"embeddable":true,"href":"http:\/\/www.billard-club-sottevillais.com\/index.php?rest_route=\/wp\/v2\/users\/7"}],"replies":[{"embeddable":true,"href":"http:\/\/www.billard-club-sottevillais.com\/index.php?rest_route=%2Fwp%2Fv2%2Fcomments&post=14251"}],"version-history":[{"count":3,"href":"http:\/\/www.billard-club-sottevillais.com\/index.php?rest_route=\/wp\/v2\/pages\/14251\/revisions"}],"predecessor-version":[{"id":14262,"href":"http:\/\/www.billard-club-sottevillais.com\/index.php?rest_route=\/wp\/v2\/pages\/14251\/revisions\/14262"}],"wp:attachment":[{"href":"http:\/\/www.billard-club-sottevillais.com\/index.php?rest_route=%2Fwp%2Fv2%2Fmedia&parent=14251"}],"curies":[{"name":"wp","href":"https:\/\/api.w.org\/{rel}","templated":true}]}}