{"id":14237,"date":"2023-10-15T17:46:44","date_gmt":"2023-10-15T17:46:44","guid":{"rendered":"http:\/\/www.billard-club-sottevillais.com\/?page_id=14237"},"modified":"2023-10-15T17:46:44","modified_gmt":"2023-10-15T17:46:44","slug":"resultats-sportifs-2022-2023","status":"publish","type":"page","link":"http:\/\/www.billard-club-sottevillais.com\/?page_id=14237","title":{"rendered":"RESULTATS SPORTIFS  2022-2023"},"content":{"rendered":"<p style=\"text-align: justify;\">R\u00e9sultats des Comp\u00e9titions, vous trouverez ici toutes les informations concernant\u00a0les rencontres sportives auxquelles participe le Billard Club Sottevillais.<\/p>\n<p style=\"text-align: center;\"><!--more--><img loading=\"lazy\" decoding=\"async\" class=\"aligncenter size-full wp-image-8398\" title=\"Res-Sport\" src=\"http:\/\/www.billard-club-sottevillais.com\/wp-content\/uploads\/2011\/07\/Res-Sport1.jpg\" alt=\"\" width=\"231\" height=\"116\" \/><\/p>\n<h4><a href=\"http:\/\/www.billard-club-sottevillais.com\/?page_id=14120\">Equipe D5 &#8211; 16 Mai 2023<\/a><\/h4>\n<p>l&rsquo;\u00e9quipe D5 Sotteville B &#8211; Rouen A<\/p>\n<h4><a href=\"http:\/\/www.billard-club-sottevillais.com\/?page_id=14103\">Equipe D2 \u2013\u00a0 02 Mai 2023<\/a><\/h4>\n<p>l\u2019\u00e9quipe D2 Sotteville A &#8211; Oissel A<\/p>\n<h4><a href=\"http:\/\/www.billard-club-sottevillais.com\/?page_id=14090\">Finale de Ligue 3 Bandes N3 \u2013 23 avril 2023<\/a><\/h4>\n<p>La Finale de Ligue de 3 Bandes N3 \u00e0 St Nicolas d&rsquo;Aliermont<\/p>\n<h4><a href=\"http:\/\/www.billard-club-sottevillais.com\/?page_id=14084\">Equipe D5 \u2013 18 avril 2023<\/a><\/h4>\n<p>l\u2019\u00e9quipe D5 Cany C &#8211; Sotteville B<\/p>\n<h4><a href=\"http:\/\/www.billard-club-sottevillais.com\/?page_id=14071\">Finale d\u00e9partementale\u00a0 Libre R4 &#8211; 16 Avril 2023<\/a><\/h4>\n<p>La Finale d\u00e9partementale de Libre R4 \u00e0 Rouen<\/p>\n<h4><a href=\"http:\/\/www.billard-club-sottevillais.com\/?page_id=14077\">Finale d\u00e9partementale\u00a0 Libre R3 &#8211; 16 Avril 2023<\/a><\/h4>\n<p>La Finale d\u00e9partementale de Libre R3 au Havre<\/p>\n<h4><a href=\"http:\/\/www.billard-club-sottevillais.com\/?page_id=14064\">Finale de Ligue Libre R1 &#8211; 16 Avril 2023<\/a><\/h4>\n<p>La Finale de Ligue de Libre R1 \u00e0 La Saussaye<\/p>\n<h4><a href=\"http:\/\/www.billard-club-sottevillais.com\/?page_id=14047\">Equipe D5 \u2013\u00a0 11 Avril 2023<\/a><\/h4>\n<p>l\u2019\u00e9quipe D5 Sotteville B &#8211; Cormelles D<\/p>\n<h4><a href=\"http:\/\/www.billard-club-sottevillais.com\/?page_id=14040\">Libre N3 T4 &#8211; 2 Avril 2023<\/a><\/h4>\n<p>Le 4\u00e8me Tour de Libre N3 \u00e0 Evreux<\/p>\n<h4><a href=\"http:\/\/www.billard-club-sottevillais.com\/?page_id=14016\">Finale de Ligue Cadre R- 26 mars 2023<\/a><\/h4>\n<p>La Finale de Ligue de Cadre R \u00e0 Sotteville<\/p>\n<h4><a href=\"http:\/\/www.billard-club-sottevillais.com\/?page_id=14013\">3 Bandes par \u00e9quipe D4 &#8211; 25 Mars 2023<\/a><\/h4>\n<p>L&rsquo;\u00e9quipe D4 Sotteville &#8211; Le Havre<\/p>\n<h4><a href=\"http:\/\/www.billard-club-sottevillais.com\/?page_id=14011\">Equipe D2 \u2013\u00a0 21 Mars 2023<\/a><\/h4>\n<p>l\u2019\u00e9quipe D2 Sotteville A &#8211; Cany<\/p>\n<h4><a href=\"http:\/\/www.billard-club-sottevillais.com\/?page_id=13988\">3 Bandes N3 T3 \u2013 19 mars 2023<\/a><\/h4>\n<p>Le 3\u00e8me Tour de 3 Bandes N3 \u00e0 Sotteville-les-Rouen<\/p>\n<h4><a href=\"http:\/\/www.billard-club-sottevillais.com\/?page_id=13990\">3 Bandes R1 T3 \u2013 19 mars 2023<\/a><\/h4>\n<p>Le 3\u00e8me Tour de 3 Bandes R1 \u00e0 Sotteville-les-Rouen<\/p>\n<h4><a href=\"http:\/\/www.billard-club-sottevillais.com\/?page_id=13953\">Finale de Ligue Cadre N3- 5 mars 2023<\/a><\/h4>\n<p>La Finale de Ligue de Cadre N3 \u00e0 Cormelles-le-Royal<\/p>\n<h4><a href=\"http:\/\/www.billard-club-sottevillais.com\/?page_id=13948\">Finale de Ligue 4 Billes U17 &#8211; 4 mars 2023<\/a><\/h4>\n<p>La Finale de Ligue de 4 Billes U17 \u00e0 Rouen<\/p>\n<h4><a href=\"http:\/\/www.billard-club-sottevillais.com\/?page_id=13938\">Equipe D2 \u2013\u00a0 28 F\u00e9vrier 2023<\/a><\/h4>\n<p>l\u2019\u00e9quipe D2 Cormelles B &#8211; Sotteville A<\/p>\n<h4><a href=\"http:\/\/www.billard-club-sottevillais.com\/?page_id=13897\">Libre R4 T3 &#8211; 26 F\u00e9vrier 2023<\/a><\/h4>\n<p>Le 3\u00e8me Tour de Libre R4 \u00e0 Sotteville-l\u00e8s-Rouen<\/p>\n<h4><a href=\"http:\/\/www.billard-club-sottevillais.com\/?page_id=13902\">Libre R3 T3-\u00a0 26 F\u00e9vrier 2023<\/a><\/h4>\n<p>Le 3\u00e8me Tour de Libre R3 au Havre<\/p>\n<h4><a href=\"http:\/\/www.billard-club-sottevillais.com\/?page_id=13911\">Libre R1 T3 &#8211; 26 F\u00e9vrier 2023<\/a><\/h4>\n<p>Le 3\u00e8me Tour de Libre R1 \u00e0 F\u00e9camp<\/p>\n<h4><a href=\"http:\/\/www.billard-club-sottevillais.com\/?page_id=13916\">Libre N3 T3 &#8211; 26 F\u00e9vrier 2023<\/a><\/h4>\n<p>Le 3\u00e8me Tour de Libre N3 \u00e0 La Saussaye<\/p>\n<h4><a href=\"http:\/\/www.billard-club-sottevillais.com\/?page_id=13889\">Equipe D2 \u2013\u00a0 21 F\u00e9vrier 2023<\/a><\/h4>\n<p>l\u2019\u00e9quipe D2 Sotteville A &#8211; St Nicolas<\/p>\n<h4><a href=\"http:\/\/www.billard-club-sottevillais.com\/?page_id=13872\">Equipe D5 \u2013 14 F\u00e9vrier 2023<\/a><\/h4>\n<p>l\u2019\u00e9quipe D5 Sotteville B &#8211; St Marcel A<\/p>\n<h4><a href=\"http:\/\/www.billard-club-sottevillais.com\/?page_id=13860\">5 Quilles \u2013 12 F\u00e9vrier 2023<\/a><\/h4>\n<p>Sotteville\/St Nicolas &#8211; Rouen<\/p>\n<h4><a href=\"http:\/\/www.billard-club-sottevillais.com\/?page_id=13834\">Cadre N3 T3- 5 f\u00e9vrier 2023<\/a><\/h4>\n<p>Le 3\u00e8me Tour de Cadre N3 \u00e0 La Saussaye<\/p>\n<h4><a href=\"http:\/\/www.billard-club-sottevillais.com\/?page_id=13837\">Cadre R1 T3 &#8211; 5 f\u00e9vrier 2023<\/a><\/h4>\n<p>Le 3\u00e8me Tour de Cadre R1 \u00e0 Lisieux<\/p>\n<h4><a href=\"http:\/\/www.billard-club-sottevillais.com\/?page_id=13822\">Equipe D2 \u2013 17 Janvier 2023<\/a><\/h4>\n<p>l\u2019\u00e9quipe D2 Oissel A &#8211; Sotteville A<\/p>\n<h4><a href=\"http:\/\/www.billard-club-sottevillais.com\/?page_id=13809\">Equipe D5 \u2013 17 Janvier 2023<\/a><\/h4>\n<p>l\u2019\u00e9quipe D5 Sotteville B &#8211; Cany C<\/p>\n<h4><a href=\"http:\/\/www.billard-club-sottevillais.com\/?page_id=13794\">Cadre N3 T2- 15 Janvier 2023<\/a><\/h4>\n<p>Le 2\u00e8me Tour de Cadre N3 \u00e0 St Marcel<\/p>\n<h4><a href=\"http:\/\/www.billard-club-sottevillais.com\/?page_id=13782\">Cadre R1 T2 &#8211; 15 Janvier 2023<\/a><\/h4>\n<p>Le 2\u00e8me Tour de Cadre R1 \u00e0 Cormelles le Royal<\/p>\n<h4><a href=\"http:\/\/www.billard-club-sottevillais.com\/?page_id=13800\">3 Bandes par \u00e9quipe D4 &#8211; 14 Janvier 2023<\/a><\/h4>\n<p>L&rsquo;\u00e9quipe D4 Sotteville &#8211; Evreux<\/p>\n<h4><a href=\"http:\/\/www.billard-club-sottevillais.com\/?page_id=13723\">Libre R4 T1 &#8211; 08 Janvier 2023<\/a><\/h4>\n<p>Le 2\u00e8me Tour de Libre R4 \u00e0 Cany et \u00e0 St Nicolas<\/p>\n<h4><a href=\"http:\/\/www.billard-club-sottevillais.com\/?page_id=13721\">Libre R3 T2 &#8211; 08 Janvier 2023<\/a><\/h4>\n<p>Le 2\u00e8me Tour de Libre R3 \u00e0 F\u00e9camp<\/p>\n<h4><a href=\"http:\/\/www.billard-club-sottevillais.com\/?page_id=13719\">Libre R1 T2 &#8211; 08 Janvier 2023<\/a><\/h4>\n<p>Le 2\u00e8me Tour de Libre R1 \u00e0 Sotteville-l\u00e8s-Rouen<\/p>\n<h4><a href=\"http:\/\/www.billard-club-sottevillais.com\/?page_id=13717\">Libre N3 T2 &#8211; 08 Janvier 2023<\/a><\/h4>\n<p>Le 2\u00e8me Tour de Libre N3 \u00e0 Louviers<\/p>\n<h4><a href=\"http:\/\/www.billard-club-sottevillais.com\/?page_id=13679\">Equipe D2 \u2013 20 D\u00e9cembre 2022<\/a><\/h4>\n<p>l\u2019\u00e9quipe D2 Sotteville A &#8211; Bernay A<\/p>\n<h4><a href=\"http:\/\/www.billard-club-sottevillais.com\/?page_id=13672\">Equipe D5 \u2013 6 D\u00e9cembre 2022<\/a><\/h4>\n<p>l\u2019\u00e9quipe D5 Cormelles D &#8211; Sotteville B<\/p>\n<h4><a href=\"http:\/\/www.billard-club-sottevillais.com\/?page_id=13667\">Cadre N3 T1 &#8211; 04 D\u00e9cembre 2022<\/a><\/h4>\n<p>Le 1er Tour de Cadre N3 \u00e0 Sotteville-l\u00e8s-Rouen<\/p>\n<h4><a href=\"http:\/\/www.billard-club-sottevillais.com\/?page_id=13652\">Cadre R1 T1 &#8211; 04 D\u00e9cembre 2022<\/a><\/h4>\n<p>Le 1er Tour de Cadre R1 \u00e0 Rouen<\/p>\n<h4><a href=\"http:\/\/www.billard-club-sottevillais.com\/?page_id=13660\">3 Bandes par \u00e9quipe D4 &#8211; 03 D\u00e9cembre 2022<\/a><\/h4>\n<p>L&rsquo;\u00e9quipe D4 Sotteville &#8211; Bernay<\/p>\n<h4><a href=\"http:\/\/www.billard-club-sottevillais.com\/?page_id=13646\">Equipe D2 \u2013 22 Novembre 2022<\/a><\/h4>\n<p>l\u2019\u00e9quipe D2 Cany A &#8211; Sotteville A<\/p>\n<h4><a href=\"http:\/\/www.billard-club-sottevillais.com\/?page_id=13603\">3 Bandes N3 T2 &#8211; 20 Novembre 2022<\/a><\/h4>\n<p>Le 2\u00e8me Tour de 3 Bandes N3 \u00e0 Sotteville-les-Rouen<\/p>\n<h4><a href=\"http:\/\/www.billard-club-sottevillais.com\/?page_id=13609\">3 Bandes R1 T2 &#8211; 20 Novembre 2022<\/a><\/h4>\n<p>Le 2\u00e8me Tour de 3 Bandes R1 au Havre<\/p>\n<h4><a href=\"http:\/\/www.billard-club-sottevillais.com\/?page_id=13597\">4 Billes T1 &#8211; 19 Novembre 2022<\/a><\/h4>\n<p>Le 1er Tour de 4 Billes \u00e0 Sotteville-l\u00e8s-Rouen<\/p>\n<h4><a href=\"http:\/\/www.billard-club-sottevillais.com\/?page_id=13554\">Libre R4 T1 &#8211; 13 Novembre 2022<\/a><\/h4>\n<p>Le 1er Tour de Libre R4 \u00e0 Cany et F\u00e9camp<\/p>\n<h4><a href=\"http:\/\/www.billard-club-sottevillais.com\/?page_id=13552\">Libre R3 T1 &#8211; 13 Novembre 2022<\/a><\/h4>\n<p>Le 1er Tour de Libre R3 \u00e0 St Nicolas<\/p>\n<h4><a href=\"http:\/\/www.billard-club-sottevillais.com\/?page_id=13550\">Libre R1 T1 &#8211; 13 Novembre 2022<\/a><\/h4>\n<p>Le 1er Tour de Libre R1 \u00e0 Rouen<\/p>\n<h4><a href=\"http:\/\/www.billard-club-sottevillais.com\/?page_id=13548\">Libre N3 T1 &#8211; 13 Novembre 2022<\/a><\/h4>\n<p>Le 1er Tour de Libre N3 \u00e0 Sotteville-l\u00e8s-Rouen<\/p>\n<h4><a href=\"http:\/\/www.billard-club-sottevillais.com\/?page_id=13541\">Equipe D2 \u2013 8 Novembre 2022<\/a><\/h4>\n<p>l\u2019\u00e9quipe D2 Sotteville A &#8211; Cormelles B<\/p>\n<h4><a href=\"http:\/\/www.billard-club-sottevillais.com\/?page_id=13488\">3 Bandes N3 T1 &#8211; 23 Octobre 2022<\/a><\/h4>\n<p>Le 1er Tour de 3 Bandes N3 \u00e0 St Marcel<\/p>\n<h4><a href=\"http:\/\/www.billard-club-sottevillais.com\/?page_id=13481\">3 Bandes R1 T1 &#8211; 23 Octobre 2022<\/a><\/h4>\n<p>Le 1er Tour de 3 Bandes R1 \u00e0 Oissel<\/p>\n<h4><a href=\"http:\/\/www.billard-club-sottevillais.com\/?page_id=13469\">Equipe D2 \u2013 11 Octobre 2022<\/a><\/h4>\n<p>l\u2019\u00e9quipe D2 St Nicolas B &#8211; Sotteville A<\/p>\n<h4>\u00a0<\/h4>\n<h4><a href=\"http:\/\/billardcf.cluster010.ovh.net\/?page_id=7193\">Archives comp\u00e9tition<\/a><\/h4>\n<h4>\u00a0<\/h4>\n\n\n<p><\/p>\n","protected":false},"excerpt":{"rendered":"<p>R\u00e9sultats des Comp\u00e9titions, vous trouverez ici toutes les informations concernant\u00a0les rencontres sportives auxquelles participe le Billard Club Sottevillais.<\/p>\n","protected":false},"author":7,"featured_media":0,"parent":0,"menu_order":0,"comment_status":"closed","ping_status":"closed","template":"","meta":{"footnotes":""},"class_list":["post-14237","page","type-page","status-publish","hentry"],"_links":{"self":[{"href":"http:\/\/www.billard-club-sottevillais.com\/index.php?rest_route=\/wp\/v2\/pages\/14237","targetHints":{"allow":["GET"]}}],"collection":[{"href":"http:\/\/www.billard-club-sottevillais.com\/index.php?rest_route=\/wp\/v2\/pages"}],"about":[{"href":"http:\/\/www.billard-club-sottevillais.com\/index.php?rest_route=\/wp\/v2\/types\/page"}],"author":[{"embeddable":true,"href":"http:\/\/www.billard-club-sottevillais.com\/index.php?rest_route=\/wp\/v2\/users\/7"}],"replies":[{"embeddable":true,"href":"http:\/\/www.billard-club-sottevillais.com\/index.php?rest_route=%2Fwp%2Fv2%2Fcomments&post=14237"}],"version-history":[{"count":1,"href":"http:\/\/www.billard-club-sottevillais.com\/index.php?rest_route=\/wp\/v2\/pages\/14237\/revisions"}],"predecessor-version":[{"id":14238,"href":"http:\/\/www.billard-club-sottevillais.com\/index.php?rest_route=\/wp\/v2\/pages\/14237\/revisions\/14238"}],"wp:attachment":[{"href":"http:\/\/www.billard-club-sottevillais.com\/index.php?rest_route=%2Fwp%2Fv2%2Fmedia&parent=14237"}],"curies":[{"name":"wp","href":"https:\/\/api.w.org\/{rel}","templated":true}]}}