{"id":14137,"date":"2023-06-29T14:27:00","date_gmt":"2023-06-29T14:27:00","guid":{"rendered":"http:\/\/www.billard-club-sottevillais.com\/?page_id=14137"},"modified":"2023-06-29T14:27:00","modified_gmt":"2023-06-29T14:27:00","slug":"assemblee-generale-2023","status":"publish","type":"page","link":"http:\/\/www.billard-club-sottevillais.com\/?page_id=14137","title":{"rendered":"Assembl\u00e9e G\u00e9n\u00e9rale 2023"},"content":{"rendered":"<p style=\"text-align: justify;\">L\u2019assembl\u00e9e G\u00e9n\u00e9rale du BCS a eu lieu le 24 juin 2023. Vers 8h45 nos adh\u00e9rents ont commenc\u00e9 \u00e0 arriver au BCS. Dans l&rsquo;entr\u00e9e, les viennoiseries et le caf\u00e9 les attendait. Ce moment qui pr\u00e9c\u00e8de l&rsquo;assembl\u00e9e est tr\u00e8s appr\u00e9ci\u00e9.<br \/>\nApr\u00e8s le caf\u00e9 d\u2019accueil, les trente trois pr\u00e9sents ont pris place dans la salle de billard. Nous avions par ailleurs 16 pouvoirs. Chaque adh\u00e9rent s\u2019est vu remettre un dossier complet comprenant l\u2019ensemble des rapports \u00e9tablis pour l\u2019occasion.<\/p>\n<p>&nbsp;<br \/>\n<center>[flgallery id=274\/]<\/center><br \/>\n&nbsp;<\/p>\n<p style=\"text-align: justify;\">Bruno Pierrel, notre Pr\u00e9sident a ouvert la s\u00e9ance, il a nomm\u00e9 le secr\u00e9taire: Xavier Sauvage, puis il a suivi l&rsquo;ordre du jour.<br \/>\nAu cours de cette AG, les adh\u00e9rents ont une nouvelle fois vot\u00e9 unanimement la politique g\u00e9n\u00e9rale du BCS (maintien d\u2019un emploi, entretien de la salle et des billards. Poursuite de la formation, indemnisation des arbitres, indemnisation des comp\u00e9titeurs, animations etc.).<br \/>\n&nbsp;<br \/>\nBruno Pierrel s&rsquo;est ensuite adress\u00e9 \u00e0 l&rsquo;Assembl\u00e9e pour  aborder le remplacement de nos billards de 2m80. Nos billards ont plus de 50 ans. Les ardoises s&rsquo;effritent par endroit. Depuis pr\u00e8s de 10 ans, lors des changements de tapis, le billardier est oblig\u00e9 de faire du rebouchage au Syntofer pour assurer la plan\u00e9it\u00e9 des ardoises. Les participants n&rsquo;ont pas eu d&rsquo;objections.<\/p>\n<p style=\"text-align: justify;\">Les personnes qui ont obtenu le Dipl\u00f4me  F\u00e9d\u00e9ral d&rsquo;Aptitude cat\u00e9gorie bronze cette saison se sont vu remettre un dipl\u00f4me et une \u00e9pinglette.<\/p>\n<p>&nbsp;<br \/>\n<center>[flgallery id=273\/]<\/center><br \/>\n&nbsp;<\/p>\n<p style=\"text-align: justify;\">Avant de clore la s\u00e9ance, nous avons proc\u00e9d\u00e9 \u00e0 l\u2019\u00e9lection du tiers sortant, tous les candidats ont \u00e9t\u00e9 \u00e9lus \u00e0 l\u2019unanimit\u00e9. Nos travaux se sont arr\u00eat\u00e9s peu avant midi et nous avons partag\u00e9 le pot de l\u2019amiti\u00e9.<\/p>\n<p>&nbsp;<br \/>\n<center>[flgallery id=275\/]<\/center><br \/>\n&nbsp;<\/p>\n<p style=\"text-align: justify;\">Ensuite, une vingtaine de participants a rejoint le \u00ab Rendez-vous de chasse \u00bb \u00e0 la Londe pour y prendre un repas tr\u00e8s appr\u00e9ci\u00e9.<\/p>\n<p>&nbsp;<br \/>\n<center>[flgallery id=276\/]<\/center><\/p>\n","protected":false},"excerpt":{"rendered":"<p>L\u2019assembl\u00e9e G\u00e9n\u00e9rale du BCS a eu lieu le 24 juin 2023. Vers 8h45 nos adh\u00e9rents ont commenc\u00e9 \u00e0 arriver au BCS. Dans l&rsquo;entr\u00e9e, les viennoiseries et le caf\u00e9 les attendait. Ce moment qui pr\u00e9c\u00e8de l&rsquo;assembl\u00e9e est tr\u00e8s appr\u00e9ci\u00e9. Apr\u00e8s le caf\u00e9 d\u2019accueil, les trente trois pr\u00e9sents ont pris place dans la salle de billard. Nous &hellip; <\/p>\n<p class=\"link-more\"><a href=\"http:\/\/www.billard-club-sottevillais.com\/?page_id=14137\" class=\"more-link\">Continuer la lecture<span class=\"screen-reader-text\"> de &laquo;&nbsp;Assembl\u00e9e G\u00e9n\u00e9rale 2023&nbsp;&raquo;<\/span><\/a><\/p>\n","protected":false},"author":3,"featured_media":0,"parent":0,"menu_order":0,"comment_status":"closed","ping_status":"closed","template":"","meta":{"footnotes":""},"class_list":["post-14137","page","type-page","status-publish","hentry"],"_links":{"self":[{"href":"http:\/\/www.billard-club-sottevillais.com\/index.php?rest_route=\/wp\/v2\/pages\/14137","targetHints":{"allow":["GET"]}}],"collection":[{"href":"http:\/\/www.billard-club-sottevillais.com\/index.php?rest_route=\/wp\/v2\/pages"}],"about":[{"href":"http:\/\/www.billard-club-sottevillais.com\/index.php?rest_route=\/wp\/v2\/types\/page"}],"author":[{"embeddable":true,"href":"http:\/\/www.billard-club-sottevillais.com\/index.php?rest_route=\/wp\/v2\/users\/3"}],"replies":[{"embeddable":true,"href":"http:\/\/www.billard-club-sottevillais.com\/index.php?rest_route=%2Fwp%2Fv2%2Fcomments&post=14137"}],"version-history":[{"count":13,"href":"http:\/\/www.billard-club-sottevillais.com\/index.php?rest_route=\/wp\/v2\/pages\/14137\/revisions"}],"predecessor-version":[{"id":14150,"href":"http:\/\/www.billard-club-sottevillais.com\/index.php?rest_route=\/wp\/v2\/pages\/14137\/revisions\/14150"}],"wp:attachment":[{"href":"http:\/\/www.billard-club-sottevillais.com\/index.php?rest_route=%2Fwp%2Fv2%2Fmedia&parent=14137"}],"curies":[{"name":"wp","href":"https:\/\/api.w.org\/{rel}","templated":true}]}}