{"id":14090,"date":"2023-04-24T07:57:54","date_gmt":"2023-04-24T07:57:54","guid":{"rendered":"http:\/\/www.billard-club-sottevillais.com\/?page_id=14090"},"modified":"2023-04-24T07:57:54","modified_gmt":"2023-04-24T07:57:54","slug":"3-bandes-n3-finale-de-normandie-23-avril-2023","status":"publish","type":"page","link":"http:\/\/www.billard-club-sottevillais.com\/?page_id=14090","title":{"rendered":"3 Bandes N3 &#8211; Finale de Normandie &#8211; 23 Avril 2023"},"content":{"rendered":"<p style=\"text-align: justify;\">R\u00e9sultats des Tournois, vous trouverez ici toutes les informations concernant les rencontres sportives auxquelles participe le Billard Club Sottevillais.<\/p>\n<p style=\"text-align: center;\"><!--more--><img loading=\"lazy\" decoding=\"async\" class=\"aligncenter size-full wp-image-59\" title=\"sport\" src=\"http:\/\/billardcf.cluster010.ovh.net\/wp-content\/uploads\/2011\/07\/sport.jpg\" alt=\"\" width=\"231\" height=\"116\" \/><\/p>\n<p>La Finale de ligue de Normandie 3 Bandes Nationale 3 s&rsquo;est d\u00e9roul\u00e9e le 23 Avril 2023 \u00e0 St Nicolas d&rsquo;aliermont. Christian Ponthieux repr\u00e9sentait le BCS pour cette finale \u00e0 6.<\/p>\n<p>Christian avec 3 victoires, termine 1er. Il est donc champion de Normandie.<\/p>\n<p>Il repr\u00e9sentera la r\u00e9gion en Finale de France \u00e0 Billy-Montigny dans le Pas de Calais le 20 et 21 mai prochain.<\/p>\n<p style=\"text-align: center;\"><img loading=\"lazy\" decoding=\"async\" class=\"aligncenter wp-image-14091\" src=\"http:\/\/www.billard-club-sottevillais.com\/wp-content\/uploads\/2023\/04\/3-Bandes-N3-FL-St-Nicolas-23.04.2023-1024x724.jpg\" alt=\"\" width=\"850\" height=\"601\" srcset=\"http:\/\/www.billard-club-sottevillais.com\/wp-content\/uploads\/2023\/04\/3-Bandes-N3-FL-St-Nicolas-23.04.2023-1024x724.jpg 1024w, http:\/\/www.billard-club-sottevillais.com\/wp-content\/uploads\/2023\/04\/3-Bandes-N3-FL-St-Nicolas-23.04.2023-300x212.jpg 300w, http:\/\/www.billard-club-sottevillais.com\/wp-content\/uploads\/2023\/04\/3-Bandes-N3-FL-St-Nicolas-23.04.2023-768x543.jpg 768w, http:\/\/www.billard-club-sottevillais.com\/wp-content\/uploads\/2023\/04\/3-Bandes-N3-FL-St-Nicolas-23.04.2023-1536x1086.jpg 1536w, http:\/\/www.billard-club-sottevillais.com\/wp-content\/uploads\/2023\/04\/3-Bandes-N3-FL-St-Nicolas-23.04.2023-rotated.jpg 1754w\" sizes=\"auto, (max-width: 706px) 89vw, (max-width: 767px) 82vw, 740px\" \/><\/p>\n<h4>Le pdf ici :\u00a0<a href=\"http:\/\/www.billard-club-sottevillais.com\/wp-content\/uploads\/2023\/04\/3-Bandes-N3-FL-St-Nicolas-23.04.2023.pdf\">3 Bandes N3 FL St Nicolas 23.04.2023<\/a><\/h4>\n<h4><\/h4>\n<h4><\/h4>\n","protected":false},"excerpt":{"rendered":"<p>R\u00e9sultats des Tournois, vous trouverez ici toutes les informations concernant les rencontres sportives auxquelles participe le Billard Club Sottevillais.<\/p>\n","protected":false},"author":7,"featured_media":0,"parent":0,"menu_order":0,"comment_status":"closed","ping_status":"closed","template":"","meta":{"footnotes":""},"class_list":["post-14090","page","type-page","status-publish","hentry"],"_links":{"self":[{"href":"http:\/\/www.billard-club-sottevillais.com\/index.php?rest_route=\/wp\/v2\/pages\/14090","targetHints":{"allow":["GET"]}}],"collection":[{"href":"http:\/\/www.billard-club-sottevillais.com\/index.php?rest_route=\/wp\/v2\/pages"}],"about":[{"href":"http:\/\/www.billard-club-sottevillais.com\/index.php?rest_route=\/wp\/v2\/types\/page"}],"author":[{"embeddable":true,"href":"http:\/\/www.billard-club-sottevillais.com\/index.php?rest_route=\/wp\/v2\/users\/7"}],"replies":[{"embeddable":true,"href":"http:\/\/www.billard-club-sottevillais.com\/index.php?rest_route=%2Fwp%2Fv2%2Fcomments&post=14090"}],"version-history":[{"count":2,"href":"http:\/\/www.billard-club-sottevillais.com\/index.php?rest_route=\/wp\/v2\/pages\/14090\/revisions"}],"predecessor-version":[{"id":14933,"href":"http:\/\/www.billard-club-sottevillais.com\/index.php?rest_route=\/wp\/v2\/pages\/14090\/revisions\/14933"}],"wp:attachment":[{"href":"http:\/\/www.billard-club-sottevillais.com\/index.php?rest_route=%2Fwp%2Fv2%2Fmedia&parent=14090"}],"curies":[{"name":"wp","href":"https:\/\/api.w.org\/{rel}","templated":true}]}}