{"id":1409,"date":"2012-02-19T18:58:09","date_gmt":"2012-02-19T18:58:09","guid":{"rendered":"http:\/\/www.billard-club-sottevillais.com\/?page_id=1409"},"modified":"2012-02-19T18:58:09","modified_gmt":"2012-02-19T18:58:09","slug":"bon-anniversaire","status":"publish","type":"page","link":"http:\/\/www.billard-club-sottevillais.com\/?page_id=1409","title":{"rendered":"Bon anniversaire"},"content":{"rendered":"<p style=\"text-align: justify;\">Notre ami Marcel Caumartin a f\u00eat\u00e9 son 90\u00e8me anniversaire le 15 f\u00e9vrier. Cet anniversaire n&rsquo;est pas pass\u00e9 inaper\u00e7u. Le BCS a r\u00e9uni ses adh\u00e9rents le 17 f\u00e9vrier autour de Marcel. Nous \u00e9tions une vingtaine en fin d&rsquo;apr\u00e8s-midi pour ce pot de l&rsquo;amiti\u00e9. De nombreux joueurs se sont sp\u00e9cialement d\u00e9rang\u00e9s pour l&rsquo;\u00e9v\u00e8nement. Marcel a bien appr\u00e9ci\u00e9 le champagne et les douceurs qui l&rsquo;accompagnaient.<\/p>\n<p style=\"text-align: justify;\">A voir son visage radieux, nous avons la certitude que notre doyen a appr\u00e9ci\u00e9 ce moment d&rsquo;amiti\u00e9.<\/p>\n<p>&nbsp;<\/p>\n<p><center>[flgallery id=20 \/]<\/center><\/p>\n","protected":false},"excerpt":{"rendered":"<p>Notre ami Marcel Caumartin a f\u00eat\u00e9 son 90\u00e8me anniversaire le 15 f\u00e9vrier. Cet anniversaire n&rsquo;est pas pass\u00e9 inaper\u00e7u. Le BCS a r\u00e9uni ses adh\u00e9rents le 17 f\u00e9vrier autour de Marcel. Nous \u00e9tions une vingtaine en fin d&rsquo;apr\u00e8s-midi pour ce pot de l&rsquo;amiti\u00e9. De nombreux joueurs se sont sp\u00e9cialement d\u00e9rang\u00e9s pour l&rsquo;\u00e9v\u00e8nement. Marcel a bien appr\u00e9ci\u00e9 &hellip; <\/p>\n<p class=\"link-more\"><a href=\"http:\/\/www.billard-club-sottevillais.com\/?page_id=1409\" class=\"more-link\">Continuer la lecture<span class=\"screen-reader-text\"> de &laquo;&nbsp;Bon anniversaire&nbsp;&raquo;<\/span><\/a><\/p>\n","protected":false},"author":2,"featured_media":0,"parent":35,"menu_order":0,"comment_status":"open","ping_status":"open","template":"page-full.php","meta":{"footnotes":""},"class_list":["post-1409","page","type-page","status-publish","hentry"],"_links":{"self":[{"href":"http:\/\/www.billard-club-sottevillais.com\/index.php?rest_route=\/wp\/v2\/pages\/1409","targetHints":{"allow":["GET"]}}],"collection":[{"href":"http:\/\/www.billard-club-sottevillais.com\/index.php?rest_route=\/wp\/v2\/pages"}],"about":[{"href":"http:\/\/www.billard-club-sottevillais.com\/index.php?rest_route=\/wp\/v2\/types\/page"}],"author":[{"embeddable":true,"href":"http:\/\/www.billard-club-sottevillais.com\/index.php?rest_route=\/wp\/v2\/users\/2"}],"replies":[{"embeddable":true,"href":"http:\/\/www.billard-club-sottevillais.com\/index.php?rest_route=%2Fwp%2Fv2%2Fcomments&post=1409"}],"version-history":[{"count":5,"href":"http:\/\/www.billard-club-sottevillais.com\/index.php?rest_route=\/wp\/v2\/pages\/1409\/revisions"}],"predecessor-version":[{"id":1414,"href":"http:\/\/www.billard-club-sottevillais.com\/index.php?rest_route=\/wp\/v2\/pages\/1409\/revisions\/1414"}],"up":[{"embeddable":true,"href":"http:\/\/www.billard-club-sottevillais.com\/index.php?rest_route=\/wp\/v2\/pages\/35"}],"wp:attachment":[{"href":"http:\/\/www.billard-club-sottevillais.com\/index.php?rest_route=%2Fwp%2Fv2%2Fmedia&parent=1409"}],"curies":[{"name":"wp","href":"https:\/\/api.w.org\/{rel}","templated":true}]}}