{"id":14071,"date":"2023-04-16T17:16:31","date_gmt":"2023-04-16T17:16:31","guid":{"rendered":"http:\/\/www.billard-club-sottevillais.com\/?page_id=14071"},"modified":"2023-04-16T17:17:28","modified_gmt":"2023-04-16T17:17:28","slug":"libre-r4-finale-departementale-16-avril-2023","status":"publish","type":"page","link":"http:\/\/www.billard-club-sottevillais.com\/?page_id=14071","title":{"rendered":"Libre R4 Finale D\u00e9partementale &#8211; 16 Avril 2023"},"content":{"rendered":"<p style=\"text-align: justify;\">R\u00e9sultats des Tournois, vous trouverez ici toutes les informations concernant les rencontres sportives auxquelles participe le Billard Club Sottevillais.<\/p>\n<p style=\"text-align: center;\"><!--more--><img loading=\"lazy\" decoding=\"async\" class=\"aligncenter size-full wp-image-59\" title=\"sport\" src=\"http:\/\/billardcf.cluster010.ovh.net\/wp-content\/uploads\/2011\/07\/sport.jpg\" alt=\"\" width=\"231\" height=\"116\" \/><\/p>\n<p>La Finale d\u00e9partementale \u00e0 la Libre R4 s&rsquo;est d\u00e9roul\u00e9e \u00e0 Rouen le 16 avril 2023. Michel Guillaume et Serge Petit repr\u00e9sentaient le BCS.<\/p>\n<p>Michel perd ses 3 matches, il est 4\u00e8me. Serge gagne 1 match, il est 3\u00e8me<\/p>\n<p>Fran\u00e7ois Champ de Rouen gagne ses 3 matches, il est champion de Normandie.<\/p>\n<p><img loading=\"lazy\" decoding=\"async\" class=\"aligncenter wp-image-14072\" src=\"http:\/\/www.billard-club-sottevillais.com\/wp-content\/uploads\/2023\/04\/Libre-R4-Finale-departementale-16.03.2023-Rouen-1024x724.jpg\" alt=\"\" width=\"850\" height=\"601\" srcset=\"http:\/\/www.billard-club-sottevillais.com\/wp-content\/uploads\/2023\/04\/Libre-R4-Finale-departementale-16.03.2023-Rouen-1024x724.jpg 1024w, http:\/\/www.billard-club-sottevillais.com\/wp-content\/uploads\/2023\/04\/Libre-R4-Finale-departementale-16.03.2023-Rouen-300x212.jpg 300w, http:\/\/www.billard-club-sottevillais.com\/wp-content\/uploads\/2023\/04\/Libre-R4-Finale-departementale-16.03.2023-Rouen-768x543.jpg 768w, http:\/\/www.billard-club-sottevillais.com\/wp-content\/uploads\/2023\/04\/Libre-R4-Finale-departementale-16.03.2023-Rouen-1536x1086.jpg 1536w, http:\/\/www.billard-club-sottevillais.com\/wp-content\/uploads\/2023\/04\/Libre-R4-Finale-departementale-16.03.2023-Rouen-rotated.jpg 1754w\" sizes=\"auto, (max-width: 706px) 89vw, (max-width: 767px) 82vw, 740px\" \/><\/p>\n<p><a href=\"http:\/\/www.billard-club-sottevillais.com\/wp-content\/uploads\/2023\/04\/Libre-R4-Finale-departementale-16.03.2023-Rouen.pdf\"><strong>Le pdf ici :\u00a0Libre R4 Finale d\u00e9partementale 16.03.2023 Rouen<\/strong><\/a><\/p>\n","protected":false},"excerpt":{"rendered":"<p>R\u00e9sultats des Tournois, vous trouverez ici toutes les informations concernant les rencontres sportives auxquelles participe le Billard Club Sottevillais.<\/p>\n","protected":false},"author":7,"featured_media":0,"parent":0,"menu_order":0,"comment_status":"closed","ping_status":"closed","template":"","meta":{"footnotes":""},"class_list":["post-14071","page","type-page","status-publish","hentry"],"_links":{"self":[{"href":"http:\/\/www.billard-club-sottevillais.com\/index.php?rest_route=\/wp\/v2\/pages\/14071","targetHints":{"allow":["GET"]}}],"collection":[{"href":"http:\/\/www.billard-club-sottevillais.com\/index.php?rest_route=\/wp\/v2\/pages"}],"about":[{"href":"http:\/\/www.billard-club-sottevillais.com\/index.php?rest_route=\/wp\/v2\/types\/page"}],"author":[{"embeddable":true,"href":"http:\/\/www.billard-club-sottevillais.com\/index.php?rest_route=\/wp\/v2\/users\/7"}],"replies":[{"embeddable":true,"href":"http:\/\/www.billard-club-sottevillais.com\/index.php?rest_route=%2Fwp%2Fv2%2Fcomments&post=14071"}],"version-history":[{"count":2,"href":"http:\/\/www.billard-club-sottevillais.com\/index.php?rest_route=\/wp\/v2\/pages\/14071\/revisions"}],"predecessor-version":[{"id":14075,"href":"http:\/\/www.billard-club-sottevillais.com\/index.php?rest_route=\/wp\/v2\/pages\/14071\/revisions\/14075"}],"wp:attachment":[{"href":"http:\/\/www.billard-club-sottevillais.com\/index.php?rest_route=%2Fwp%2Fv2%2Fmedia&parent=14071"}],"curies":[{"name":"wp","href":"https:\/\/api.w.org\/{rel}","templated":true}]}}