{"id":14047,"date":"2023-04-15T18:19:15","date_gmt":"2023-04-15T18:19:15","guid":{"rendered":"http:\/\/www.billard-club-sottevillais.com\/?page_id=14047"},"modified":"2023-04-15T18:25:38","modified_gmt":"2023-04-15T18:25:38","slug":"equipe-d5-11-avril-2023","status":"publish","type":"page","link":"http:\/\/www.billard-club-sottevillais.com\/?page_id=14047","title":{"rendered":"Equipe D5 &#8211; 11 avril 2023"},"content":{"rendered":"\n<p>R\u00e9sultats des Tournois, vous trouverez ici toutes les informations concernant les rencontres sportives auxquelles participe le Billard Club Sottevillais.<\/p>\n\n\n\n<!--more-->\n\n\n<div class=\"wp-block-image\">\n<figure class=\"aligncenter\"><img loading=\"lazy\" decoding=\"async\" width=\"231\" height=\"116\" src=\"http:\/\/billardcf.cluster010.ovh.net\/wp-content\/uploads\/2011\/07\/sport.jpg\" alt=\"\" class=\"wp-image-59\" title=\"sport\"\/><\/figure>\n<\/div>\n\n\n<p>Le 11 Avril 2023, l&rsquo;\u00e9quipe D5 du BCS compos\u00e9e de Jackie Legros, Dominique Gueroult et Jan Moree recevait Cormelles D. Les sottevillais s&rsquo;impose 13 \u00e0 5.<\/p>\n\n\n<div class=\"wp-block-image\">\n<figure class=\"aligncenter size-large\"><img loading=\"lazy\" decoding=\"async\" width=\"724\" height=\"1024\" src=\"http:\/\/www.billard-club-sottevillais.com\/wp-content\/uploads\/2023\/04\/PL-D5-SOTTEVILLE-B-CORMELLES-D-11.04.2023-724x1024.jpg\" alt=\"\" class=\"wp-image-14053\" srcset=\"http:\/\/www.billard-club-sottevillais.com\/wp-content\/uploads\/2023\/04\/PL-D5-SOTTEVILLE-B-CORMELLES-D-11.04.2023-724x1024.jpg 724w, http:\/\/www.billard-club-sottevillais.com\/wp-content\/uploads\/2023\/04\/PL-D5-SOTTEVILLE-B-CORMELLES-D-11.04.2023-212x300.jpg 212w, http:\/\/www.billard-club-sottevillais.com\/wp-content\/uploads\/2023\/04\/PL-D5-SOTTEVILLE-B-CORMELLES-D-11.04.2023-768x1086.jpg 768w, http:\/\/www.billard-club-sottevillais.com\/wp-content\/uploads\/2023\/04\/PL-D5-SOTTEVILLE-B-CORMELLES-D-11.04.2023-1086x1536.jpg 1086w, http:\/\/www.billard-club-sottevillais.com\/wp-content\/uploads\/2023\/04\/PL-D5-SOTTEVILLE-B-CORMELLES-D-11.04.2023.jpg 1240w\" sizes=\"auto, (max-width: 724px) 100vw, 724px\" \/><\/figure>\n<\/div>\n\n\n<p><\/p>\n\n\n\n<h4 class=\"wp-block-heading\">Le pdf ici : <a href=\"http:\/\/www.billard-club-sottevillais.com\/wp-content\/uploads\/2023\/04\/PL-D5-SOTTEVILLE-B-CORMELLES-D-11.04.2023.pdf\">PL-D5-SOTTEVILLE-B-CORMELLES-D-11.04.2023.pdf<\/a><\/h4>\n","protected":false},"excerpt":{"rendered":"<p>R\u00e9sultats des Tournois, vous trouverez ici toutes les informations concernant les rencontres sportives auxquelles participe le Billard Club Sottevillais.<\/p>\n","protected":false},"author":7,"featured_media":0,"parent":0,"menu_order":0,"comment_status":"closed","ping_status":"closed","template":"","meta":{"footnotes":""},"class_list":["post-14047","page","type-page","status-publish","hentry"],"_links":{"self":[{"href":"http:\/\/www.billard-club-sottevillais.com\/index.php?rest_route=\/wp\/v2\/pages\/14047","targetHints":{"allow":["GET"]}}],"collection":[{"href":"http:\/\/www.billard-club-sottevillais.com\/index.php?rest_route=\/wp\/v2\/pages"}],"about":[{"href":"http:\/\/www.billard-club-sottevillais.com\/index.php?rest_route=\/wp\/v2\/types\/page"}],"author":[{"embeddable":true,"href":"http:\/\/www.billard-club-sottevillais.com\/index.php?rest_route=\/wp\/v2\/users\/7"}],"replies":[{"embeddable":true,"href":"http:\/\/www.billard-club-sottevillais.com\/index.php?rest_route=%2Fwp%2Fv2%2Fcomments&post=14047"}],"version-history":[{"count":5,"href":"http:\/\/www.billard-club-sottevillais.com\/index.php?rest_route=\/wp\/v2\/pages\/14047\/revisions"}],"predecessor-version":[{"id":14063,"href":"http:\/\/www.billard-club-sottevillais.com\/index.php?rest_route=\/wp\/v2\/pages\/14047\/revisions\/14063"}],"wp:attachment":[{"href":"http:\/\/www.billard-club-sottevillais.com\/index.php?rest_route=%2Fwp%2Fv2%2Fmedia&parent=14047"}],"curies":[{"name":"wp","href":"https:\/\/api.w.org\/{rel}","templated":true}]}}