{"id":14040,"date":"2023-04-02T18:49:08","date_gmt":"2023-04-02T18:49:08","guid":{"rendered":"http:\/\/www.billard-club-sottevillais.com\/?page_id=14040"},"modified":"2023-04-02T18:50:01","modified_gmt":"2023-04-02T18:50:01","slug":"libre-n3-t4-02-avril-2023","status":"publish","type":"page","link":"http:\/\/www.billard-club-sottevillais.com\/?page_id=14040","title":{"rendered":"Libre N3 T4 &#8211; 02 Avril 2023"},"content":{"rendered":"<p style=\"text-align: justify;\">R\u00e9sultats des Tournois, vous trouverez ici toutes les informations concernant les rencontres sportives auxquelles participe le Billard Club Sottevillais.<\/p>\n<p style=\"text-align: center;\"><!--more--><img loading=\"lazy\" decoding=\"async\" class=\"aligncenter size-full wp-image-59\" title=\"sport\" src=\"http:\/\/billardcf.cluster010.ovh.net\/wp-content\/uploads\/2011\/07\/sport.jpg\" alt=\"\" width=\"231\" height=\"116\" \/><\/p>\n<p style=\"text-align: justify;\">Le 4\u00e8me tour de libre N3 a eu lieu le 02 Avril 2023 \u00e0 Evreux. Jacques Alexandre repr\u00e9sentait le BCS dans un tour \u00e0 3.<\/p>\n<p style=\"text-align: justify;\">Jacques remporte ce tour.<\/p>\n<p>Jacques termine en t\u00eate du classement. Il est champion de Normandie.<\/p>\n<p>Il repr\u00e9sentera le club et la Normandie \u00e0 Reims le 7 Mai prochain en Finale de France.<\/p>\n<p style=\"text-align: justify;\"><em>\u00a0<\/em><\/p>\n<p style=\"text-align: center;\"><em><img loading=\"lazy\" decoding=\"async\" class=\"aligncenter wp-image-14041\" src=\"http:\/\/www.billard-club-sottevillais.com\/wp-content\/uploads\/2023\/04\/Libre-N3-T4-Evreux-02-04-2023-1024x724.jpg\" alt=\"\" width=\"850\" height=\"601\" srcset=\"http:\/\/www.billard-club-sottevillais.com\/wp-content\/uploads\/2023\/04\/Libre-N3-T4-Evreux-02-04-2023-1024x724.jpg 1024w, http:\/\/www.billard-club-sottevillais.com\/wp-content\/uploads\/2023\/04\/Libre-N3-T4-Evreux-02-04-2023-300x212.jpg 300w, http:\/\/www.billard-club-sottevillais.com\/wp-content\/uploads\/2023\/04\/Libre-N3-T4-Evreux-02-04-2023-768x543.jpg 768w, http:\/\/www.billard-club-sottevillais.com\/wp-content\/uploads\/2023\/04\/Libre-N3-T4-Evreux-02-04-2023-1536x1086.jpg 1536w, http:\/\/www.billard-club-sottevillais.com\/wp-content\/uploads\/2023\/04\/Libre-N3-T4-Evreux-02-04-2023-rotated.jpg 1754w\" sizes=\"auto, (max-width: 706px) 89vw, (max-width: 767px) 82vw, 740px\" \/><br \/>\n<\/em><\/p>\n<h4 style=\"padding-left: 30px;\">Le pdf ici : <em><a href=\"http:\/\/www.billard-club-sottevillais.com\/wp-content\/uploads\/2023\/04\/Libre-N3-T4-Evreux-02-04-2023.pdf\">Libre N3 T4 Evreux 02-04-2023<\/a><\/em><\/h4>\n","protected":false},"excerpt":{"rendered":"<p>R\u00e9sultats des Tournois, vous trouverez ici toutes les informations concernant les rencontres sportives auxquelles participe le Billard Club Sottevillais.<\/p>\n","protected":false},"author":7,"featured_media":0,"parent":0,"menu_order":0,"comment_status":"closed","ping_status":"closed","template":"","meta":{"footnotes":""},"class_list":["post-14040","page","type-page","status-publish","hentry"],"_links":{"self":[{"href":"http:\/\/www.billard-club-sottevillais.com\/index.php?rest_route=\/wp\/v2\/pages\/14040","targetHints":{"allow":["GET"]}}],"collection":[{"href":"http:\/\/www.billard-club-sottevillais.com\/index.php?rest_route=\/wp\/v2\/pages"}],"about":[{"href":"http:\/\/www.billard-club-sottevillais.com\/index.php?rest_route=\/wp\/v2\/types\/page"}],"author":[{"embeddable":true,"href":"http:\/\/www.billard-club-sottevillais.com\/index.php?rest_route=\/wp\/v2\/users\/7"}],"replies":[{"embeddable":true,"href":"http:\/\/www.billard-club-sottevillais.com\/index.php?rest_route=%2Fwp%2Fv2%2Fcomments&post=14040"}],"version-history":[{"count":2,"href":"http:\/\/www.billard-club-sottevillais.com\/index.php?rest_route=\/wp\/v2\/pages\/14040\/revisions"}],"predecessor-version":[{"id":14044,"href":"http:\/\/www.billard-club-sottevillais.com\/index.php?rest_route=\/wp\/v2\/pages\/14040\/revisions\/14044"}],"wp:attachment":[{"href":"http:\/\/www.billard-club-sottevillais.com\/index.php?rest_route=%2Fwp%2Fv2%2Fmedia&parent=14040"}],"curies":[{"name":"wp","href":"https:\/\/api.w.org\/{rel}","templated":true}]}}