{"id":14013,"date":"2023-03-26T16:19:01","date_gmt":"2023-03-26T16:19:01","guid":{"rendered":"http:\/\/www.billard-club-sottevillais.com\/?page_id=14013"},"modified":"2023-03-26T16:19:01","modified_gmt":"2023-03-26T16:19:01","slug":"3-bandes-par-equipe-d4-25-mars-2023","status":"publish","type":"page","link":"http:\/\/www.billard-club-sottevillais.com\/?page_id=14013","title":{"rendered":"3 Bandes par \u00e9quipe D4 &#8211; 25 mars 2023"},"content":{"rendered":"<p style=\"text-align: justify;\">R\u00e9sultats des Tournois, vous trouverez ici toutes les informations concernant les rencontres sportives auxquelles participe le Billard Club Sottevillais.<\/p>\n<p style=\"text-align: center;\"><!--more--><img loading=\"lazy\" decoding=\"async\" class=\"aligncenter size-full wp-image-59\" title=\"sport\" src=\"http:\/\/billardcf.cluster010.ovh.net\/wp-content\/uploads\/2011\/07\/sport.jpg\" alt=\"\" width=\"231\" height=\"116\" \/><\/p>\n<p>\u00a0<\/p>\n<p style=\"text-align: justify;\">Le 25 Mars 2023, notre \u00e9quipe de 3 Bandes par \u00e9quipe D4 compos\u00e9e de Chistian Ponthieux, Raymond Faisant et Pascal Ippolito recevait Le Havre pour une rencontre aller\/retour.<\/p>\n<p style=\"text-align: justify;\">L&rsquo;\u00e9quipe de Sotteville perd son match aller 4-2 et gagne le match retour 4-2.<\/p>\n<p style=\"text-align: center;\"><img loading=\"lazy\" decoding=\"async\" class=\"aligncenter wp-image-14021\" src=\"http:\/\/www.billard-club-sottevillais.com\/wp-content\/uploads\/2023\/03\/Equipe-3B-D4-25.03.2023A-1024x724.jpg\" alt=\"\" width=\"850\" height=\"601\" srcset=\"http:\/\/www.billard-club-sottevillais.com\/wp-content\/uploads\/2023\/03\/Equipe-3B-D4-25.03.2023A-1024x724.jpg 1024w, http:\/\/www.billard-club-sottevillais.com\/wp-content\/uploads\/2023\/03\/Equipe-3B-D4-25.03.2023A-300x212.jpg 300w, http:\/\/www.billard-club-sottevillais.com\/wp-content\/uploads\/2023\/03\/Equipe-3B-D4-25.03.2023A-768x543.jpg 768w, http:\/\/www.billard-club-sottevillais.com\/wp-content\/uploads\/2023\/03\/Equipe-3B-D4-25.03.2023A-1536x1086.jpg 1536w, http:\/\/www.billard-club-sottevillais.com\/wp-content\/uploads\/2023\/03\/Equipe-3B-D4-25.03.2023A-rotated.jpg 1754w\" sizes=\"auto, (max-width: 706px) 89vw, (max-width: 767px) 82vw, 740px\" \/><\/p>\n<h4 style=\"padding-left: 30px;\">Le pdf ici : <a href=\"http:\/\/www.billard-club-sottevillais.com\/wp-content\/uploads\/2023\/01\/3B-D4-equipe-14-janvier-2023-aller.pdf\" target=\"_blank\" rel=\"noopener\">3<\/a><a href=\"http:\/\/www.billard-club-sottevillais.com\/wp-content\/uploads\/2023\/03\/Equipe-3B-D4-25.03.2023A.pdf\">Equipe 3B D4 25.03.2023A<\/a><\/h4>\n<p style=\"text-align: center;\">\u00a0<\/p>\n<h4 style=\"padding-left: 30px;\"><img loading=\"lazy\" decoding=\"async\" class=\"aligncenter wp-image-14023\" src=\"http:\/\/www.billard-club-sottevillais.com\/wp-content\/uploads\/2023\/03\/Equipe-3B-D4-25.03.2023R-1024x724.jpg\" alt=\"\" width=\"850\" height=\"601\" srcset=\"http:\/\/www.billard-club-sottevillais.com\/wp-content\/uploads\/2023\/03\/Equipe-3B-D4-25.03.2023R-1024x724.jpg 1024w, http:\/\/www.billard-club-sottevillais.com\/wp-content\/uploads\/2023\/03\/Equipe-3B-D4-25.03.2023R-300x212.jpg 300w, http:\/\/www.billard-club-sottevillais.com\/wp-content\/uploads\/2023\/03\/Equipe-3B-D4-25.03.2023R-768x543.jpg 768w, http:\/\/www.billard-club-sottevillais.com\/wp-content\/uploads\/2023\/03\/Equipe-3B-D4-25.03.2023R-1536x1086.jpg 1536w, http:\/\/www.billard-club-sottevillais.com\/wp-content\/uploads\/2023\/03\/Equipe-3B-D4-25.03.2023R-rotated.jpg 1754w\" sizes=\"auto, (max-width: 706px) 89vw, (max-width: 767px) 82vw, 740px\" \/><\/h4>\n<h4 style=\"padding-left: 30px;\">Le pdf ici : <a href=\"http:\/\/www.billard-club-sottevillais.com\/wp-content\/uploads\/2023\/03\/Equipe-3B-D4-25.03.2023R.pdf\">Equipe 3B D4 25.03.2023R<\/a><\/h4>\n\n\n<p><\/p>\n","protected":false},"excerpt":{"rendered":"<p>R\u00e9sultats des Tournois, vous trouverez ici toutes les informations concernant les rencontres sportives auxquelles participe le Billard Club Sottevillais.<\/p>\n","protected":false},"author":7,"featured_media":0,"parent":0,"menu_order":0,"comment_status":"closed","ping_status":"closed","template":"","meta":{"footnotes":""},"class_list":["post-14013","page","type-page","status-publish","hentry"],"_links":{"self":[{"href":"http:\/\/www.billard-club-sottevillais.com\/index.php?rest_route=\/wp\/v2\/pages\/14013","targetHints":{"allow":["GET"]}}],"collection":[{"href":"http:\/\/www.billard-club-sottevillais.com\/index.php?rest_route=\/wp\/v2\/pages"}],"about":[{"href":"http:\/\/www.billard-club-sottevillais.com\/index.php?rest_route=\/wp\/v2\/types\/page"}],"author":[{"embeddable":true,"href":"http:\/\/www.billard-club-sottevillais.com\/index.php?rest_route=\/wp\/v2\/users\/7"}],"replies":[{"embeddable":true,"href":"http:\/\/www.billard-club-sottevillais.com\/index.php?rest_route=%2Fwp%2Fv2%2Fcomments&post=14013"}],"version-history":[{"count":3,"href":"http:\/\/www.billard-club-sottevillais.com\/index.php?rest_route=\/wp\/v2\/pages\/14013\/revisions"}],"predecessor-version":[{"id":14025,"href":"http:\/\/www.billard-club-sottevillais.com\/index.php?rest_route=\/wp\/v2\/pages\/14013\/revisions\/14025"}],"wp:attachment":[{"href":"http:\/\/www.billard-club-sottevillais.com\/index.php?rest_route=%2Fwp%2Fv2%2Fmedia&parent=14013"}],"curies":[{"name":"wp","href":"https:\/\/api.w.org\/{rel}","templated":true}]}}