{"id":140,"date":"2011-10-09T15:43:55","date_gmt":"2011-10-09T15:43:55","guid":{"rendered":"http:\/\/billardcf.cluster010.ovh.net\/?page_id=140"},"modified":"2026-04-27T13:26:02","modified_gmt":"2026-04-27T13:26:02","slug":"agenda","status":"publish","type":"page","link":"http:\/\/www.billard-club-sottevillais.com\/?page_id=140","title":{"rendered":"AGENDA"},"content":{"rendered":"<table id=\"Tableau_01\" border=\"0\" width=\"871\" cellspacing=\"0\" cellpadding=\"0\">\n<tbody>\n<tr>\n<td><\/td>\n<\/tr>\n<tr>\n<td style=\"text-align: center;\" rowspan=\"2\"><img loading=\"lazy\" decoding=\"async\" class=\"aligncenter wp-image-382 size-medium\" src=\"http:\/\/www.billard-club-sottevillais.com\/wp-content\/uploads\/2011\/10\/Agenda_01-277x300.png\" alt=\"\" width=\"277\" height=\"300\" srcset=\"http:\/\/www.billard-club-sottevillais.com\/wp-content\/uploads\/2011\/10\/Agenda_01-277x300.png 277w, http:\/\/www.billard-club-sottevillais.com\/wp-content\/uploads\/2011\/10\/Agenda_01.png 369w\" sizes=\"auto, (max-width: 277px) 100vw, 277px\" \/><\/td>\n<td style=\"text-align: center;\" rowspan=\"2\">\n<h2 style=\"text-align: center;\"><strong>Avril 2026<\/strong><\/h2>\n<h4 style=\"text-align: left;\"><strong>Dimanche 19 avril &#8211; 3\u00e8me tour de 3 Bandes R2<\/strong><\/h4>\n<p style=\"text-align: left;\">Le 3\u00e8me tour de 3 Bandes R2 aura lieu le 19 avril au Havre. S\u00e9bastien Hid\u00e9e jouera dans la poule B au Havre dans un tour \u00e0 4 joueurs<\/p>\n<h4 style=\"text-align: left;\"><span style=\"color: blue;\">Samedi 25 avril &#8211; Challenge de la Bille d&rsquo;Or<\/span><\/h4>\n<p style=\"text-align: justify;\"><span style=\"color: blue;\">La Ligue de Normandie organise le Challenge de la Bille d&rsquo;Or le samedi 25 avril \u00e0 Sotteville. Il y aura 18 participants dont un sottevillais : Marc Goudart. Le rendez-vous est \u00e0 9 heures.<\/span><\/p>\n<h4 style=\"text-align: left;\"><strong>Dimanche 26 avril &#8211; Finale de Ligue de 5 Quilles<\/strong><\/h4>\n<p style=\"text-align: left;\">La Finale de Ligue de 5 Quilles aura lieu le 26 avril \u00e0 Rouen. Denis Jublot est s\u00e9lectionn\u00e9 pour cette finale qui se jouera \u00e0 quatre, souhaitons-lui bonne chance.<\/p>\n<h4 style=\"text-align: left;\"><strong>Dimanche 26 avril &#8211; Finale d\u00e9partementale de Bande R1<\/strong><\/h4>\n<p style=\"text-align: left;\">La Finale d\u00e9partementale de Bande R1 aura lieu le 26 avril \u00e0 Sotteville. C\u00e9dric Legendre et J\u00e9r\u00f4me Staigre joueront cette finale \u00e0 domicile, ils sont 4 joueurs. Bonne chance \u00e0 C\u00e9dric et J\u00e9r\u00f4me.<\/p>\n<h4 style=\"text-align: left;\"><strong>Dimanche 26 avril &#8211; Finale d\u00e9partementale de Bande R2<\/strong><\/h4>\n<p style=\"text-align: left;\">La Finale d\u00e9partementale de Bande R2 aura lieu le 26 avril \u00e0 Oissel. S\u00e9bastien Hid\u00e9e est s\u00e9lectionn\u00e9 pour cette finale \u00e0 6 joueurs. Bonne chance \u00e0 S\u00e9bastien.<\/p>\n<td><\/td>\n<\/tr>\n<tr>\n<td><\/td>\n<\/tr>\n<tr>\n<td><\/td>\n<\/tr>\n<tr>\n<td style=\"text-align: center;\" rowspan=\"2\"><img loading=\"lazy\" decoding=\"async\" class=\"aligncenter wp-image-382 size-medium\" src=\"http:\/\/www.billard-club-sottevillais.com\/wp-content\/uploads\/2011\/10\/Agenda_01-277x300.png\" alt=\"\" width=\"277\" height=\"300\" srcset=\"http:\/\/www.billard-club-sottevillais.com\/wp-content\/uploads\/2011\/10\/Agenda_01-277x300.png 277w, http:\/\/www.billard-club-sottevillais.com\/wp-content\/uploads\/2011\/10\/Agenda_01.png 369w\" sizes=\"auto, (max-width: 277px) 100vw, 277px\" \/><\/td>\n<td style=\"text-align: center;\" rowspan=\"2\">\n<h2 style=\"text-align: center;\"><strong>Mai 2026<\/strong><\/h2>\n<h4 style=\"text-align: left;\"><span style=\"color: red;\"> Samedi<\/span> 2 mai Finale d\u00e9partementale de 4 Billes R1<\/h4>\n<p style=\"text-align: left;\">La Finale d\u00e9partementale de 4 Billes R1 aura lieu le <span style=\"color: red;\"> Samedi <\/span>2 mai \u00e0 Cany Barville. Romain Lef\u00e8vre fait partie des 6 joueurs s\u00e9lectionn\u00e9s pour participer \u00e0 cette finale. Bonne chance \u00e0 Romain.<\/p>\n<h4 style=\"text-align: left;\"><span style=\"color: red;\"> Samedi<\/span> 2 mai Finale d\u00e9partementale de 4 Billes R2<\/h4>\n<p style=\"text-align: left;\">La Finale d\u00e9partementale de 4 Billes R2 aura lieu le <span style=\"color: red;\"> Samedi <\/span>2 mai \u00e0 Rouen. Francine Burgot fait partie des 5 joueurs s\u00e9lectionn\u00e9s pour participer \u00e0 cette finale. Bonne chance \u00e0 Francine.<\/p>\n<h4 style=\"text-align: left;\">Dimanche 3 mai Finale d\u00e9partementale de 3 Bandes R2<\/h4>\n<p style=\"text-align: left;\">La Finale d\u00e9partementale de 3 Bandes R2 aura lieu le dimanche 3 mai au Havre. S\u00e9bastien Hid\u00e9e fait partie des 5 joueurs s\u00e9lectionn\u00e9s pour participer \u00e0 cette finale. Bonne chance \u00e0 S\u00e9bastien.<\/p>\n<h4 style=\"text-align: left;\"><strong>Dimanche 10 mai &#8211; Finale de Ligue de Libre R1<\/strong><\/h4>\n<p style=\"text-align: left;\">La Finale de Ligue de Libre R1 aura lieu le 10 mai \u00e0 La Saussaye. J\u00e9r\u00f4me Staigre repr\u00e9sentera le BCS dans cette finale \u00e0 5 joueurs. Souhaitons-lui bonne chance.<\/p>\n<h4 style=\"text-align: left;\"><strong>Dimanche 10 mai &#8211; Finale d\u00e9partementale de Libre R4<\/strong><\/h4>\n<p style=\"text-align: left;\">La Finale d\u00e9partementale de Libre R4 aura lieu le 10 mai \u00e0 Rouen. S\u00e9bastien Hid\u00e9e et Serge Petit font partie des 6 s\u00e9lectionn\u00e9s pour participer \u00e0 cette finale. Souhaitons-leur bonne chance.<\/p>\n<h4 style=\"text-align: left;\"><span style=\"color: red;\"> 13 mai &#8211; date limite d&rsquo;inscription au DFA d&rsquo;or <\/span><\/h4>\n<h4 style=\"text-align: left;\"><span style=\"color: blue;\">Samedi 23 mai &#8211; DFA d&rsquo;argent<\/span><\/h4>\n<p style=\"text-align: justify;\"><span style=\"color: blue;\">La Ligue de Normandie organise le DFA d&rsquo;argent le samedi 23 mai. Pour y participer, vous devez vous inscrire aupr\u00e8s de la Ligue.<\/span><\/p>\n<h4 style=\"text-align: left;\"><span style=\"color: blue;\">Samedi 30 mai &#8211; DFA de bronze<\/span><\/h4>\n<p style=\"text-align: justify;\"><span style=\"color: blue;\">Le passage du DFA de bronze aura lieu le samedi 30 mai au BCS. Pensez \u00e0 vous inscrire aupr\u00e8s du club.<\/span><\/p>\n<\/p>\n<td><\/td>\n<\/tr>\n<tr>\n<td><\/td>\n<\/tr>\n<tr>\n<td><\/td>\n<\/tr>\n<tr>\n<td style=\"text-align: center;\" rowspan=\"2\"><img loading=\"lazy\" decoding=\"async\" class=\"aligncenter wp-image-382 size-medium\" src=\"http:\/\/www.billard-club-sottevillais.com\/wp-content\/uploads\/2011\/10\/Agenda_01-277x300.png\" alt=\"\" width=\"277\" height=\"300\" srcset=\"http:\/\/www.billard-club-sottevillais.com\/wp-content\/uploads\/2011\/10\/Agenda_01-277x300.png 277w, http:\/\/www.billard-club-sottevillais.com\/wp-content\/uploads\/2011\/10\/Agenda_01.png 369w\" sizes=\"auto, (max-width: 277px) 100vw, 277px\" \/><\/td>\n<td style=\"text-align: center;\" rowspan=\"2\">\n<h2 style=\"text-align: center;\"><strong>Juin 2026<\/strong><\/h2>\n<h4 style=\"text-align: left;\"><span style=\"color: blue;\">Samedi 13 juin &#8211; DFA d&rsquo;or<\/span><\/h4>\n<p style=\"text-align: justify;\"><span style=\"color: blue;\">Le passage du DFA d&rsquo;or aura lieu le samedi 13 juin. Pensez \u00e0 vous inscrire aupr\u00e8s de Ligue avant le 13 mai.<\/span><\/p>\n<h4 style=\"text-align: left;\"><span style=\"color: red;\"> Vendredi<\/span><span style=\"color: blue;\"> 19 juin Assembl\u00e9e G\u00e9n\u00e9rale du BCS<\/span><\/h4>\n<p style=\"text-align: left;\"><span style=\"color:blue;\">Le Billard Club Sottevillais organise son Assembl\u00e9e G\u00e9n\u00e9rale le vendredi 19 juin de 18h \u00e0 20h30. Nous partagerons ensuite un pot de l&rsquo;amiti\u00e9 accompagn\u00e9 de petites choses \u00e0 grignoter.<br \/>\nL&rsquo;Assembl\u00e9e G\u00e9n\u00e9rale est un moment important de la vie de votre club. Vous pourrez donner votre avis sur des points essentiels tels la tr\u00e9sorerie, la formation, le d\u00e9roulement des comp\u00e9titions, le choix de nos animations &#8230;<br \/>\n Pour les b\u00e9n\u00e9voles qui organisent le club \u00e0 longueur d&rsquo;ann\u00e9e, votre pr\u00e9sence nombreuse est une forme de reconnaissance de notre implication.<br \/>\nRetenez cette date et venez nombreux.<\/p>\n<\/td>\n<\/tr>\n<\/tbody>\n<\/table>\n","protected":false},"excerpt":{"rendered":"<p>Avril 2026 Dimanche 19 avril &#8211; 3\u00e8me tour de 3 Bandes R2 Le 3\u00e8me tour de 3 Bandes R2 aura lieu le 19 avril au Havre. S\u00e9bastien Hid\u00e9e jouera dans la poule B au Havre dans un tour \u00e0 4 joueurs Samedi 25 avril &#8211; Challenge de la Bille d&rsquo;Or La Ligue de Normandie organise &hellip; <\/p>\n<p class=\"link-more\"><a href=\"http:\/\/www.billard-club-sottevillais.com\/?page_id=140\" class=\"more-link\">Continuer la lecture<span class=\"screen-reader-text\"> de &laquo;&nbsp;AGENDA&nbsp;&raquo;<\/span><\/a><\/p>\n","protected":false},"author":1,"featured_media":0,"parent":0,"menu_order":5,"comment_status":"closed","ping_status":"open","template":"","meta":{"footnotes":""},"class_list":["post-140","page","type-page","status-publish","hentry"],"_links":{"self":[{"href":"http:\/\/www.billard-club-sottevillais.com\/index.php?rest_route=\/wp\/v2\/pages\/140","targetHints":{"allow":["GET"]}}],"collection":[{"href":"http:\/\/www.billard-club-sottevillais.com\/index.php?rest_route=\/wp\/v2\/pages"}],"about":[{"href":"http:\/\/www.billard-club-sottevillais.com\/index.php?rest_route=\/wp\/v2\/types\/page"}],"author":[{"embeddable":true,"href":"http:\/\/www.billard-club-sottevillais.com\/index.php?rest_route=\/wp\/v2\/users\/1"}],"replies":[{"embeddable":true,"href":"http:\/\/www.billard-club-sottevillais.com\/index.php?rest_route=%2Fwp%2Fv2%2Fcomments&post=140"}],"version-history":[{"count":443,"href":"http:\/\/www.billard-club-sottevillais.com\/index.php?rest_route=\/wp\/v2\/pages\/140\/revisions"}],"predecessor-version":[{"id":16680,"href":"http:\/\/www.billard-club-sottevillais.com\/index.php?rest_route=\/wp\/v2\/pages\/140\/revisions\/16680"}],"wp:attachment":[{"href":"http:\/\/www.billard-club-sottevillais.com\/index.php?rest_route=%2Fwp%2Fv2%2Fmedia&parent=140"}],"curies":[{"name":"wp","href":"https:\/\/api.w.org\/{rel}","templated":true}]}}