{"id":13988,"date":"2023-03-19T20:40:43","date_gmt":"2023-03-19T20:40:43","guid":{"rendered":"http:\/\/www.billard-club-sottevillais.com\/?page_id=13988"},"modified":"2023-03-19T20:40:43","modified_gmt":"2023-03-19T20:40:43","slug":"3-bandes-n3-t3-19-mars-2023","status":"publish","type":"page","link":"http:\/\/www.billard-club-sottevillais.com\/?page_id=13988","title":{"rendered":"3 Bandes N3 T3 &#8211; 19 mars 2023"},"content":{"rendered":"<p style=\"text-align: justify;\">R\u00e9sultats des Tournois, vous trouverez ici toutes les informations concernant les rencontres sportives auxquelles participe le Billard Club Sottevillais.<\/p>\n<p style=\"text-align: center;\"><!--more--><img loading=\"lazy\" decoding=\"async\" class=\"aligncenter size-full wp-image-59\" title=\"sport\" src=\"http:\/\/billardcf.cluster010.ovh.net\/wp-content\/uploads\/2011\/07\/sport.jpg\" alt=\"\" width=\"231\" height=\"116\" \/><\/p>\n<p style=\"text-align: left;\">Le 3\u00e8me tour de 3 bandes N3 s&rsquo;est d\u00e9roul\u00e9 le 19 Mars 2023 \u00e0 La Saussaye. Christian Ponthieux et Raymond Faisant repr\u00e9sentaient le BCS.<\/p>\n<p style=\"text-align: left;\">Raymond prend la 3\u00e8me place.<\/p>\n<p style=\"text-align: left;\">Christian remporte ce tour.<\/p>\n<p style=\"text-align: center;\" data-wp-editing=\"1\"><img loading=\"lazy\" decoding=\"async\" class=\"aligncenter size-large wp-image-13997\" src=\"http:\/\/www.billard-club-sottevillais.com\/wp-content\/uploads\/2023\/03\/3-Bandes-T3-N3-La-Saussaye-19-3-20231-724x1024.jpg\" alt=\"\" width=\"525\" height=\"743\" srcset=\"http:\/\/www.billard-club-sottevillais.com\/wp-content\/uploads\/2023\/03\/3-Bandes-T3-N3-La-Saussaye-19-3-20231-724x1024.jpg 724w, http:\/\/www.billard-club-sottevillais.com\/wp-content\/uploads\/2023\/03\/3-Bandes-T3-N3-La-Saussaye-19-3-20231-212x300.jpg 212w, http:\/\/www.billard-club-sottevillais.com\/wp-content\/uploads\/2023\/03\/3-Bandes-T3-N3-La-Saussaye-19-3-20231-768x1086.jpg 768w, http:\/\/www.billard-club-sottevillais.com\/wp-content\/uploads\/2023\/03\/3-Bandes-T3-N3-La-Saussaye-19-3-20231-1086x1536.jpg 1086w, http:\/\/www.billard-club-sottevillais.com\/wp-content\/uploads\/2023\/03\/3-Bandes-T3-N3-La-Saussaye-19-3-20231.jpg 1240w\" sizes=\"auto, (max-width: 525px) 100vw, 525px\" \/> <img loading=\"lazy\" decoding=\"async\" class=\"aligncenter size-large wp-image-13998\" src=\"http:\/\/www.billard-club-sottevillais.com\/wp-content\/uploads\/2023\/03\/3-Bandes-T3-N3-La-Saussaye-19-3-20232-724x1024.jpg\" alt=\"\" width=\"525\" height=\"743\" srcset=\"http:\/\/www.billard-club-sottevillais.com\/wp-content\/uploads\/2023\/03\/3-Bandes-T3-N3-La-Saussaye-19-3-20232-724x1024.jpg 724w, http:\/\/www.billard-club-sottevillais.com\/wp-content\/uploads\/2023\/03\/3-Bandes-T3-N3-La-Saussaye-19-3-20232-212x300.jpg 212w, http:\/\/www.billard-club-sottevillais.com\/wp-content\/uploads\/2023\/03\/3-Bandes-T3-N3-La-Saussaye-19-3-20232-768x1086.jpg 768w, http:\/\/www.billard-club-sottevillais.com\/wp-content\/uploads\/2023\/03\/3-Bandes-T3-N3-La-Saussaye-19-3-20232-1086x1536.jpg 1086w, http:\/\/www.billard-club-sottevillais.com\/wp-content\/uploads\/2023\/03\/3-Bandes-T3-N3-La-Saussaye-19-3-20232.jpg 1240w\" sizes=\"auto, (max-width: 525px) 100vw, 525px\" \/>\u00a0 Le pdf ici :<a href=\"http:\/\/www.billard-club-sottevillais.com\/wp-content\/uploads\/2023\/03\/3-Bandes-T3-N3-La-Saussaye-19-3-2023.pdf\" data-wplink-edit=\"true\">3 Bandes T3 N3 La Saussaye 19-3-2023<\/a><\/p>\n","protected":false},"excerpt":{"rendered":"<p>R\u00e9sultats des Tournois, vous trouverez ici toutes les informations concernant les rencontres sportives auxquelles participe le Billard Club Sottevillais.<\/p>\n","protected":false},"author":7,"featured_media":0,"parent":0,"menu_order":0,"comment_status":"closed","ping_status":"closed","template":"","meta":{"footnotes":""},"class_list":["post-13988","page","type-page","status-publish","hentry"],"_links":{"self":[{"href":"http:\/\/www.billard-club-sottevillais.com\/index.php?rest_route=\/wp\/v2\/pages\/13988","targetHints":{"allow":["GET"]}}],"collection":[{"href":"http:\/\/www.billard-club-sottevillais.com\/index.php?rest_route=\/wp\/v2\/pages"}],"about":[{"href":"http:\/\/www.billard-club-sottevillais.com\/index.php?rest_route=\/wp\/v2\/types\/page"}],"author":[{"embeddable":true,"href":"http:\/\/www.billard-club-sottevillais.com\/index.php?rest_route=\/wp\/v2\/users\/7"}],"replies":[{"embeddable":true,"href":"http:\/\/www.billard-club-sottevillais.com\/index.php?rest_route=%2Fwp%2Fv2%2Fcomments&post=13988"}],"version-history":[{"count":2,"href":"http:\/\/www.billard-club-sottevillais.com\/index.php?rest_route=\/wp\/v2\/pages\/13988\/revisions"}],"predecessor-version":[{"id":14000,"href":"http:\/\/www.billard-club-sottevillais.com\/index.php?rest_route=\/wp\/v2\/pages\/13988\/revisions\/14000"}],"wp:attachment":[{"href":"http:\/\/www.billard-club-sottevillais.com\/index.php?rest_route=%2Fwp%2Fv2%2Fmedia&parent=13988"}],"curies":[{"name":"wp","href":"https:\/\/api.w.org\/{rel}","templated":true}]}}