{"id":13953,"date":"2023-03-05T18:57:29","date_gmt":"2023-03-05T18:57:29","guid":{"rendered":"http:\/\/www.billard-club-sottevillais.com\/?page_id=13953"},"modified":"2023-03-05T18:58:22","modified_gmt":"2023-03-05T18:58:22","slug":"finale-de-normandie-cadre-42-2-n3-04-mars-2023","status":"publish","type":"page","link":"http:\/\/www.billard-club-sottevillais.com\/?page_id=13953","title":{"rendered":"Finale de Normandie Cadre 42\/2 N3  &#8211; 05 Mars 2023"},"content":{"rendered":"<p style=\"text-align: justify;\">R\u00e9sultats des Tournois, vous trouverez ici toutes les informations concernant les rencontres sportives auxquelles participe le Billard Club Sottevillais.<\/p>\n<p style=\"text-align: center;\"><!--more--><img loading=\"lazy\" decoding=\"async\" class=\"aligncenter size-full wp-image-59\" title=\"sport\" src=\"http:\/\/billardcf.cluster010.ovh.net\/wp-content\/uploads\/2011\/07\/sport.jpg\" alt=\"\" width=\"231\" height=\"116\" \/><\/p>\n<p>La Finale de Normandie au cadre 42\/2 N3 s&rsquo;est d\u00e9roul\u00e9e le 05 Mars 2023 \u00e0 Cormelles-le-Royal. Jacques Alexandre repr\u00e9sentait le BCS dans une finale \u00e0 4 avec pour distance 120 points ou 20 reprises.<\/p>\n<p>Jacques et Ga\u00ebl Guyader d\u2019\u00c9vreux gagne 2 matchs chacun.\u00a0 Ga\u00ebl fait la diff\u00e9rence gr\u00e2ce \u00e0 sa moyenne g\u00e9n\u00e9ral.<\/p>\n<p>Jacques est vice champion de Normandie.<\/p>\n<p><img loading=\"lazy\" decoding=\"async\" class=\"aligncenter wp-image-13954\" src=\"http:\/\/www.billard-club-sottevillais.com\/wp-content\/uploads\/2023\/03\/CADRE-N3-FL-Cormelles-05-03-2023-1024x724.jpg\" alt=\"\" width=\"850\" height=\"601\" srcset=\"http:\/\/www.billard-club-sottevillais.com\/wp-content\/uploads\/2023\/03\/CADRE-N3-FL-Cormelles-05-03-2023-1024x724.jpg 1024w, http:\/\/www.billard-club-sottevillais.com\/wp-content\/uploads\/2023\/03\/CADRE-N3-FL-Cormelles-05-03-2023-300x212.jpg 300w, http:\/\/www.billard-club-sottevillais.com\/wp-content\/uploads\/2023\/03\/CADRE-N3-FL-Cormelles-05-03-2023-768x543.jpg 768w, http:\/\/www.billard-club-sottevillais.com\/wp-content\/uploads\/2023\/03\/CADRE-N3-FL-Cormelles-05-03-2023-1536x1086.jpg 1536w, http:\/\/www.billard-club-sottevillais.com\/wp-content\/uploads\/2023\/03\/CADRE-N3-FL-Cormelles-05-03-2023-rotated.jpg 1754w\" sizes=\"auto, (max-width: 706px) 89vw, (max-width: 767px) 82vw, 740px\" \/><\/p>\n<p><strong>Le PDF ici : <a href=\"http:\/\/www.billard-club-sottevillais.com\/wp-content\/uploads\/2023\/03\/CADRE-N3-FL-Cormelles-05-03-2023.pdf\" data-wplink-edit=\"true\">CADRE N3 FL Cormelles 05-03-2023<\/a><\/strong><\/p>\n","protected":false},"excerpt":{"rendered":"<p>R\u00e9sultats des Tournois, vous trouverez ici toutes les informations concernant les rencontres sportives auxquelles participe le Billard Club Sottevillais.<\/p>\n","protected":false},"author":7,"featured_media":0,"parent":0,"menu_order":0,"comment_status":"closed","ping_status":"closed","template":"","meta":{"footnotes":""},"class_list":["post-13953","page","type-page","status-publish","hentry"],"_links":{"self":[{"href":"http:\/\/www.billard-club-sottevillais.com\/index.php?rest_route=\/wp\/v2\/pages\/13953","targetHints":{"allow":["GET"]}}],"collection":[{"href":"http:\/\/www.billard-club-sottevillais.com\/index.php?rest_route=\/wp\/v2\/pages"}],"about":[{"href":"http:\/\/www.billard-club-sottevillais.com\/index.php?rest_route=\/wp\/v2\/types\/page"}],"author":[{"embeddable":true,"href":"http:\/\/www.billard-club-sottevillais.com\/index.php?rest_route=\/wp\/v2\/users\/7"}],"replies":[{"embeddable":true,"href":"http:\/\/www.billard-club-sottevillais.com\/index.php?rest_route=%2Fwp%2Fv2%2Fcomments&post=13953"}],"version-history":[{"count":2,"href":"http:\/\/www.billard-club-sottevillais.com\/index.php?rest_route=\/wp\/v2\/pages\/13953\/revisions"}],"predecessor-version":[{"id":13957,"href":"http:\/\/www.billard-club-sottevillais.com\/index.php?rest_route=\/wp\/v2\/pages\/13953\/revisions\/13957"}],"wp:attachment":[{"href":"http:\/\/www.billard-club-sottevillais.com\/index.php?rest_route=%2Fwp%2Fv2%2Fmedia&parent=13953"}],"curies":[{"name":"wp","href":"https:\/\/api.w.org\/{rel}","templated":true}]}}