{"id":13916,"date":"2023-02-27T16:55:08","date_gmt":"2023-02-27T16:55:08","guid":{"rendered":"http:\/\/www.billard-club-sottevillais.com\/?page_id=13916"},"modified":"2023-02-27T16:55:08","modified_gmt":"2023-02-27T16:55:08","slug":"libre-n3-t3-26-fevrier-2023","status":"publish","type":"page","link":"http:\/\/www.billard-club-sottevillais.com\/?page_id=13916","title":{"rendered":"Libre N3 T3 &#8211; 26 F\u00e9vrier 2023"},"content":{"rendered":"<p style=\"text-align: justify;\">R\u00e9sultats des Tournois, vous trouverez ici toutes les informations concernant les rencontres sportives auxquelles participe le Billard Club Sottevillais.<\/p>\n<p style=\"text-align: center;\"><!--more--><img loading=\"lazy\" decoding=\"async\" class=\"aligncenter size-full wp-image-59\" title=\"sport\" src=\"http:\/\/billardcf.cluster010.ovh.net\/wp-content\/uploads\/2011\/07\/sport.jpg\" alt=\"\" width=\"231\" height=\"116\" \/><\/p>\n<p style=\"text-align: justify;\">Le 3\u00e8me tour de libre N3 a eu lieu le 26 F\u00e9vrier 2023 \u00e0 La Saussaye. Jacques Alexandre repr\u00e9sentait le BCS dans un tour \u00e0 3.<\/p>\n<p style=\"text-align: justify;\">Jacques remporte ce tour.<\/p>\n<p style=\"text-align: justify;\"><em>\u00a0<\/em><\/p>\n<p style=\"text-align: center;\"><em><img loading=\"lazy\" decoding=\"async\" class=\"aligncenter wp-image-13917\" src=\"http:\/\/www.billard-club-sottevillais.com\/wp-content\/uploads\/2023\/02\/Libre-N3-T3-P4-La-Saussaye-26-02-2023-1024x724.jpg\" alt=\"\" width=\"850\" height=\"601\" srcset=\"http:\/\/www.billard-club-sottevillais.com\/wp-content\/uploads\/2023\/02\/Libre-N3-T3-P4-La-Saussaye-26-02-2023-1024x724.jpg 1024w, http:\/\/www.billard-club-sottevillais.com\/wp-content\/uploads\/2023\/02\/Libre-N3-T3-P4-La-Saussaye-26-02-2023-300x212.jpg 300w, http:\/\/www.billard-club-sottevillais.com\/wp-content\/uploads\/2023\/02\/Libre-N3-T3-P4-La-Saussaye-26-02-2023-768x543.jpg 768w, http:\/\/www.billard-club-sottevillais.com\/wp-content\/uploads\/2023\/02\/Libre-N3-T3-P4-La-Saussaye-26-02-2023-1536x1086.jpg 1536w, http:\/\/www.billard-club-sottevillais.com\/wp-content\/uploads\/2023\/02\/Libre-N3-T3-P4-La-Saussaye-26-02-2023-rotated.jpg 1754w\" sizes=\"auto, (max-width: 706px) 89vw, (max-width: 767px) 82vw, 740px\" \/> <\/em><\/p>\n<h4 style=\"padding-left: 30px;\">Le pdf ici : <a href=\"http:\/\/www.billard-club-sottevillais.com\/wp-content\/uploads\/2023\/01\/Libre-N3-T2-Louviers-08-01-2023.pdf\" target=\"_blank\" rel=\"noopener\" data-wplink-edit=\"true\"><em><a href=\"http:\/\/www.billard-club-sottevillais.com\/wp-content\/uploads\/2023\/02\/Libre-N3-T3-P4-La-Saussaye-26-02-2023.pdf\" data-wplink-edit=\"true\">Libre N3 T3 P4 La Saussaye 26-02-2023<\/a><\/em><\/a><\/h4>\n","protected":false},"excerpt":{"rendered":"<p>R\u00e9sultats des Tournois, vous trouverez ici toutes les informations concernant les rencontres sportives auxquelles participe le Billard Club Sottevillais.<\/p>\n","protected":false},"author":7,"featured_media":0,"parent":0,"menu_order":0,"comment_status":"closed","ping_status":"closed","template":"","meta":{"footnotes":""},"class_list":["post-13916","page","type-page","status-publish","hentry"],"_links":{"self":[{"href":"http:\/\/www.billard-club-sottevillais.com\/index.php?rest_route=\/wp\/v2\/pages\/13916","targetHints":{"allow":["GET"]}}],"collection":[{"href":"http:\/\/www.billard-club-sottevillais.com\/index.php?rest_route=\/wp\/v2\/pages"}],"about":[{"href":"http:\/\/www.billard-club-sottevillais.com\/index.php?rest_route=\/wp\/v2\/types\/page"}],"author":[{"embeddable":true,"href":"http:\/\/www.billard-club-sottevillais.com\/index.php?rest_route=\/wp\/v2\/users\/7"}],"replies":[{"embeddable":true,"href":"http:\/\/www.billard-club-sottevillais.com\/index.php?rest_route=%2Fwp%2Fv2%2Fcomments&post=13916"}],"version-history":[{"count":1,"href":"http:\/\/www.billard-club-sottevillais.com\/index.php?rest_route=\/wp\/v2\/pages\/13916\/revisions"}],"predecessor-version":[{"id":13919,"href":"http:\/\/www.billard-club-sottevillais.com\/index.php?rest_route=\/wp\/v2\/pages\/13916\/revisions\/13919"}],"wp:attachment":[{"href":"http:\/\/www.billard-club-sottevillais.com\/index.php?rest_route=%2Fwp%2Fv2%2Fmedia&parent=13916"}],"curies":[{"name":"wp","href":"https:\/\/api.w.org\/{rel}","templated":true}]}}